{"id":100802,"date":"2021-02-26T09:42:24","date_gmt":"2021-02-26T08:42:24","guid":{"rendered":"https:\/\/www.visitbratislava.com\/?page_id=100802"},"modified":"2021-04-13T09:24:37","modified_gmt":"2021-04-13T07:24:37","slug":"weg-vom-trubel-der-stadt","status":"publish","type":"page","link":"https:\/\/www.visitbratislava.com\/de\/weg-vom-trubel-der-stadt\/","title":{"rendered":"Weg vom Trubel der Stadt"},"content":{"rendered":"<h2>Auf zum Ende der Welt<\/h2>\n<p><span style=\"font-weight: 400;\">Unbedingt sollte man die gesch\u00fctzten Auenw\u00e4lder und ihre Wiesen in <strong>Dunajsk\u00e9 Luhy<\/strong> rechts der Donau besuchen. Hier trifft man nur auf Schafe und Ziegen, welche in den Auen grasen. Dadurch erm\u00f6glichen sie das Wachstum gef\u00e4hrdeter und gesch\u00fctzter Pflanzen, vor allem der Orchideen. Um dorthin zu kommen, folgt man dem blauen Pfad von der Schiffswerft Vl\u010die Hrdlo. <\/span><\/p>\n<p><span style=\"font-weight: 400;\">Im Gebiet Jegene\u0161 befindet sich auch die Schenke mit dem passenden Namen \u201eAm Ende der Welt\u201c, in der sich bei hausgemachten Pfannkuchen oder k\u00f6stlichem Gulasch eine Pause anbietet. Nat\u00fcrlich, sobald es die Situation erlaubt. Obwohl leicht mit Auto, Fahrrad oder \u00d6PNV erreichbar, f\u00fchlt man sich an diesem Ort doch weit entfernt vom Trubel der Stadt.<\/span><\/p>\n<p><img loading=\"lazy\" class=\"wp-image-100738 size-large aligncenter\" src=\"https:\/\/www.visitbratislava.com\/wp-content\/uploads\/2021\/02\/BA_BTB_Vrakuna_102020_martina_mlcuchova-15-800x532.jpg\" alt=\"\" width=\"800\" height=\"532\" srcset=\"https:\/\/www.visitbratislava.com\/wp-content\/uploads\/2021\/02\/BA_BTB_Vrakuna_102020_martina_mlcuchova-15-800x532.jpg 800w, https:\/\/www.visitbratislava.com\/wp-content\/uploads\/2021\/02\/BA_BTB_Vrakuna_102020_martina_mlcuchova-15-400x266.jpg 400w, https:\/\/www.visitbratislava.com\/wp-content\/uploads\/2021\/02\/BA_BTB_Vrakuna_102020_martina_mlcuchova-15-768x511.jpg 768w, https:\/\/www.visitbratislava.com\/wp-content\/uploads\/2021\/02\/BA_BTB_Vrakuna_102020_martina_mlcuchova-15-1536x1022.jpg 1536w, https:\/\/www.visitbratislava.com\/wp-content\/uploads\/2021\/02\/BA_BTB_Vrakuna_102020_martina_mlcuchova-15-2048x1363.jpg 2048w, https:\/\/www.visitbratislava.com\/wp-content\/uploads\/2021\/02\/BA_BTB_Vrakuna_102020_martina_mlcuchova-15-200x133.jpg 200w\" sizes=\"(max-width: 800px) 100vw, 800px\" \/><\/p>\n<p><img loading=\"lazy\" class=\"aligncenter wp-image-100744 size-large\" src=\"https:\/\/www.visitbratislava.com\/wp-content\/uploads\/2021\/02\/BA_BTB_Vrakuna_102020_martina_mlcuchova-25-800x532.jpg\" alt=\"\" width=\"800\" height=\"532\" srcset=\"https:\/\/www.visitbratislava.com\/wp-content\/uploads\/2021\/02\/BA_BTB_Vrakuna_102020_martina_mlcuchova-25-800x532.jpg 800w, https:\/\/www.visitbratislava.com\/wp-content\/uploads\/2021\/02\/BA_BTB_Vrakuna_102020_martina_mlcuchova-25-400x266.jpg 400w, https:\/\/www.visitbratislava.com\/wp-content\/uploads\/2021\/02\/BA_BTB_Vrakuna_102020_martina_mlcuchova-25-768x511.jpg 768w, https:\/\/www.visitbratislava.com\/wp-content\/uploads\/2021\/02\/BA_BTB_Vrakuna_102020_martina_mlcuchova-25-1536x1022.jpg 1536w, https:\/\/www.visitbratislava.com\/wp-content\/uploads\/2021\/02\/BA_BTB_Vrakuna_102020_martina_mlcuchova-25-2048x1363.jpg 2048w, https:\/\/www.visitbratislava.com\/wp-content\/uploads\/2021\/02\/BA_BTB_Vrakuna_102020_martina_mlcuchova-25-200x133.jpg 200w\" sizes=\"(max-width: 800px) 100vw, 800px\" \/><\/p>\n<h2>Nach Dev\u00ednska Kobyla und Dev\u00edn<\/h2>\n<p><span style=\"font-weight: 400;\">Mit 514 Metern H\u00f6he ist die Erhebung <strong>Dev\u00ednska Kobyla<\/strong> der h\u00f6chste Punkt auf Bratislavaer Gemarkung. Auf dem Gipfel befindet sich seit Fr\u00fchling 2020 ein neuer Aussichtsturm. Er ist dem Fanghaft nachgebildet, eines seltenen und hier lebenden Insekts. Mit \u00d6sterreich und Ungarn kann man von hier aus gleich in zwei Nachbarl\u00e4nder blicken. Dev\u00ednska Kobyla erreicht man am besten \u00fcber den roten Wanderpfad vom Stadtbezirk Karlova Ves aus. <\/span><\/p>\n<p><img loading=\"lazy\" width=\"800\" height=\"533\" class=\"size-large wp-image-100781 aligncenter\" src=\"https:\/\/www.visitbratislava.com\/wp-content\/uploads\/2021\/02\/Vyleti-Vtacik_Devinska-Nova-Ves_07-800x533.jpg\" alt=\"\" srcset=\"https:\/\/www.visitbratislava.com\/wp-content\/uploads\/2021\/02\/Vyleti-Vtacik_Devinska-Nova-Ves_07-800x533.jpg 800w, https:\/\/www.visitbratislava.com\/wp-content\/uploads\/2021\/02\/Vyleti-Vtacik_Devinska-Nova-Ves_07-400x267.jpg 400w, https:\/\/www.visitbratislava.com\/wp-content\/uploads\/2021\/02\/Vyleti-Vtacik_Devinska-Nova-Ves_07-768x512.jpg 768w, https:\/\/www.visitbratislava.com\/wp-content\/uploads\/2021\/02\/Vyleti-Vtacik_Devinska-Nova-Ves_07-200x133.jpg 200w, https:\/\/www.visitbratislava.com\/wp-content\/uploads\/2021\/02\/Vyleti-Vtacik_Devinska-Nova-Ves_07.jpg 1500w\" sizes=\"(max-width: 800px) 100vw, 800px\" \/><\/p>\n<p><img loading=\"lazy\" width=\"800\" height=\"532\" class=\"aligncenter size-large wp-image-100775\" src=\"https:\/\/www.visitbratislava.com\/wp-content\/uploads\/2021\/02\/BTB_BA_DevinskaNovaVes_112020_martina_mlcuchova-29-800x532.jpg\" alt=\"\" srcset=\"https:\/\/www.visitbratislava.com\/wp-content\/uploads\/2021\/02\/BTB_BA_DevinskaNovaVes_112020_martina_mlcuchova-29-800x532.jpg 800w, https:\/\/www.visitbratislava.com\/wp-content\/uploads\/2021\/02\/BTB_BA_DevinskaNovaVes_112020_martina_mlcuchova-29-400x266.jpg 400w, https:\/\/www.visitbratislava.com\/wp-content\/uploads\/2021\/02\/BTB_BA_DevinskaNovaVes_112020_martina_mlcuchova-29-768x511.jpg 768w, https:\/\/www.visitbratislava.com\/wp-content\/uploads\/2021\/02\/BTB_BA_DevinskaNovaVes_112020_martina_mlcuchova-29-1536x1022.jpg 1536w, https:\/\/www.visitbratislava.com\/wp-content\/uploads\/2021\/02\/BTB_BA_DevinskaNovaVes_112020_martina_mlcuchova-29-2048x1363.jpg 2048w, https:\/\/www.visitbratislava.com\/wp-content\/uploads\/2021\/02\/BTB_BA_DevinskaNovaVes_112020_martina_mlcuchova-29-200x133.jpg 200w\" sizes=\"(max-width: 800px) 100vw, 800px\" \/><\/p>\n<p><span style=\"font-weight: 400;\">Vom Gipfel kann man auch hinabsteigen in Richtung Dev\u00edn, wo die stolzen Reste der <a href=\"https:\/\/www.visitbratislava.com\/de\/setzt\/burg-devin\/\">Burg \u00fcber Donau<\/a> und March thronen. F\u00fcr Besitzer der Bratislava CARD ist der Eintritt auf den Turm und die Nutzung des \u00d6PNV kostenlos.<\/span><\/p>\n<p><img loading=\"lazy\" width=\"800\" height=\"450\" class=\"aligncenter size-large wp-image-18360\" src=\"https:\/\/www.visitbratislava.com\/wp-content\/uploads\/2016\/06\/letecka_devin-800x450.jpg\" alt=\"\" srcset=\"https:\/\/www.visitbratislava.com\/wp-content\/uploads\/2016\/06\/letecka_devin-800x450.jpg 800w, https:\/\/www.visitbratislava.com\/wp-content\/uploads\/2016\/06\/letecka_devin-400x225.jpg 400w, https:\/\/www.visitbratislava.com\/wp-content\/uploads\/2016\/06\/letecka_devin-768x432.jpg 768w, https:\/\/www.visitbratislava.com\/wp-content\/uploads\/2016\/06\/letecka_devin-200x113.jpg 200w\" sizes=\"(max-width: 800px) 100vw, 800px\" \/><\/p>\n<h2>Nach \u017delezn\u00e1 Studienka und Marianka<\/h2>\n<p><span style=\"font-weight: 400;\">Leicht erreichbar und nur einen Steinwurf vom belebten Stadtzentrum entfernt, befinden sich am Fu\u00dfe der Kleinen Karpaten zwei weitere Naherholungsgebiete: Ka\u010d\u00edn und <a href=\"https:\/\/www.visitbratislava.com\/de\/setzt\/zelezna-studienka\/\">\u017delezn\u00e1 Studienka<\/a>. Letzteres ist durch eine <a href=\"https:\/\/www.visitbratislava.com\/de\/setzt\/skilift-zelezna-studienka\/\">Seilbahn<\/a> mit dem beliebten Ausflugsziel Koliba verbunden. Mitten im Gr\u00fcnen findet man rund um den beliebten Treffpunkt <a href=\"https:\/\/www.visitbratislava.com\/de\/setzt\/kamzik\/\">Kamz\u00edk<\/a> Restaurants, einen Klettergarten sowie eine Sommerrodelbahn.<\/span><\/p>\n<p><img loading=\"lazy\" width=\"800\" height=\"533\" class=\"aligncenter size-large wp-image-2589\" src=\"https:\/\/www.visitbratislava.com\/wp-content\/uploads\/2014\/10\/turisti-zelezna-studnicka-800x533.jpg\" alt=\"\" srcset=\"https:\/\/www.visitbratislava.com\/wp-content\/uploads\/2014\/10\/turisti-zelezna-studnicka-800x533.jpg 800w, https:\/\/www.visitbratislava.com\/wp-content\/uploads\/2014\/10\/turisti-zelezna-studnicka-400x267.jpg 400w, https:\/\/www.visitbratislava.com\/wp-content\/uploads\/2014\/10\/turisti-zelezna-studnicka-200x133.jpg 200w\" sizes=\"(max-width: 800px) 100vw, 800px\" \/><\/p>\n<p><span style=\"font-weight: 400;\">Auch einen Besuch wert ist das obere Ende der Stra\u00dfe Pekn\u00e1 Cesta im Stadtbezirk Ra\u010da. Hier beginnt der Wanderweg nach <strong>Marianka<\/strong>, dem \u00e4ltesten Pilgerort der Slowakei. Der Ort liegt im Mariental, an dessen H\u00e4ngen einige Kreuzweg-Stationen beschaulich im Wald liegen. Gem\u00e4chlichen Schrittes erreicht man den Ort den blauen Schildern folgend in unter drei Stunden.<\/span><\/p>\n<p><span style=\"font-weight: 400;\">Von Marianka aus ist es auch nur eine kurze Wanderung durch den malerischen Ort Borinka hinauf zu den Ruinen der <a href=\"https:\/\/www.visitbratislava.com\/de\/setzt\/29496\/\">Trutzburg Paj\u0161t\u00fan<\/a>. Heutzutage ist das Gebiet auch bei Kletterern sehr beliebt und bei guter Sicht lassen sich von hier aus sogar die \u00f6sterreichischen Alpen bestaunen.<\/span><\/p>\n<p><img loading=\"lazy\" width=\"800\" height=\"480\" class=\"aligncenter size-large wp-image-101896\" src=\"https:\/\/www.visitbratislava.com\/wp-content\/uploads\/2021\/03\/pajstun-800x480.jpg\" alt=\"\" srcset=\"https:\/\/www.visitbratislava.com\/wp-content\/uploads\/2021\/03\/pajstun-800x480.jpg 800w, https:\/\/www.visitbratislava.com\/wp-content\/uploads\/2021\/03\/pajstun-400x240.jpg 400w, https:\/\/www.visitbratislava.com\/wp-content\/uploads\/2021\/03\/pajstun-768x461.jpg 768w, https:\/\/www.visitbratislava.com\/wp-content\/uploads\/2021\/03\/pajstun-200x120.jpg 200w, https:\/\/www.visitbratislava.com\/wp-content\/uploads\/2021\/03\/pajstun.jpg 1083w\" sizes=\"(max-width: 800px) 100vw, 800px\" \/><\/p>\n<p><em>Trutzburg Paj\u0161t\u00fan: Bildnachweis Bratislava Region Tourism<\/em><\/p>\n<h2>Weinberge und Biely Kame\u0148<\/h2>\n<p><span style=\"font-weight: 400;\">Geschichtsliebhaber sollten auf jeden Fall die kaum bekannte <strong>Burgruine Biely Kame\u0148<\/strong> besuchen. Sie liegt oberhalb des Winzerst\u00e4dtchens Sv\u00e4t\u00fd Jur. Die Burg wurde im 9. Jhd. auf dem Grund einer vorhergegangenen befestigten Siedlung errichtet und wahrscheinlich w\u00e4hrend des osmanischen Einfalls von 1663 zerst\u00f6rt. Sie erreicht man \u00fcber den gr\u00fcnen Wanderpfad von Ra\u010da aus \u00fcber Biely Kr\u00ed\u017e, wo sich zahlreiche Wander- und Radwege kreuzen. Von dort aus folgt man dem gelben Pfad. Obwohl die Aussicht durch B\u00e4ume versperrt ist, hat der Ort mitten Wald und umgeben von zahlreichen Mulden und Dolinen seine ganze eigene Atmosph\u00e4re.<\/span><\/p>\n<p><span style=\"font-weight: 400;\">Nach Bratislava zur\u00fcck gelangt man \u00fcber Sv\u00e4t\u00fd Jur und seine Weinberge. Dort gibt es auch einen Weinlehrpfad mit einem neuerdings erbauten steinernen Aussichtssturm.<\/span><\/p>\n<p><img loading=\"lazy\" class=\"wp-image-100757 size-large aligncenter\" src=\"https:\/\/www.visitbratislava.com\/wp-content\/uploads\/2021\/02\/Dekan-vino-Raca-winesafari-800x533.jpg\" alt=\"\" width=\"800\" height=\"533\" srcset=\"https:\/\/www.visitbratislava.com\/wp-content\/uploads\/2021\/02\/Dekan-vino-Raca-winesafari-800x533.jpg 800w, https:\/\/www.visitbratislava.com\/wp-content\/uploads\/2021\/02\/Dekan-vino-Raca-winesafari-400x267.jpg 400w, https:\/\/www.visitbratislava.com\/wp-content\/uploads\/2021\/02\/Dekan-vino-Raca-winesafari-768x512.jpg 768w, https:\/\/www.visitbratislava.com\/wp-content\/uploads\/2021\/02\/Dekan-vino-Raca-winesafari-200x133.jpg 200w, https:\/\/www.visitbratislava.com\/wp-content\/uploads\/2021\/02\/Dekan-vino-Raca-winesafari.jpg 1500w\" sizes=\"(max-width: 800px) 100vw, 800px\" \/><\/p>\n<h3>Weitere empfehlenswerte Orte:<\/h3>\n<ul>\n<li><strong>Fasanerie von Jarovce<\/strong><\/li>\n<\/ul>\n<p>Diesen Ort mit seiner zauberhaften Steinbr\u00fccke, wo bereits der Vater von Maria Theresia Fasane jagte \u2014 finden Sie in der Gemeine Jarovce. Fr\u00fcher verlief hier einer der Donauarme entlang, doch gegenw\u00e4rtig ist dieser bereits l\u00e4ngs ausgetrocknet.<\/p>\n<p><img loading=\"lazy\" width=\"800\" height=\"533\" class=\"aligncenter size-large wp-image-100848\" src=\"https:\/\/www.visitbratislava.com\/wp-content\/uploads\/2021\/02\/Vyleti-Vtacik_Jarovce_01-800x533.jpg\" alt=\"Jarovsk\u00e1 ba\u017eantica\" srcset=\"https:\/\/www.visitbratislava.com\/wp-content\/uploads\/2021\/02\/Vyleti-Vtacik_Jarovce_01-800x533.jpg 800w, https:\/\/www.visitbratislava.com\/wp-content\/uploads\/2021\/02\/Vyleti-Vtacik_Jarovce_01-400x267.jpg 400w, https:\/\/www.visitbratislava.com\/wp-content\/uploads\/2021\/02\/Vyleti-Vtacik_Jarovce_01-768x512.jpg 768w, https:\/\/www.visitbratislava.com\/wp-content\/uploads\/2021\/02\/Vyleti-Vtacik_Jarovce_01-200x133.jpg 200w, https:\/\/www.visitbratislava.com\/wp-content\/uploads\/2021\/02\/Vyleti-Vtacik_Jarovce_01.jpg 1500w\" sizes=\"(max-width: 800px) 100vw, 800px\" \/><\/p>\n<ul>\n<li><strong>Ka\u010d\u00edn<\/strong><\/li>\n<\/ul>\n<p>Ein beliebter Ort mit Kinderspielpl\u00e4tzen, Lauben und einer Vielzahl von Wander- und Radwegen. Eben ein Ort wie geschaffen f\u00fcrs erste Lagerfeuer(braten) im Fr\u00fchjahr.<\/p>\n<p><img loading=\"lazy\" width=\"800\" height=\"533\" class=\"aligncenter size-large wp-image-100854\" src=\"https:\/\/www.visitbratislava.com\/wp-content\/uploads\/2021\/02\/Vyleti-Vtacik_Lamac_vyhradna-licencia-casovo-neobmedzena-5-800x533.jpg\" alt=\"Ka\u010d\u00edn\" srcset=\"https:\/\/www.visitbratislava.com\/wp-content\/uploads\/2021\/02\/Vyleti-Vtacik_Lamac_vyhradna-licencia-casovo-neobmedzena-5-800x533.jpg 800w, https:\/\/www.visitbratislava.com\/wp-content\/uploads\/2021\/02\/Vyleti-Vtacik_Lamac_vyhradna-licencia-casovo-neobmedzena-5-400x267.jpg 400w, https:\/\/www.visitbratislava.com\/wp-content\/uploads\/2021\/02\/Vyleti-Vtacik_Lamac_vyhradna-licencia-casovo-neobmedzena-5-768x512.jpg 768w, https:\/\/www.visitbratislava.com\/wp-content\/uploads\/2021\/02\/Vyleti-Vtacik_Lamac_vyhradna-licencia-casovo-neobmedzena-5-200x133.jpg 200w, https:\/\/www.visitbratislava.com\/wp-content\/uploads\/2021\/02\/Vyleti-Vtacik_Lamac_vyhradna-licencia-casovo-neobmedzena-5.jpg 1500w\" sizes=\"(max-width: 800px) 100vw, 800px\" \/><\/p>\n<ul>\n<li><strong>\u010cerven\u00fd kr\u00ed\u017e (Rotes Kreuz)<\/strong><\/li>\n<\/ul>\n<p>Es ist wichtiger Halt f\u00fcr Wanderer und Radfahrer \u2014 gelegen oberhalb des Stadtbezirks Ra\u010da in der wundersch\u00f6nen Umgebung der Kleinkarpaten, wo sich die Kids (aber nat\u00fcrlich nicht nur diese) so richtig austoben k\u00f6nnen, mit zahlreichen sch\u00f6nen Wander- und Radrouten f\u00fcr die richtig hart-gesottenen, wie auch f\u00fcr jene, die nur zur Entspannung da sind.<\/p>\n<p><img loading=\"lazy\" class=\"aligncenter wp-image-101865 size-large\" src=\"https:\/\/www.visitbratislava.com\/wp-content\/uploads\/2021\/03\/1-40-800x533.jpg\" alt=\"\" width=\"800\" height=\"533\" srcset=\"https:\/\/www.visitbratislava.com\/wp-content\/uploads\/2021\/03\/1-40-800x533.jpg 800w, https:\/\/www.visitbratislava.com\/wp-content\/uploads\/2021\/03\/1-40-400x267.jpg 400w, https:\/\/www.visitbratislava.com\/wp-content\/uploads\/2021\/03\/1-40-768x512.jpg 768w, https:\/\/www.visitbratislava.com\/wp-content\/uploads\/2021\/03\/1-40-1536x1024.jpg 1536w, https:\/\/www.visitbratislava.com\/wp-content\/uploads\/2021\/03\/1-40-2048x1365.jpg 2048w, https:\/\/www.visitbratislava.com\/wp-content\/uploads\/2021\/03\/1-40-200x133.jpg 200w\" sizes=\"(max-width: 800px) 100vw, 800px\" \/><\/p>\n<ul>\n<li><strong>Mal\u00fd Slav\u00edn (Kliener Slav\u00edn)<\/strong><\/li>\n<\/ul>\n<p>Fr\u00fcher diente dieser Orte den Pilgern auf ihrem Weg nach Marianka (Marienthal) und dieser bietet heute neben Rad- und Wanderwegen auch andere Sportm\u00f6glichkeiten, wie Ping-Pong-Tische, Fu\u00dfballtore und sogar eine richtige Besonderheit \u2014 einen Disk-Golfplatz.<\/p>\n<p><img loading=\"lazy\" class=\"aligncenter wp-image-101847 size-large\" src=\"https:\/\/www.visitbratislava.com\/wp-content\/uploads\/2021\/03\/1-67-800x533.jpg\" alt=\"\" width=\"800\" height=\"533\" srcset=\"https:\/\/www.visitbratislava.com\/wp-content\/uploads\/2021\/03\/1-67-800x533.jpg 800w, https:\/\/www.visitbratislava.com\/wp-content\/uploads\/2021\/03\/1-67-400x267.jpg 400w, https:\/\/www.visitbratislava.com\/wp-content\/uploads\/2021\/03\/1-67-768x512.jpg 768w, https:\/\/www.visitbratislava.com\/wp-content\/uploads\/2021\/03\/1-67-1536x1024.jpg 1536w, https:\/\/www.visitbratislava.com\/wp-content\/uploads\/2021\/03\/1-67-2048x1365.jpg 2048w, https:\/\/www.visitbratislava.com\/wp-content\/uploads\/2021\/03\/1-67-200x133.jpg 200w\" sizes=\"(max-width: 800px) 100vw, 800px\" \/><\/p>\n<ul>\n<li><strong>Schlosspark von Rusovce<\/strong><\/li>\n<\/ul>\n<p>Diese historische Lokalit\u00e4t kann auf l\u00e4ngst vergangene Zeiten zur\u00fcckblicken! Dieses ehemalige Feldrevier ist heute ein idealer Ort f\u00fcr Spazierg\u00e4nge (mit einem Lehrpfad), Picknick-Gelegenheiten, Radwege und auch andere Freizeitaktivit\u00e4ten.<\/p>\n<p><img loading=\"lazy\" width=\"800\" height=\"533\" class=\"aligncenter size-large wp-image-100860\" src=\"https:\/\/www.visitbratislava.com\/wp-content\/uploads\/2021\/02\/Vyleti-Vtacik-Rusovce-07-800x533.jpg\" alt=\"Rusoveck\u00fd z\u00e1mock\u00fd park\" srcset=\"https:\/\/www.visitbratislava.com\/wp-content\/uploads\/2021\/02\/Vyleti-Vtacik-Rusovce-07-800x533.jpg 800w, https:\/\/www.visitbratislava.com\/wp-content\/uploads\/2021\/02\/Vyleti-Vtacik-Rusovce-07-400x267.jpg 400w, https:\/\/www.visitbratislava.com\/wp-content\/uploads\/2021\/02\/Vyleti-Vtacik-Rusovce-07-768x512.jpg 768w, https:\/\/www.visitbratislava.com\/wp-content\/uploads\/2021\/02\/Vyleti-Vtacik-Rusovce-07-200x133.jpg 200w, https:\/\/www.visitbratislava.com\/wp-content\/uploads\/2021\/02\/Vyleti-Vtacik-Rusovce-07.jpg 1500w\" sizes=\"(max-width: 800px) 100vw, 800px\" \/><\/p>\n<ul>\n<li><strong>Biele skaly (Wei\u00dfe Felsen)<\/strong><\/li>\n<\/ul>\n<p>In Dev\u00ednska Nov\u00e1 Ves (Theben Neudorf) beim H\u00fcgel Dev\u00ednska Kobyla (Thebener Kokgel) finden Sie eine bezaubernden &#8222;Indianersiedlung&#8220; mit Totems, einer Feuerstelle zum Braten am offenen Feuer und mehreren Trinkwasserbrunnen.<\/p>\n<p><img loading=\"lazy\" width=\"800\" height=\"533\" class=\"aligncenter size-large wp-image-101853\" src=\"https:\/\/www.visitbratislava.com\/wp-content\/uploads\/2021\/03\/1-438-800x533.jpg\" alt=\"\" srcset=\"https:\/\/www.visitbratislava.com\/wp-content\/uploads\/2021\/03\/1-438-800x533.jpg 800w, https:\/\/www.visitbratislava.com\/wp-content\/uploads\/2021\/03\/1-438-400x267.jpg 400w, https:\/\/www.visitbratislava.com\/wp-content\/uploads\/2021\/03\/1-438-768x512.jpg 768w, https:\/\/www.visitbratislava.com\/wp-content\/uploads\/2021\/03\/1-438-1536x1024.jpg 1536w, https:\/\/www.visitbratislava.com\/wp-content\/uploads\/2021\/03\/1-438-2048x1365.jpg 2048w, https:\/\/www.visitbratislava.com\/wp-content\/uploads\/2021\/03\/1-438-200x133.jpg 200w\" sizes=\"(max-width: 800px) 100vw, 800px\" \/><\/p>\n<ul>\n<li><strong>Die Auen von Biskupice<\/strong><\/li>\n<\/ul>\n<p>In diesem Reservat finden Sie glasklares Wasser, Auw\u00e4lder und sogar eine &#8222;Steppenlandschaft&#8220;, die an eine Savanne erinnert. Den Einheimischen zufolge lernen Sie die Auen an besten vom Fahrradsattel aus zu kennen!<\/p>\n<p><img loading=\"lazy\" width=\"800\" height=\"533\" class=\"aligncenter size-large wp-image-101859\" src=\"https:\/\/www.visitbratislava.com\/wp-content\/uploads\/2021\/03\/1-613-800x533.jpg\" alt=\"\" srcset=\"https:\/\/www.visitbratislava.com\/wp-content\/uploads\/2021\/03\/1-613-800x533.jpg 800w, https:\/\/www.visitbratislava.com\/wp-content\/uploads\/2021\/03\/1-613-400x267.jpg 400w, https:\/\/www.visitbratislava.com\/wp-content\/uploads\/2021\/03\/1-613-768x512.jpg 768w, https:\/\/www.visitbratislava.com\/wp-content\/uploads\/2021\/03\/1-613-1536x1024.jpg 1536w, https:\/\/www.visitbratislava.com\/wp-content\/uploads\/2021\/03\/1-613-2048x1365.jpg 2048w, https:\/\/www.visitbratislava.com\/wp-content\/uploads\/2021\/03\/1-613-200x133.jpg 200w\" sizes=\"(max-width: 800px) 100vw, 800px\" \/><\/p>\n<p><strong>Siehe die Karte:<\/strong><\/p>\n<p><iframe src=\"https:\/\/www.google.com\/maps\/d\/u\/0\/embed?mid=1RiuvMzRQPfRFPM1repAj3zx7giCIXGzA\" width=\"800\" height=\"440\"><span data-mce-type=\"bookmark\" style=\"display: inline-block; width: 0px; overflow: hidden; line-height: 0;\" class=\"mce_SELRES_start\">\ufeff<\/span><\/iframe><\/p>\n<p><strong>Markierte Touristenrouten finden Sie auf <a href=\"https:\/\/sk.mapy.cz\/turisticka?x=17.1096545&amp;y=48.1452868&amp;z=13\">dieser Karte<\/a>.<\/strong><\/p>\n<h2>Und wie gelangen wir an diese sch\u00f6nen Orte?<\/h2>\n<p>An viele wundersch\u00f6ne Orten kann man auch mit den &#8222;\u00f6ffentlichen&#8220; gelangen, damit Sie sich die Parkplatzsuche auf sowieso \u00fcberf\u00fcllten Parkpl\u00e4tzen sparen und gleichzeitig auch was f\u00fcr die Umwelt, die Natur und auch den eigenen Komfort tun. Gleichzeitig ist es auch ein enormer Vorteil, dass Sie von einem Ausflug nicht wieder zum Ausgangspunkt (also zum Auto) zur\u00fcckkehren m\u00fcssen. Deshalb &#8222;verst\u00e4rkt&#8220; Bratislava auch dieses Jahr vom 27. M\u00e4rz bis Ende Oktober ihre Buslinien zum Pressburger Waldpark (Bratislavsk\u00fd lesopark).<\/p>\n<p><strong>Zum Ka\u010d\u00edn gelangen Sie mit der Buslinie 43. An Wochenenden f\u00e4hrt diese von 8:30 bis 19:30.<\/strong><\/p>\n<ul>\n<li>Von der Hastelle \u017delezn\u00e1 studni\u010dka f\u00e4hrt die abwechselnd alle 40 Minuten in den Waldpark (lesopark) und zum Ka\u010d\u00edn. Zwischen der Patr\u00f3nka und \u017delezn\u00e1 studni\u010dka (&#8222;Eisenbrundl&#8220;) f\u00e4hrt diese Buslinie alle 20 Minuten.<\/li>\n<\/ul>\n<p><strong>N\u00e4her zum Biely Kr\u00ed\u017e (Wei\u00dfes Kreuz) bis zur Poto\u010dn\u00e1 f\u00e4hrt die Buslinie 52. An Wochenenden von 8:30 bis 19:30.<\/strong><\/p>\n<ul>\n<li>Diese Linie f\u00e4hrt alle 30 Minuten. Die Abfahrtszeiten sind so bemessen, damit die Fahrg\u00e4ste noch die Anschlussverbindung (die Stra\u00dfenbahnlinie 3) an der Haltestelle Detvianska schaffen.<\/li>\n<\/ul>\n<p><strong>Die beliebte Buslinie 144 zwischen der Koliba und dem Kamz\u00edk. An Wochenenden f\u00e4hrt diese von 8:30 bis 19:30.<\/strong><\/p>\n<ul>\n<li>Der Bus 144 wird alle 15 Minuten als Anschlussverbindung von der Endhaltestelle der Oberleitungswagen in der Koliba bis zum sog. Kamz\u00edk fahren.<\/li>\n<\/ul>\n","protected":false},"excerpt":{"rendered":"<p>Bratislava ist eine Hauptstadt inmitten sch\u00f6nster Natur. Auch au\u00dferhalb der Stadt findet man zahlreiche Reiseziele \u2013 von den Kleinen Karpaten bis zur langen Donaupromenade. Manche dieser Orte sind oft sehr gut besucht und voller Leben, andere bieten stille Einsamkeit. <\/p>\n","protected":false},"author":25,"featured_media":3140,"parent":0,"menu_order":0,"comment_status":"closed","ping_status":"closed","template":"","meta":[],"acf":[],"_links":{"self":[{"href":"https:\/\/www.visitbratislava.com\/de\/wp-json\/wp\/v2\/pages\/100802"}],"collection":[{"href":"https:\/\/www.visitbratislava.com\/de\/wp-json\/wp\/v2\/pages"}],"about":[{"href":"https:\/\/www.visitbratislava.com\/de\/wp-json\/wp\/v2\/types\/page"}],"author":[{"embeddable":true,"href":"https:\/\/www.visitbratislava.com\/de\/wp-json\/wp\/v2\/users\/25"}],"replies":[{"embeddable":true,"href":"https:\/\/www.visitbratislava.com\/de\/wp-json\/wp\/v2\/comments?post=100802"}],"version-history":[{"count":0,"href":"https:\/\/www.visitbratislava.com\/de\/wp-json\/wp\/v2\/pages\/100802\/revisions"}],"wp:featuredmedia":[{"embeddable":true,"href":"https:\/\/www.visitbratislava.com\/de\/wp-json\/wp\/v2\/media\/3140"}],"wp:attachment":[{"href":"https:\/\/www.visitbratislava.com\/de\/wp-json\/wp\/v2\/media?parent=100802"}],"curies":[{"name":"wp","href":"https:\/\/api.w.org\/{rel}","templated":true}]}}