{"id":103938,"date":"2021-05-11T12:22:38","date_gmt":"2021-05-11T10:22:38","guid":{"rendered":"https:\/\/www.visitbratislava.com\/?page_id=103938"},"modified":"2024-05-27T15:56:40","modified_gmt":"2024-05-27T13:56:40","slug":"10-gute-gruende-bratislava-zu-besuchen","status":"publish","type":"page","link":"https:\/\/www.visitbratislava.com\/de\/10-gute-gruende-bratislava-zu-besuchen\/","title":{"rendered":"10 Gute Gr\u00fcnde Bratislava zu besuchen"},"content":{"rendered":"<h2>1. Eine Stadt mit Geschichte im Blut<\/h2>\n<p>Bratislava ist eine Stadt, wo die Geschichte mit der Ankunft der Kelten ihren Lauf nahm, die dann von den R\u00f6mern fortgesetzt wurde \u2014 und schlie\u00dflich die glorreiche Kr\u00f6nungs\u00e4ra erreichte, an die der hiesige majest\u00e4tische <a href=\"https:\/\/www.visitbratislava.com\/de\/setzt\/die-kathedrale-des-heiligen-martin\/\" target=\"_blank\" rel=\"noopener\">Kathedrale des Heiligen Martin<\/a> bis heute erinnert. Ein Zeichen dieser bewegenden Geschichte von Bratislava ist auch die<a href=\"https:\/\/www.visitbratislava.com\/de\/setzt\/burg-bratislava\/\" target=\"_blank\" rel=\"noopener\"> Bratislavaer Burg<\/a>, die ebenfalls das Historische Museum beherbergt und dann ist da noch die <a href=\"https:\/\/www.visitbratislava.com\/de\/setzt\/burg-devin\/\" target=\"_blank\" rel=\"noopener\">Burg Dev\u00edn<\/a> (Theben) am Zusammenlauf der Donau und der Marsch. Historische Artefakte und andere Expositionen finden in<a href=\"https:\/\/www.visitbratislava.com\/de\/was-lauft\/kultur-und-kunst\/museen-und-galerien\/\" target=\"_blank\" rel=\"noopener\"> Museen in ganz Bratislava<\/a>, von denen es hier \u00fcbrigens 30 an der Zahl gibt.<\/p>\n<p><img loading=\"lazy\" width=\"800\" height=\"533\" class=\"aligncenter size-large wp-image-73891\" src=\"https:\/\/www.visitbratislava.com\/wp-content\/uploads\/2020\/01\/Kov\u00e1\u010d-Bratislavsk\u00fd-hrad-dron-1-800x533.jpg\" alt=\"\" srcset=\"https:\/\/www.visitbratislava.com\/wp-content\/uploads\/2020\/01\/Kov\u00e1\u010d-Bratislavsk\u00fd-hrad-dron-1-800x533.jpg 800w, https:\/\/www.visitbratislava.com\/wp-content\/uploads\/2020\/01\/Kov\u00e1\u010d-Bratislavsk\u00fd-hrad-dron-1-400x267.jpg 400w, https:\/\/www.visitbratislava.com\/wp-content\/uploads\/2020\/01\/Kov\u00e1\u010d-Bratislavsk\u00fd-hrad-dron-1-768x512.jpg 768w, https:\/\/www.visitbratislava.com\/wp-content\/uploads\/2020\/01\/Kov\u00e1\u010d-Bratislavsk\u00fd-hrad-dron-1-200x133.jpg 200w\" sizes=\"(max-width: 800px) 100vw, 800px\" \/><\/p>\n<h2><strong>2. Spa\u00df und Unterhaltung auch f\u00fcr die Kinder<\/strong><\/h2>\n<p>Beim Ausflug nach Bratislava kommt auch bei den Kleinsten keine langeweile auf. Dank den zahlreichen Attraktionen erleben Sie in der Stadt und Umgebung mit den Kids eine Menge Spa\u00df und das bei jedem Wetter. Zu den meistbesuchten Orten geh\u00f6rt zweifelsohne der hiesige <a href=\"https:\/\/www.visitbratislava.com\/de\/setzt\/zoo\/\" target=\"_blank\" rel=\"noopener\">ZOO<\/a>. Bei Regen kommen Sie im <a href=\"https:\/\/www.visitbratislava.com\/de\/setzt\/bibiana\/\" target=\"_blank\" rel=\"noopener\">Haus der K\u00fcnste f\u00fcr Kinder Bibiana<\/a> mit seinen attraktiven Ausstellungen auf Ihre Kosten oder im <a href=\"https:\/\/www.visitbratislava.com\/de\/setzt\/wissenschafts-erlebniszentrum-aurelium\/\" target=\"_blank\" rel=\"noopener\">wissenschaftlichen Erlebniszentrum Aurelium<\/a>, wo die Kinder u.a. erfahren, wie so ein Hologramm funktioniert oder wie schwer es doch ist einen Magneten auszubalancieren. Der Knaller dabei ist, dass Sie hier wirklich alles hautnah und &#8222;live&#8220; ausprobieren k\u00f6nnen.<\/p>\n<p><img loading=\"lazy\" width=\"800\" height=\"533\" class=\"aligncenter size-large wp-image-65051\" src=\"https:\/\/www.visitbratislava.com\/wp-content\/uploads\/2019\/09\/zdroj_Dominik_Sepp-Bibiana-800x533.jpg\" alt=\"\" srcset=\"https:\/\/www.visitbratislava.com\/wp-content\/uploads\/2019\/09\/zdroj_Dominik_Sepp-Bibiana-800x533.jpg 800w, https:\/\/www.visitbratislava.com\/wp-content\/uploads\/2019\/09\/zdroj_Dominik_Sepp-Bibiana-400x267.jpg 400w, https:\/\/www.visitbratislava.com\/wp-content\/uploads\/2019\/09\/zdroj_Dominik_Sepp-Bibiana-768x512.jpg 768w, https:\/\/www.visitbratislava.com\/wp-content\/uploads\/2019\/09\/zdroj_Dominik_Sepp-Bibiana-200x133.jpg 200w\" sizes=\"(max-width: 800px) 100vw, 800px\" \/><\/p>\n<h2><strong>3. Kunst, Graphik und Theater<\/strong><\/h2>\n<p>Insgesamt gibt es ganze 20 Galerien in Bratislava, wo Sie historische, wie auch zeitgen\u00f6ssische Kunstwerke bewundern k\u00f6nnen. Zeitgen\u00f6ssische Kunst umgeben von der einzigartigen Atmosph\u00e4re einer Donau-Halbinsel k\u00f6nnen Sie im Museum zeitgen\u00f6ssischer Kunst Namens <a href=\"https:\/\/www.visitbratislava.com\/de\/setzt\/danubiana-meulensteen-art-museum\/\" target=\"_blank\" rel=\"noopener\">Danubiana<\/a> erleben und die Galerie der Stadt Bratislava sollten Sie da nat\u00fcrlich auch nicht verpassen. Liebhaber des klassischen Theaters, von Inszenierungen und Tanz k\u00f6nnen sich Karten f\u00fcrs <a href=\"https:\/\/www.visitbratislava.com\/de\/setzt\/slowakisches-national-theater-neuses-haus\/\" target=\"_blank\" rel=\"noopener\">Slowakische Nationaltheater<\/a>.<\/p>\n<p><img loading=\"lazy\" width=\"800\" height=\"482\" class=\"aligncenter size-large wp-image-18354\" src=\"https:\/\/www.visitbratislava.com\/wp-content\/uploads\/2016\/06\/Danubiana_peninsula-800x482.jpg\" alt=\"\" srcset=\"https:\/\/www.visitbratislava.com\/wp-content\/uploads\/2016\/06\/Danubiana_peninsula-800x482.jpg 800w, https:\/\/www.visitbratislava.com\/wp-content\/uploads\/2016\/06\/Danubiana_peninsula-400x241.jpg 400w, https:\/\/www.visitbratislava.com\/wp-content\/uploads\/2016\/06\/Danubiana_peninsula-768x463.jpg 768w, https:\/\/www.visitbratislava.com\/wp-content\/uploads\/2016\/06\/Danubiana_peninsula-200x121.jpg 200w\" sizes=\"(max-width: 800px) 100vw, 800px\" \/><\/p>\n<h2><strong>4. Gr\u00fcnanlagen an jeder Ecke<\/strong><\/h2>\n<p>In Bratislava selbst, aber auch in dessen Umgebung \u2014 gibt es zahlreiche Parks, G\u00e4rten, W\u00e4lder und Wienberge, die sich ganz nat\u00fcrlich in die Stadt einf\u00fcgen und ein wichtiger Bestandteil von dieser wurden. Spazieren k\u00f6nnen Sie nur ein paar Minuten vom Stadtzentrum entfernt im <a href=\"https:\/\/www.visitbratislava.com\/de\/setzt\/sad-janka-krala\/\" target=\"_blank\" rel=\"noopener\">Park Sad Janka Kr\u00e1\u013ea<\/a>, wie auch im <a href=\"https:\/\/www.visitbratislava.com\/de\/setzt\/waldpark\/\" target=\"_blank\" rel=\"noopener\">Stadtpark<\/a> namens Horsk\u00fd park, wo Sie eine einzigartige Atmosph\u00e4re von Wald und dem nahen Stadtzentrum erleben k\u00f6nnen. Entspannen k\u00f6nnen Sie in den hiesigen G\u00e4rten beim<a href=\"https:\/\/www.visitbratislava.com\/de\/setzt\/palais-grassalkovich\/\" target=\"_blank\" rel=\"noopener\"> Grasalkowich-Palais<\/a> (Grasalkovi\u010dov pal\u00e1c) oder im Medizinstudentengarten (Medick\u00e1 z\u00e1hrada).<\/p>\n<p><img loading=\"lazy\" width=\"800\" height=\"533\" class=\"aligncenter size-large wp-image-103704\" src=\"https:\/\/www.visitbratislava.com\/wp-content\/uploads\/2021\/05\/Vyleti-Vtacik-Karlova-Ves-14-min-800x533.jpg\" alt=\"\" srcset=\"https:\/\/www.visitbratislava.com\/wp-content\/uploads\/2021\/05\/Vyleti-Vtacik-Karlova-Ves-14-min-800x533.jpg 800w, https:\/\/www.visitbratislava.com\/wp-content\/uploads\/2021\/05\/Vyleti-Vtacik-Karlova-Ves-14-min-400x267.jpg 400w, https:\/\/www.visitbratislava.com\/wp-content\/uploads\/2021\/05\/Vyleti-Vtacik-Karlova-Ves-14-min-768x512.jpg 768w, https:\/\/www.visitbratislava.com\/wp-content\/uploads\/2021\/05\/Vyleti-Vtacik-Karlova-Ves-14-min-1536x1024.jpg 1536w, https:\/\/www.visitbratislava.com\/wp-content\/uploads\/2021\/05\/Vyleti-Vtacik-Karlova-Ves-14-min-2048x1365.jpg 2048w, https:\/\/www.visitbratislava.com\/wp-content\/uploads\/2021\/05\/Vyleti-Vtacik-Karlova-Ves-14-min-200x133.jpg 200w\" sizes=\"(max-width: 800px) 100vw, 800px\" \/><\/p>\n<h2><strong>5. Abwechslungsreiche Gastronomieszene<\/strong><\/h2>\n<p>&#8222;Geformt&#8220; wurde die<a href=\"https:\/\/www.visitbratislava.com\/de\/besuch\/gastronomie-und-wein\/restaurants-und-bistro\/\" target=\"_blank\" rel=\"noopener\"> lokale K\u00fcche<\/a> durch eine Gemeinschaft vieler Nationen \u2013 deshalb finden Sie in Bratislava auch das Wiener Kalbsschnitzel und \u00f6sterreichischen Kuchen, die pikant-deftige ungarische K\u00fcche, deutsche W\u00fcrstchen, aber auch traditionelle slowakische Speisen. Untermauert wird dies alles durch Wein oder gutes Craft-Beer. Gehen Sie mal alles ganz klassisch im Slovak Pub und im <a href=\"https:\/\/www.visitbratislava.com\/de\/setzt\/zylinder\/\" target=\"_blank\" rel=\"noopener\">Zylinder-Restaurant<\/a> an, kosten Sie Exotik im Bistro SOHO, einen Burger im Roxor BRGR &amp; Beer. Verpassen Sie nicht die <a href=\"https:\/\/www.visitbratislava.com\/de\/besuch\/gastronomie-und-wein\/kaffee\/\" target=\"_blank\" rel=\"noopener\">Kaffeekultur<\/a>, die in Bratislava sehr vielf\u00e4ltig ist. Von klassischen Caf\u00e9s bis hin zu jungen Caf\u00e9s der dritten Kaffeewelle.<\/p>\n<p><img loading=\"lazy\" width=\"1632\" height=\"1224\" class=\"alignnone size-full wp-image-296246\" src=\"https:\/\/www.visitbratislava.com\/wp-content\/uploads\/2024\/05\/Kristek_2024_BA_Gastro_vyhradna_licencia_casovo_neobmedzena_rezen_salat-5.jpg\" alt=\"\" srcset=\"https:\/\/www.visitbratislava.com\/wp-content\/uploads\/2024\/05\/Kristek_2024_BA_Gastro_vyhradna_licencia_casovo_neobmedzena_rezen_salat-5.jpg 1632w, https:\/\/www.visitbratislava.com\/wp-content\/uploads\/2024\/05\/Kristek_2024_BA_Gastro_vyhradna_licencia_casovo_neobmedzena_rezen_salat-5-400x300.jpg 400w, https:\/\/www.visitbratislava.com\/wp-content\/uploads\/2024\/05\/Kristek_2024_BA_Gastro_vyhradna_licencia_casovo_neobmedzena_rezen_salat-5-800x600.jpg 800w, https:\/\/www.visitbratislava.com\/wp-content\/uploads\/2024\/05\/Kristek_2024_BA_Gastro_vyhradna_licencia_casovo_neobmedzena_rezen_salat-5-768x576.jpg 768w, https:\/\/www.visitbratislava.com\/wp-content\/uploads\/2024\/05\/Kristek_2024_BA_Gastro_vyhradna_licencia_casovo_neobmedzena_rezen_salat-5-1536x1152.jpg 1536w, https:\/\/www.visitbratislava.com\/wp-content\/uploads\/2024\/05\/Kristek_2024_BA_Gastro_vyhradna_licencia_casovo_neobmedzena_rezen_salat-5-200x150.jpg 200w, https:\/\/www.visitbratislava.com\/wp-content\/uploads\/2024\/05\/Kristek_2024_BA_Gastro_vyhradna_licencia_casovo_neobmedzena_rezen_salat-5-600x450.jpg 600w\" sizes=\"(max-width: 1632px) 100vw, 1632px\" \/><\/p>\n<h2><strong>6. Sport und Bewegung<\/strong><\/h2>\n<p>Bratislava steht nicht nur f\u00fcr Kulturdenkm\u00e4ler und Galerien, sondern auch f\u00fcr Bewegung und Sport in allen Lebensberiechen. Durch das Mieten eines Fahrrads k\u00f6nnen Sie wirklich nichts falsch machen, da Bratislava in seiner Umgebung zahlreiche Radwege und thematische Rundtouren f\u00fcr Radfahrer hat. F\u00fcr Adrenalin-Junkies gibt es in den W\u00e4ldern der Kleinkarpaten speziell angepasste Radstrecken. Adrenalin auf und im Wasser erleben Sie im <a href=\"https:\/\/www.visitbratislava.com\/de\/setzt\/divoka-voda-cunovo-wildwasser-cunovo\/\" target=\"_blank\" rel=\"noopener\">Wassersportareal Divok\u00e1 voda<\/a> (Wildwasser) in \u010cunovo, wo die Besucher Rafting probieren k\u00f6nnen, aber auch eine Spritztour mit kraftprotzenden Jet-Skis. Ein wirklich untraditionelles Erlebnis bietet da auch der Skywalk \u2013 also der <a href=\"https:\/\/www.visitbratislava.com\/de\/setzt\/skywalk\/\" target=\"_blank\" rel=\"noopener\">Panorama-&#8222;Spaziergang&#8220;<\/a> rund um die Aussichts-&#8222;Untertasse&#8220; mit dem treffenden Namen UFO &#8211; ganz oben auf der Br\u00fcckenst\u00fctze.<\/p>\n<p><img loading=\"lazy\" width=\"800\" height=\"533\" class=\"aligncenter size-large wp-image-42838\" src=\"https:\/\/www.visitbratislava.com\/wp-content\/uploads\/2018\/05\/IMGL6130-800x533.jpg\" alt=\"\" srcset=\"https:\/\/www.visitbratislava.com\/wp-content\/uploads\/2018\/05\/IMGL6130-800x533.jpg 800w, https:\/\/www.visitbratislava.com\/wp-content\/uploads\/2018\/05\/IMGL6130-400x267.jpg 400w, https:\/\/www.visitbratislava.com\/wp-content\/uploads\/2018\/05\/IMGL6130-768x512.jpg 768w, https:\/\/www.visitbratislava.com\/wp-content\/uploads\/2018\/05\/IMGL6130-200x133.jpg 200w\" sizes=\"(max-width: 800px) 100vw, 800px\" \/><\/p>\n<h2><strong>7. Unnachahmliche Atmosph\u00e4re<\/strong><\/h2>\n<p>Im Sommer zeichnet sich Bratislava durch eine einzigartige Atmosph\u00e4re aus, die gebildet wird durch die Au\u00dfenterrassen von Caf\u00e9s und Restaurants und die Donauufer, die sich allj\u00e4hrlich in einen Stadtstrand verwandeln &#8211; mit Bars oder Beach-Volleyball-Spielpl\u00e4tzen. Vom Stadtzentrum gelangen Sie in nur 20 Minuten in eine vollkommen andere Welt: Ins gr\u00f6\u00dfte Natur-Freibad in Bratislava, genannt <a href=\"https:\/\/www.visitbratislava.com\/de\/setzt\/wakelake\/\" target=\"_blank\" rel=\"noopener\">Zlat\u00e9 Piesky<\/a> (Goldene Sande) hat da n\u00e4mlich alles, was bei einem Sommerurlaub nicht fehlen darf: Schotterstrand, erfrischendes Wasser, Sonnenschirme, Schatten unter B\u00e4umen, Sport- und Spielpl\u00e4tze, aber auch Tretboote und eine Wasserrutsche.<\/p>\n<p><img loading=\"lazy\" width=\"800\" height=\"500\" class=\"aligncenter size-large wp-image-43256\" src=\"https:\/\/www.visitbratislava.com\/wp-content\/uploads\/2018\/05\/wakelake-800x500.jpg\" alt=\"\" srcset=\"https:\/\/www.visitbratislava.com\/wp-content\/uploads\/2018\/05\/wakelake-800x500.jpg 800w, https:\/\/www.visitbratislava.com\/wp-content\/uploads\/2018\/05\/wakelake-400x250.jpg 400w, https:\/\/www.visitbratislava.com\/wp-content\/uploads\/2018\/05\/wakelake-768x480.jpg 768w, https:\/\/www.visitbratislava.com\/wp-content\/uploads\/2018\/05\/wakelake-200x125.jpg 200w, https:\/\/www.visitbratislava.com\/wp-content\/uploads\/2018\/05\/wakelake.jpg 1404w\" sizes=\"(max-width: 800px) 100vw, 800px\" \/><\/p>\n<h2><strong>8. Umgebung mit zahlreichen Attraktionen<\/strong><\/h2>\n<p>Einen kleinen Ausflug au\u00dferhalb von Bratislava ist eindeutig die <a href=\"https:\/\/www.visitbratislava.com\/de\/setzt\/red-stone-castle\/\" target=\"_blank\" rel=\"noopener\">Burg \u010cerven\u00fd Kame\u0148<\/a> wert (Rothenstein, bzw. Bibersburg), die \u00fcber der malerischen Gemeinde \u010cast\u00e1 in den Kleinkarpaten liegt. In deren Areal befindet sich auch der Falkner Hof Astur mit der gr\u00f6\u00dften Greifvogelkollektion in der Slowakei und der M\u00f6glichkeit sich mit diesen majest\u00e4tischen V\u00f6geln ablichten zu lassen. Verirren k\u00f6nnen Sie sich auch in die malerischen Ecken der hiesigen Weinberge bei den Kleinkarpaten, wo Sie im Rahmen des Kleinkarpaten-Weinweges eine a<a href=\"https:\/\/card.visitbratislava.com\/de\/discount\/wine-safari-4\/\" target=\"_blank\" rel=\"noopener\">uthentische Verkostung<\/a> des hiesigen Weins samt gastronomischer Spezialit\u00e4ten erleben k\u00f6nnen.<\/p>\n<p><img loading=\"lazy\" width=\"800\" height=\"533\" class=\"aligncenter size-large wp-image-94079\" src=\"https:\/\/www.visitbratislava.com\/wp-content\/uploads\/2020\/09\/Dekan-vino-Raca-komparz-winesafari-800x533.jpg\" alt=\"\" srcset=\"https:\/\/www.visitbratislava.com\/wp-content\/uploads\/2020\/09\/Dekan-vino-Raca-komparz-winesafari-800x533.jpg 800w, https:\/\/www.visitbratislava.com\/wp-content\/uploads\/2020\/09\/Dekan-vino-Raca-komparz-winesafari-400x267.jpg 400w, https:\/\/www.visitbratislava.com\/wp-content\/uploads\/2020\/09\/Dekan-vino-Raca-komparz-winesafari-768x512.jpg 768w, https:\/\/www.visitbratislava.com\/wp-content\/uploads\/2020\/09\/Dekan-vino-Raca-komparz-winesafari-1536x1024.jpg 1536w, https:\/\/www.visitbratislava.com\/wp-content\/uploads\/2020\/09\/Dekan-vino-Raca-komparz-winesafari-2048x1366.jpg 2048w, https:\/\/www.visitbratislava.com\/wp-content\/uploads\/2020\/09\/Dekan-vino-Raca-komparz-winesafari-200x133.jpg 200w\" sizes=\"(max-width: 800px) 100vw, 800px\" \/><\/p>\n<h2><strong>9. Touristen-Card mit ganz vielen Vorteilen <\/strong><\/h2>\n<p>Bratislava ist mannigfaltig, bunt und verf\u00fcgt \u00fcber die einzigartige Atmosph\u00e4re einer Donaustadt und gerade dies macht es so einzigartig. Zusammen mit der offiziellen Touristen-Card Bratislava CARD, die Ihnen in kurzer Zeit zum g\u00fcnstigen Preis erm\u00f6glicht das Beste zu erleben, was die Stadt Bratislava und die ganze Region zu bieten haben. Neben dem Reisen in der Stadt und der ganzen Region, k\u00f6nnen Sie mit dieser Card <a href=\"https:\/\/card.visitbratislava.com\/de\/discount\/\" target=\"_blank\" rel=\"noopener\">kostenlos<\/a> bis zu 14 Museen besuchen und Preisnachl\u00e4sse auch f\u00fcr weitere Attraktionen nutzen.<\/p>\n<p><img loading=\"lazy\" width=\"800\" height=\"534\" class=\"aligncenter size-large wp-image-75227\" src=\"https:\/\/www.visitbratislava.com\/wp-content\/uploads\/2020\/03\/Molnar-Primaci\u00e1lny-pal\u00e1c-n\u00e1dvorie-font\u00e1na-komparz-mapa-p\u00e1r-l\u00e1ska-mood-800x534.jpg\" alt=\"\" srcset=\"https:\/\/www.visitbratislava.com\/wp-content\/uploads\/2020\/03\/Molnar-Primaci\u00e1lny-pal\u00e1c-n\u00e1dvorie-font\u00e1na-komparz-mapa-p\u00e1r-l\u00e1ska-mood-800x534.jpg 800w, https:\/\/www.visitbratislava.com\/wp-content\/uploads\/2020\/03\/Molnar-Primaci\u00e1lny-pal\u00e1c-n\u00e1dvorie-font\u00e1na-komparz-mapa-p\u00e1r-l\u00e1ska-mood-400x267.jpg 400w, https:\/\/www.visitbratislava.com\/wp-content\/uploads\/2020\/03\/Molnar-Primaci\u00e1lny-pal\u00e1c-n\u00e1dvorie-font\u00e1na-komparz-mapa-p\u00e1r-l\u00e1ska-mood-768x512.jpg 768w, https:\/\/www.visitbratislava.com\/wp-content\/uploads\/2020\/03\/Molnar-Primaci\u00e1lny-pal\u00e1c-n\u00e1dvorie-font\u00e1na-komparz-mapa-p\u00e1r-l\u00e1ska-mood-200x133.jpg 200w\" sizes=\"(max-width: 800px) 100vw, 800px\" \/><\/p>\n<h2><strong>10. Hochwertige Architektur <\/strong><\/h2>\n<p>Falls Sie Architektur-Enthusiast sind, so werden Sie in Bratislava bestimmt auch bei Bauten auf Ihre Kosten kommen, die erst unl\u00e4ngst erbaut wurden. Von den ikonischen Bauten der Stadt ist einen Besuch sicherlich die Br\u00fccke des Slowakischen Nationalaufstandes (Most SNP) wert, oder das Geb\u00e4ude des <a href=\"https:\/\/www.visitbratislava.com\/de\/setzt\/slowakischer-rundfunk\/\" target=\"_blank\" rel=\"noopener\">Slowakischen Rundfunks<\/a>. Nach dem Sturz des &#8222;realen Sozialismus&#8220; (sprich Wende) erlebt Bratislava einen regelrechten Bauboom, dessen Ergebnis die Entstehung ganz neuer Stadtviertel ist, welche Wohn-, B\u00fcro- und Gewerber\u00e4umlichkeiten mit einander kombinieren, so wie die Eurovea und River Park am Donauufer, oder der Sky Park mit seinen ellipsenf\u00f6rmigen Wohnt\u00fcrmen. Entworfen wurde dieser vom britischen Architekturstudio der prominenten Architektin Zaha Hadid.<\/p>\n<p><img loading=\"lazy\" width=\"800\" height=\"534\" class=\"aligncenter size-large wp-image-47967\" src=\"https:\/\/www.visitbratislava.com\/wp-content\/uploads\/2018\/02\/biela-noc2_white-night_nuit-blanche_art-festival_umelecky-festival_2017_official-photo_slovensky-rozhlas-pyramida-slovak-radio-building-inverted-pyramid-800x534.jpg\" alt=\"\" srcset=\"https:\/\/www.visitbratislava.com\/wp-content\/uploads\/2018\/02\/biela-noc2_white-night_nuit-blanche_art-festival_umelecky-festival_2017_official-photo_slovensky-rozhlas-pyramida-slovak-radio-building-inverted-pyramid-800x534.jpg 800w, https:\/\/www.visitbratislava.com\/wp-content\/uploads\/2018\/02\/biela-noc2_white-night_nuit-blanche_art-festival_umelecky-festival_2017_official-photo_slovensky-rozhlas-pyramida-slovak-radio-building-inverted-pyramid-400x267.jpg 400w, https:\/\/www.visitbratislava.com\/wp-content\/uploads\/2018\/02\/biela-noc2_white-night_nuit-blanche_art-festival_umelecky-festival_2017_official-photo_slovensky-rozhlas-pyramida-slovak-radio-building-inverted-pyramid-768x513.jpg 768w, https:\/\/www.visitbratislava.com\/wp-content\/uploads\/2018\/02\/biela-noc2_white-night_nuit-blanche_art-festival_umelecky-festival_2017_official-photo_slovensky-rozhlas-pyramida-slovak-radio-building-inverted-pyramid-200x133.jpg 200w\" sizes=\"(max-width: 800px) 100vw, 800px\" \/><\/p>\n","protected":false},"excerpt":{"rendered":"<p>Hegen auch Sie die Hoffnung, dass Sie bald wieder sicher Reisen und neue Orte besuchen k\u00f6nnen? Entdecken Sie wahre slowakische Sch\u00e4tze und planen Sie demn\u00e4chst einen City-Break nach Bratislava. Und da f\u00fcr die slowakische Hauptstand ein einziger Tag bei weitem nicht genug ist, sollte Sie da am besten gleich drei Tage einplanen.<\/p>\n","protected":false},"author":25,"featured_media":103335,"parent":0,"menu_order":0,"comment_status":"closed","ping_status":"closed","template":"","meta":[],"acf":[],"_links":{"self":[{"href":"https:\/\/www.visitbratislava.com\/de\/wp-json\/wp\/v2\/pages\/103938"}],"collection":[{"href":"https:\/\/www.visitbratislava.com\/de\/wp-json\/wp\/v2\/pages"}],"about":[{"href":"https:\/\/www.visitbratislava.com\/de\/wp-json\/wp\/v2\/types\/page"}],"author":[{"embeddable":true,"href":"https:\/\/www.visitbratislava.com\/de\/wp-json\/wp\/v2\/users\/25"}],"replies":[{"embeddable":true,"href":"https:\/\/www.visitbratislava.com\/de\/wp-json\/wp\/v2\/comments?post=103938"}],"version-history":[{"count":6,"href":"https:\/\/www.visitbratislava.com\/de\/wp-json\/wp\/v2\/pages\/103938\/revisions"}],"predecessor-version":[{"id":296790,"href":"https:\/\/www.visitbratislava.com\/de\/wp-json\/wp\/v2\/pages\/103938\/revisions\/296790"}],"wp:featuredmedia":[{"embeddable":true,"href":"https:\/\/www.visitbratislava.com\/de\/wp-json\/wp\/v2\/media\/103335"}],"wp:attachment":[{"href":"https:\/\/www.visitbratislava.com\/de\/wp-json\/wp\/v2\/media?parent=103938"}],"curies":[{"name":"wp","href":"https:\/\/api.w.org\/{rel}","templated":true}]}}