{"id":125854,"date":"2022-01-27T13:28:41","date_gmt":"2022-01-27T12:28:41","guid":{"rendered":"https:\/\/www.visitbratislava.com\/?page_id=125854"},"modified":"2024-02-15T16:04:36","modified_gmt":"2024-02-15T15:04:36","slug":"durch-die-altstadt","status":"publish","type":"page","link":"https:\/\/www.visitbratislava.com\/de\/fahrradausfluege\/durch-die-altstadt\/","title":{"rendered":"Durch die Altstadt"},"content":{"rendered":"<p>Diese Route zeigt ihnen, wie Bratislava und seine Identit\u00e4t ist. Wie das moderne Zeitalter das ehemalige Pressburg verwandelte. Wie der kommunistische Totalitarismus alles wegfegte, was ihm im Weg zu einer helleren Zukunft stand. Wie die Donau weiterhin durch die sch\u00f6ne historische Stadt fliesst.<\/p>\n<hr \/>\n<p><strong>Start:<\/strong> Platz N\u00e1mestie SNP<br \/>\n<strong>L\u00e4nge:<\/strong> 7,6 km<br \/>\n<strong>Ausflugsdauer (mit Pausen):<\/strong> 1-2 Stunden<br \/>\n<strong>Relief:<\/strong> flach<br \/>\n<strong>Gel\u00e4nde:<\/strong> 100 % befestigt<br \/>\n<strong>Im Stra\u00dfenverkehr:<\/strong> 50 %<br \/>\n<strong>Schwierigkeitsgrad:<\/strong> leicht<br \/>\n<strong>Bikesharing:<\/strong> ja<br \/>\n<a href=\"https:\/\/www.visitbratislava.com\/wp-content\/uploads\/2024\/02\/1-Okolo-Stareho-mesta.gpx\" target=\"_blank\" rel=\"noopener\">Laden Sie die GPX-Datei hier herunter<\/a><\/p>\n<hr \/>\n<p>Ihre Route beginnt und endet auf dem <strong>Platz N\u00e1mestie SNP (A)<\/strong>. Hinter der charmanten Alten Markthalle \u201estreifen\u201c Sie den \u201eersten Wolkenkratzer\u201c von Bratislava &#8211; den legend\u00e4ren <strong>Manderl\u00e1k (B)<\/strong>. Bewundern Sie auf dem herrlichen Platz Hviezdoslavovo n\u00e1mestie das Geb\u00e4ude des Slowakischen Nationaltheaters und den <strong>Ganymedes-Springbrunnen (C)<\/strong>. Auf dem Platz Rybn\u00e9 n\u00e1mestie begr\u00fc\u00dft Sie vor der Br\u00fccke die <strong>Pests\u00e4ule (D)<\/strong>, das Denkmal einer vor Jahrhunderten grassierenden Epidemie.<\/p>\n<p>Sie \u00fcberqueren in gro\u00dfem Stil die Donau \u00fcber die <strong>Br\u00fccke Most SNP (E)<\/strong>, die seit einem halben Jahrhundert eine umstrittene Ikone von Bratislava ist. Erklimmen Sie f\u00fcr einen Ausblick und einen Kaffee die Aussichtsplattform Fliegende Untertasse, die 85 Meter \u00fcber dem Boden schwebt. Atmen Sie auf dem anderen Ufer in der gr\u00fcnen Lunge der Stadt gut durch. Der <strong>Stadtpark Sad J. Kr\u00e1\u013ea (F)<\/strong> als einer der \u00e4ltesten Parks der ehemaligen Monarchie birgt auch einen mittelalterlichen Turm und Tierkreiszeichen. Auf dem R\u00fcckweg ins Zentrum \u00fcberqueren Sie die <strong>Br\u00fccke Star\u00fd most (G)<\/strong>. Die Aussichten sind hier einzigartig.<\/p>\n<p>Der Platz \u0160af\u00e1rikovo n\u00e1mestie ist ein eleganter Eingang zur Altstadt. Gleich um die Ecke befindet sich die bezaubernde <strong>Blaue Kirche (H)<\/strong>, die Kr\u00f6nung des Jugendstils in Pressburg. Ein deutlicher Kontrast zur modernistischen Architektur des Kaufhauses Prior auf dem <strong>Platz Kamenn\u00e9 n\u00e1mestie (I)<\/strong>!<\/p>\n<p>Ein einzigartiges Geb\u00e4ude aus der Zeit des Sozialismus ist die auf dem Kopf stehende Pyramide des <strong>Slowakischen Rundfunks (J)<\/strong>. Der nahe gelegene monumentale <strong>Platz N\u00e1mestie slobody (K)<\/strong> wird von einem Springbrunnen in Form einer Lindenbl\u00fcte und neben dem sozialistischen Hype auch vom Regierungsb\u00fcro, einst dem Sommerpalast des Erzbischofs, dominiert. Besuchen Sie auch den Springbrunnen Planet des Friedens vor dem Pr\u00e4sidentenpalast auf dem <strong>Platz Hod\u017eovo n\u00e1mestie (L)<\/strong>. Der Platz N\u00e1mestie SNP, das Ziel Ihrer Route, ist nur noch einen Katzensprung entfernt.<\/p>\n<p><em>Wenn Sie auf Ihrem Handy auf \u201eZobrazi\u0165 na Mapy.cz\u201c klicken und die App herunterladen, k\u00f6nnen Sie die Navigation direkt basierend auf Ihrem Standort verwenden. Genie\u00dfen Sie die Route!<\/em><\/p>\n<p><iframe style=\"border: none;\" src=\"https:\/\/sk.frame.mapy.cz\/s\/betotahuke\" width=\"800\" height=\"400\" frameborder=\"0\"><span data-mce-type=\"bookmark\" style=\"display: inline-block; width: 0px; overflow: hidden; line-height: 0;\" class=\"mce_SELRES_start\">\ufeff<\/span><\/iframe><\/p>\n","protected":false},"excerpt":{"rendered":"<p>Monarchie. Erste Tschechoslowakische Republik. Sozialismus. Gegenwart. Fluss. Parks. Pl\u00e4tze. Springbrunnen. Einkaufszentren. Strassen. Sind sie bereit, alle Schichten der Geschichte und des Raums der Stadt zu erkunden?<\/p>\n","protected":false},"author":25,"featured_media":106328,"parent":125848,"menu_order":0,"comment_status":"closed","ping_status":"closed","template":"","meta":[],"acf":[],"_links":{"self":[{"href":"https:\/\/www.visitbratislava.com\/de\/wp-json\/wp\/v2\/pages\/125854"}],"collection":[{"href":"https:\/\/www.visitbratislava.com\/de\/wp-json\/wp\/v2\/pages"}],"about":[{"href":"https:\/\/www.visitbratislava.com\/de\/wp-json\/wp\/v2\/types\/page"}],"author":[{"embeddable":true,"href":"https:\/\/www.visitbratislava.com\/de\/wp-json\/wp\/v2\/users\/25"}],"replies":[{"embeddable":true,"href":"https:\/\/www.visitbratislava.com\/de\/wp-json\/wp\/v2\/comments?post=125854"}],"version-history":[{"count":5,"href":"https:\/\/www.visitbratislava.com\/de\/wp-json\/wp\/v2\/pages\/125854\/revisions"}],"predecessor-version":[{"id":281016,"href":"https:\/\/www.visitbratislava.com\/de\/wp-json\/wp\/v2\/pages\/125854\/revisions\/281016"}],"up":[{"embeddable":true,"href":"https:\/\/www.visitbratislava.com\/de\/wp-json\/wp\/v2\/pages\/125848"}],"wp:featuredmedia":[{"embeddable":true,"href":"https:\/\/www.visitbratislava.com\/de\/wp-json\/wp\/v2\/media\/106328"}],"wp:attachment":[{"href":"https:\/\/www.visitbratislava.com\/de\/wp-json\/wp\/v2\/media?parent=125854"}],"curies":[{"name":"wp","href":"https:\/\/api.w.org\/{rel}","templated":true}]}}