{"id":127572,"date":"2022-02-07T11:39:48","date_gmt":"2022-02-07T10:39:48","guid":{"rendered":"https:\/\/www.visitbratislava.com\/?page_id=127572"},"modified":"2022-02-07T11:41:15","modified_gmt":"2022-02-07T10:41:15","slug":"valentins-bratislava","status":"publish","type":"page","link":"https:\/\/www.visitbratislava.com\/de\/valentins-bratislava\/","title":{"rendered":"Valentins-Bratislava"},"content":{"rendered":"<p>Verbringen Sie das Fest des Heiligen Valentin in der Landeshauptstadt und genie\u00dfen Sie einen Ort, der mittelalterliche Atmosph\u00e4re mit den Top-Services einer modernen Metropole verbindet. Lassen Sie sich von der historischen Stadt verf\u00fchren, erleben Sie eine Hotelbehandlung, genie\u00dfen Sie ein romantisches Abendessen und einige nette \u00dcberraschungen als Extra.<\/p>\n<p>Lassen Sie sich verf\u00fchren und genie\u00dfen Sie den tollen Tag in der gr\u00f6\u00dften Stadt der Slowakei. Romantisches Ambiente f\u00fcr alle Verliebten, Geliebten und Liebenden erwartet Sie nicht nur an einem unvergesslichen Abend am Festtag des Lieblingspatrons, sondern auch am Wochenende davor.<\/p>\n","protected":false},"excerpt":{"rendered":"<p>F\u00fcr den einen vielleicht ein kommerzieller Urlaub, f\u00fcr den anderen aber immer noch Gelegenheit zur Entschleunigung, gemeinsamen Erlebnissen und Liebesbekenntnissen auf unkonventionelle Art oder in kostbarer gemeinsamer Zeit. Wie w\u00e4re es, das Fest der Liebe in Bratislava zu verbringen?<\/p>\n","protected":false},"author":32,"featured_media":127441,"parent":0,"menu_order":0,"comment_status":"closed","ping_status":"closed","template":"tpl-page-grid.php","meta":[],"acf":[],"_links":{"self":[{"href":"https:\/\/www.visitbratislava.com\/de\/wp-json\/wp\/v2\/pages\/127572"}],"collection":[{"href":"https:\/\/www.visitbratislava.com\/de\/wp-json\/wp\/v2\/pages"}],"about":[{"href":"https:\/\/www.visitbratislava.com\/de\/wp-json\/wp\/v2\/types\/page"}],"author":[{"embeddable":true,"href":"https:\/\/www.visitbratislava.com\/de\/wp-json\/wp\/v2\/users\/32"}],"replies":[{"embeddable":true,"href":"https:\/\/www.visitbratislava.com\/de\/wp-json\/wp\/v2\/comments?post=127572"}],"version-history":[{"count":2,"href":"https:\/\/www.visitbratislava.com\/de\/wp-json\/wp\/v2\/pages\/127572\/revisions"}],"predecessor-version":[{"id":127574,"href":"https:\/\/www.visitbratislava.com\/de\/wp-json\/wp\/v2\/pages\/127572\/revisions\/127574"}],"wp:featuredmedia":[{"embeddable":true,"href":"https:\/\/www.visitbratislava.com\/de\/wp-json\/wp\/v2\/media\/127441"}],"wp:attachment":[{"href":"https:\/\/www.visitbratislava.com\/de\/wp-json\/wp\/v2\/media?parent=127572"}],"curies":[{"name":"wp","href":"https:\/\/api.w.org\/{rel}","templated":true}]}}