{"id":127586,"date":"2022-02-07T11:45:51","date_gmt":"2022-02-07T10:45:51","guid":{"rendered":"https:\/\/www.visitbratislava.com\/?page_id=127586"},"modified":"2022-02-07T11:46:13","modified_gmt":"2022-02-07T10:46:13","slug":"valentinstag-in-bratislava","status":"publish","type":"page","link":"https:\/\/www.visitbratislava.com\/de\/valentinstag-in-bratislava\/","title":{"rendered":"Valentinstag in Bratislava"},"content":{"rendered":"<p>Entdecken Sie romantische Ecken, erkunden Sie enge Gassen, machen Sie einen Spaziergang am Flussufer entlang. Gehen Sie in die Natur. Lassen Sie sich von den Aussichten inspirieren, finden Sie Kultur. W\u00e4hlen Sie aus den beiden Burgen. Die Burg Bratislava sowie die Burg Dev\u00edn geh\u00f6ren zu den romantischsten Orten in der ganzen Slowakei.<\/p>\n<p>In dieser Stadt geht ein Genius Loci Hand in Hand mit der lokalen saisonalen Gastronomie, modernen Einrichtungen und Dienstleistungen. Erleben Sie ein Gourmet-Dinner bei Kerzenlicht, entspannen Sie sich, tanken Sie neue Energie im Wellnessbereich und lassen Sie Ihre Sinne von der magischen Atmosph\u00e4re verf\u00fchren.<\/p>\n","protected":false},"excerpt":{"rendered":"<p>Die Valentinszeit in Bratislava verbindet Liebe, Sch\u00f6nheit und Vergn\u00fcgen. Genie\u00dfen Sie einzigartige Momente voller Romantik in wundersch\u00f6nen R\u00e4umlichkeiten und erleben Sie den unwiederholbaren Zauber von Bratislava mit und seiner Umgebung auf Ihrer eigenen Haut. Genie\u00dfen Sie die N\u00e4he zueinander.<\/p>\n","protected":false},"author":32,"featured_media":127548,"parent":0,"menu_order":0,"comment_status":"closed","ping_status":"closed","template":"tpl-page-grid.php","meta":[],"acf":[],"_links":{"self":[{"href":"https:\/\/www.visitbratislava.com\/de\/wp-json\/wp\/v2\/pages\/127586"}],"collection":[{"href":"https:\/\/www.visitbratislava.com\/de\/wp-json\/wp\/v2\/pages"}],"about":[{"href":"https:\/\/www.visitbratislava.com\/de\/wp-json\/wp\/v2\/types\/page"}],"author":[{"embeddable":true,"href":"https:\/\/www.visitbratislava.com\/de\/wp-json\/wp\/v2\/users\/32"}],"replies":[{"embeddable":true,"href":"https:\/\/www.visitbratislava.com\/de\/wp-json\/wp\/v2\/comments?post=127586"}],"version-history":[{"count":2,"href":"https:\/\/www.visitbratislava.com\/de\/wp-json\/wp\/v2\/pages\/127586\/revisions"}],"predecessor-version":[{"id":127588,"href":"https:\/\/www.visitbratislava.com\/de\/wp-json\/wp\/v2\/pages\/127586\/revisions\/127588"}],"wp:featuredmedia":[{"embeddable":true,"href":"https:\/\/www.visitbratislava.com\/de\/wp-json\/wp\/v2\/media\/127548"}],"wp:attachment":[{"href":"https:\/\/www.visitbratislava.com\/de\/wp-json\/wp\/v2\/media?parent=127586"}],"curies":[{"name":"wp","href":"https:\/\/api.w.org\/{rel}","templated":true}]}}