{"id":127625,"date":"2022-02-07T16:41:02","date_gmt":"2022-02-07T15:41:02","guid":{"rendered":"https:\/\/www.visitbratislava.com\/?page_id=127625"},"modified":"2025-02-12T12:54:58","modified_gmt":"2025-02-12T11:54:58","slug":"valentinstagserlebnisse-in-bratislava","status":"publish","type":"page","link":"https:\/\/www.visitbratislava.com\/de\/valentinstagserlebnisse-in-bratislava\/","title":{"rendered":"Valentinstag Erlebnisse in Bratislava"},"content":{"rendered":"<h3><strong>Beginnen Sie Valentin mit \u201eBrunch\u201c<\/strong><\/h3>\n<p>Besuchen Sie eins der vielen gem\u00fctlichen Pl\u00e4tze und trinken Sie einen Kaffee und versuchen Sie Brunch. Ausw\u00e4hlen k\u00f6nnen Sie zum Beispiel aus Caf\u00e9s und Bistros <strong>Panensk\u00e1 kaviare\u0148, P\u00e1n Cakes, Funki Punki, Urban House, Zrzky Wine &amp; Tapas, Drak&amp;Finch, K\u00e1va.bar, Talks, Bistro Ferdinand, Fertucha<\/strong>\u00a0oder aus vielen anderen. Und was sagen Sie zum essbaren Valentinsgeschenk in Form eines Obst- oder Schokoladenbuketts? In der Obstkonditorei <a href=\"http:\/\/www.chutnicka.sk\" target=\"_blank\" rel=\"noopener\"><strong>Chutni\u010dka<\/strong>\u00a0<\/a>werden diese vor Ort oder auf Bestellung vorhinein vorbereitet.<\/p>\n<p><img loading=\"lazy\" class=\"alignnone wp-image-219693 size-full\" src=\"https:\/\/www.visitbratislava.com\/wp-content\/uploads\/2023\/02\/chutnicka-6.jpg\" alt=\"\" width=\"900\" height=\"900\" srcset=\"https:\/\/www.visitbratislava.com\/wp-content\/uploads\/2023\/02\/chutnicka-6.jpg 900w, https:\/\/www.visitbratislava.com\/wp-content\/uploads\/2023\/02\/chutnicka-6-400x400.jpg 400w, https:\/\/www.visitbratislava.com\/wp-content\/uploads\/2023\/02\/chutnicka-6-800x800.jpg 800w, https:\/\/www.visitbratislava.com\/wp-content\/uploads\/2023\/02\/chutnicka-6-150x150.jpg 150w, https:\/\/www.visitbratislava.com\/wp-content\/uploads\/2023\/02\/chutnicka-6-768x768.jpg 768w, https:\/\/www.visitbratislava.com\/wp-content\/uploads\/2023\/02\/chutnicka-6-200x200.jpg 200w, https:\/\/www.visitbratislava.com\/wp-content\/uploads\/2023\/02\/chutnicka-6-184x184.jpg 184w, https:\/\/www.visitbratislava.com\/wp-content\/uploads\/2023\/02\/chutnicka-6-384x384.jpg 384w, https:\/\/www.visitbratislava.com\/wp-content\/uploads\/2023\/02\/chutnicka-6-784x784.jpg 784w\" sizes=\"(max-width: 900px) 100vw, 900px\" \/><\/p>\n<h3><strong>Gehen Sie zum Rendezvous mit der Stadt<\/strong><\/h3>\n<p>Lieben Sie Geschichten? Falls Sie zu den neugierigen Menschen geh\u00f6ren, von der Geschichte fasziniert sind und gerne neue Sachen ausprobieren, dann gehen Sie zum Rendezvous mit der Stadt! W\u00e4hrend den ganzj\u00e4hrigen Zyklen der thematischen Spazierg\u00e4nge mit den Reisef\u00fchrern Sie entdecken die unerkannten Geschichten.<\/p>\n<p><img loading=\"lazy\" class=\"alignnone wp-image-219809 size-full\" src=\"https:\/\/www.visitbratislava.com\/wp-content\/uploads\/2023\/02\/Dizajn-bez-nazvu-8.png\" alt=\"\" width=\"1920\" height=\"1280\" srcset=\"https:\/\/www.visitbratislava.com\/wp-content\/uploads\/2023\/02\/Dizajn-bez-nazvu-8.png 1920w, https:\/\/www.visitbratislava.com\/wp-content\/uploads\/2023\/02\/Dizajn-bez-nazvu-8-400x267.png 400w, https:\/\/www.visitbratislava.com\/wp-content\/uploads\/2023\/02\/Dizajn-bez-nazvu-8-800x533.png 800w, https:\/\/www.visitbratislava.com\/wp-content\/uploads\/2023\/02\/Dizajn-bez-nazvu-8-768x512.png 768w, https:\/\/www.visitbratislava.com\/wp-content\/uploads\/2023\/02\/Dizajn-bez-nazvu-8-1536x1024.png 1536w, https:\/\/www.visitbratislava.com\/wp-content\/uploads\/2023\/02\/Dizajn-bez-nazvu-8-200x133.png 200w\" sizes=\"(max-width: 1920px) 100vw, 1920px\" \/><\/p>\n<h3><strong>Gehen Sie zum Rendezvous mit dem Fotografen<\/strong><\/h3>\n<p>Zum Bummeln durch romantische Winkel von Bratislava mit Ihrer Liebe oder Freunden nehmen Sie den Fotografen mit. Fotografieren ist ein fabelhaftes Geschenk. Entdecken Sie weniger bekannte Winkel von Bratislava wie <strong>V\u00edno Chvostek oder<\/strong> <strong>Springbrunnen von Bratislava<\/strong> und Ihre Erinnerungen werden noch dazu verewigt sein.<\/p>\n<p><img loading=\"lazy\" class=\"alignnone wp-image-219796 size-full\" src=\"https:\/\/www.visitbratislava.com\/wp-content\/uploads\/2023\/02\/Dizajn-bez-nazvu-5.png\" alt=\"\" width=\"1920\" height=\"1280\" srcset=\"https:\/\/www.visitbratislava.com\/wp-content\/uploads\/2023\/02\/Dizajn-bez-nazvu-5.png 1920w, https:\/\/www.visitbratislava.com\/wp-content\/uploads\/2023\/02\/Dizajn-bez-nazvu-5-400x267.png 400w, https:\/\/www.visitbratislava.com\/wp-content\/uploads\/2023\/02\/Dizajn-bez-nazvu-5-800x533.png 800w, https:\/\/www.visitbratislava.com\/wp-content\/uploads\/2023\/02\/Dizajn-bez-nazvu-5-768x512.png 768w, https:\/\/www.visitbratislava.com\/wp-content\/uploads\/2023\/02\/Dizajn-bez-nazvu-5-1536x1024.png 1536w, https:\/\/www.visitbratislava.com\/wp-content\/uploads\/2023\/02\/Dizajn-bez-nazvu-5-200x133.png 200w\" sizes=\"(max-width: 1920px) 100vw, 1920px\" \/><\/p>\n<h3><strong>Gehen Sie zum Rendezvous mit der Giraffe oder Schafkamel<\/strong><\/h3>\n<p>Ob Sie Singles oder ein Paar sind, k\u00f6nnen Sie vom M\u00e4rz bis Mai im Tiergarten ein Rendezvous mit den Tierchen haben. Machen Sie einen Spaziergang durch das Areal oder schenken Sie das Erlebnis beim F\u00fcttern der <a href=\"https:\/\/shop.zoobratislava.sk\/rande-s-lamou-pre-1-osobu\">Schafkamele Alpaka<\/a> oder der <a href=\"https:\/\/shop.zoobratislava.sk\/rande-so-zirafou-pre-2-osoby\">Rotschild-Giraffen<\/a>. Das Erlebnis wird vom Animator begleitet. Sie werden sich auch mit dem Z\u00fcchter treffen, mit welchem Sie das kommentierte F\u00fcttern erleben. Im Preis einbegriffen sind kleine Geschenkprodukte, Zertifikat und Fotos vom Verlauf des Tages.<\/p>\n<p><img loading=\"lazy\" class=\"alignnone wp-image-219753 size-full\" src=\"https:\/\/www.visitbratislava.com\/wp-content\/uploads\/2023\/02\/Dizajn-bez-nazvu-4.png\" alt=\"\" width=\"1920\" height=\"1280\" srcset=\"https:\/\/www.visitbratislava.com\/wp-content\/uploads\/2023\/02\/Dizajn-bez-nazvu-4.png 1920w, https:\/\/www.visitbratislava.com\/wp-content\/uploads\/2023\/02\/Dizajn-bez-nazvu-4-400x267.png 400w, https:\/\/www.visitbratislava.com\/wp-content\/uploads\/2023\/02\/Dizajn-bez-nazvu-4-800x533.png 800w, https:\/\/www.visitbratislava.com\/wp-content\/uploads\/2023\/02\/Dizajn-bez-nazvu-4-768x512.png 768w, https:\/\/www.visitbratislava.com\/wp-content\/uploads\/2023\/02\/Dizajn-bez-nazvu-4-1536x1024.png 1536w, https:\/\/www.visitbratislava.com\/wp-content\/uploads\/2023\/02\/Dizajn-bez-nazvu-4-200x133.png 200w\" sizes=\"(max-width: 1920px) 100vw, 1920px\" \/><\/p>\n<h3><strong>Gehen Sie zum Rendezvous mit der Kunst<\/strong><\/h3>\n<p>Nach Bratislava lohnt sich wegen der Kunst zu kommen und dies gilt auch am Valentinstag.<\/p>\n<p>\u2665\ufe0f Valentinstag in <a href=\"https:\/\/www.nedbalka.sk\/de\/\"><strong>Galerie Nedbalka<\/strong><\/a> \u2013 Nimm deine(n) Liebste(n) mit, um die slowakische moderne Kunst zu bewundern. Am 14. Februar bietet die Galerie ein spezielles 1+1 Gratis-Ticket! Zudem kannst du einen Kaffee oder Tee im Galerie-Caf\u00e9 genie\u00dfen \u2013 im Ticketpreis inbegriffen. Zeit: 13:00 \u2013 19:00.<\/p>\n<p>\u2665\ufe0f Valentinstag in der Umelka \u2013 Zeige deine Liebe zur Kunst. Am 14. Februar genie\u00dfe freien Eintritt, eine romantische Atmosph\u00e4re mit einem Glas Wein, Musik und Kunst. Besucher haben zudem die M\u00f6glichkeit, ein gemeinsames Kunstwerk auf der Valentins-Leinwand der Liebe zu gestalten. Zeit: 12:00 \u2013 16:30.<\/p>\n<p>Oder Sie k\u00f6nnen zwischen den Werken in <a href=\"https:\/\/www.dotgallery.sk\/\"><strong>DOT<\/strong>. <strong>Contemporary Art Gallery<\/strong><\/a> spazieren gehen, im Denkmal der ehemaligen Heizkraftwerke im neuen Downtown von Bratislava.<\/p>\n<p>Das <strong>Slowakische Nationaltheater<\/strong> bereitete f\u00fcr Sie ein Valentinsgeschenk unter dem Namen \u201eSprechen Sie nicht \u00fcber Liebe. Erleben Sie diese.\u201c Dank dem Karte f\u00fcr die geliebte Person Sie die Liebe w\u00e4hrend den<a href=\"https:\/\/snd.sk\/de\"> ballet und oper Vorstellungen<\/a> im Slowakischen Nationaltheater erleben.<\/p>\n<p>M\u00f6chten Sie die Kunst durch eigene H\u00e4nde gestalten oder solche M\u00f6glichkeit Ihrer H\u00e4lfte verschenken? <a href=\"https:\/\/www.paintpeople.sk\/en\/produkty\/art-parties\/\">Erfahrene Lektoren und Wein, oder Kaffee in k\u00fcnstlerischer Umgebung sind immer eine gute Idee<\/a>.<\/p>\n<p><img loading=\"lazy\" class=\"alignnone wp-image-219772 size-full\" src=\"https:\/\/www.visitbratislava.com\/wp-content\/uploads\/2023\/02\/Dekan_komparz_jesen_2020_Twin-City_Zaha-Hadid_architektura_downtown_02_vyhradna-licencia-casovo-neobmedzena-scaled.jpg\" alt=\"\" width=\"2560\" height=\"1710\" srcset=\"https:\/\/www.visitbratislava.com\/wp-content\/uploads\/2023\/02\/Dekan_komparz_jesen_2020_Twin-City_Zaha-Hadid_architektura_downtown_02_vyhradna-licencia-casovo-neobmedzena-scaled.jpg 2560w, https:\/\/www.visitbratislava.com\/wp-content\/uploads\/2023\/02\/Dekan_komparz_jesen_2020_Twin-City_Zaha-Hadid_architektura_downtown_02_vyhradna-licencia-casovo-neobmedzena-400x267.jpg 400w, https:\/\/www.visitbratislava.com\/wp-content\/uploads\/2023\/02\/Dekan_komparz_jesen_2020_Twin-City_Zaha-Hadid_architektura_downtown_02_vyhradna-licencia-casovo-neobmedzena-800x534.jpg 800w, https:\/\/www.visitbratislava.com\/wp-content\/uploads\/2023\/02\/Dekan_komparz_jesen_2020_Twin-City_Zaha-Hadid_architektura_downtown_02_vyhradna-licencia-casovo-neobmedzena-768x513.jpg 768w, https:\/\/www.visitbratislava.com\/wp-content\/uploads\/2023\/02\/Dekan_komparz_jesen_2020_Twin-City_Zaha-Hadid_architektura_downtown_02_vyhradna-licencia-casovo-neobmedzena-1536x1026.jpg 1536w, https:\/\/www.visitbratislava.com\/wp-content\/uploads\/2023\/02\/Dekan_komparz_jesen_2020_Twin-City_Zaha-Hadid_architektura_downtown_02_vyhradna-licencia-casovo-neobmedzena-2048x1368.jpg 2048w, https:\/\/www.visitbratislava.com\/wp-content\/uploads\/2023\/02\/Dekan_komparz_jesen_2020_Twin-City_Zaha-Hadid_architektura_downtown_02_vyhradna-licencia-casovo-neobmedzena-200x134.jpg 200w\" sizes=\"(max-width: 2560px) 100vw, 2560px\" \/><\/p>\n<h3><strong>Gehen Sie zum Rendezvous mit Gastro<\/strong><\/h3>\n<p>Ein Rendezvous im Hotel Dev\u00edn kann neben dem <a href=\"https:\/\/www.hoteldevin.sk\/aktuality\/valentin-v-hoteli-devin\/\" target=\"_blank\" rel=\"noopener\">Degustationsabendmahl<\/a> auch die Gestalt einer <a href=\"https:\/\/www.hoteldevin.sk\/aktualitaten\/anti-stress-head-massage\/?lang=de\" target=\"_blank\" rel=\"noopener\">Massage f\u00fcr Singles<\/a> oder eines <a href=\"https:\/\/www.hoteldevin.sk\/aktualitaten\/fuenf-uhr-tee\/?lang=de\" target=\"_blank\" rel=\"noopener\">F\u00fcnfuhrtees<\/a> mit der Freundin haben. F\u00fcr Paare werden zum Abendmahl prickelnde Prosecco Bl\u00e4schen mit Erdbeeren, prachtvolle Ausblicke auf das historische Zentrum in intimer Atmosph\u00e4re serviert.<\/p>\n<p><strong> <img loading=\"lazy\" class=\"alignnone wp-image-219705 size-full\" src=\"https:\/\/www.visitbratislava.com\/wp-content\/uploads\/2023\/02\/caj-o-piatej-scaled-1.jpg\" alt=\"\" width=\"1707\" height=\"2560\" srcset=\"https:\/\/www.visitbratislava.com\/wp-content\/uploads\/2023\/02\/caj-o-piatej-scaled-1.jpg 1707w, https:\/\/www.visitbratislava.com\/wp-content\/uploads\/2023\/02\/caj-o-piatej-scaled-1-267x400.jpg 267w, https:\/\/www.visitbratislava.com\/wp-content\/uploads\/2023\/02\/caj-o-piatej-scaled-1-533x800.jpg 533w, https:\/\/www.visitbratislava.com\/wp-content\/uploads\/2023\/02\/caj-o-piatej-scaled-1-768x1152.jpg 768w, https:\/\/www.visitbratislava.com\/wp-content\/uploads\/2023\/02\/caj-o-piatej-scaled-1-1024x1536.jpg 1024w, https:\/\/www.visitbratislava.com\/wp-content\/uploads\/2023\/02\/caj-o-piatej-scaled-1-1366x2048.jpg 1366w, https:\/\/www.visitbratislava.com\/wp-content\/uploads\/2023\/02\/caj-o-piatej-scaled-1-133x200.jpg 133w\" sizes=\"(max-width: 1707px) 100vw, 1707px\" \/><\/strong><\/p>\n<h3><strong>Gehen Sie zum Rendezvous in der Dunkelheit und mit Wein<\/strong><\/h3>\n<p>Wenn das Licht ausgeschaltet wird und Sie in v\u00f6lliger Dunkelheit verbleiben, dann begreifen Sie, wie es aussieht, wenn sich die Welt der Dufte und Geschmacke \u201eer\u00f6ffnet\u201c. Das Gehirn kann sich nicht auf die Augen verlassen, und deswegen\u00a0 verst\u00e4rkt es die \u00fcbrigen Sinne. Nach einer Weile verlieren die G\u00e4ste die Hemmungen dies und jenes in die Dunkelheit \u201eauszusprechen\u201c und so entsteht ein sehr am\u00fcsanter und <a href=\"https:\/\/www.tmavadegustacia.sk\/en\">gem\u00fctlicher Abend erg\u00e4nzt um vieles Interessantes \u00fcber den Wein<\/a>.<\/p>\n<p><img loading=\"lazy\" class=\"alignnone wp-image-219784 size-full\" src=\"https:\/\/www.visitbratislava.com\/wp-content\/uploads\/2023\/02\/637e7ba3e633b486388844.gif\" alt=\"\" width=\"560\" height=\"400\" \/><\/p>\n<h3><strong>Gehen Sie zum Rendezvous mit dem Ausblick<\/strong><\/h3>\n<p>Vom Iglu auf der Terrasse Rooftop by Regalburger k\u00f6nnen Sie sich an dem wundersch\u00f6n rekonstruierten Michaeler Tor erg\u00f6tzen. Die Leuchten und der Ausblick bringen die spezielle Atmosph\u00e4re mit sich und Sie bleiben nicht beim Verhungern und Verdursten.<\/p>\n<p>Das Bratislavaer UFO l\u00e4dt zum traditionellen <a href=\"https:\/\/www.visitbratislava.com\/de\/geschehen\/valentinstag-in-den-wolken\/\" target=\"_blank\" rel=\"noopener\">Valentinstag in den Wolken<\/a> ein. Probieren Sie das Valentin-Men\u00fc oder wenigstens einen Drink<\/p>\n<p>Der Valentinstag or andere Tag an der romantischen Donau mit dem Ausblick auf Bratislava vom <a href=\"https:\/\/www.lod.sk\/en\/cruises-2\/vecera-na-dunaji-3\/detail\/valentine-s-dinner\/\" target=\"_blank\" rel=\"noopener\">schwimmenden Schiff <\/a>k\u00f6nnen Sie mit oder ohne Gastronomie erleben.<\/p>\n<p><img loading=\"lazy\" width=\"800\" height=\"524\" class=\"alignnone size-large wp-image-275924\" src=\"https:\/\/www.visitbratislava.com\/wp-content\/uploads\/2020\/01\/lod-a-UFO-800x524.png\" alt=\"lod noc plavba \" srcset=\"https:\/\/www.visitbratislava.com\/wp-content\/uploads\/2020\/01\/lod-a-UFO-800x524.png 800w, https:\/\/www.visitbratislava.com\/wp-content\/uploads\/2020\/01\/lod-a-UFO-400x262.png 400w, https:\/\/www.visitbratislava.com\/wp-content\/uploads\/2020\/01\/lod-a-UFO-768x503.png 768w, https:\/\/www.visitbratislava.com\/wp-content\/uploads\/2020\/01\/lod-a-UFO-1536x1006.png 1536w, https:\/\/www.visitbratislava.com\/wp-content\/uploads\/2020\/01\/lod-a-UFO-200x131.png 200w, https:\/\/www.visitbratislava.com\/wp-content\/uploads\/2020\/01\/lod-a-UFO.png 1713w\" sizes=\"(max-width: 800px) 100vw, 800px\" \/><\/p>\n<p>Bratislava freut sich auf Ihren Besuch w\u00e4hrend der gesamten Valentinstagszeit, aber auch dar\u00fcber hinaus!<\/p>\n","protected":false},"excerpt":{"rendered":"<p>\u2764\ufe0fGehen Sie zum Rendezvous in Bratislava, oder kommen Sie nach Bratislava um sich zu verlieben. Fabelhafte Zeit f\u00fcr Vergebene und Singles garantiert nicht nur am Valentinstag!<\/p>\n","protected":false},"author":32,"featured_media":219962,"parent":0,"menu_order":0,"comment_status":"closed","ping_status":"closed","template":"","meta":[],"acf":[],"_links":{"self":[{"href":"https:\/\/www.visitbratislava.com\/de\/wp-json\/wp\/v2\/pages\/127625"}],"collection":[{"href":"https:\/\/www.visitbratislava.com\/de\/wp-json\/wp\/v2\/pages"}],"about":[{"href":"https:\/\/www.visitbratislava.com\/de\/wp-json\/wp\/v2\/types\/page"}],"author":[{"embeddable":true,"href":"https:\/\/www.visitbratislava.com\/de\/wp-json\/wp\/v2\/users\/32"}],"replies":[{"embeddable":true,"href":"https:\/\/www.visitbratislava.com\/de\/wp-json\/wp\/v2\/comments?post=127625"}],"version-history":[{"count":15,"href":"https:\/\/www.visitbratislava.com\/de\/wp-json\/wp\/v2\/pages\/127625\/revisions"}],"predecessor-version":[{"id":327895,"href":"https:\/\/www.visitbratislava.com\/de\/wp-json\/wp\/v2\/pages\/127625\/revisions\/327895"}],"wp:featuredmedia":[{"embeddable":true,"href":"https:\/\/www.visitbratislava.com\/de\/wp-json\/wp\/v2\/media\/219962"}],"wp:attachment":[{"href":"https:\/\/www.visitbratislava.com\/de\/wp-json\/wp\/v2\/media?parent=127625"}],"curies":[{"name":"wp","href":"https:\/\/api.w.org\/{rel}","templated":true}]}}