{"id":134035,"date":"2022-04-08T17:24:15","date_gmt":"2022-04-08T15:24:15","guid":{"rendered":"https:\/\/www.visitbratislava.com\/?page_id=134035"},"modified":"2022-04-16T00:46:26","modified_gmt":"2022-04-15T22:46:26","slug":"programm-am-freitag","status":"publish","type":"page","link":"https:\/\/www.visitbratislava.com\/de\/bratislavaer-stadttage\/programm-am-freitag\/","title":{"rendered":"Programm am Freitag"},"content":{"rendered":"<h3>ST\u00c4DTISCHE GALERIE BRATISLAVA<\/h3>\n<p><strong>Machen Sie ein Foto mit einer alten Pressburger Familie<\/strong><br \/>\n22. bis 24. April von 11.00 bis 18.00 Uhr<br \/>\nPalffypalast, Pansk\u00e1 19<br \/>\nEintritt: kostenlos<br \/>\nKommen Sie zur Ausstellung, um ein Portr\u00e4t mit der ber\u00fchmten Familie Pressburg zu machen. Nehmen Sie die ganze Familie mit in den Palast von P\u00e1llfy und treffen Sie Philip, Anna Barbara und ihre neun Kinder<\/p>\n<p><strong>H\u00f6rner in der Ecke<\/strong><br \/>\n22. bis 24. April von 11.00 bis 18.00 Uhr<br \/>\nMirbachpalast, Franti\u0161k\u00e1nske n\u00e1mestie 11<br \/>\nNeue Besucher aus dem Tierreich erschienen in der Galerie. Nehmen Sie an der Suche nach Hallen, Fluren, Treppen, Ecken teil und finden Sie alle begrabenen Huftiere, Tiere, Affen, Reptilien oder V\u00f6gel. F\u00fcr eine Belohnung erhalten Sie ein Puzzle, ein geeignetes Zuhause f\u00fcr Ihre &#8222;F\u00e4nge&#8220;<\/p>\n<p><strong>Restauratorenbesichtigung zur Ausstellung &#8222;Die Scherzs. Restaurierung eines Familienportr\u00e4ts&#8220;<\/strong><br \/>\n23. bis 24. April 23 &#8211; 24 um 16.00 Uhr<br \/>\nPalffypalast, Pansk\u00e1 19<br \/>\nEin Restaurator aus dem SGB-Expertenteam f\u00fchrt Sie durch die lang erwartete Ausstellung. Entdecken Sie neue Entdeckungen aus dem Prozess der zweitgr\u00f6\u00dften Familienportr\u00e4t-Restaurierung in der SGB-Sammlung<\/p>\n<p>&nbsp;<\/p>\n<h3>STADTW\u00c4LDER BRATISLAVA<\/h3>\n<p><a href=\"https:\/\/www.visitbratislava.com\/de\/geschehen\/forsttage\/\" target=\"_blank\" rel=\"noopener\"><strong>Forsttage<\/strong><\/a><br \/>\n22. bis 23. April von 9.30 bis 17.00 Uhr am Partiz\u00e1nska l\u00faka<br \/>\nDie Forsttage sind eine landesweite Veranstaltung f\u00fcr alle, die die slowakischen W\u00e4lder und die Natur lieben. Ziel der Veranstaltung ist es, W\u00e4lder, Naturschutz und Forstwirtschaft in Form verschiedener Veranstaltungen, Programme und Aktivit\u00e4ten der Forstp\u00e4dagogik aktiv zu pr\u00e4sentieren. Auf der Wiese Partiz\u00e1nska l\u00faka findet von 9:30 bis 15:30 Uhr ein Programm mit dem Titel Wood Poetry statt. Die Veranstaltung wird von Forstorganisationen, Naturschutzorganisationen, Imkern oder Jagdverb\u00e4nden besucht.<br \/>\nProgramm:<br \/>\nWettbewerbe f\u00fcr Kinder bis 15:00 Uhr<br \/>\nJagdhundeausstellung um 9:00 Uhr<br \/>\nLasst uns mit Holz spielen &#8211; Aktivit\u00e4ten zur Waldp\u00e4dagogik<br \/>\nGeben wir dem Holz eine zweite Chance! &#8211; kreative Workshops und technische Arbeiten mit Holz<br \/>\nAus dem Tagebuch des F\u00f6rsters &#8211; Meine lieben Freunde<br \/>\nDer im Buch verborgene Wald &#8211; In Worten und Schritten auf dem Dendrologischen Pfad 11:00, 13:00 Treffen am Bergfeuer<br \/>\n20 Jahre PEFC Slowakei<br \/>\nVorf\u00fchrungen von forstwirtschaftlichen Aktivit\u00e4ten, Jagd, Bienenzucht, traditionelles Puppentheater Teatro Carnevalo &#8211; Gasparko und die Zauberkiste.<br \/>\nFalknerei-Vorf\u00fchrung<br \/>\nTiere aus der Biofarm<br \/>\n15:30 Bergfeuer<br \/>\n16:00 Konzert einer Musikgruppe<\/p>\n","protected":false},"excerpt":{"rendered":"<p>ST\u00c4DTISCHE GALERIE BRATISLAVA Machen Sie ein Foto mit einer alten Pressburger Familie 22. bis 24. April von 11.00 bis 18.00 Uhr Palffypalast, Pansk\u00e1 19 Eintritt: kostenlos Kommen Sie zur Ausstellung, um ein Portr\u00e4t mit der ber\u00fchmten Familie Pressburg zu machen. Nehmen Sie die ganze Familie mit in den Palast von P\u00e1llfy und treffen Sie Philip, [&hellip;]<\/p>\n","protected":false},"author":32,"featured_media":134504,"parent":134010,"menu_order":0,"comment_status":"closed","ping_status":"closed","template":"","meta":[],"acf":[],"_links":{"self":[{"href":"https:\/\/www.visitbratislava.com\/de\/wp-json\/wp\/v2\/pages\/134035"}],"collection":[{"href":"https:\/\/www.visitbratislava.com\/de\/wp-json\/wp\/v2\/pages"}],"about":[{"href":"https:\/\/www.visitbratislava.com\/de\/wp-json\/wp\/v2\/types\/page"}],"author":[{"embeddable":true,"href":"https:\/\/www.visitbratislava.com\/de\/wp-json\/wp\/v2\/users\/32"}],"replies":[{"embeddable":true,"href":"https:\/\/www.visitbratislava.com\/de\/wp-json\/wp\/v2\/comments?post=134035"}],"version-history":[{"count":6,"href":"https:\/\/www.visitbratislava.com\/de\/wp-json\/wp\/v2\/pages\/134035\/revisions"}],"predecessor-version":[{"id":135079,"href":"https:\/\/www.visitbratislava.com\/de\/wp-json\/wp\/v2\/pages\/134035\/revisions\/135079"}],"up":[{"embeddable":true,"href":"https:\/\/www.visitbratislava.com\/de\/wp-json\/wp\/v2\/pages\/134010"}],"wp:featuredmedia":[{"embeddable":true,"href":"https:\/\/www.visitbratislava.com\/de\/wp-json\/wp\/v2\/media\/134504"}],"wp:attachment":[{"href":"https:\/\/www.visitbratislava.com\/de\/wp-json\/wp\/v2\/media?parent=134035"}],"curies":[{"name":"wp","href":"https:\/\/api.w.org\/{rel}","templated":true}]}}