{"id":134040,"date":"2022-04-08T17:29:54","date_gmt":"2022-04-08T15:29:54","guid":{"rendered":"https:\/\/www.visitbratislava.com\/?page_id=134040"},"modified":"2022-04-17T01:07:53","modified_gmt":"2022-04-16T23:07:53","slug":"programm-am-samstag","status":"publish","type":"page","link":"https:\/\/www.visitbratislava.com\/de\/bratislavaer-stadttage\/programm-am-samstag\/","title":{"rendered":"Programm am Samstag"},"content":{"rendered":"<h3>METROPOLINSTITUT VON BRATISLAVA<\/h3>\n<p>23. April von 9.00 bis 17.00 Uhr<br \/>\nvon 9.00 bis 17.00 Uhr &#8211; Stand mit Materialien aus dem MIB-Workshop und Informationen zu Aktivit\u00e4ten in 3 Betriebsjahren<br \/>\nam 11.00 und 13.30 Uhr &#8211; Gehen Sie durch gute und schlechte Beispiele im \u00f6ffentlichen Raum<br \/>\nDas Metropolitan Institute of Bratislava hat interessante Materialien \u00fcber funktionalen und hochwertigen \u00f6ffentlichen Raum f\u00fcr die Besucher seines Standes vorbereitet. Wie gute und schlechte Beispiele f\u00fcr die Nutzung des \u00f6ffentlichen Raums aussehen, k\u00f6nnen die Besucher bei einem Spaziergang mit Jan Urban, einem Architekten und einer der Sch\u00f6pfer des Public Spaces Manuals, direkt im Feld sehen<\/p>\n<p>&nbsp;<\/p>\n<h3>OLO &#8211; SAMMLUNG UND BESEITIGUNG VON ABF\u00c4LLEN<\/h3>\n<p><strong>Stadtbasar &#8211; Werfen Sie keine Sachen weg, geben Sie sie herum<\/strong><br \/>\n23. April von 10.00 bis 18.00 Uhr, R\u00e4umlichkeiten von Bratislava Kommunalbetrieb, Bazov\u00e1 8<br \/>\nDie vierte Ausgabe des beliebten Ereignisses Municipal Bazaar gibt eine zweite Chance, Objekte, die f\u00fcr einige nutzlos sind, aber f\u00fcr andere n\u00fctzlich sein k\u00f6nnten. Dank der drei Basare, die in den letzten zwei Jahren gehalten wurden, sind 32 Tonnen ungenutzter Dinge nicht als Abfall gelandet, aber wir haben sie zum n\u00e4chsten Einsatz gebracht. Damit schonen wir die nat\u00fcrlichen Ressourcen und unterst\u00fctzen Nachhaltigkeit und Kreislaufwirtschaft in Bratislava. Die gesammelten Gelder werden auf ein transparentes Konto eingezahlt und werden zur Schaffung eines stabilen Wiederverwendungszentrums in Bratislava verwendet.<\/p>\n<p>&nbsp;<\/p>\n<h3>STADTW\u00c4LDER BRATISLAVA<\/h3>\n<p><a href=\"https:\/\/www.visitbratislava.com\/de\/geschehen\/forsttage\/\" target=\"_blank\" rel=\"noopener\"><strong>Forsttage<\/strong><\/a><br \/>\n22. bis 23. April von 9.30 bis 17.00 Uhr am Partiz\u00e1nska l\u00faka<br \/>\nDie Forsttage sind eine landesweite Veranstaltung f\u00fcr alle, die die slowakischen W\u00e4lder und die Natur lieben. Ziel der Veranstaltung ist es, W\u00e4lder, Naturschutz und Forstwirtschaft in Form verschiedener Veranstaltungen, Programme und Aktivit\u00e4ten der Forstp\u00e4dagogik aktiv zu pr\u00e4sentieren. Auf der Wiese Partiz\u00e1nska l\u00faka findet von 9:30 bis 15:30 Uhr ein Programm mit dem Titel Wood Poetry statt. Die Veranstaltung wird von Forstorganisationen, Naturschutzorganisationen, Imkern oder Jagdverb\u00e4nden besucht.<br \/>\n<em>Programm:<\/em><br \/>\nWettbewerbe f\u00fcr Kinder bis 15:00 Uhr<br \/>\nJagdhundeausstellung um 9:00 Uhr<br \/>\nLasst uns mit Holz spielen &#8211; Aktivit\u00e4ten zur Waldp\u00e4dagogik<br \/>\nGeben wir dem Holz eine zweite Chance! &#8211; kreative Workshops und technische Arbeiten mit Holz<br \/>\nAus dem Tagebuch des F\u00f6rsters &#8211; Meine lieben Freunde<br \/>\nDer im Buch verborgene Wald &#8211; In Worten und Schritten auf dem Dendrologischen Pfad 11:00, 13:00 Treffen am Bergfeuer<br \/>\n20 Jahre PEFC Slowakei<br \/>\nVorf\u00fchrungen von forstwirtschaftlichen Aktivit\u00e4ten, Jagd, Bienenzucht, traditionelles Puppentheater Teatro Carnevalo &#8211; Gasparko und die Zauberkiste.<br \/>\nFalknerei-Vorf\u00fchrung<br \/>\nTiere aus der Biofarm<br \/>\n15:30 Bergfeuer<br \/>\n16:00 Konzert einer Musikgruppe<\/p>\n<p>&nbsp;<\/p>\n<h3>BRATISLAVA MUNIZIPALPOLIZEI<\/h3>\n<p>23. April von 10.00 bis 17.00 Uhr<br \/>\nReferat Einsatzgruppe und Kynologie, Obchodn\u00e1 29<br \/>\nVorstellung der Arbeit der Stadtpolizei. Die Besucher lernen die Ausr\u00fcstung, Ausr\u00fcstung, Autos und auch die Technik der st\u00e4dtischen Polizeibeamten kennen. Polizistinnen und Polizisten pr\u00e4sentieren ihre Arbeit und die Situationen, denen sie in der Hauptstadt begegnen<\/p>\n<p>&nbsp;<\/p>\n<h3>VERKEHRSBETRIEB BRATISLAVA<\/h3>\n<p><a href=\"https:\/\/www.visitbratislava.com\/de\/geschehen\/obus-tag-im-o-bushof-hrobonova\/\" target=\"_blank\" rel=\"noopener\"><strong>Obus-Tag im O-Bushof Hrobo\u0148ova<\/strong><\/a><br \/>\n23. April von 10.00 bis 16.00 Uhr, O-Bushof Hrobo\u0148ova<br \/>\nPr\u00e4sentation des Trolleybusdepots Hrobo\u0148ova zum ersten Mal f\u00fcr die breite \u00d6ffentlichkeit. Aktivit\u00e4ten und Wettbewerbe f\u00fcr Familien mit Kindern, Passagiere und Fans des \u00f6ffentlichen Verkehrs begleitet von Musik, Interviews, eine attraktive Interpretation \u00fcber die Funktionsweise des Wagenbahnhofs und eine Werkstatt. Jede Stunde von 11 bis 15 Uhr findet eine kommentierte Fahrt durch den Waschraum und durch die Werkstatt statt.<br \/>\nDer Trolleybustag umfasst auch die Rekrutierung neuer Fahrer, w\u00e4hrend registrierte Bewerber f\u00fcr den Beruf des Fahrers die M\u00f6glichkeit erhalten, zu versuchen, ein Fahrzeug in einem separaten Bereich unter der Aufsicht eines Lehrers zu fahren. Es wird auch keine Notwendigkeit f\u00fcr Erfrischungen geben. Ein stilvolles Trolleybus-Caf\u00e9 und kleine Snacks werden direkt in der Umgebung zubereitet.<br \/>\nEs wird auch eine Erfahrung fahren historische Fahrzeuge rund um die Stadt Kreislauf mit einem F\u00fchrer. W\u00e4hrend der Fahrt k\u00f6nnen sich die Fahrer ihre Dauerkarte merken. Das Transportunternehmen sendet drei historische Linien (A), Stra\u00dfenbahn (H), Obusse (M) und Busse.<\/p>\n<p>&nbsp;<\/p>\n<h3>STADTBIBLIOTHEK BRATISLAVA<\/h3>\n<p><strong>Tag der offenen T\u00fcr in der Stadtbibliothek Bratislava<\/strong><br \/>\n23. April von 10.00 bis 18.00 Uhr an Filialen:<br \/>\nSektion Belletristik und Fremdsprachen, Laurinsk\u00e1 5<br \/>\nFachbereich Fachliteratur, Klarisk\u00e1 16<br \/>\nSektion f\u00fcr junge Leser, Kapuc\u00ednska 3<br \/>\nAbteilung Musik und Kunst, Kapuc\u00ednska 1<\/p>\n<p><strong>Kaffee mit dem Bibliotheksdirektor<\/strong><br \/>\n23. bis 24. April von 10.00 bis 12.00 sowie von 14.00 bis 16.00 Uhr<br \/>\nAbteilung Musik und Kunst, Kapuc\u00ednska 1<br \/>\nTom\u00e1\u0161 \u0160tefek, der Direktor der Bibliothek, wird pers\u00f6nlich zur Verf\u00fcgung stehen, bereit, um sich zu treffen, Zusammenarbeit herzustellen, auf die W\u00fcnsche, Vorschl\u00e4ge und Beschwerden von jedem zu h\u00f6ren, der nicht gleichg\u00fcltig ist, was in der Bibliothek geschieht<\/p>\n<p><strong>Historische F\u00fchrungen<\/strong><br \/>\n23. bis 24. April von 11.00 bis 12.00 sowie von 14.00 bis 17.00 Uhr<br \/>\nSektion f\u00fcr junge Leser, Kapuc\u00ednska 3<br \/>\nEntdecken Sie die Ecken und Winkel des Geb\u00e4udes der Abteilung f\u00fcr Kinder- und Jugendliteratur in der Kapucinska Stra\u00dfe. Sie werden die R\u00e4umlichkeiten der Bibliothek besuchen, um herauszufinden, wie die Bibliotheken in der Vergangenheit funktioniert haben. Sie erfahren etwas \u00fcber die Geschichte und die Bewohner des Geb\u00e4udes sowie die Geschichte seiner Umgebung. Es besteht keine Notwendigkeit, an eine bestimmte Zeit gebunden zu sein, F\u00fchrungen werden kontinuierlich auf Anfrage f\u00fcr Gruppen und Einzelpersonen durchgef\u00fchrt<\/p>\n<p><strong>Trainingsvorf\u00fchrungen der Blindenhunde<\/strong><br \/>\n23. April vom 14.00 bis 16.00 Uhr<br \/>\nBibliothekshofplatz, Klarisk\u00e1 16<br \/>\nWas m\u00fcssen Hunde lernen, um zuverl\u00e4ssige Helfer f\u00fcr blinde Menschen zu sein?<\/p>\n<p><strong>Workshop: Erstellen Sie eine Quaste eines Buches aus recyceltem Papier<\/strong><br \/>\n23. April 23 von 11.00 bis 17.00 Uhr<br \/>\nSektion f\u00fcr junge Leser, Kapuc\u00ednska 3<br \/>\nWorkshop-Nachmittag f\u00fcr Kinder (und Erwachsene) bieten alles, was Sie brauchen, um eine Quaste eines Buches aus recyceltem Papier zu produzieren. Sie k\u00f6nnen jederzeit von 11.00 bis 17.00 Uhr in der Sektion f\u00fcr junge Leser vorbeischauen und mit der Arbeit beginnen. Spezielle Recyclingpapiere, Briefmarken, Farben und Farben werden f\u00fcr Sie vorbereitet. Die Veranstaltung ist f\u00fcr Kinder, aber auch f\u00fcr Erwachsene geeignet<\/p>\n<p>&nbsp;<\/p>\n<h3>ST\u00c4DTISCHE GALERIE BRATISLAVA<\/h3>\n<p><strong>Machen Sie ein Foto mit einer alten Pressburger Familie<\/strong><br \/>\n22. bis 24. April von 11.00 bis 18.00 Uhr<br \/>\nPalffypalast, Pansk\u00e1 19<br \/>\nEintritt: kostenlos<br \/>\nKommen Sie zur Ausstellung, um ein Portr\u00e4t mit der ber\u00fchmten Familie Pressburg zu machen. Nehmen Sie die ganze Familie mit in den Palast von P\u00e1llfy und treffen Sie Philip, Anna Barbara und ihre neun Kinder<\/p>\n<p><strong>Bekleidet in Seide<\/strong><br \/>\n23. April von 15.00 bis 18.00 Uhr<br \/>\nPallfypalast Hofplatz, Pansk\u00e1 19<br \/>\nDie Scherzs haben sich wirklich f\u00fcr ihr Portr\u00e4t zusammen gekleidet. Schlie\u00dflich geh\u00f6rten sie zu den angesehenen Familien in Pressburg, wie Bratislava fr\u00fcher genannt wurde. Probieren Sie aus, wie weich Samt oder Damast sein kann und entwerfen Sie Ihr eigenes Stoffdesign f\u00fcr ein Kleid. Kommen Sie in den Innenhof des Palffypalastes zwischen 15.00 und 18.00 Uhr und die Dozenten werden sich um Sie k\u00fcmmern<\/p>\n<p><strong>H\u00f6rner in der Ecke<\/strong><br \/>\n22. bis 24. April von 11.00 bis 18.00 Uhr<br \/>\nMirbachpalast, Franti\u0161k\u00e1nske n\u00e1mestie 11<br \/>\nNeue Besucher aus dem Tierreich erschienen in der Galerie. Nehmen Sie an der Suche nach Hallen, Fluren, Treppen, Ecken teil und finden Sie alle begrabenen Huftiere, Tiere, Affen, Reptilien oder V\u00f6gel. F\u00fcr eine Belohnung erhalten Sie ein Puzzle, ein geeignetes Zuhause f\u00fcr Ihre &#8222;F\u00e4nge&#8220;<\/p>\n<p><strong>Restauratorenbesichtigung zur Ausstellung \u201eDie Scherzs. Restaurierung eines Familienportr\u00e4ts\u201c<\/strong><br \/>\n23. bis 24. April 23 \u2013 24 um 16.00 Uhr<br \/>\nPalffypalast, Pansk\u00e1 19<br \/>\nEin Restaurator aus dem SGB-Expertenteam f\u00fchrt Sie durch die lang erwartete Ausstellung. Entdecken Sie neue Entdeckungen aus dem Prozess der zweitgr\u00f6\u00dften Familienportr\u00e4t-Restaurierung in der SGB-Sammlung<\/p>\n<p>&nbsp;<\/p>\n<h3>MUSEUM DER STADT BRATISLAVA<\/h3>\n<p><strong>Freier Eintritt in die R\u00e4umlichkeiten des Museums der Stadt Bratislava<\/strong><br \/>\n23. bis 24. April von 10.00 bis 18.00 Uhr<br \/>\nLetzter Einlass um 17:30 uhr<br \/>\nBurg Dev\u00edn erfordert 2 \u20ac Eintritt; F\u00fchrungen pro Stunde sind im Preis inbegriffen<\/p>\n<p><span style=\"color: #d71920;\"><em><strong>ALTES RATHAUS<\/strong><\/em><\/span><\/p>\n<p><strong>Deckenauflager des Alten Rathausturms<\/strong><br \/>\n23. bis 24. April von 10.00 bis 12.00 Uhr<br \/>\nZugang zum Holz des Alten Rathausturms, wo sich die Uhr und die Glocke befinden.<br \/>\nDie Kapazit\u00e4t ist auf 4 Personen begrenzt, <a href=\"https:\/\/goout.net\/sk\/muzeum-mesta-bratislavy\/vzgckd\/\" target=\"_blank\" rel=\"noopener\">Reservierung<\/a> erforderlich<\/p>\n<p><strong>Zugang zum Dungeon des Alten Rathauses<\/strong><br \/>\n23. bis 24. April von 10.00 bis 18.00 Uhr<br \/>\nEine au\u00dfergew\u00f6hnliche Gelegenheit, das Alte Rathaus zu besuchen, das normalerweise f\u00fcr die \u00d6ffentlichkeit nicht zug\u00e4nglich ist<\/p>\n<p><strong>Workshop: Dichtstoff und Dichtung<\/strong><br \/>\n23. bis 24. April von 13.00 bis 17.00 Uhr<br \/>\nAusstellungshalle des Alten Rathauses<br \/>\nOffene Workshops nicht nur f\u00fcr Kinder zum Thema Dichtungen<\/p>\n<p><strong>Workshop: Eigene Urkunde schreiben<\/strong><br \/>\n23. bis 24. April von 13.00 bis 17.00 Uhr<br \/>\nAusstellungshalle des Alten Rathauses<br \/>\nOffene Workshops nicht nur f\u00fcr Kinder zum Thema, wie Dokumente einmal geschrieben wurden<\/p>\n<p>&nbsp;<\/p>\n<h3>ZOOLOGISCHE GARTEN BRATISLAVA<\/h3>\n<p><strong>F\u00fchrung durch den ZOO<\/strong><br \/>\n23. bis 24. April von 11.00 bis 14.00 Uhr<br \/>\nSie werden den Tieren aus n\u00e4chster N\u00e4he vorgestellt und das Personal wird Sie durch einen Teil des Zoos f\u00fchren. Begleiten ist ein Erlebnis f\u00fcr alle, die mehr \u00fcber die\u202fFunktionsweise des Zoos und \u00fcber\u202funsere Tiere erfahren\u202fm\u00f6chten. Die Tour endet mit einer kommentierten F\u00fctterung durch die Z\u00fcchter<\/p>\n<p><strong>Ausstellung zoologischer Pr\u00e4parate<\/strong><br \/>\n23. bis 24. April von 10.00 bis 16.00 Uhr<br \/>\nTreffung bei den Nash\u00f6rner<br \/>\nDas Team von Zoologen hat f\u00fcr Sie interessante Pr\u00e4parate von seltenen Tieren und\u202ftier\u00e4rztliche Hilfsmittel vorbereitet. Kannst du erraten, welches Ei zu welchem Vogel geh\u00f6rt?<\/p>\n<p><strong>Schwere Technikausstellung<\/strong><br \/>\n23. bis 24. April, w\u00e4hrend der \u00d6ffnungszeiten des Zoos<br \/>\nTreffung \u00fcber dem Pferdepaddock (Richtung Nashorn)<br \/>\nDie ZOO-Wirtschaftsverwaltung wird ihre Maschinen vorstellen, die zur Instandhaltung des Gebietes, aber auch f\u00fcr anspruchsvolle Arbeiten im\u202fFeld eingesetzt werden. Insbesondere Traktoren werden viele kleine Besucher erfreuen<\/p>\n<p><strong>P\u00e4dagogische Insel- und Kinderworkshops<\/strong><br \/>\n23. bis 24. April von 13.00 bis 15.00 Uhr<br \/>\nTreffung am Pavillon neben dem Plameniak Schnellimbiss<br \/>\nKinder k\u00f6nnen ihre eigenen Feinmotorikf\u00e4higkeiten ausprobieren. Sie werden verschiedene Techniken verwenden, um Figuren aus dem Tierreich zu schaffen<\/p>\n<p><strong>Babena Kindertheater<\/strong><br \/>\n23. bis 24. April um 15.00 Uhr<br \/>\nSpielplatz in der N\u00e4he von Flamingos<br \/>\nSie werden die wunderbare Welt der Tiere besuchen und mit Hilfe von Kindern werden wir chaotischen Katzen beibringen, was gut und was schlecht ist<\/p>\n<p><strong>Kynologen<\/strong><br \/>\n23. bis 24. April um 10.30 Uhr<br \/>\nOberhalb des Spielplatzes bei Flamingos<br \/>\nBratislava Munizipalpolizeibeamte, die mit ihren vierbeinigen Partnern arbeiten, werden Ihnen zeigen, was sie auf dem\u202fFeld tun k\u00f6nnen<\/p>\n","protected":false},"excerpt":{"rendered":"<p>METROPOLINSTITUT VON BRATISLAVA 23. April von 9.00 bis 17.00 Uhr von 9.00 bis 17.00 Uhr &#8211; Stand mit Materialien aus dem MIB-Workshop und Informationen zu Aktivit\u00e4ten in 3 Betriebsjahren am 11.00 und 13.30 Uhr &#8211; Gehen Sie durch gute und schlechte Beispiele im \u00f6ffentlichen Raum Das Metropolitan Institute of Bratislava hat interessante Materialien \u00fcber funktionalen [&hellip;]<\/p>\n","protected":false},"author":32,"featured_media":134510,"parent":134010,"menu_order":0,"comment_status":"closed","ping_status":"closed","template":"","meta":[],"acf":[],"_links":{"self":[{"href":"https:\/\/www.visitbratislava.com\/de\/wp-json\/wp\/v2\/pages\/134040"}],"collection":[{"href":"https:\/\/www.visitbratislava.com\/de\/wp-json\/wp\/v2\/pages"}],"about":[{"href":"https:\/\/www.visitbratislava.com\/de\/wp-json\/wp\/v2\/types\/page"}],"author":[{"embeddable":true,"href":"https:\/\/www.visitbratislava.com\/de\/wp-json\/wp\/v2\/users\/32"}],"replies":[{"embeddable":true,"href":"https:\/\/www.visitbratislava.com\/de\/wp-json\/wp\/v2\/comments?post=134040"}],"version-history":[{"count":6,"href":"https:\/\/www.visitbratislava.com\/de\/wp-json\/wp\/v2\/pages\/134040\/revisions"}],"predecessor-version":[{"id":135125,"href":"https:\/\/www.visitbratislava.com\/de\/wp-json\/wp\/v2\/pages\/134040\/revisions\/135125"}],"up":[{"embeddable":true,"href":"https:\/\/www.visitbratislava.com\/de\/wp-json\/wp\/v2\/pages\/134010"}],"wp:featuredmedia":[{"embeddable":true,"href":"https:\/\/www.visitbratislava.com\/de\/wp-json\/wp\/v2\/media\/134510"}],"wp:attachment":[{"href":"https:\/\/www.visitbratislava.com\/de\/wp-json\/wp\/v2\/media?parent=134040"}],"curies":[{"name":"wp","href":"https:\/\/api.w.org\/{rel}","templated":true}]}}