{"id":134046,"date":"2022-04-08T17:36:09","date_gmt":"2022-04-08T15:36:09","guid":{"rendered":"https:\/\/www.visitbratislava.com\/?page_id=134046"},"modified":"2022-04-13T14:17:04","modified_gmt":"2022-04-13T12:17:04","slug":"programm-am-sonntag","status":"publish","type":"page","link":"https:\/\/www.visitbratislava.com\/de\/bratislavaer-stadttage\/programm-am-sonntag\/","title":{"rendered":"Programm am Sonntag"},"content":{"rendered":"<h3>BRATISLAVA TOURIST BOARD<\/h3>\n<p><strong>Sich selbst f\u00fchren<\/strong><br \/>\nTermin: 23. bis 24. April von 10:00 bis 17:00<br \/>\nGef\u00fchrte Besichtigung des Primatialpalastes mit Hilfe von Audioguides<\/p>\n<p>&nbsp;<\/p>\n<h3>STADTBIBLIOTHEK BRATISLAVA<\/h3>\n<p><strong>Kaffee mit dem Bibliotheksdirektor<\/strong><br \/>\n23. bis 24. April von 10.00 bis 12.00 sowie von 14.00 bis 16.00 Uhr<br \/>\nAbteilung Musik und Kunst, Kapuc\u00ednska 1<br \/>\nTom\u00e1\u0161 \u0160tefek, der Direktor der Bibliothek, wird pers\u00f6nlich zur Verf\u00fcgung stehen, bereit, um sich zu treffen, Zusammenarbeit herzustellen, auf die W\u00fcnsche, Vorschl\u00e4ge und Beschwerden von jedem zu h\u00f6ren, der nicht gleichg\u00fcltig ist, was in der Bibliothek geschieht<\/p>\n<p><strong>Historische F\u00fchrungen<\/strong><br \/>\n23. bis 24. April von 11.00 bis 12.00 sowie von 14.00 bis 17.00 Uhr<br \/>\nSektion f\u00fcr junge Leser, Kapuc\u00ednska 3<br \/>\nEntdecken Sie die Ecken und Winkel des Geb\u00e4udes der Abteilung f\u00fcr Kinder- und Jugendliteratur in der Kapucinska Stra\u00dfe. Sie werden die R\u00e4umlichkeiten der Bibliothek besuchen, um herauszufinden, wie die Bibliotheken in der Vergangenheit funktioniert haben. Sie erfahren etwas \u00fcber die Geschichte und die Bewohner des Geb\u00e4udes sowie die Geschichte seiner Umgebung. Es besteht keine Notwendigkeit, an eine bestimmte Zeit gebunden zu sein, F\u00fchrungen werden kontinuierlich auf Anfrage f\u00fcr Gruppen und Einzelpersonen durchgef\u00fchrt<\/p>\n<p><strong>Tag der offenen T\u00fcr in der Stadtbibliothek Bratislava<\/strong><br \/>\n24. April von 10.00 bis 18.00 Uhr an Filialen:<br \/>\nSektion f\u00fcr junge Leser, Kapuc\u00ednska 3<br \/>\nAbteilung Musik und Kunst, Kapuc\u00ednska 1<\/p>\n<p><strong>Workshop: Erstellen Sie ein Papier, das w\u00e4chst<\/strong><br \/>\n24. April von 11.00 bis 17.00 Uhr<br \/>\nSektion f\u00fcr junge Leser, Kapuc\u00ednska 3<br \/>\nDer Workshop-Nachmittag f\u00fcr Kinder (und Erwachsene) bietet alles Notwendige, um ein wachsendes Papier voller Samen zu produzieren. Sie k\u00f6nnen jederzeit von 11.00 bis 17.00 Uhr in der Sektion f\u00fcr junge Leser vorbeischauen und mit der Arbeit beginnen. Spezielle Recycling-Papiere und verschiedene Samen werden f\u00fcr Sie vorbereitet. Die Veranstaltung ist f\u00fcr Kinder, aber auch f\u00fcr Erwachsene geeignet<\/p>\n<p>&nbsp;<\/p>\n<h3>ST\u00c4DTISCHE GALERIE BRATISLAVA<\/h3>\n<p><strong>Machen Sie ein Foto mit einer alten Pressburger Familie<\/strong><br \/>\n22. bis 24. April von 11.00 bis 18.00 Uhr<br \/>\nPalffypalast, Pansk\u00e1 19<br \/>\nEintritt: kostenlos<br \/>\nKommen Sie zur Ausstellung, um ein Portr\u00e4t mit der ber\u00fchmten Familie Pressburg zu machen. Nehmen Sie die ganze Familie mit in den Palast von P\u00e1llfy und treffen Sie Philip, Anna Barbara und ihre neun Kinder<\/p>\n<p><strong>H\u00f6rner in der Ecke<\/strong><br \/>\n22. bis 24. April von 11.00 bis 18.00 Uhr<br \/>\nMirbachpalast, Franti\u0161k\u00e1nske n\u00e1mestie 11<br \/>\nNeue Besucher aus dem Tierreich erschienen in der Galerie. Nehmen Sie an der Suche nach Hallen, Fluren, Treppen, Ecken teil und finden Sie alle begrabenen Huftiere, Tiere, Affen, Reptilien oder V\u00f6gel. F\u00fcr eine Belohnung erhalten Sie ein Puzzle, ein geeignetes Zuhause f\u00fcr Ihre &#8222;F\u00e4nge&#8220;<\/p>\n<p><strong>Restauratorenbesichtigung zur Ausstellung &#8222;Die Scherzs. Restaurierung eines Familienportr\u00e4ts&#8220;<\/strong><br \/>\n23. bis 24. April 23 &#8211; 24 um 16.00 Uhr<br \/>\nPalffypalast, Pansk\u00e1 19<br \/>\nEin Restaurator aus dem SGB-Expertenteam f\u00fchrt Sie durch die lang erwartete Ausstellung. Entdecken Sie neue Entdeckungen aus dem Prozess der zweitgr\u00f6\u00dften Familienportr\u00e4t-Restaurierung in der SGB-Sammlung<\/p>\n<p>&nbsp;<\/p>\n<h3>MUSEUM DER STADT BRATISLAVA<\/h3>\n<p>Freier Eintritt in die R\u00e4umlichkeiten des Museums der Stadt Bratislava<br \/>\n23. bis 24. April von 10.00 bis 18.00 Uhr<br \/>\nLetzter Einlass um 17:30 uhr<br \/>\nBurg Dev\u00edn erfordert 2 \u20ac Eintritt; F\u00fchrungen pro Stunde sind im Preis inbegriffen<\/p>\n<p><span style=\"color: #d71920;\"><em><strong>ALTES RATHAUS<\/strong><\/em><\/span><\/p>\n<p><strong>Deckenauflager des Alten Rathausturms<\/strong><br \/>\n23. bis 24. April von 10.00 bis 12.00 Uhr<br \/>\nZugang zum Holz des Alten Rathausturms, wo sich die Uhr und die Glocke befinden.<br \/>\nDie Kapazit\u00e4t ist auf 4 Personen begrenzt, <a href=\"https:\/\/goout.net\/sk\/muzeum-mesta-bratislavy\/vzgckd\/\" target=\"_blank\" rel=\"noopener\">Reservierung erforderlich<\/a><\/p>\n<p><strong>Zugang zum Dungeon des Alten Rathauses<\/strong><br \/>\n23. bis 24. April von 10.00 bis 18.00 Uhr<br \/>\nEine au\u00dfergew\u00f6hnliche Gelegenheit, das Alte Rathaus zu besuchen, das normalerweise f\u00fcr die \u00d6ffentlichkeit nicht zug\u00e4nglich ist<\/p>\n<p><strong>Workshop: Dichtstoff und Dichtung<\/strong><br \/>\n23. bis 24. April von 13.00 bis 17.00 Uhr<br \/>\nAusstellungshalle des Alten Rathauses<br \/>\nOffene Workshops nicht nur f\u00fcr Kinder zum Thema Dichtungen<\/p>\n<p><strong>Workshop: Eigene Urkunde schreiben<\/strong><br \/>\n23. bis 24. April von 13.00 bis 17.00 Uhr<br \/>\nAusstellungshalle des Alten Rathauses<br \/>\nOffene Workshops nicht nur f\u00fcr Kinder zum Thema, wie Dokumente einmal geschrieben wurden<\/p>\n<p><span style=\"color: #d71920;\"><em><strong>JANKO-JESENSK\u00dd-MUSEUM<\/strong><\/em><\/span><\/p>\n<p><strong>Gerulata an den Grenzen des R\u00f6mischen Reiches<\/strong><br \/>\nAntische Gerulata, Gerulatsk\u00e1 7, UNESCO Lokalit\u00e4t<br \/>\n24. April um 15.00 Uhr<br \/>\nF\u00fchrung durch die alte Gerulata mit dem Arch\u00e4ologen Louis Math\u00e9desz, der eine neue Ausstellung von Gerulata an den Grenzen des R\u00f6mischen Reiches pr\u00e4sentieren wird. Begrenzte Kapazit\u00e4t: 15 Personen<\/p>\n<p>&nbsp;<\/p>\n<h3>ZOOLOGISCHE GARTEN BRATISLAVA<\/h3>\n<p><strong>F\u00fchrung durch den ZOO<\/strong><br \/>\n23. bis 24. April von 11.00 bis 14.00 Uhr<br \/>\nSie werden den Tieren aus n\u00e4chster N\u00e4he vorgestellt und das Personal wird Sie durch einen Teil des Zoos f\u00fchren. Begleiten ist ein Erlebnis f\u00fcr alle, die mehr \u00fcber die?Funktionsweise des Zoos und \u00fcber?unsere Tiere erfahren?m\u00f6chten. Die Tour endet mit einer kommentierten F\u00fctterung durch die Z\u00fcchter<\/p>\n<p><strong>Ausstellung zoologischer Pr\u00e4parate<\/strong><br \/>\n23. bis 24. April von 10.00 bis 16.00 Uhr<br \/>\nTreffung bei den Nash\u00f6rner<br \/>\nDas Team von Zoologen hat f\u00fcr Sie interessante Pr\u00e4parate von seltenen Tieren und?tier\u00e4rztliche Hilfsmittel vorbereitet. Kannst du erraten, welches Ei zu welchem Vogel geh\u00f6rt?<\/p>\n<p><strong>Schwere Technikausstellung<\/strong><br \/>\n23. bis 24. April, w\u00e4hrend der \u00d6ffnungszeiten des Zoos<br \/>\nTreffung \u00fcber dem Pferdepaddock (Richtung Nashorn)<br \/>\nDie ZOO-Wirtschaftsverwaltung wird ihre Maschinen vorstellen, die zur Instandhaltung des Gebietes, aber auch f\u00fcr anspruchsvolle Arbeiten im?Feld eingesetzt werden. Insbesondere Traktoren werden viele kleine Besucher erfreuen<\/p>\n<p><strong>P\u00e4dagogische Insel- und Kinderworkshops<\/strong><br \/>\n23. bis 24. April von 13.00 bis 15.00 Uhr<br \/>\nTreffung am Pavillon neben dem Plameniak Schnellimbiss<br \/>\nKinder k\u00f6nnen ihre eigenen Feinmotorikf\u00e4higkeiten ausprobieren. Sie werden verschiedene Techniken verwenden, um Figuren aus dem Tierreich zu schaffen<\/p>\n<p><strong>Babena Kindertheater<\/strong><br \/>\n23. bis 24. April um 15.00 Uhr<br \/>\nSpielplatz in der N\u00e4he von Flamingos<br \/>\nSie werden die wunderbare Welt der Tiere besuchen und mit Hilfe von Kindern werden wir chaotischen Katzen beibringen, was gut und was schlecht ist<\/p>\n<p><strong>Kynologen<\/strong><br \/>\n23. bis 24. April um 10.30 Uhr<br \/>\nOberhalb des Spielplatzes bei Flamingos<br \/>\nBratislava Munizipalpolizeibeamte, die mit ihren vierbeinigen Partnern arbeiten, werden Ihnen zeigen, was sie auf dem Feld tun k\u00f6nnen<\/p>\n","protected":false},"excerpt":{"rendered":"<p>BRATISLAVA TOURIST BOARD Sich selbst f\u00fchren Termin: 23. bis 24. April von 10:00 bis 17:00 Gef\u00fchrte Besichtigung des Primatialpalastes mit Hilfe von Audioguides &nbsp; STADTBIBLIOTHEK BRATISLAVA Kaffee mit dem Bibliotheksdirektor 23. bis 24. April von 10.00 bis 12.00 sowie von 14.00 bis 16.00 Uhr Abteilung Musik und Kunst, Kapuc\u00ednska 1 Tom\u00e1\u0161 \u0160tefek, der Direktor der [&hellip;]<\/p>\n","protected":false},"author":32,"featured_media":134517,"parent":134010,"menu_order":0,"comment_status":"closed","ping_status":"closed","template":"","meta":[],"acf":[],"_links":{"self":[{"href":"https:\/\/www.visitbratislava.com\/de\/wp-json\/wp\/v2\/pages\/134046"}],"collection":[{"href":"https:\/\/www.visitbratislava.com\/de\/wp-json\/wp\/v2\/pages"}],"about":[{"href":"https:\/\/www.visitbratislava.com\/de\/wp-json\/wp\/v2\/types\/page"}],"author":[{"embeddable":true,"href":"https:\/\/www.visitbratislava.com\/de\/wp-json\/wp\/v2\/users\/32"}],"replies":[{"embeddable":true,"href":"https:\/\/www.visitbratislava.com\/de\/wp-json\/wp\/v2\/comments?post=134046"}],"version-history":[{"count":4,"href":"https:\/\/www.visitbratislava.com\/de\/wp-json\/wp\/v2\/pages\/134046\/revisions"}],"predecessor-version":[{"id":134574,"href":"https:\/\/www.visitbratislava.com\/de\/wp-json\/wp\/v2\/pages\/134046\/revisions\/134574"}],"up":[{"embeddable":true,"href":"https:\/\/www.visitbratislava.com\/de\/wp-json\/wp\/v2\/pages\/134010"}],"wp:featuredmedia":[{"embeddable":true,"href":"https:\/\/www.visitbratislava.com\/de\/wp-json\/wp\/v2\/media\/134517"}],"wp:attachment":[{"href":"https:\/\/www.visitbratislava.com\/de\/wp-json\/wp\/v2\/media?parent=134046"}],"curies":[{"name":"wp","href":"https:\/\/api.w.org\/{rel}","templated":true}]}}