{"id":134185,"date":"2022-04-11T12:41:24","date_gmt":"2022-04-11T10:41:24","guid":{"rendered":"https:\/\/www.visitbratislava.com\/?page_id=134185"},"modified":"2026-03-27T11:15:15","modified_gmt":"2026-03-27T10:15:15","slug":"rundgaenge-waehrend-der-bratislavaer-stadttage","status":"publish","type":"page","link":"https:\/\/www.visitbratislava.com\/de\/bratislavaer-stadttage\/rundgaenge-waehrend-der-bratislavaer-stadttage\/","title":{"rendered":"Rundg\u00e4nge w\u00e4hrend der Bratislavaer Stadttage"},"content":{"rendered":"<h3><strong>Bratislava hei\u00dft Sie willkommen!<br \/>\n<\/strong><\/h3>\n<p><strong>Wissen Sie, wie Bratislava in der Vergangenheit genannt wurde, wann es zur Stadt wurde, welche wertvollen Sch\u00e4tze der Primatialpalast verbirgt und warum anstelle eines Kreuzes eine Krone auf dem Turm der Kathedrale des Heiligen Martin thront?<\/strong><\/p>\n<p>All das und noch vieles mehr erfahren Sie bei unserem gef\u00fchrten Spaziergang durch das historische Stadtzentrum.<\/p>\n<div aria-hidden=\"false\">\n<p class=\"sold-out\"><strong>Die obligatorische kostenlose Registrierung beginnt am 13.4.2026 um 8:00 Uhr.<\/strong><\/p>\n<p><iframe id=\"toot-ifr19d2ec38a82\" src=\"https:\/\/tootoot.fm\/buy-embedded\/?event-id=69abd7006935d4f754863df1&amp;ifr-id=toot-ifr19d2ec38a82&amp;lang=en&amp;theme=light\" width=\"100%\" frameborder=\"0\" scrolling=\"no\"><\/iframe> <script>!function(e,t,o,r,n){var a,i=t.getElementsByTagName(o)[0],s=\"TootootIframesAsyncLoad\";if(e[s]||(e[s]=[]),t.getElementById(r)){var c=e.TootootIframes;c?c.register(n):e[s].push(n)}else e[s].push(n),(a=t.createElement(o)).id=r,a.src=\"https:\/\/tootoot.fm\/buy-embedded\/host.v2.js\",i.parentNode.insertBefore(a,i)}(window,document,\"script\",\"tootoot-iframe-channel\",\"toot-ifr19d2ec38a82\");<\/script><\/p>\n<\/div>\n<p><img loading=\"lazy\" width=\"800\" height=\"661\" class=\"alignnone size-large wp-image-287799\" src=\"https:\/\/www.visitbratislava.com\/wp-content\/uploads\/2024\/03\/Lachkovic_BMD_2023_Stare_Mesto_vyhradna_licencia_casovo_neobmedzena-22-800x661.jpg\" alt=\"\" srcset=\"https:\/\/www.visitbratislava.com\/wp-content\/uploads\/2024\/03\/Lachkovic_BMD_2023_Stare_Mesto_vyhradna_licencia_casovo_neobmedzena-22-800x661.jpg 800w, https:\/\/www.visitbratislava.com\/wp-content\/uploads\/2024\/03\/Lachkovic_BMD_2023_Stare_Mesto_vyhradna_licencia_casovo_neobmedzena-22-400x331.jpg 400w, https:\/\/www.visitbratislava.com\/wp-content\/uploads\/2024\/03\/Lachkovic_BMD_2023_Stare_Mesto_vyhradna_licencia_casovo_neobmedzena-22-768x635.jpg 768w, https:\/\/www.visitbratislava.com\/wp-content\/uploads\/2024\/03\/Lachkovic_BMD_2023_Stare_Mesto_vyhradna_licencia_casovo_neobmedzena-22-1536x1270.jpg 1536w, https:\/\/www.visitbratislava.com\/wp-content\/uploads\/2024\/03\/Lachkovic_BMD_2023_Stare_Mesto_vyhradna_licencia_casovo_neobmedzena-22-200x165.jpg 200w, https:\/\/www.visitbratislava.com\/wp-content\/uploads\/2024\/03\/Lachkovic_BMD_2023_Stare_Mesto_vyhradna_licencia_casovo_neobmedzena-22.jpg 1592w\" sizes=\"(max-width: 800px) 100vw, 800px\" \/><\/p>\n<p>* Bitte beachten Sie, dass w\u00e4hrend des Festivals Foto- und\/oder Videoaufnahmen zum Zweck der Promotion von Bratislava und der Veranstaltung gemacht werden k\u00f6nnen. <a href=\"https:\/\/www.visitbratislava.com\/de\/informationen-ueber-die-verarbeitung-von-personenbezogenen-daten\/\" target=\"_blank\" rel=\"noopener\" data-start=\"543\" data-end=\"658\">Mehr Informationen<\/a>.<\/p>\n","protected":false},"excerpt":{"rendered":"<p>Lernen Sie Bratislava mit den Augen derjenigen kennen, die es am besten kennen. Wer gerne auf Entdeckungsreise ist, wird eine Tour durch einen der sch\u00f6nsten Orte der Slowakei zu sch\u00e4tzen wissen.<\/p>\n","protected":false},"author":32,"featured_media":333912,"parent":134010,"menu_order":0,"comment_status":"closed","ping_status":"closed","template":"","meta":[],"acf":[],"_links":{"self":[{"href":"https:\/\/www.visitbratislava.com\/de\/wp-json\/wp\/v2\/pages\/134185"}],"collection":[{"href":"https:\/\/www.visitbratislava.com\/de\/wp-json\/wp\/v2\/pages"}],"about":[{"href":"https:\/\/www.visitbratislava.com\/de\/wp-json\/wp\/v2\/types\/page"}],"author":[{"embeddable":true,"href":"https:\/\/www.visitbratislava.com\/de\/wp-json\/wp\/v2\/users\/32"}],"replies":[{"embeddable":true,"href":"https:\/\/www.visitbratislava.com\/de\/wp-json\/wp\/v2\/comments?post=134185"}],"version-history":[{"count":20,"href":"https:\/\/www.visitbratislava.com\/de\/wp-json\/wp\/v2\/pages\/134185\/revisions"}],"predecessor-version":[{"id":436684,"href":"https:\/\/www.visitbratislava.com\/de\/wp-json\/wp\/v2\/pages\/134185\/revisions\/436684"}],"up":[{"embeddable":true,"href":"https:\/\/www.visitbratislava.com\/de\/wp-json\/wp\/v2\/pages\/134010"}],"wp:featuredmedia":[{"embeddable":true,"href":"https:\/\/www.visitbratislava.com\/de\/wp-json\/wp\/v2\/media\/333912"}],"wp:attachment":[{"href":"https:\/\/www.visitbratislava.com\/de\/wp-json\/wp\/v2\/media?parent=134185"}],"curies":[{"name":"wp","href":"https:\/\/api.w.org\/{rel}","templated":true}]}}