{"id":134282,"date":"2022-04-12T15:50:22","date_gmt":"2022-04-12T13:50:22","guid":{"rendered":"https:\/\/www.visitbratislava.com\/?page_id=134282"},"modified":"2026-03-27T14:11:05","modified_gmt":"2026-03-27T13:11:05","slug":"angebot-der-mitglieder-des-tourismusverbandes-bratislava","status":"publish","type":"page","link":"https:\/\/www.visitbratislava.com\/de\/bratislavaer-stadttage\/angebot-der-mitglieder-des-tourismusverbandes-bratislava\/","title":{"rendered":"Angebot der Mitglieder des Tourismusverbandes Bratislava"},"content":{"rendered":"<h3>Bootsfahrt auf der Donau-Bratislava-Route<\/h3>\n<p><em>25. \u2013 26. April, Pers\u00f6nlicher Hafen, Bezahltes Programm<\/em><\/p>\n<p><span class=\"jCAhz ChMk0b\"><span class=\"ryNqvb\">W\u00e4hrend des Bratislava City Days-Wochenendes er\u00f6ffnet LOD die Segelsaison.<\/span><\/span> <span class=\"jCAhz ChMk0b\"><span class=\"ryNqvb\">Die Bratislava-Rundfahrt, die LOD mit dem Thema der diesj\u00e4hrigen Stadttage \u201eDas im Schl\u00fcssel verborgene Geheimnis\u201c verbindet, wird eine besondere Kreuzfahrt zum Winterhafen sein, der normalerweise f\u00fcr Besucher nicht zug\u00e4nglich ist.<\/span><\/span> <span class=\"jCAhz ChMk0b\"><span class=\"ryNqvb\">Im S\u00fcdbecken k\u00f6nnen die Passagiere das historische Schiffshebewerk und das darauf befindliche \u0160turec-Schiff besichtigen.<\/span><\/span> <span class=\"jCAhz ChMk0b\"><span class=\"ryNqvb\">Weiter geht es zum Nordbecken, wo man den Umschlag von Sch\u00fcttg\u00fctern beobachten kann.<\/span><\/span><\/p>\n<p><span class=\"jCAhz ChMk0b\"><span class=\"ryNqvb\">Weitere Informationen finden Sie auf der Website www.lod.sk im Bereich Segeln, wo Sie auch <a href=\"https:\/\/www.lod.sk\/en\/cruises-2\/regular-cruises\/detail\/bratislava-roundtrip\/\" target=\"_blank\" rel=\"noopener\">Tickets kaufen<\/a> k\u00f6nnen.<\/span><\/span><\/p>\n<h3><img loading=\"lazy\" class=\"alignnone wp-image-287551 size-full\" src=\"https:\/\/www.visitbratislava.com\/wp-content\/uploads\/2024\/03\/Lachkovic_BMD_2023_Stare_Mesto_vyhradna_licencia_casovo_neobmedzena-14.jpg\" alt=\"\" width=\"1641\" height=\"1094\" srcset=\"https:\/\/www.visitbratislava.com\/wp-content\/uploads\/2024\/03\/Lachkovic_BMD_2023_Stare_Mesto_vyhradna_licencia_casovo_neobmedzena-14.jpg 1641w, https:\/\/www.visitbratislava.com\/wp-content\/uploads\/2024\/03\/Lachkovic_BMD_2023_Stare_Mesto_vyhradna_licencia_casovo_neobmedzena-14-400x267.jpg 400w, https:\/\/www.visitbratislava.com\/wp-content\/uploads\/2024\/03\/Lachkovic_BMD_2023_Stare_Mesto_vyhradna_licencia_casovo_neobmedzena-14-800x533.jpg 800w, https:\/\/www.visitbratislava.com\/wp-content\/uploads\/2024\/03\/Lachkovic_BMD_2023_Stare_Mesto_vyhradna_licencia_casovo_neobmedzena-14-768x512.jpg 768w, https:\/\/www.visitbratislava.com\/wp-content\/uploads\/2024\/03\/Lachkovic_BMD_2023_Stare_Mesto_vyhradna_licencia_casovo_neobmedzena-14-1536x1024.jpg 1536w, https:\/\/www.visitbratislava.com\/wp-content\/uploads\/2024\/03\/Lachkovic_BMD_2023_Stare_Mesto_vyhradna_licencia_casovo_neobmedzena-14-200x133.jpg 200w\" sizes=\"(max-width: 1641px) 100vw, 1641px\" \/><\/h3>\n<h3>Auf den Spuren der Sterne<\/h3>\n<p><em data-start=\"3023\" data-end=\"3109\">25.- 26. April, 14:00-16:00 (14:00, 14:30, 15:00, 15:30), Hotel Dev\u00edn, kostenlos<\/em><\/p>\n<p>Das Hotel Dev\u00edn \u00f6ffnet seine T\u00fcren f\u00fcr alle, die die Schaupl\u00e4tze der beliebten TV-Serie <em data-start=\"3200\" data-end=\"3224\">Dunaj, k va\u0161im slu\u017eb\u00e1m<\/em> mit eigenen Augen sehen m\u00f6chten. Spazieren Sie durch die Restaurants, Flure und Zimmer, in denen nicht nur Filmgeschichten geschrieben wurden, sondern auch wahre Geschichte. Weltstars wie <strong>Elizabeth Taylor, Jean-Paul Belmondo, Alexander Dub\u010dek<\/strong> und viele andere haben hier ihre Spuren hinterlassen. Erleben Sie die Atmosph\u00e4re dieses ikonischen Hotels, das Vergangenheit, Film und unvergessliche Geschichten vereint.<\/p>\n<p><img loading=\"lazy\" width=\"1500\" height=\"1000\" class=\"alignnone size-full wp-image-331969\" src=\"https:\/\/www.visitbratislava.com\/wp-content\/uploads\/2025\/03\/508-IMG_9139-1.jpg\" alt=\"\" srcset=\"https:\/\/www.visitbratislava.com\/wp-content\/uploads\/2025\/03\/508-IMG_9139-1.jpg 1500w, https:\/\/www.visitbratislava.com\/wp-content\/uploads\/2025\/03\/508-IMG_9139-1-400x267.jpg 400w, https:\/\/www.visitbratislava.com\/wp-content\/uploads\/2025\/03\/508-IMG_9139-1-800x533.jpg 800w, https:\/\/www.visitbratislava.com\/wp-content\/uploads\/2025\/03\/508-IMG_9139-1-768x512.jpg 768w, https:\/\/www.visitbratislava.com\/wp-content\/uploads\/2025\/03\/508-IMG_9139-1-200x133.jpg 200w\" sizes=\"(max-width: 1500px) 100vw, 1500px\" \/><\/p>\n<h3 data-start=\"3642\" data-end=\"3710\"><strong data-start=\"3646\" data-end=\"3708\">Ein Blick auf die Burg Bratislava, der Sie verzaubern wird<\/strong><\/h3>\n<p data-start=\"3711\" data-end=\"4190\"><em data-start=\"3711\" data-end=\"3777\">25. April, 14:00-17:00, Lindner Hotel Bratislava, kostenlos<\/em><\/p>\n<p>Wir laden Sie ein, Bratislava in all seiner Sch\u00f6nheit zu entdecken. Wenn Sie unsere Hauptstadt aus einer neuen Perspektive erleben m\u00f6chten, ist die Outlook Bar &amp; Lounge im 13. Stock des Lindner Hotels ein absolutes Muss!<\/p>\n<p><strong>Dieser Ort ist mehr als nur eine Bar \u2013 er ist ein Fenster ins Herz der Stadt. Er bietet einen der atemberaubendsten Panoramablicke, die Bratislava zu bieten hat.<\/strong><\/p>\n<p>Direkt vor Ihnen erstreckt sich die Silhouette der Burg Bratislava, die Altstadt im Kontrast zur modernen Architektur der pulsierenden Metropole und der Kamz\u00edk-Turm, der sich majest\u00e4tisch \u00fcber die Stadt erhebt \u2013 alles aus der Vogelperspektive.<\/p>\n<p data-start=\"3711\" data-end=\"4190\"><img loading=\"lazy\" width=\"2560\" height=\"1440\" class=\"alignnone size-full wp-image-331995\" src=\"https:\/\/www.visitbratislava.com\/wp-content\/uploads\/2025\/03\/2-scaled.jpg\" alt=\"\" srcset=\"https:\/\/www.visitbratislava.com\/wp-content\/uploads\/2025\/03\/2-scaled.jpg 2560w, https:\/\/www.visitbratislava.com\/wp-content\/uploads\/2025\/03\/2-400x225.jpg 400w, https:\/\/www.visitbratislava.com\/wp-content\/uploads\/2025\/03\/2-800x450.jpg 800w, https:\/\/www.visitbratislava.com\/wp-content\/uploads\/2025\/03\/2-768x432.jpg 768w, https:\/\/www.visitbratislava.com\/wp-content\/uploads\/2025\/03\/2-1536x864.jpg 1536w, https:\/\/www.visitbratislava.com\/wp-content\/uploads\/2025\/03\/2-2048x1152.jpg 2048w, https:\/\/www.visitbratislava.com\/wp-content\/uploads\/2025\/03\/2-200x113.jpg 200w\" sizes=\"(max-width: 2560px) 100vw, 2560px\" \/><\/p>\n","protected":false},"excerpt":{"rendered":"<p>Entdecken Sie besondere Erlebnisse w\u00e4hrend der Bratislavaer Stadttage \u2013 von Donaukreuzfahrten \u00fcber Hotelbesichtigungen bis zu Panoramablicken \u00fcber die Stadt.<\/p>\n","protected":false},"author":32,"featured_media":331962,"parent":134010,"menu_order":0,"comment_status":"closed","ping_status":"closed","template":"","meta":[],"acf":[],"_links":{"self":[{"href":"https:\/\/www.visitbratislava.com\/de\/wp-json\/wp\/v2\/pages\/134282"}],"collection":[{"href":"https:\/\/www.visitbratislava.com\/de\/wp-json\/wp\/v2\/pages"}],"about":[{"href":"https:\/\/www.visitbratislava.com\/de\/wp-json\/wp\/v2\/types\/page"}],"author":[{"embeddable":true,"href":"https:\/\/www.visitbratislava.com\/de\/wp-json\/wp\/v2\/users\/32"}],"replies":[{"embeddable":true,"href":"https:\/\/www.visitbratislava.com\/de\/wp-json\/wp\/v2\/comments?post=134282"}],"version-history":[{"count":18,"href":"https:\/\/www.visitbratislava.com\/de\/wp-json\/wp\/v2\/pages\/134282\/revisions"}],"predecessor-version":[{"id":436710,"href":"https:\/\/www.visitbratislava.com\/de\/wp-json\/wp\/v2\/pages\/134282\/revisions\/436710"}],"up":[{"embeddable":true,"href":"https:\/\/www.visitbratislava.com\/de\/wp-json\/wp\/v2\/pages\/134010"}],"wp:featuredmedia":[{"embeddable":true,"href":"https:\/\/www.visitbratislava.com\/de\/wp-json\/wp\/v2\/media\/331962"}],"wp:attachment":[{"href":"https:\/\/www.visitbratislava.com\/de\/wp-json\/wp\/v2\/media?parent=134282"}],"curies":[{"name":"wp","href":"https:\/\/api.w.org\/{rel}","templated":true}]}}