{"id":136478,"date":"2022-04-29T17:04:10","date_gmt":"2022-04-29T15:04:10","guid":{"rendered":"https:\/\/www.visitbratislava.com\/?page_id=136478"},"modified":"2022-04-29T17:19:00","modified_gmt":"2022-04-29T15:19:00","slug":"romantik-in-bratislava","status":"publish","type":"page","link":"https:\/\/www.visitbratislava.com\/de\/romantik-in-bratislava\/","title":{"rendered":"Romantik in Bratislava"},"content":{"rendered":"<p>Egal, ob Sie noch nach Ihrem Seelenverwandten suchen oder ihn bereits gefunden haben, Bratislava wird Ihnen zeigen, wie Romantik entdeckt werden kann. Die Hauptstadt der Slowakei wird Sie mit all dem vertraut machen, wie Romantik aussieht und sich anf\u00fchlt. Genie\u00dfen Sie diese Momente.<\/p>\n<p>Stadt mit gem\u00fctlicher Atmosph\u00e4re oder seine Umgebung sind der perfekte Ort, um mit Ruhe und Frieden vertraut zu machen. Ob Sie lieber durch die krummen alten Stra\u00dfen wandern, Hotelbehandlungen, romantische Abendessen, lange Spazierg\u00e4nge auf dem Land oder eine Auswahl an thematischen Veranstaltungen bevorzugen, Sie k\u00f6nnen es in Bratislava finden. Lassen Sie sich nicht einschr\u00e4nken. Die Liebe bl\u00fcht, sie ist nicht vom Alter abh\u00e4ngig. Gebt die Liebe nicht auf. Manchmal kommt die wahre Liebe erst beim zweiten Versuch.<\/p>\n","protected":false},"excerpt":{"rendered":"<p>Bratislava ist romantisch und bietet unz\u00e4hlige angenehme und sch\u00f6ne Orte f\u00fcr gemeinsame Momente. Diese befinden sich in engen verwinkelten Gassen des historischen Stadtzentrums. W\u00e4hlen Sie aus einem der bekannten oder versteckten Orte, die Ihnen am besten gefallen, um Bratislava als Paar zu entdecken<\/p>\n","protected":false},"author":32,"featured_media":136442,"parent":0,"menu_order":0,"comment_status":"closed","ping_status":"closed","template":"tpl-page-grid.php","meta":[],"acf":[],"_links":{"self":[{"href":"https:\/\/www.visitbratislava.com\/de\/wp-json\/wp\/v2\/pages\/136478"}],"collection":[{"href":"https:\/\/www.visitbratislava.com\/de\/wp-json\/wp\/v2\/pages"}],"about":[{"href":"https:\/\/www.visitbratislava.com\/de\/wp-json\/wp\/v2\/types\/page"}],"author":[{"embeddable":true,"href":"https:\/\/www.visitbratislava.com\/de\/wp-json\/wp\/v2\/users\/32"}],"replies":[{"embeddable":true,"href":"https:\/\/www.visitbratislava.com\/de\/wp-json\/wp\/v2\/comments?post=136478"}],"version-history":[{"count":1,"href":"https:\/\/www.visitbratislava.com\/de\/wp-json\/wp\/v2\/pages\/136478\/revisions"}],"predecessor-version":[{"id":136479,"href":"https:\/\/www.visitbratislava.com\/de\/wp-json\/wp\/v2\/pages\/136478\/revisions\/136479"}],"wp:featuredmedia":[{"embeddable":true,"href":"https:\/\/www.visitbratislava.com\/de\/wp-json\/wp\/v2\/media\/136442"}],"wp:attachment":[{"href":"https:\/\/www.visitbratislava.com\/de\/wp-json\/wp\/v2\/media?parent=136478"}],"curies":[{"name":"wp","href":"https:\/\/api.w.org\/{rel}","templated":true}]}}