{"id":137076,"date":"2022-05-07T05:09:35","date_gmt":"2022-05-07T03:09:35","guid":{"rendered":"https:\/\/www.visitbratislava.com\/?page_id=137076"},"modified":"2022-05-07T16:47:08","modified_gmt":"2022-05-07T14:47:08","slug":"romantischer-winkel-von-bratislava","status":"publish","type":"page","link":"https:\/\/www.visitbratislava.com\/de\/romantischer-winkel-von-bratislava\/","title":{"rendered":"Romantischer Winkel von Bratislava"},"content":{"rendered":"<p>Spazieren Sie von der alten Burg durch die gem\u00fctliche Altstadt zum Donauufer, das im modernen Stadtzentrum endet, verbringen Sie den Abend in den Armen der Kunst im Theater oder in der Philharmonie. Kehren Sie in irgendeine Bar auf einen Drink. Gehen Sie einfach H\u00e4ndchen haltend umher und genie\u00dfen Sie die Aussicht auf die beleuchtete Stadt.<\/p>\n<p><img loading=\"lazy\" width=\"1920\" height=\"1280\" class=\"aligncenter size-full wp-image-136980\" src=\"https:\/\/www.visitbratislava.com\/wp-content\/uploads\/2022\/05\/Kovac_2022_dron_ba-hrad_green_dunaj_barokova-zahrada_nevyhradna-licencia_1920x1280.jpg\" alt=\"\" srcset=\"https:\/\/www.visitbratislava.com\/wp-content\/uploads\/2022\/05\/Kovac_2022_dron_ba-hrad_green_dunaj_barokova-zahrada_nevyhradna-licencia_1920x1280.jpg 1920w, https:\/\/www.visitbratislava.com\/wp-content\/uploads\/2022\/05\/Kovac_2022_dron_ba-hrad_green_dunaj_barokova-zahrada_nevyhradna-licencia_1920x1280-400x267.jpg 400w, https:\/\/www.visitbratislava.com\/wp-content\/uploads\/2022\/05\/Kovac_2022_dron_ba-hrad_green_dunaj_barokova-zahrada_nevyhradna-licencia_1920x1280-800x533.jpg 800w, https:\/\/www.visitbratislava.com\/wp-content\/uploads\/2022\/05\/Kovac_2022_dron_ba-hrad_green_dunaj_barokova-zahrada_nevyhradna-licencia_1920x1280-768x512.jpg 768w, https:\/\/www.visitbratislava.com\/wp-content\/uploads\/2022\/05\/Kovac_2022_dron_ba-hrad_green_dunaj_barokova-zahrada_nevyhradna-licencia_1920x1280-1536x1024.jpg 1536w, https:\/\/www.visitbratislava.com\/wp-content\/uploads\/2022\/05\/Kovac_2022_dron_ba-hrad_green_dunaj_barokova-zahrada_nevyhradna-licencia_1920x1280-200x133.jpg 200w\" sizes=\"(max-width: 1920px) 100vw, 1920px\" \/><\/p>\n<p>Tauchen Sie ein in die Natur, die Sie praktisch auf Schritt und Tritt finden werden. Probieren Sie etwas Gutes in den vielen tollen Restaurants, Caf\u00e9s oder Konditoreien. Probieren Sie gemeinsam eine der Wellnessbehandlungen aus. Bewundern Sie die historische Sch\u00f6nheit und <a href=\"https:\/\/www.visitbratislava.com\/de\/romantik-in-bratislava\/romantisches-bratislava\/\" target=\"_blank\" rel=\"noopener\"><strong>genie\u00dfen Sie einander<\/strong><\/a>. Kurz gesagt, genie\u00dfen Sie das Leben. Sie werden feststellen, dass Bratislava \u00fcberraschend vielf\u00e4ltig und voller romantischer Winkel ist.<\/p>\n<p><a href=\"https:\/\/www.visitbratislava.com\/de\/atrakcie\/burg-von-devin\/\" target=\"_blank\" rel=\"noopener\"><strong>Burg Devin<\/strong><\/a> (Hrad Dev\u00edn)<br \/>\nDie Kultruine der majest\u00e4tischen Burg \u00fcber dem Zusammenfluss von Donau und March hat eine erstaunliche Atmosph\u00e4re. Sie wird romantische Seelen sofort f\u00fcr sich gewinnen. Das auf einem hohen Felsen thronende slowakische Nationalsymbol ist in Bratislava eine der meistbesuchten St\u00e4dte. Das gro\u00dfe Burgareal bietet eine Kombination aus Geschichte, Kunst und Natur und l\u00e4dt auch zu ausgedehnten Spazierg\u00e4ngen ein. Sie werden auch mehrere versteckte gr\u00fcnen Ecken finden. Der Ausblick wird von der Natur dominiert und von dort aus ist der von romantischen Legenden umrankte Jungfrauenturm un\u00fcbersehbar.<\/p>\n<p><img loading=\"lazy\" width=\"1920\" height=\"1280\" class=\"aligncenter size-full wp-image-136986\" src=\"https:\/\/www.visitbratislava.com\/wp-content\/uploads\/2022\/05\/DSC08716_1920x1280.jpg\" alt=\"\" srcset=\"https:\/\/www.visitbratislava.com\/wp-content\/uploads\/2022\/05\/DSC08716_1920x1280.jpg 1920w, https:\/\/www.visitbratislava.com\/wp-content\/uploads\/2022\/05\/DSC08716_1920x1280-400x267.jpg 400w, https:\/\/www.visitbratislava.com\/wp-content\/uploads\/2022\/05\/DSC08716_1920x1280-800x533.jpg 800w, https:\/\/www.visitbratislava.com\/wp-content\/uploads\/2022\/05\/DSC08716_1920x1280-768x512.jpg 768w, https:\/\/www.visitbratislava.com\/wp-content\/uploads\/2022\/05\/DSC08716_1920x1280-1536x1024.jpg 1536w, https:\/\/www.visitbratislava.com\/wp-content\/uploads\/2022\/05\/DSC08716_1920x1280-200x133.jpg 200w\" sizes=\"(max-width: 1920px) 100vw, 1920px\" \/><\/p>\n<p><a href=\"https:\/\/www.visitbratislava.com\/de\/setzt\/botanischer-garten\/\" target=\"_blank\" rel=\"noopener\"><strong>Botanischer Garten<\/strong><\/a> (Botanick\u00e1 z\u00e1hrada)<br \/>\nWer Ruhe und Sch\u00f6nheit sucht, findet sie in der idyllischen Umgebung des botanischen Gartens mit Flora aus verschiedenen Teilen der Welt. W\u00e4hrend der Spazierg\u00e4nge entdecken Sie einen japanischen Garten, einen See, Pinetum, mediterrane Vegetation, australische Flora, verschiedene Steing\u00e4rten und Palmen. Im Rosarium gibt es bis zu 120 Rosenarten. Romantik wie gemalt. Und auch duftend.<\/p>\n<p><img loading=\"lazy\" width=\"1920\" height=\"1280\" class=\"aligncenter size-full wp-image-136992\" src=\"https:\/\/www.visitbratislava.com\/wp-content\/uploads\/2022\/05\/Dekan_komparz_leto_Botanicka-zahrada_par_jazierko_Karlova-Ves_1920x1280.jpg\" alt=\"\" srcset=\"https:\/\/www.visitbratislava.com\/wp-content\/uploads\/2022\/05\/Dekan_komparz_leto_Botanicka-zahrada_par_jazierko_Karlova-Ves_1920x1280.jpg 1920w, https:\/\/www.visitbratislava.com\/wp-content\/uploads\/2022\/05\/Dekan_komparz_leto_Botanicka-zahrada_par_jazierko_Karlova-Ves_1920x1280-400x267.jpg 400w, https:\/\/www.visitbratislava.com\/wp-content\/uploads\/2022\/05\/Dekan_komparz_leto_Botanicka-zahrada_par_jazierko_Karlova-Ves_1920x1280-800x533.jpg 800w, https:\/\/www.visitbratislava.com\/wp-content\/uploads\/2022\/05\/Dekan_komparz_leto_Botanicka-zahrada_par_jazierko_Karlova-Ves_1920x1280-768x512.jpg 768w, https:\/\/www.visitbratislava.com\/wp-content\/uploads\/2022\/05\/Dekan_komparz_leto_Botanicka-zahrada_par_jazierko_Karlova-Ves_1920x1280-1536x1024.jpg 1536w, https:\/\/www.visitbratislava.com\/wp-content\/uploads\/2022\/05\/Dekan_komparz_leto_Botanicka-zahrada_par_jazierko_Karlova-Ves_1920x1280-200x133.jpg 200w\" sizes=\"(max-width: 1920px) 100vw, 1920px\" \/><\/p>\n<p><a href=\"https:\/\/www.visitbratislava.com\/de\/ihre-reise\/jahreszeiten\/fruhling\/\" target=\"_blank\" rel=\"noopener\"><strong>Karlsdorf-Bucht<\/strong><\/a> (Karlovesk\u00e1 z\u00e1toka)<br \/>\nIn der N\u00e4he des Botanischen Gartens finden Sie die malerische Karlsdorf-Bucht. Hier verbirgt sich ein kleiner rot-wei\u00df-blauer Dampfer und eine kultige Pontonkneipe, in der sich Fischer, Wanderer und Studenten aus nicht nur nahe gelegenen Internaten treffen. Von Fr\u00fchling bis Herbst lockt diese Oase der Ruhe, umgeben von Natur, an ihren Ufern liegen Werften, die die Wassersportler begeistern.<\/p>\n<p><img loading=\"lazy\" width=\"1920\" height=\"1280\" class=\"aligncenter size-full wp-image-136998\" src=\"https:\/\/www.visitbratislava.com\/wp-content\/uploads\/2022\/05\/Vyleti-Vtacik-Karlova-Ves-05_1920x1280.jpg\" alt=\"\" srcset=\"https:\/\/www.visitbratislava.com\/wp-content\/uploads\/2022\/05\/Vyleti-Vtacik-Karlova-Ves-05_1920x1280.jpg 1920w, https:\/\/www.visitbratislava.com\/wp-content\/uploads\/2022\/05\/Vyleti-Vtacik-Karlova-Ves-05_1920x1280-400x267.jpg 400w, https:\/\/www.visitbratislava.com\/wp-content\/uploads\/2022\/05\/Vyleti-Vtacik-Karlova-Ves-05_1920x1280-800x533.jpg 800w, https:\/\/www.visitbratislava.com\/wp-content\/uploads\/2022\/05\/Vyleti-Vtacik-Karlova-Ves-05_1920x1280-768x512.jpg 768w, https:\/\/www.visitbratislava.com\/wp-content\/uploads\/2022\/05\/Vyleti-Vtacik-Karlova-Ves-05_1920x1280-1536x1024.jpg 1536w, https:\/\/www.visitbratislava.com\/wp-content\/uploads\/2022\/05\/Vyleti-Vtacik-Karlova-Ves-05_1920x1280-200x133.jpg 200w\" sizes=\"(max-width: 1920px) 100vw, 1920px\" \/><\/p>\n<p><a href=\"https:\/\/www.visitbratislava.com\/de\/setzt\/zoo\/\" target=\"_blank\" rel=\"noopener\"><strong>ZOO<\/strong><\/a><br \/>\nAuf den ersten Blick sieht es vielleicht nicht so aus, aber auch f\u00fcr ein Date ist der Zoo Bratislava eine gute Wahl. Verliebte finden hier Laubw\u00e4lder, Wiesen, k\u00fchle T\u00e4ler und Naturseen, vor allem aber 169 Tierarten. Versetzen Sie sich in Ihre Kindheit zur\u00fcck und haben Sie beispielsweise Spa\u00df beim Betrachten von Pandas, Giraffen oder Pelikanen und verpassen Sie nicht die kommentierte F\u00fctterung.<\/p>\n<p><img loading=\"lazy\" width=\"1920\" height=\"1280\" class=\"aligncenter size-full wp-image-137004\" src=\"https:\/\/www.visitbratislava.com\/wp-content\/uploads\/2022\/05\/zdroj_ZOO-Bratislava_1920x1280.jpg\" alt=\"\" srcset=\"https:\/\/www.visitbratislava.com\/wp-content\/uploads\/2022\/05\/zdroj_ZOO-Bratislava_1920x1280.jpg 1920w, https:\/\/www.visitbratislava.com\/wp-content\/uploads\/2022\/05\/zdroj_ZOO-Bratislava_1920x1280-400x267.jpg 400w, https:\/\/www.visitbratislava.com\/wp-content\/uploads\/2022\/05\/zdroj_ZOO-Bratislava_1920x1280-800x533.jpg 800w, https:\/\/www.visitbratislava.com\/wp-content\/uploads\/2022\/05\/zdroj_ZOO-Bratislava_1920x1280-768x512.jpg 768w, https:\/\/www.visitbratislava.com\/wp-content\/uploads\/2022\/05\/zdroj_ZOO-Bratislava_1920x1280-1536x1024.jpg 1536w, https:\/\/www.visitbratislava.com\/wp-content\/uploads\/2022\/05\/zdroj_ZOO-Bratislava_1920x1280-200x133.jpg 200w\" sizes=\"(max-width: 1920px) 100vw, 1920px\" \/><\/p>\n<p><a href=\"https:\/\/www.visitbratislava.com\/de\/setzt\/waldpark\/\" target=\"_blank\" rel=\"noopener\"><strong>Gebirgspark<\/strong><\/a> (Horsk\u00fd park)<br \/>\nIm Grunde direkt \u00fcber dem historischen Stadtzentrum befindet sich der wildeste Park in Bratislava. Er ist seit 150 Jahren in Betrieb. Ein Ort, beliebt von denjenigen, die die Stille des Waldes und die fast unber\u00fchrte Natur genie\u00dfen m\u00f6chten. Kraft tanken k\u00f6nnen Sie zum Beispiel auf der Erholungsterasse des Justi-Denkmals (Justiho pam\u00e4tn\u00edk) oder im gem\u00fctlichen Forsthaus (Hor\u00e1re\u0148). Hier finden Sie ein Gemeindezentrum mit Caf\u00e9, einen Mini-Zoo oder Spielpl\u00e4tze, und einen kurzen Spaziergang entfernt befindet sich auch eine Freiluftgalerie, die von der Slowakischen Nationalgalerie (Slovensk\u00e1 n\u00e1rodn\u00e1 gal\u00e9ria) betreut wird.<\/p>\n<p><img loading=\"lazy\" width=\"1920\" height=\"1280\" class=\"aligncenter size-full wp-image-137010\" src=\"https:\/\/www.visitbratislava.com\/wp-content\/uploads\/2022\/05\/VQZT8W_B_1920x1280.jpg\" alt=\"\" srcset=\"https:\/\/www.visitbratislava.com\/wp-content\/uploads\/2022\/05\/VQZT8W_B_1920x1280.jpg 1920w, https:\/\/www.visitbratislava.com\/wp-content\/uploads\/2022\/05\/VQZT8W_B_1920x1280-400x267.jpg 400w, https:\/\/www.visitbratislava.com\/wp-content\/uploads\/2022\/05\/VQZT8W_B_1920x1280-800x533.jpg 800w, https:\/\/www.visitbratislava.com\/wp-content\/uploads\/2022\/05\/VQZT8W_B_1920x1280-768x512.jpg 768w, https:\/\/www.visitbratislava.com\/wp-content\/uploads\/2022\/05\/VQZT8W_B_1920x1280-1536x1024.jpg 1536w, https:\/\/www.visitbratislava.com\/wp-content\/uploads\/2022\/05\/VQZT8W_B_1920x1280-200x133.jpg 200w\" sizes=\"(max-width: 1920px) 100vw, 1920px\" \/><\/p>\n<p><a href=\"https:\/\/www.visitbratislava.com\/de\/atrakcie\/burg-von-bratislava\/\" target=\"_blank\" rel=\"noopener\"><strong>Bratislavaer Burg<\/strong><\/a> (Bratislavsk\u00fd hrad)<br \/>\nHier ist Romantik garantiert. Die Atmosph\u00e4re des Burgareals, der prunkvollen Innenr\u00e4ume oder des barocken Gartens versetzt Sie zur\u00fcck in die Zeit Maria Theresias. Das Symbol von Bratislava bieten atemberaubende Ausblicke von den Burgterrassen auf dem H\u00fcgel 80 Meter \u00fcber der Donau. Der \u00f6rtliche Garten im eleganten franz\u00f6sischen Barockstil mit Blumenbeeten und Dutzenden von B\u00e4umen verf\u00fchrt direkt zu einem langsamen Spaziergang oder zu verweilen auf einer Sitzbank. Es lohnt sich auch, das Burgareal zu umrunden. Mit jedem Schritt genie\u00dfen Sie einen anderen Ausblick.<\/p>\n<p><img loading=\"lazy\" width=\"1920\" height=\"1280\" class=\"aligncenter size-full wp-image-137016\" src=\"https:\/\/www.visitbratislava.com\/wp-content\/uploads\/2022\/05\/Dekan-komparz-BA-hrad-turisti-mlady-par-green_1920x1280.jpg\" alt=\"\" srcset=\"https:\/\/www.visitbratislava.com\/wp-content\/uploads\/2022\/05\/Dekan-komparz-BA-hrad-turisti-mlady-par-green_1920x1280.jpg 1920w, https:\/\/www.visitbratislava.com\/wp-content\/uploads\/2022\/05\/Dekan-komparz-BA-hrad-turisti-mlady-par-green_1920x1280-400x267.jpg 400w, https:\/\/www.visitbratislava.com\/wp-content\/uploads\/2022\/05\/Dekan-komparz-BA-hrad-turisti-mlady-par-green_1920x1280-800x533.jpg 800w, https:\/\/www.visitbratislava.com\/wp-content\/uploads\/2022\/05\/Dekan-komparz-BA-hrad-turisti-mlady-par-green_1920x1280-768x512.jpg 768w, https:\/\/www.visitbratislava.com\/wp-content\/uploads\/2022\/05\/Dekan-komparz-BA-hrad-turisti-mlady-par-green_1920x1280-1536x1024.jpg 1536w, https:\/\/www.visitbratislava.com\/wp-content\/uploads\/2022\/05\/Dekan-komparz-BA-hrad-turisti-mlady-par-green_1920x1280-200x133.jpg 200w\" sizes=\"(max-width: 1920px) 100vw, 1920px\" \/><\/p>\n<p><a href=\"https:\/\/www.visitbratislava.com\/de\/ausblicke-auf-bratislava-die-ihnen-den-atem-rauben-werden\/\" target=\"_blank\" rel=\"noopener\"><strong>Gassen der Altstadt<\/strong><\/a> (Star\u00e9 Mesto)<br \/>\nSeit jeher zieht es verliebte Paare in die bezaubernde Altstadt, die eine Reihe malerischer Gassen verbirgt. Au\u00dferdem h\u00f6rt man im Sommer leise Musik, die sich aus mehreren Orten ausbreitet. Auch die Springbrunnen auf dem Hviezdoslav-Platz, Sommerterrassen und kleine versteckte Gassen, die f\u00fcr einen Kuss geschaffen wurden, tragen besonders in den w\u00e4rmeren Monaten zur Atmosph\u00e4re bei. Sch\u00f6ne romantische Ecken finden Sie auf dem Rudnay-Platz, in der Kapitulsk\u00e1- oder in der Ba\u0161tov\u00e1-Stra\u00dfe.<\/p>\n<p><img loading=\"lazy\" width=\"1920\" height=\"1280\" class=\"aligncenter size-full wp-image-137022\" src=\"https:\/\/www.visitbratislava.com\/wp-content\/uploads\/2022\/05\/Dekan-komparz-Kapitulska-ulicky-par_1920x1280.jpg\" alt=\"\" srcset=\"https:\/\/www.visitbratislava.com\/wp-content\/uploads\/2022\/05\/Dekan-komparz-Kapitulska-ulicky-par_1920x1280.jpg 1920w, https:\/\/www.visitbratislava.com\/wp-content\/uploads\/2022\/05\/Dekan-komparz-Kapitulska-ulicky-par_1920x1280-400x267.jpg 400w, https:\/\/www.visitbratislava.com\/wp-content\/uploads\/2022\/05\/Dekan-komparz-Kapitulska-ulicky-par_1920x1280-800x533.jpg 800w, https:\/\/www.visitbratislava.com\/wp-content\/uploads\/2022\/05\/Dekan-komparz-Kapitulska-ulicky-par_1920x1280-768x512.jpg 768w, https:\/\/www.visitbratislava.com\/wp-content\/uploads\/2022\/05\/Dekan-komparz-Kapitulska-ulicky-par_1920x1280-1536x1024.jpg 1536w, https:\/\/www.visitbratislava.com\/wp-content\/uploads\/2022\/05\/Dekan-komparz-Kapitulska-ulicky-par_1920x1280-200x133.jpg 200w\" sizes=\"(max-width: 1920px) 100vw, 1920px\" \/><\/p>\n<p><a href=\"https:\/\/www.visitbratislava.com\/de\/ausfluege\/sakrales-bratislava\/\" target=\"_blank\" rel=\"noopener\"><strong>Blaue Kirche<\/strong><\/a> (Modr\u00fd kostol\u00edk)<br \/>\nEntz\u00fcckende Kirche St. Elisabeth von Ungarn mit Majolika-Dekoration und Mosaikmalerei zieht auf den ersten Blick die Seelen der Romantiker an. Dieses architektonische Juwel verdankt seinen Volksnamen dem ungew\u00f6hnlichen blauen Putz und der blau glasierten Dacheindeckung. Das m\u00e4rchenhafte Geb\u00e4ude, sowohl innen als auch au\u00dfen, ist der H\u00f6hepunkt des Pre\u00dfburger Jugendstils und eines der meistfotografierten Geb\u00e4ude in Bratislava. Hast du sie schon im Album?<\/p>\n<p><img loading=\"lazy\" width=\"1920\" height=\"1280\" class=\"aligncenter size-full wp-image-137028\" src=\"https:\/\/www.visitbratislava.com\/wp-content\/uploads\/2022\/05\/ModryKostolik1_1920x1280.jpg\" alt=\"\" srcset=\"https:\/\/www.visitbratislava.com\/wp-content\/uploads\/2022\/05\/ModryKostolik1_1920x1280.jpg 1920w, https:\/\/www.visitbratislava.com\/wp-content\/uploads\/2022\/05\/ModryKostolik1_1920x1280-400x267.jpg 400w, https:\/\/www.visitbratislava.com\/wp-content\/uploads\/2022\/05\/ModryKostolik1_1920x1280-800x533.jpg 800w, https:\/\/www.visitbratislava.com\/wp-content\/uploads\/2022\/05\/ModryKostolik1_1920x1280-768x512.jpg 768w, https:\/\/www.visitbratislava.com\/wp-content\/uploads\/2022\/05\/ModryKostolik1_1920x1280-1536x1024.jpg 1536w, https:\/\/www.visitbratislava.com\/wp-content\/uploads\/2022\/05\/ModryKostolik1_1920x1280-200x133.jpg 200w\" sizes=\"(max-width: 1920px) 100vw, 1920px\" \/><\/p>\n<p><a href=\"https:\/\/www.visitbratislava.com\/de\/setzt\/magio-strand\/\" target=\"_blank\" rel=\"noopener\"><strong>Tirsch-Ufer<\/strong><\/a> (Tyr\u0161ovo n\u00e1bre\u017eie)<br \/>\nEin Spaziergang entlang dieser Uferpromenade am rechten Flussufer verspricht herrliche Ausblicke auf die Stadt, Restaurants und Bars auf den festgemachten Booten und am Ufer. Dar\u00fcber hinaus finden Sie hier den Stadtstrand, der im Sommer, aber auch im Winter ein pulsierender Ort ist, an dem Entspannung, Unterhaltung und Kultur zusammenkommen. Hier f\u00f6rdert man einen nachhaltigen Weg, nutzt Energie aus erneuerbaren Quellen, trennt Abf\u00e4lle gr\u00fcndlich, recycelt und l\u00e4sst Bioabf\u00e4lle sortieren. Unter freiem Himmel finden Sie ein reichhaltiges Programm, gastronomische K\u00f6stlichkeiten und Sportherausforderungen. Beliebt sind Konzerte, Filmvorf\u00fchrungen und Vortr\u00e4ge. Der Sonnenuntergang in Behaglichkeit des Sandstrandes und der nahen flie\u00dfenden Donau ist hier wirklich unvergesslich.<\/p>\n<p><img loading=\"lazy\" width=\"1920\" height=\"1280\" class=\"aligncenter size-full wp-image-137034\" src=\"https:\/\/www.visitbratislava.com\/wp-content\/uploads\/2022\/05\/Molnar_Mlady-par_komparz_Dunaj_BA-hrad_gastro_vyhradna-licencia-2_1920x1280.jpg\" alt=\"\" srcset=\"https:\/\/www.visitbratislava.com\/wp-content\/uploads\/2022\/05\/Molnar_Mlady-par_komparz_Dunaj_BA-hrad_gastro_vyhradna-licencia-2_1920x1280.jpg 1920w, https:\/\/www.visitbratislava.com\/wp-content\/uploads\/2022\/05\/Molnar_Mlady-par_komparz_Dunaj_BA-hrad_gastro_vyhradna-licencia-2_1920x1280-400x267.jpg 400w, https:\/\/www.visitbratislava.com\/wp-content\/uploads\/2022\/05\/Molnar_Mlady-par_komparz_Dunaj_BA-hrad_gastro_vyhradna-licencia-2_1920x1280-800x533.jpg 800w, https:\/\/www.visitbratislava.com\/wp-content\/uploads\/2022\/05\/Molnar_Mlady-par_komparz_Dunaj_BA-hrad_gastro_vyhradna-licencia-2_1920x1280-768x512.jpg 768w, https:\/\/www.visitbratislava.com\/wp-content\/uploads\/2022\/05\/Molnar_Mlady-par_komparz_Dunaj_BA-hrad_gastro_vyhradna-licencia-2_1920x1280-1536x1024.jpg 1536w, https:\/\/www.visitbratislava.com\/wp-content\/uploads\/2022\/05\/Molnar_Mlady-par_komparz_Dunaj_BA-hrad_gastro_vyhradna-licencia-2_1920x1280-200x133.jpg 200w\" sizes=\"(max-width: 1920px) 100vw, 1920px\" \/><\/p>\n<p><a href=\"https:\/\/www.visitbratislava.com\/de\/setzt\/zelezna-studienka\/\" target=\"_blank\" rel=\"noopener\"><strong>Eisenquelle<\/strong><\/a> (\u017delezn\u00e1 studni\u010dka)<br \/>\nVon einer pulsierenden Stadt in Bratislava ist es immer nur ein Sprung in die Natur. Auftanken k\u00f6nnen Sie bei beliebter Eisenquelle mit der Partisanenwiese. Im Norden dieses Ortes finden Sie Teiche, in denen Sie Boot fahren k\u00f6nnen, aber auch die angenehme Umgebung von der M\u00fchle Klep\u00e1\u010d. Wer nicht genug hat, kann hier fischen, Fahrradrouten erkunden oder mit der Seilbahn auf den Gemsenberg (Kamz\u00edk) fahren.<\/p>\n<p><img loading=\"lazy\" width=\"1920\" height=\"1280\" class=\"aligncenter size-full wp-image-137040\" src=\"https:\/\/www.visitbratislava.com\/wp-content\/uploads\/2022\/05\/Kovac_BA_Nove-Mesto_Zelezna-studnicka_Jazero_Jesen_nevyhradna-licencia_1920x1280.jpg\" alt=\"\" srcset=\"https:\/\/www.visitbratislava.com\/wp-content\/uploads\/2022\/05\/Kovac_BA_Nove-Mesto_Zelezna-studnicka_Jazero_Jesen_nevyhradna-licencia_1920x1280.jpg 1920w, https:\/\/www.visitbratislava.com\/wp-content\/uploads\/2022\/05\/Kovac_BA_Nove-Mesto_Zelezna-studnicka_Jazero_Jesen_nevyhradna-licencia_1920x1280-400x267.jpg 400w, https:\/\/www.visitbratislava.com\/wp-content\/uploads\/2022\/05\/Kovac_BA_Nove-Mesto_Zelezna-studnicka_Jazero_Jesen_nevyhradna-licencia_1920x1280-800x533.jpg 800w, https:\/\/www.visitbratislava.com\/wp-content\/uploads\/2022\/05\/Kovac_BA_Nove-Mesto_Zelezna-studnicka_Jazero_Jesen_nevyhradna-licencia_1920x1280-768x512.jpg 768w, https:\/\/www.visitbratislava.com\/wp-content\/uploads\/2022\/05\/Kovac_BA_Nove-Mesto_Zelezna-studnicka_Jazero_Jesen_nevyhradna-licencia_1920x1280-1536x1024.jpg 1536w, https:\/\/www.visitbratislava.com\/wp-content\/uploads\/2022\/05\/Kovac_BA_Nove-Mesto_Zelezna-studnicka_Jazero_Jesen_nevyhradna-licencia_1920x1280-200x133.jpg 200w\" sizes=\"(max-width: 1920px) 100vw, 1920px\" \/><\/p>\n<p><a href=\"https:\/\/www.visitbratislava.com\/de\/zehnerlei-wege-zum-wein\/\" target=\"_blank\" rel=\"noopener\"><strong>Pressburger Weinberge<\/strong><\/a> (Bratislavsk\u00e9 vinohrady)<br \/>\nWein ist in Bratislava immer in Reichweite. Der Weinbau ist hier noch lebendig, besonders in Ratzersdorf (Ra\u010da). Besuchen Sie hier eine Verkostung entweder in einem Weinlokal oder direkt bei den \u00f6rtlichen Winzern in den Weinbergen mit herrlichem Blick auf die Stadt. Probieren Sie zum Beispiel einen Spaziergang entlang des Ratzersdorfer Weinbaupfades mit der lokalen Weinprobe &#8211; \u201eKo\u0161t\u00fafka&#8220;. Gehen Sie verantwortungsvoll, morgen ist auch ein Tag.<\/p>\n<p><img loading=\"lazy\" width=\"1920\" height=\"1280\" class=\"aligncenter size-full wp-image-137046\" src=\"https:\/\/www.visitbratislava.com\/wp-content\/uploads\/2022\/05\/Dekan-vinohrad-vino-kostol-Raca-komparz_1920x1280.jpg\" alt=\"\" srcset=\"https:\/\/www.visitbratislava.com\/wp-content\/uploads\/2022\/05\/Dekan-vinohrad-vino-kostol-Raca-komparz_1920x1280.jpg 1920w, https:\/\/www.visitbratislava.com\/wp-content\/uploads\/2022\/05\/Dekan-vinohrad-vino-kostol-Raca-komparz_1920x1280-400x267.jpg 400w, https:\/\/www.visitbratislava.com\/wp-content\/uploads\/2022\/05\/Dekan-vinohrad-vino-kostol-Raca-komparz_1920x1280-800x533.jpg 800w, https:\/\/www.visitbratislava.com\/wp-content\/uploads\/2022\/05\/Dekan-vinohrad-vino-kostol-Raca-komparz_1920x1280-768x512.jpg 768w, https:\/\/www.visitbratislava.com\/wp-content\/uploads\/2022\/05\/Dekan-vinohrad-vino-kostol-Raca-komparz_1920x1280-1536x1024.jpg 1536w, https:\/\/www.visitbratislava.com\/wp-content\/uploads\/2022\/05\/Dekan-vinohrad-vino-kostol-Raca-komparz_1920x1280-200x133.jpg 200w\" sizes=\"(max-width: 1920px) 100vw, 1920px\" \/><\/p>\n<p><a href=\"https:\/\/www.visitbratislava.com\/de\/green\/entspannung-am-wasser\/\" target=\"_blank\" rel=\"noopener\"><strong>Donauauen<\/strong><\/a> (Dunajsk\u00e9 luhy)<br \/>\nEiner der Orte in Bratislava, an denen Sie h\u00f6chstwahrscheinlich allein sein werden, sind Auw\u00e4lder und Waldsteppen im Landschaftsschutzgebiet Donauauen, deren Weiden und S\u00fcmpfe Wildtiere und gesch\u00fctzte Pflanzen beherbergen. Ihre ersten beiden Teile liegen sich an beiden Ufern der Donau am S\u00fcdrand von Bratislava fast gegen\u00fcber. Die bekanntesten davon sind Bischdorfauen (Biskupick\u00e9 luhy). Die \u00f6rtliche Natur l\u00e4sst sich am besten mit dem Fahrrad genie\u00dfen. Sch\u00f6n zusammen und mit einem Gef\u00fchl weit weg von der Hektik der Gro\u00dfstadt.<\/p>\n<p><img loading=\"lazy\" width=\"1920\" height=\"1280\" class=\"aligncenter size-full wp-image-137052\" src=\"https:\/\/www.visitbratislava.com\/wp-content\/uploads\/2022\/05\/Vyleti-Vtacik-rusovce_vyhradna-01-6_1920x1280.jpg\" alt=\"\" srcset=\"https:\/\/www.visitbratislava.com\/wp-content\/uploads\/2022\/05\/Vyleti-Vtacik-rusovce_vyhradna-01-6_1920x1280.jpg 1920w, https:\/\/www.visitbratislava.com\/wp-content\/uploads\/2022\/05\/Vyleti-Vtacik-rusovce_vyhradna-01-6_1920x1280-400x267.jpg 400w, https:\/\/www.visitbratislava.com\/wp-content\/uploads\/2022\/05\/Vyleti-Vtacik-rusovce_vyhradna-01-6_1920x1280-800x533.jpg 800w, https:\/\/www.visitbratislava.com\/wp-content\/uploads\/2022\/05\/Vyleti-Vtacik-rusovce_vyhradna-01-6_1920x1280-768x512.jpg 768w, https:\/\/www.visitbratislava.com\/wp-content\/uploads\/2022\/05\/Vyleti-Vtacik-rusovce_vyhradna-01-6_1920x1280-1536x1024.jpg 1536w, https:\/\/www.visitbratislava.com\/wp-content\/uploads\/2022\/05\/Vyleti-Vtacik-rusovce_vyhradna-01-6_1920x1280-200x133.jpg 200w\" sizes=\"(max-width: 1920px) 100vw, 1920px\" \/><\/p>\n","protected":false},"excerpt":{"rendered":"<p>Zu zweit genie\u00dfen Sie Bratislava gleich doppelt, also lassen Sie sich von der romantischen Atmosph\u00e4re der Hauptstadt verf\u00fchren<\/p>\n","protected":false},"author":32,"featured_media":136973,"parent":0,"menu_order":0,"comment_status":"closed","ping_status":"closed","template":"","meta":[],"acf":[],"_links":{"self":[{"href":"https:\/\/www.visitbratislava.com\/de\/wp-json\/wp\/v2\/pages\/137076"}],"collection":[{"href":"https:\/\/www.visitbratislava.com\/de\/wp-json\/wp\/v2\/pages"}],"about":[{"href":"https:\/\/www.visitbratislava.com\/de\/wp-json\/wp\/v2\/types\/page"}],"author":[{"embeddable":true,"href":"https:\/\/www.visitbratislava.com\/de\/wp-json\/wp\/v2\/users\/32"}],"replies":[{"embeddable":true,"href":"https:\/\/www.visitbratislava.com\/de\/wp-json\/wp\/v2\/comments?post=137076"}],"version-history":[{"count":3,"href":"https:\/\/www.visitbratislava.com\/de\/wp-json\/wp\/v2\/pages\/137076\/revisions"}],"predecessor-version":[{"id":137132,"href":"https:\/\/www.visitbratislava.com\/de\/wp-json\/wp\/v2\/pages\/137076\/revisions\/137132"}],"wp:featuredmedia":[{"embeddable":true,"href":"https:\/\/www.visitbratislava.com\/de\/wp-json\/wp\/v2\/media\/136973"}],"wp:attachment":[{"href":"https:\/\/www.visitbratislava.com\/de\/wp-json\/wp\/v2\/media?parent=137076"}],"curies":[{"name":"wp","href":"https:\/\/api.w.org\/{rel}","templated":true}]}}