{"id":137576,"date":"2022-05-11T17:48:10","date_gmt":"2022-05-11T15:48:10","guid":{"rendered":"https:\/\/www.visitbratislava.com\/?page_id=137576"},"modified":"2024-05-09T16:12:36","modified_gmt":"2024-05-09T14:12:36","slug":"nacht-der-museen-und-galerien","status":"publish","type":"page","link":"https:\/\/www.visitbratislava.com\/de\/nacht-der-museen-und-galerien\/","title":{"rendered":"Nacht der Museen und Galerien"},"content":{"rendered":"<p>An der Nacht der Museen und Galerien nehmen jedes Jahr fast zweihundert Kulturinstitutionen in der ganzen Slowakei teil, mit dem Ziel, das kulturelle Erbe unseres Landes und seine Bedeutung einem m\u00f6glichst breiten Publikum vorzustellen. <strong>Erleben Sie in einer magischen Nacht im Mai Bratislava, wie Sie es nicht kennen.<\/strong><\/p>\n<p>Wie w\u00e4re es mit einer Reise zur\u00fcck in die vergangenen Jahrhunderte oder direkt in die Antike? Verschiedene Denkm\u00e4ler, F\u00fchrungen in Museen und Galerien in Dauer- und Wechselausstellungen, spannende Ausstellungen, <strong>zur Verf\u00fcgung gestellte normalerweise unzug\u00e4ngliche R\u00e4ume<\/strong>, verschiedene Attraktionen und Spiele f\u00fcr Kinder, das sind die Hauptattraktionen einer einzigartigen Nacht voller Abenteuer, Wissen und Spa\u00df.<\/p>\n<p>Entdecken Sie, was das ganze Jahr \u00fcber verborgen bleibt. <strong>Am Samstag, den 18. Mai, wird die slowakische Metropole voller Ausstellungen<\/strong>, verschiedener Veranstaltungen und kreativer Workshops sein. Experten nehmen Sie mit auf eine magische Reise in die Vergangenheit, Gegenwart und Zukunft der Kultur.<\/p>\n<p><strong>Das Hauptprogramm findet von 15:00 bis 24:00 Uhr statt.<\/strong><\/p>\n<p><strong>Eintritt: Sammelkarte im Wert von 5 \u20ac<\/strong> \/ Erwachsener (Kinder bis 12 Jahre inklusive, Senioren \u00fcber 70 Jahre und Menschen mit Behinderung frei). Sie gilt f\u00fcr alle Einrichtungen der BA und BSK. Es wird beim ersten besuchten Museum\/der ersten Galerie gekauft. Falls Sie nur einen Ort besuchen, k\u00f6nnen Sie auch nur das Ticket des besuchten Museums \/ der besuchten Galerie kaufen. Institutionen, die freien Eintritt gew\u00e4hren, verkaufen kein gemeinsames Ticket.<\/p>\n<p class=\"button\"><a title=\"BUY TICKET\" href=\"https:\/\/www.visitbratislava.com\/wp-content\/uploads\/2024\/02\/WEB_Skladacka-NMaG_2024_print_final_ENG.pdf\" target=\"_blank\" rel=\"noopener\">Komplettes Programm (auf Englisch)<\/a><\/p>\n","protected":false},"excerpt":{"rendered":"<p>An der Nacht der Museen und Galerien nehmen jedes Jahr fast zweihundert Kulturinstitutionen in der ganzen Slowakei teil, mit dem Ziel, das kulturelle Erbe unseres Landes und seine Bedeutung einem m\u00f6glichst breiten Publikum vorzustellen. Erleben Sie in einer magischen Nacht im Mai Bratislava, wie Sie es nicht kennen. Wie w\u00e4re es mit einer Reise zur\u00fcck [&hellip;]<\/p>\n","protected":false},"author":32,"featured_media":439452,"parent":0,"menu_order":0,"comment_status":"closed","ping_status":"closed","template":"tpl-page-grid.php","meta":[],"acf":[],"_links":{"self":[{"href":"https:\/\/www.visitbratislava.com\/de\/wp-json\/wp\/v2\/pages\/137576"}],"collection":[{"href":"https:\/\/www.visitbratislava.com\/de\/wp-json\/wp\/v2\/pages"}],"about":[{"href":"https:\/\/www.visitbratislava.com\/de\/wp-json\/wp\/v2\/types\/page"}],"author":[{"embeddable":true,"href":"https:\/\/www.visitbratislava.com\/de\/wp-json\/wp\/v2\/users\/32"}],"replies":[{"embeddable":true,"href":"https:\/\/www.visitbratislava.com\/de\/wp-json\/wp\/v2\/comments?post=137576"}],"version-history":[{"count":9,"href":"https:\/\/www.visitbratislava.com\/de\/wp-json\/wp\/v2\/pages\/137576\/revisions"}],"predecessor-version":[{"id":293757,"href":"https:\/\/www.visitbratislava.com\/de\/wp-json\/wp\/v2\/pages\/137576\/revisions\/293757"}],"wp:featuredmedia":[{"embeddable":true,"href":"https:\/\/www.visitbratislava.com\/de\/wp-json\/wp\/v2\/media\/439452"}],"wp:attachment":[{"href":"https:\/\/www.visitbratislava.com\/de\/wp-json\/wp\/v2\/media?parent=137576"}],"curies":[{"name":"wp","href":"https:\/\/api.w.org\/{rel}","templated":true}]}}