{"id":137582,"date":"2022-05-11T17:59:53","date_gmt":"2022-05-11T15:59:53","guid":{"rendered":"https:\/\/www.visitbratislava.com\/?page_id=137582"},"modified":"2024-05-09T16:44:10","modified_gmt":"2024-05-09T14:44:10","slug":"nacht-voller-entdeckungen","status":"publish","type":"page","link":"https:\/\/www.visitbratislava.com\/de\/nacht-der-museen-und-galerien\/nacht-voller-entdeckungen\/","title":{"rendered":"Nacht voller Entdeckungen"},"content":{"rendered":"<p>Die Museen und Galerien zeigten nicht nur ihre aktuellen Ausstellungen, sondern bereiteten in dieser Nacht auch ganz besondere Programme vor. \u00dcber mehrere Stunden hinweg k\u00f6nnen die Besucher an speziellen Pr\u00e4sentationen zu aktuellen Ausstellungen, Workshops f\u00fcr Familien mit Kindern, Workshops f\u00fcr Erwachsene, Musikauff\u00fchrungen und anderen faszinierenden Veranstaltungen in ganz Bratislava teilnehmen.<\/p>\n<p>Anl\u00e4sslich des Internationalen Tages der Museen erkl\u00e4ren Museen und Galerien in der slowakischen Hauptstadt Mitte Mai den Samstag zur Nacht der Museen und Galerien. <strong>An diesem Tag kann das Publikum die Ausstellungen der Institutionen und speziell vorbereitete Veranstaltungen f\u00fcr einen besonderen Eintrittspreis besuchen, der in der Regel nur im ersten besuchten Museum bezahlt wird (5 Euro).<\/strong><\/p>\n<h2>Auswahl des Programms<\/h2>\n<h3>\ud83c\udd93 BIBIANA, internationales Kunsthaus f\u00fcr Kinder<\/h3>\n<p><strong>Das Programm:<\/strong><br \/>\n\ud83e\udd29WEIL PILZE<br \/>\n15.00 \u2013 21.00 Uhr Pilze auf Papier. Im kreativen Prozess entdecken wir, dass wir mit Pilzen nicht nur auf einem Teller, sondern auch auf Papier arbeiten k\u00f6nnen. Wir werden ihre Struktur, Form und Gr\u00f6\u00dfe erkunden und sie nach unserer eigenen Vorstellung fertigstellen.<br \/>\n15.00 \u2013 21.30 Uhr Myko \u2013 Pilze f\u00fcr sich allein. Schauen Sie sich das Buch der slowakischen Illustratorin Daniela Olejn\u00edkov\u00e1 und der Grafikdesignerin Pala B\u00e1lik Myko vom tschechischen Verlag Baobab an, das k\u00fcrzlich beim Bologna Ragazzi Award 2024 in der Kategorie Sachb\u00fccher 2024 ausgezeichnet wurde. In der BIBIANY-Bibliothek finden Sie nicht nur B\u00fccher \u00fcber Pilze.<\/p>\n<p><strong>Ausstellungen:<\/strong><br \/>\nFarblabor<br \/>\nIch habe keine Angst vor Angst<br \/>\nDie sch\u00f6nsten B\u00fccher der Slowakei<\/p>\n<p><img loading=\"lazy\" width=\"2560\" height=\"1707\" class=\"alignnone size-full wp-image-256316\" src=\"https:\/\/www.visitbratislava.com\/wp-content\/uploads\/2015\/04\/HRAVA-HLAVA-foto-BIBIANA-Dano-Veselsky-3-scaled.jpg\" alt=\"\" srcset=\"https:\/\/www.visitbratislava.com\/wp-content\/uploads\/2015\/04\/HRAVA-HLAVA-foto-BIBIANA-Dano-Veselsky-3-scaled.jpg 2560w, https:\/\/www.visitbratislava.com\/wp-content\/uploads\/2015\/04\/HRAVA-HLAVA-foto-BIBIANA-Dano-Veselsky-3-400x267.jpg 400w, https:\/\/www.visitbratislava.com\/wp-content\/uploads\/2015\/04\/HRAVA-HLAVA-foto-BIBIANA-Dano-Veselsky-3-800x533.jpg 800w, https:\/\/www.visitbratislava.com\/wp-content\/uploads\/2015\/04\/HRAVA-HLAVA-foto-BIBIANA-Dano-Veselsky-3-768x512.jpg 768w, https:\/\/www.visitbratislava.com\/wp-content\/uploads\/2015\/04\/HRAVA-HLAVA-foto-BIBIANA-Dano-Veselsky-3-1536x1024.jpg 1536w, https:\/\/www.visitbratislava.com\/wp-content\/uploads\/2015\/04\/HRAVA-HLAVA-foto-BIBIANA-Dano-Veselsky-3-2048x1365.jpg 2048w, https:\/\/www.visitbratislava.com\/wp-content\/uploads\/2015\/04\/HRAVA-HLAVA-foto-BIBIANA-Dano-Veselsky-3-200x133.jpg 200w\" sizes=\"(max-width: 2560px) 100vw, 2560px\" \/><\/p>\n<h3>Galerie des Primatenpalastes<\/h3>\n<p><strong>Das Programm:<\/strong><br \/>\n\ud83d\udde3\ufe0f17.00 Kommentierter Rundgang durch die Galerie auf Englisch<\/p>\n<p><strong>Ge\u00f6ffnet:<\/strong> 17.00 \u2013 21.00 Uhr<\/p>\n<p><img loading=\"lazy\" width=\"2560\" height=\"1710\" class=\"alignnone size-full wp-image-240470\" src=\"https:\/\/www.visitbratislava.com\/wp-content\/uploads\/2023\/05\/Velcek_2021_primacialny-palac_Primacialny-palac_celny-pohlad-scaled.jpg\" alt=\"\" srcset=\"https:\/\/www.visitbratislava.com\/wp-content\/uploads\/2023\/05\/Velcek_2021_primacialny-palac_Primacialny-palac_celny-pohlad-scaled.jpg 2560w, https:\/\/www.visitbratislava.com\/wp-content\/uploads\/2023\/05\/Velcek_2021_primacialny-palac_Primacialny-palac_celny-pohlad-400x267.jpg 400w, https:\/\/www.visitbratislava.com\/wp-content\/uploads\/2023\/05\/Velcek_2021_primacialny-palac_Primacialny-palac_celny-pohlad-800x534.jpg 800w, https:\/\/www.visitbratislava.com\/wp-content\/uploads\/2023\/05\/Velcek_2021_primacialny-palac_Primacialny-palac_celny-pohlad-768x513.jpg 768w, https:\/\/www.visitbratislava.com\/wp-content\/uploads\/2023\/05\/Velcek_2021_primacialny-palac_Primacialny-palac_celny-pohlad-1536x1026.jpg 1536w, https:\/\/www.visitbratislava.com\/wp-content\/uploads\/2023\/05\/Velcek_2021_primacialny-palac_Primacialny-palac_celny-pohlad-2048x1368.jpg 2048w, https:\/\/www.visitbratislava.com\/wp-content\/uploads\/2023\/05\/Velcek_2021_primacialny-palac_Primacialny-palac_celny-pohlad-200x134.jpg 200w\" sizes=\"(max-width: 2560px) 100vw, 2560px\" \/><\/p>\n<h3>Bunker B-S 4 L\u00e1ny \u2013 Museum der tschechoslowakischen Befestigungsanlagen<\/h3>\n<p><strong>Das Programm:<\/strong><br \/>\n\ud83d\udde3\ufe0f10.00 \u2013 24.00 Uhr Kommentierte Festungsf\u00fchrungen st\u00fcndlich (Dauer ca. 45 Min.), bei mehreren F\u00fchrungen halbst\u00fcndlich<\/p>\n<p>Ausstellung von Schusswaffen aus der Zeit des 2. Jahrhunderts. Kriege<\/p>\n<p>Der Bunker B-S 4 \u201eL\u00e1ny\u201c ist das am besten rekonstruierte Objekt der tschechoslowakischen Befestigungsanlagen von 1936-1938 in der Slowakei. Der originell eingerichtete Innenraum, einschlie\u00dflich des massiven Au\u00dfensystems aus Panzer- und Personenhindernissen, bietet nicht nur Liebhabern von Milit\u00e4rgeschichte und Milit\u00e4rtechnik eine einzigartige Atmosph\u00e4re.<\/p>\n<p>Enthusiasten, die diesen Bunker seit 13 Jahren in seinen Originalzustand von 1938 rekonstruieren, stellen Ihnen bei einer F\u00fchrung auf zwei Etagen die besondere Innenausstattung, Schie\u00dfr\u00e4ume, funktionsf\u00e4higen Maschinen- und Filterraum, Mannschaftsunterk\u00fcnfte, Lagerhallen und die Waffenausstellung vor des Milit\u00e4rbunkers.<\/p>\n<p>In der Slowakei handelt es sich um ein einzigartiges Museum, das ein einzigartiges Erlebnis bietet.<\/p>\n<p><strong>Ge\u00f6ffnet:<\/strong> 10:00 &#8211; 12:00 Uhr (Einlass jede halbe Stunde, letzter Einlass 23:00 Uhr)<\/p>\n<h3>Bunker B-S 6 Vrba<\/h3>\n<p><strong>Das Programm:<\/strong><br \/>\nDer Bunker B-S 6 VRBA ist eine der \u00e4ltesten Befestigungsanlagen der ersten Tschechoslowakischen Republik. Beim Besuch des Museums k\u00f6nnen Sie eine einzigartige Ausstellung der tschechoslowakischen Befestigungsanlagen aus den 1930er Jahren besichtigen. F\u00fchrer in historischen Uniformen sorgen f\u00fcr Abwechslung in der n\u00e4chtlichen Atmosph\u00e4re.<\/p>\n<p><strong>Ge\u00f6ffnet:<\/strong> 15.00 \u2013 23.00 Uhr<\/p>\n<p><img loading=\"lazy\" width=\"2048\" height=\"1536\" class=\"alignnone size-full wp-image-7387\" src=\"https:\/\/www.visitbratislava.com\/wp-content\/uploads\/2015\/07\/bunker.jpg\" alt=\"\" srcset=\"https:\/\/www.visitbratislava.com\/wp-content\/uploads\/2015\/07\/bunker.jpg 2048w, https:\/\/www.visitbratislava.com\/wp-content\/uploads\/2015\/07\/bunker-400x300.jpg 400w, https:\/\/www.visitbratislava.com\/wp-content\/uploads\/2015\/07\/bunker-800x600.jpg 800w, https:\/\/www.visitbratislava.com\/wp-content\/uploads\/2015\/07\/bunker-200x150.jpg 200w\" sizes=\"(max-width: 2048px) 100vw, 2048px\" \/><\/p>\n","protected":false},"excerpt":{"rendered":"<p>Nur an diesem Tag und in der Nacht k\u00f6nnen Besucher in Museen und Galerien bis Mitternacht bleiben, um Kunstwerke zu bewundern und ein exquisites Programm zu genie\u00dfen<\/p>\n","protected":false},"author":32,"featured_media":275030,"parent":137576,"menu_order":0,"comment_status":"closed","ping_status":"closed","template":"","meta":[],"acf":[],"_links":{"self":[{"href":"https:\/\/www.visitbratislava.com\/de\/wp-json\/wp\/v2\/pages\/137582"}],"collection":[{"href":"https:\/\/www.visitbratislava.com\/de\/wp-json\/wp\/v2\/pages"}],"about":[{"href":"https:\/\/www.visitbratislava.com\/de\/wp-json\/wp\/v2\/types\/page"}],"author":[{"embeddable":true,"href":"https:\/\/www.visitbratislava.com\/de\/wp-json\/wp\/v2\/users\/32"}],"replies":[{"embeddable":true,"href":"https:\/\/www.visitbratislava.com\/de\/wp-json\/wp\/v2\/comments?post=137582"}],"version-history":[{"count":7,"href":"https:\/\/www.visitbratislava.com\/de\/wp-json\/wp\/v2\/pages\/137582\/revisions"}],"predecessor-version":[{"id":293768,"href":"https:\/\/www.visitbratislava.com\/de\/wp-json\/wp\/v2\/pages\/137582\/revisions\/293768"}],"up":[{"embeddable":true,"href":"https:\/\/www.visitbratislava.com\/de\/wp-json\/wp\/v2\/pages\/137576"}],"wp:featuredmedia":[{"embeddable":true,"href":"https:\/\/www.visitbratislava.com\/de\/wp-json\/wp\/v2\/media\/275030"}],"wp:attachment":[{"href":"https:\/\/www.visitbratislava.com\/de\/wp-json\/wp\/v2\/media?parent=137582"}],"curies":[{"name":"wp","href":"https:\/\/api.w.org\/{rel}","templated":true}]}}