{"id":137588,"date":"2022-05-11T18:17:33","date_gmt":"2022-05-11T16:17:33","guid":{"rendered":"https:\/\/www.visitbratislava.com\/?page_id=137588"},"modified":"2022-05-11T18:17:33","modified_gmt":"2022-05-11T16:17:33","slug":"nacht-der-museen-und-galerien-soll-bratislava-einhuellen","status":"publish","type":"page","link":"https:\/\/www.visitbratislava.com\/de\/nacht-der-museen-und-galerien\/nacht-der-museen-und-galerien-soll-bratislava-einhuellen\/","title":{"rendered":"Nacht der Museen und Galerien soll Bratislava einh\u00fcllen"},"content":{"rendered":"<p>Die Nacht der Museen und Galerien in der Slowakei ist mit dem Fest der Museen auf der ganzen Welt verbunden \u2013 dem Internationalen Tag der Museen, an dem die Museen die \u00d6ffentlichkeit daran erinnern, dass sie hier sind, um sich an den Reichtum unseres kulturellen Erbes zu erinnern, an seine Bedeutung f\u00fcr das Wissen unserer Pilgerreise, wonach wir dem Wissen folgen, woher wir kommen, wer wir sind und wohin wir gehen.<\/p>\n<p><img loading=\"lazy\" width=\"1920\" height=\"1280\" class=\"aligncenter size-full wp-image-137471\" src=\"https:\/\/www.visitbratislava.com\/wp-content\/uploads\/2022\/05\/danubiana-2_1920x1280.jpg\" alt=\"\" srcset=\"https:\/\/www.visitbratislava.com\/wp-content\/uploads\/2022\/05\/danubiana-2_1920x1280.jpg 1920w, https:\/\/www.visitbratislava.com\/wp-content\/uploads\/2022\/05\/danubiana-2_1920x1280-400x267.jpg 400w, https:\/\/www.visitbratislava.com\/wp-content\/uploads\/2022\/05\/danubiana-2_1920x1280-800x533.jpg 800w, https:\/\/www.visitbratislava.com\/wp-content\/uploads\/2022\/05\/danubiana-2_1920x1280-768x512.jpg 768w, https:\/\/www.visitbratislava.com\/wp-content\/uploads\/2022\/05\/danubiana-2_1920x1280-1536x1024.jpg 1536w, https:\/\/www.visitbratislava.com\/wp-content\/uploads\/2022\/05\/danubiana-2_1920x1280-200x133.jpg 200w\" sizes=\"(max-width: 1920px) 100vw, 1920px\" \/><\/p>\n<p>Die gesamteurop\u00e4ische Nacht unter der Schirmherrschaft des Europarates, um das kulturelle Erbe so weit wie m\u00f6glich zu pr\u00e4sentieren, hat in kurzer Zeit eine gro\u00dfe Popularit\u00e4t erlangt und zieht jedes Jahr eine gro\u00dfe Anzahl von Besuchern an. Die 18. Ausgabe der Nacht der Museen und Galerien findet am Samstag, den 14. Mai, an einem Tag in der ganzen Slowakei statt. Die T\u00fcren von Museen und Galerien bleiben bis sp\u00e4t am Abend und nachts f\u00fcr Besucher ge\u00f6ffnet, damit sie die Ausstellungen sehen k\u00f6nnen.<\/p>\n<p><img loading=\"lazy\" width=\"1920\" height=\"1280\" class=\"aligncenter size-full wp-image-137477\" src=\"https:\/\/www.visitbratislava.com\/wp-content\/uploads\/2022\/05\/muzeum-vinohradnictva-2-1_1920x1280.jpg\" alt=\"\" srcset=\"https:\/\/www.visitbratislava.com\/wp-content\/uploads\/2022\/05\/muzeum-vinohradnictva-2-1_1920x1280.jpg 1920w, https:\/\/www.visitbratislava.com\/wp-content\/uploads\/2022\/05\/muzeum-vinohradnictva-2-1_1920x1280-400x267.jpg 400w, https:\/\/www.visitbratislava.com\/wp-content\/uploads\/2022\/05\/muzeum-vinohradnictva-2-1_1920x1280-800x533.jpg 800w, https:\/\/www.visitbratislava.com\/wp-content\/uploads\/2022\/05\/muzeum-vinohradnictva-2-1_1920x1280-768x512.jpg 768w, https:\/\/www.visitbratislava.com\/wp-content\/uploads\/2022\/05\/muzeum-vinohradnictva-2-1_1920x1280-1536x1024.jpg 1536w, https:\/\/www.visitbratislava.com\/wp-content\/uploads\/2022\/05\/muzeum-vinohradnictva-2-1_1920x1280-200x133.jpg 200w\" sizes=\"(max-width: 1920px) 100vw, 1920px\" \/><\/p>\n<p>Die Aktivit\u00e4ten von Museen und Galerien zielen haupts\u00e4chlich darauf ab, das traditionelle Angebot an Museen und Aktivit\u00e4ten zu erweitern, die das ganze Jahr \u00fcber vor der \u00d6ffentlichkeit verborgen bleiben. Die Depot-Besichtigungen, Restaurierungsvorf\u00fchrungen, fachkundige Beratung in verschiedenen Bereichen von den k\u00fcnstlerischen bis zu den Naturwissenschaften oder Nachtf\u00fchrungen von Ausstellungen mit einer auff\u00e4lligen Interpretation der Kuratoren sind Aktivit\u00e4ten, die der \u00d6ffentlichkeit helfen werden, auch durch die auf diese Weise gewonnenen Kenntnisse und Informationen die Bedeutung von Museen und Galerien und ihre Rolle bei der Erhaltung, dem Schutz und der Zug\u00e4nglichkeit des kulturellen Erbes besser zu verstehen.<\/p>\n<p>Der Beschluss zur Gr\u00fcndung des Internationaler Museumstages wurde 1977 von der Generalkonferenz des Internationalen Museumsrates (ICOM) in Moskau gefasst. Die Entschlie\u00dfung zur Einrichtung des Internationalen Museumstages am 18. Mai wurde von 108 nationalen Aussch\u00fcssen unterst\u00fctzt. Vor achtzehn Jahren hat die franz\u00f6sische Initiative zur Gr\u00fcndung der Nuit europ\u00e9enne des mus\u00e9es auch versucht, die Bedeutung des IMT zu f\u00f6rdern. Die Europ\u00e4ische Nacht der Museen findet unter der Schirmherrschaft des Europarates statt.<\/p>\n<p>Die Veranstaltung sollte das kulturelle Erbe, die Bedeutung seiner Erhaltung und seines Schutzes f\u00fcr den kulturellen Austausch, die Verbreitung von Informationen \u00fcber die kulturelle Vielfalt der einzelnen L\u00e4nder und Regionen Europas, die informelle Bildung und die kultivierte Entspannung darstellen.<\/p>\n<p><img loading=\"lazy\" width=\"1920\" height=\"1280\" class=\"aligncenter size-full wp-image-137483\" src=\"https:\/\/www.visitbratislava.com\/wp-content\/uploads\/2022\/05\/stare-mesto-noc-5_1920x1280.jpg\" alt=\"\" srcset=\"https:\/\/www.visitbratislava.com\/wp-content\/uploads\/2022\/05\/stare-mesto-noc-5_1920x1280.jpg 1920w, https:\/\/www.visitbratislava.com\/wp-content\/uploads\/2022\/05\/stare-mesto-noc-5_1920x1280-400x267.jpg 400w, https:\/\/www.visitbratislava.com\/wp-content\/uploads\/2022\/05\/stare-mesto-noc-5_1920x1280-800x533.jpg 800w, https:\/\/www.visitbratislava.com\/wp-content\/uploads\/2022\/05\/stare-mesto-noc-5_1920x1280-768x512.jpg 768w, https:\/\/www.visitbratislava.com\/wp-content\/uploads\/2022\/05\/stare-mesto-noc-5_1920x1280-1536x1024.jpg 1536w, https:\/\/www.visitbratislava.com\/wp-content\/uploads\/2022\/05\/stare-mesto-noc-5_1920x1280-200x133.jpg 200w\" sizes=\"(max-width: 1920px) 100vw, 1920px\" \/><\/p>\n<p>W\u00e4hrend der Nacht der Museen und Galerien konzentrieren sich Museen und Galerien auf das, was das ganze Jahr \u00fcber vor der \u00d6ffentlichkeit verborgen bleibt. Damals \u00f6ffnen Museen ihre &#8222;versteckten&#8220; R\u00e4ume f\u00fcr die \u00d6ffentlichkeit und enth\u00fcllen Geheimnisse, die vor den Augen der \u00d6ffentlichkeit verborgen sind. Das Ziel dieser Nacht ist es, das traditionelle Angebot an Museen mit Aktivit\u00e4ten zu erweitern, die sonst von den Augen der Besucher versteckt werden. Auf diese Weise kann das Publikum in die Geheimnisse der &#8222;Museumsk\u00fcche&#8220; eindringen. Die \u201eAufdeckung von Geheimnissen\u201c hilft auch der \u00d6ffentlichkeit, die Bedeutung von Museen f\u00fcr die Erhaltung des kulturellen und nat\u00fcrlichen Erbes, das in Museen und Galerien bewahrt wird, durch das erworbene Wissen und die Informationen besser zu verstehen.<\/p>\n<p><img loading=\"lazy\" width=\"1920\" height=\"1280\" class=\"aligncenter size-full wp-image-137489\" src=\"https:\/\/www.visitbratislava.com\/wp-content\/uploads\/2022\/05\/vyhlad.-hrad-noc_1920x1280.jpg\" alt=\"\" srcset=\"https:\/\/www.visitbratislava.com\/wp-content\/uploads\/2022\/05\/vyhlad.-hrad-noc_1920x1280.jpg 1920w, https:\/\/www.visitbratislava.com\/wp-content\/uploads\/2022\/05\/vyhlad.-hrad-noc_1920x1280-400x267.jpg 400w, https:\/\/www.visitbratislava.com\/wp-content\/uploads\/2022\/05\/vyhlad.-hrad-noc_1920x1280-800x533.jpg 800w, https:\/\/www.visitbratislava.com\/wp-content\/uploads\/2022\/05\/vyhlad.-hrad-noc_1920x1280-768x512.jpg 768w, https:\/\/www.visitbratislava.com\/wp-content\/uploads\/2022\/05\/vyhlad.-hrad-noc_1920x1280-1536x1024.jpg 1536w, https:\/\/www.visitbratislava.com\/wp-content\/uploads\/2022\/05\/vyhlad.-hrad-noc_1920x1280-200x133.jpg 200w\" sizes=\"(max-width: 1920px) 100vw, 1920px\" \/><\/p>\n<p>Am zweiten Samstag im Mai k\u00f6nnen Sie dies in Bratislava tun, z.B. in verschiedenen Museen des Slowakischen Nationalmuseums (Naturhistorisches Museum, Historisches Museum, Arch\u00e4ologisches Museum, Musikmuseum, Museum der ungarischen Kultur in der Slowakei, Museum der Karpatendeutschen, Museum der J\u00fcdischen Kultur sowie Museum der kroatischen Kultur in der Slowakei), in der Slowakischen Nationalgalerie, in Ausstellungen des Museums der Stadt Bratislava im Gerulata-Museum, auf der Burg Dev\u00edn, im Alten Rathaus, im Palais Apponyi, im Museum Johann Nepomuk Hummel, im Museum Arthur Fleischmann, Pharmazeutisches Museum und im Uhrenmuseum, im Palais Mirbach und Palais P\u00e1lffy der St\u00e4dtische Galerie Bratislava, sowie in der Altst\u00e4tter Galerie Zichy, in der Design-Galerie Satelit, im Eisenbahnmuseum, in der Galerie \u00da\u013dUV, im Internationalem Haus der Kunst f\u00fcr Kinder Bibiana, in der Kunsthalle Bratislava, im Mitteleurop\u00e4ischen Haus der Fotografie, im Museum der Tschechoslowakisher Befestigungslagen, Museum f\u00fcr Erziehung und P\u00e4dagogik, Museum f\u00fcr Handel, Museum f\u00fcr Zoll- und Finanzverwaltung, im Nationalen Erbauungszentrum, in der Nedbalka Galerie, im Polizeimuseum, im Slowakischen Designzentrum, im Slowakischen Olympischen und Sportmuseum, im Tschechischen Zentrum Bratislava, in der Umelka Galerie, in der Universit\u00e4tsbibliothek Bratislava, im Verkehrsmuseum oder im Wasserwerkmuseum. Der einheitliche Eintritt betr\u00e4gt 5 Euro.<\/p>\n<p>Entdecken Sie an diesem Tag und vor allem in dieser Nacht die Sch\u00e4tze der Museen und Galerien, ihre Programme, Ausstellungen und verschiedene Veranstaltungen. Historische und moderne R\u00e4ume von Dutzenden von Museen, Galerien, Ausstellungsorten, Pal\u00e4sten und anderen Denkm\u00e4lern werden Bratislava und slowakischen kulturellen Reichtum aus einem unkonventionellen Blickwinkel zeigen.<\/p>\n<p><img loading=\"lazy\" width=\"1920\" height=\"1280\" class=\"aligncenter size-full wp-image-137495\" src=\"https:\/\/www.visitbratislava.com\/wp-content\/uploads\/2022\/05\/KUVYT_Danubiana_BTB_BN2020_martina_mlcuchova-24_1920x1280.jpg\" alt=\"\" srcset=\"https:\/\/www.visitbratislava.com\/wp-content\/uploads\/2022\/05\/KUVYT_Danubiana_BTB_BN2020_martina_mlcuchova-24_1920x1280.jpg 1920w, https:\/\/www.visitbratislava.com\/wp-content\/uploads\/2022\/05\/KUVYT_Danubiana_BTB_BN2020_martina_mlcuchova-24_1920x1280-400x267.jpg 400w, https:\/\/www.visitbratislava.com\/wp-content\/uploads\/2022\/05\/KUVYT_Danubiana_BTB_BN2020_martina_mlcuchova-24_1920x1280-800x533.jpg 800w, https:\/\/www.visitbratislava.com\/wp-content\/uploads\/2022\/05\/KUVYT_Danubiana_BTB_BN2020_martina_mlcuchova-24_1920x1280-768x512.jpg 768w, https:\/\/www.visitbratislava.com\/wp-content\/uploads\/2022\/05\/KUVYT_Danubiana_BTB_BN2020_martina_mlcuchova-24_1920x1280-1536x1024.jpg 1536w, https:\/\/www.visitbratislava.com\/wp-content\/uploads\/2022\/05\/KUVYT_Danubiana_BTB_BN2020_martina_mlcuchova-24_1920x1280-200x133.jpg 200w\" sizes=\"(max-width: 1920px) 100vw, 1920px\" \/><\/p>\n","protected":false},"excerpt":{"rendered":"<p>Mitte Mai werden die Tore von Museen und Galerien in ganz Bratislava bis sp\u00e4t ge\u00f6ffnet bleiben. Auch die Lange Nacht der Museen bietet ein vielf\u00e4ltiges Rahmenprogramm<\/p>\n","protected":false},"author":32,"featured_media":137465,"parent":137576,"menu_order":0,"comment_status":"closed","ping_status":"closed","template":"","meta":[],"acf":[],"_links":{"self":[{"href":"https:\/\/www.visitbratislava.com\/de\/wp-json\/wp\/v2\/pages\/137588"}],"collection":[{"href":"https:\/\/www.visitbratislava.com\/de\/wp-json\/wp\/v2\/pages"}],"about":[{"href":"https:\/\/www.visitbratislava.com\/de\/wp-json\/wp\/v2\/types\/page"}],"author":[{"embeddable":true,"href":"https:\/\/www.visitbratislava.com\/de\/wp-json\/wp\/v2\/users\/32"}],"replies":[{"embeddable":true,"href":"https:\/\/www.visitbratislava.com\/de\/wp-json\/wp\/v2\/comments?post=137588"}],"version-history":[{"count":1,"href":"https:\/\/www.visitbratislava.com\/de\/wp-json\/wp\/v2\/pages\/137588\/revisions"}],"predecessor-version":[{"id":137589,"href":"https:\/\/www.visitbratislava.com\/de\/wp-json\/wp\/v2\/pages\/137588\/revisions\/137589"}],"up":[{"embeddable":true,"href":"https:\/\/www.visitbratislava.com\/de\/wp-json\/wp\/v2\/pages\/137576"}],"wp:featuredmedia":[{"embeddable":true,"href":"https:\/\/www.visitbratislava.com\/de\/wp-json\/wp\/v2\/media\/137465"}],"wp:attachment":[{"href":"https:\/\/www.visitbratislava.com\/de\/wp-json\/wp\/v2\/media?parent=137588"}],"curies":[{"name":"wp","href":"https:\/\/api.w.org\/{rel}","templated":true}]}}