{"id":139706,"date":"2022-05-30T12:49:54","date_gmt":"2022-05-30T10:49:54","guid":{"rendered":"https:\/\/www.visitbratislava.com\/?page_id=139706"},"modified":"2024-02-15T14:32:33","modified_gmt":"2024-02-15T13:32:33","slug":"entlang-der-donau-promenade","status":"publish","type":"page","link":"https:\/\/www.visitbratislava.com\/de\/fahrradausfluege\/entlang-der-donau-promenade\/","title":{"rendered":"Entlang der Donau-Promenade"},"content":{"rendered":"<p>Auf dieser Route entdecken sie die turbulente Geschichte der Uferviertel, ihre Transformationen, Br\u00fccken, Str\u00e4nde, Parks und Panoramaausblicke. Es erwartet sie eine bequeme Fahrt ohne Steigung und Autoverkehr entlang der sch\u00f6nen blauen Donau!<\/p>\n<hr \/>\n<p><strong>Start:<\/strong> Platz Rybn\u00e9 n\u00e1mestie<br \/>\n<strong>L\u00e4nge:<\/strong> 13,8 km<br \/>\n<strong>Ausflugsdauer (mit Pausen):<\/strong> 2 Stunden<br \/>\n<strong>Relief:<\/strong> flach<br \/>\n<strong>Gel\u00e4nde:<\/strong> 97 % befestigt, 3 % urspr\u00fcnglich<br \/>\n<strong>Im Stra\u00dfenverkehr:<\/strong> 10 %<br \/>\n<strong>Schwierigkeitsgrad:<\/strong> leicht<br \/>\n<strong>Bikesharing:<\/strong> ja<br \/>\n<a href=\"https:\/\/www.visitbratislava.com\/wp-content\/uploads\/2024\/02\/2-Okolo-Dunaja.gpx\" target=\"_blank\" rel=\"noopener\">Laden Sie die GPX-Datei hier herunter<\/a><\/p>\n<hr \/>\n<p>Die majest\u00e4tische <strong>Br\u00fccke Most SNP (A)<\/strong> f\u00fchrt Sie aus dem Stadtzentrum, sie ist nicht zu \u00fcbersehen. Sie fahren entlang der Promenade Richtung Westen. Die Burg Bratislava erhebt sich auf dem Felsen rechts, das Wasser der Donau flie\u00dft linkerhand. <strong>Star\u00e1 Vydrica (B)<\/strong> und <strong>Zuckermandel (C)<\/strong> weichen bis auf wenige historische H\u00e4user mit Wasserturm einer neuen \u00c4ra. An die Geschichte erinnert auf der anderen Seite auch das Mausoleum des bekannten j\u00fcdischen Rabbiners <strong>Chatam Sofer (D)<\/strong> und der nahezu vergessene <strong>Nikolaus-Friedhof (Mikul\u00e1\u0161sky <\/strong><strong>cintor\u00edn) (E)<\/strong>. Sie fahren durch den modernen <strong>River-Park (F)<\/strong> und den ehemaligen PKO (Kultur- und Erholungspark).<\/p>\n<p>Lassen Sie sich hinter der Br\u00fccke Most Lanfranconi durch die vielfarbige Flora vom <strong>Botanischen Garten (G)<\/strong> bezaubern. Das Donauwasser wird in der gr\u00fcnen Oase des Karlova-Ves- Armes ruhiger. Am besten k\u00f6nnen Sie es mit einem Glas in der Hand im legend\u00e4ren <strong>Mark Twain (H)<\/strong> nachempfinden. Nach der \u00dcberquerung des Flusses zum S\u00fcdufer \u00fcber die <strong>Br\u00fccke Most Lanfranconi (I)<\/strong> entdecken Sie die unter den Baumwipfeln die versteckten unber\u00fchrten Kiesstr\u00e4nde der <strong>Pe\u010d\u0148a Riviera (J)<\/strong>.<\/p>\n<p>Eine betonierte Radautobahn f\u00fchrt Sie zur\u00fcck in die Innenstadt. Vor der Br\u00fccke Most SNP auf der linken Seite sehen Sie den funktionalistischen <strong>Slowakischen Ruderklub (K)<\/strong> in Form eines Bootes. Rechterhand hinter einem der ersten Restaurants in Bratislava, <strong>Leberfinger (L)<\/strong>, befindet sich der wundersch\u00f6ne Stadtpark <strong>Sad J. Kr\u00e1\u013ea (M)<\/strong>, links ist die <strong>Tirsch-Uferpromenade (N)<\/strong> mit ihren spektakul\u00e4ren Aussichten. Hinter dem eleganten <strong>Theater Ar\u00e9na (O)<\/strong> fahren Sie unter der Br\u00fccke Star\u00fd most und zwischen Werften und G\u00e4rten hindurch, die bald Neubauten weichen werden.<\/p>\n<p>Sie \u00fcberqueren die Donau wieder \u00fcber die <strong>Br\u00fccke Most Apollo (P)<\/strong>. Der Kontrast der neuesten Architektur mit der Rauheit von Kr\u00e4nen und riesigen Schiffen im <strong>Winterhafen (R)<\/strong> ist faszinierend. Der Platz N\u00e1mestie M. R. \u0160tef\u00e1nika in der N\u00e4he von <strong>Eurovea (S)<\/strong> wird von einer Skulptur dieses Staatsmanns, der Kuppel des Lagerhauses Nr. 7, dem Halbkreis des Neubaus des Slowakischen Nationaltheaters und einer pulsierenden Promenade dominiert.<\/p>\n<p><em>Wenn Sie auf Ihrem Handy auf \u201eZobrazi\u0165 na Mapy.cz\u201c klicken und die App herunterladen, k\u00f6nnen Sie die Navigation direkt basierend auf Ihrem Standort verwenden. Genie\u00dfen Sie die Route!<\/em><\/p>\n<p><iframe style=\"border: none;\" src=\"https:\/\/sk.frame.mapy.cz\/s\/gapofesuzu\" width=\"800\" height=\"400\" frameborder=\"0\"><\/iframe><\/p>\n","protected":false},"excerpt":{"rendered":"<p>Bratislava, die Sch\u00f6nheit an der Donau. So wird sie genannt. Ist sie es? Bratislava und die Donau sind durch Jahrhunderte der Geschichte verbunden. Der Fluss war f\u00fcr die Stadt zugleich eine Bedrohung und ein Geschenk<\/p>\n","protected":false},"author":32,"featured_media":106336,"parent":125848,"menu_order":0,"comment_status":"closed","ping_status":"closed","template":"","meta":[],"acf":[],"_links":{"self":[{"href":"https:\/\/www.visitbratislava.com\/de\/wp-json\/wp\/v2\/pages\/139706"}],"collection":[{"href":"https:\/\/www.visitbratislava.com\/de\/wp-json\/wp\/v2\/pages"}],"about":[{"href":"https:\/\/www.visitbratislava.com\/de\/wp-json\/wp\/v2\/types\/page"}],"author":[{"embeddable":true,"href":"https:\/\/www.visitbratislava.com\/de\/wp-json\/wp\/v2\/users\/32"}],"replies":[{"embeddable":true,"href":"https:\/\/www.visitbratislava.com\/de\/wp-json\/wp\/v2\/comments?post=139706"}],"version-history":[{"count":4,"href":"https:\/\/www.visitbratislava.com\/de\/wp-json\/wp\/v2\/pages\/139706\/revisions"}],"predecessor-version":[{"id":280889,"href":"https:\/\/www.visitbratislava.com\/de\/wp-json\/wp\/v2\/pages\/139706\/revisions\/280889"}],"up":[{"embeddable":true,"href":"https:\/\/www.visitbratislava.com\/de\/wp-json\/wp\/v2\/pages\/125848"}],"wp:featuredmedia":[{"embeddable":true,"href":"https:\/\/www.visitbratislava.com\/de\/wp-json\/wp\/v2\/media\/106336"}],"wp:attachment":[{"href":"https:\/\/www.visitbratislava.com\/de\/wp-json\/wp\/v2\/media?parent=139706"}],"curies":[{"name":"wp","href":"https:\/\/api.w.org\/{rel}","templated":true}]}}