{"id":139709,"date":"2022-05-30T13:13:43","date_gmt":"2022-05-30T11:13:43","guid":{"rendered":"https:\/\/www.visitbratislava.com\/?page_id=139709"},"modified":"2024-02-15T16:10:02","modified_gmt":"2024-02-15T15:10:02","slug":"die-stadthuegel-und-panoramen","status":"publish","type":"page","link":"https:\/\/www.visitbratislava.com\/de\/fahrradausfluege\/die-stadthuegel-und-panoramen\/","title":{"rendered":"Die Stadth\u00fcgel und Panoramen"},"content":{"rendered":"<p>Sie k\u00f6nnen den wilden Bergpark, das monumentale Slav\u00edn-Denkmal und die Burg Bratislava entdecken.<\/p>\n<hr \/>\n<p><strong>Start:<\/strong> Platz Hod\u017eovo n\u00e1mestie<br \/>\n<strong>L\u00e4nge:<\/strong> 6,7 km<br \/>\n<strong>Ausflugsdauer (mit Pausen):<\/strong> 2 Stunden<br \/>\n<strong>Relief:<\/strong> h\u00fcgelig\/H\u00f6henunterschied: 175 m<br \/>\n<strong>Gel\u00e4nde:<\/strong> 100 % befestigt<br \/>\n<strong>Im Stra\u00dfenverkehr:<\/strong> 73 %<br \/>\n<strong>Schwierigkeitsgrad:<\/strong> mittel<br \/>\n<strong>Bikesharing:<\/strong> ja<br \/>\n<a href=\"https:\/\/www.visitbratislava.com\/wp-content\/uploads\/2024\/02\/3-Kopce-mesta-a-panoramy.gpx\" target=\"_blank\" rel=\"noopener\">Laden Sie die GPX-Datei hier herunter<\/a><\/p>\n<hr \/>\n<p>Die Route beginnt am <strong>Platz Hod\u017eovo n\u00e1mestie (A)<\/strong> im Stadtzentrum. Die Stra\u00dfe Palis\u00e1dy, die zur Burg Bratislava f\u00fchrt, war Ende des 19. Jahrhunderts das Aush\u00e4ngeschild der besseren Gesellschaft von Pressburg. Reiche B\u00fcrgerh\u00e4user begleiten Sie auch durch die Seitenstra\u00dfen.<\/p>\n<p>In der Stra\u00dfe Hlbok\u00e1 cesta sind zwei pr\u00e4chtige Geb\u00e4ude nicht zu \u00fcbersehen. Das ehemalige Sanatorium linkerhand wurde zu einem Restaurant und Wohnungen umgebaut. Rechts von ihm steht ein elegantes Grundschulgeb\u00e4ude aus rotem Backstein, das ehemalige <strong>Waisenhaus (B)<\/strong>. Hier beginnt eine Steigung ohne Verkehr. Der Weg Hlbok\u00e1 cesta wurde bereits im 15. Jahrhundert in den Felsen gehauen.<\/p>\n<p>Stellen Sie die Fahrr\u00e4der bei der Felsentreppe rechts von der Stra\u00dfe ab und entdecken Sie den wahrscheinlich ruhigsten Ort in Bratislava. Die <strong>H\u00f6hle von Lourdes (C)<\/strong> wurde 1889 in einem ehemaligen Steinbruch von einer einst hier lebenden Gr\u00e4fin nach ihrem Besuch in Lourdes in Frankreich<br \/>\ngegr\u00fcndet.<\/p>\n<p>Erfrischen Sie sich in der legend\u00e4ren <strong>Kneipe Funus (D)<\/strong> oder etwas weiter im gem\u00fctlichem <strong>Forsthaus Horsk\u00fd park (E)<\/strong>. Die Stra\u00dfe Novosvetsk\u00e1 ulica f\u00fchrt Sie zum Denkmal der gefallenen sowjetischen Soldaten <strong>Slav\u00edn (F)<\/strong>. Die Aussicht nach Osten und S\u00fcden ist einzigartig. Steigen Sie jedoch im Slav\u00edn-Areal vom Fahrrad ab, Radfahren ist hier nicht erlaubt.<\/p>\n<p>Folgen Sie dem Weg mit dem Panorama der Burg Bratislava zu Ihrer Linken. Von der Stra\u00dfe Radvansk\u00e1 ulica breiten sich vor Ihnen <strong>neue Ausblicke (G)<\/strong> Richtung Westen, die Donau und \u00d6sterreich aus. Es geht bergab zur <strong>Bratislavaer Burg (H)<\/strong>. Schlie\u00dfen Sie Ihr Fahrrad vor dem Parlament ab und gehen Sie zur Terrasse oder in das Burg-Areal mit Blick auf den Fluss und die Altstadt.<\/p>\n<p>Steigen Sie in die Stadt entlang der Burgmauern ab. Achten Sie auf die Fu\u00dfg\u00e4nger und die Pflastersteine. \u00dcber die Judenstra\u00dfe Stra\u00dfe \u017didovsk\u00e1 ulica kehren Sie mit Blick auf den majest\u00e4tischen <strong>St. Martinsdom (I)<\/strong>, die Stadtmauern und das <strong>Kapuzinerkloster (J)<\/strong> zum Ausgangspunkt zur\u00fcck.<\/p>\n<p><em>Wenn Sie auf Ihrem Handy auf \u201eZobrazi\u0165 na Mapy.cz\u201c klicken und die App herunterladen, k\u00f6nnen Sie die Navigation direkt basierend auf Ihrem Standort verwenden. Genie\u00dfen Sie die Route!<\/em><\/p>\n<p><iframe style=\"border: none;\" src=\"https:\/\/sk.frame.mapy.cz\/s\/huzomofafu\" width=\"800\" height=\"400\" frameborder=\"0\"><span data-mce-type=\"bookmark\" style=\"display: inline-block; width: 0px; overflow: hidden; line-height: 0;\" class=\"mce_SELRES_start\">\ufeff<\/span><\/iframe><\/p>\n","protected":false},"excerpt":{"rendered":"<p>Wenn sie Lust haben, Bratislava aus der H\u00f6he zu betrachten und keine Angst vor H\u00fcgeln haben, ist diese Route genau das richtige f\u00fcr Sie. Nur wenige Strassen und H\u00f6henmeter oberhalb des Stadtzentrums erwarten sie ruhige Stadtviertel mit sch\u00f6nen Aussichten und viel Gr\u00fcn<\/p>\n","protected":false},"author":32,"featured_media":106344,"parent":125848,"menu_order":0,"comment_status":"closed","ping_status":"closed","template":"","meta":[],"acf":[],"_links":{"self":[{"href":"https:\/\/www.visitbratislava.com\/de\/wp-json\/wp\/v2\/pages\/139709"}],"collection":[{"href":"https:\/\/www.visitbratislava.com\/de\/wp-json\/wp\/v2\/pages"}],"about":[{"href":"https:\/\/www.visitbratislava.com\/de\/wp-json\/wp\/v2\/types\/page"}],"author":[{"embeddable":true,"href":"https:\/\/www.visitbratislava.com\/de\/wp-json\/wp\/v2\/users\/32"}],"replies":[{"embeddable":true,"href":"https:\/\/www.visitbratislava.com\/de\/wp-json\/wp\/v2\/comments?post=139709"}],"version-history":[{"count":3,"href":"https:\/\/www.visitbratislava.com\/de\/wp-json\/wp\/v2\/pages\/139709\/revisions"}],"predecessor-version":[{"id":281019,"href":"https:\/\/www.visitbratislava.com\/de\/wp-json\/wp\/v2\/pages\/139709\/revisions\/281019"}],"up":[{"embeddable":true,"href":"https:\/\/www.visitbratislava.com\/de\/wp-json\/wp\/v2\/pages\/125848"}],"wp:featuredmedia":[{"embeddable":true,"href":"https:\/\/www.visitbratislava.com\/de\/wp-json\/wp\/v2\/media\/106344"}],"wp:attachment":[{"href":"https:\/\/www.visitbratislava.com\/de\/wp-json\/wp\/v2\/media?parent=139709"}],"curies":[{"name":"wp","href":"https:\/\/api.w.org\/{rel}","templated":true}]}}