{"id":139716,"date":"2022-05-30T13:41:59","date_gmt":"2022-05-30T11:41:59","guid":{"rendered":"https:\/\/www.visitbratislava.com\/?page_id=139716"},"modified":"2024-02-15T16:14:31","modified_gmt":"2024-02-15T15:14:31","slug":"petrzalka-rundfahrt","status":"publish","type":"page","link":"https:\/\/www.visitbratislava.com\/de\/fahrradausfluege\/petrzalka-rundfahrt\/","title":{"rendered":"Petr\u017ealka-Rundfahrt"},"content":{"rendered":"<p>Auf der Route entdecken sie auch monumentale Kunst, einen verlassenen Milit\u00e4rbunker und die gr\u00f6sste Sonnenuhr der Slowakei.<\/p>\n<hr \/>\n<p><strong>Start:<\/strong> Platz \u0160af\u00e1rikovo n\u00e1mestie<br \/>\n<strong>L\u00e4nge:<\/strong> 14, km<br \/>\n<strong>Ausflugsdauer (mit Pausen):<\/strong> 2 Stunden<br \/>\n<strong>Relief:<\/strong> flach<br \/>\n<strong>Gel\u00e4nde:<\/strong> 100 % befestigt<br \/>\n<strong>Im Stra\u00dfenverkehr:<\/strong> 8 %<br \/>\n<strong>Schwierigkeitsgrad:<\/strong> leicht<br \/>\n<strong>Bikesharing:<\/strong> ja<br \/>\n<a href=\"https:\/\/www.visitbratislava.com\/wp-content\/uploads\/2024\/02\/4-Petrzaslky-okruh.gpx\" target=\"_blank\" rel=\"noopener\">Laden Sie die GPX-Datei hier herunter<\/a><\/p>\n<hr \/>\n<p>Das rechte Donauufer ist flach wie ein Pfannkuchen, Sie werden nicht viel schwitzen. Hinter der <strong>Br\u00fccke Star\u00fd most (A)<\/strong> f\u00fchrt Sie das nat\u00fcrliche Herz von Petr\u017ealka &#8211; der <strong>Flussarm Chorv\u00e1tske rameno (B)<\/strong>. Suchen Sie nach Fr\u00f6schen, Fischen, Bibern. Nach der Fu\u00dfg\u00e4ngerbr\u00fccke auf der anderen Seite biegen Sie durch den Hain zum einzigen existierenden monumentalen <strong>Gem\u00e4lde Frieden (C)<\/strong> an der Wand eines Wohnblocks mit einer Fl\u00e4che von 450 qm ab. Das Originalwerk aus dem Jahr 1985 gegen\u00fcber DK Zrkadlov\u00fd h\u00e1j wurde nach einer Sanierung durch lokale Aktivisten erneuert.<\/p>\n<p>Nach 2 Kilometern weiter s\u00fcdlich hinter dem \u201eWolkenkratzer\u201c Technopol von Petr\u017ealka und der modernen <strong>Kirche der Hl. Familie (D)<\/strong> erblicken Sie eine gro\u00dfe Wasserfl\u00e4che. <strong>Ve\u013ek\u00fd Dra\u017ediak (E)<\/strong> entstand als Kiesgrube beim Bau der Wohnsiedlung und ist heute mit seinen Str\u00e4nden und dem klaren Wasser ein angenehmer Ort zum Erfrischen. Kurz hinter dem See und dem riesigen Antolsk\u00e1-Krankenhaus auf der rechten Seite des Arms verbirgt sich im Geb\u00fcsch ein au\u00dfergew\u00f6hnliches St\u00fcck Beton. Der massive <strong>Bunker BS-13 \u201eStoh\u201c (F)<\/strong> wurde von der tschechoslowakischen Armee vor dem Zweiten Weltkrieg, als Hitlerdeutschland anfing, seine Krallen auszustrecken, als Teil der Befestigungen von Bratislava gebaut. Am Ende blieb er kampflos zur\u00fcck. F\u00fcr Mutige lohnt es sich hineinzuschauen.<\/p>\n<p>Weiter entlang des Armes gelangen Sie auf den Petr\u017ealka-Deich. Diese Pressburger Radautobahn f\u00fchrt Sie nach Norden zur\u00fcck ins Zentrum. Vorher biegen Sie jedoch unter der Br\u00fccke Pr\u00edstavn\u00fd most links zur <strong>Sonnenuhr (G)<\/strong> bei der Wirtschaftsuniversit\u00e4t ab. Diese Sonnenuhr ist die gr\u00f6\u00dfte in unserem Land, seit 1986 zeigt sie die Zeit von sieben Uhr morgens bis f\u00fcnf Uhr abends an.<\/p>\n<p>Von der Uhr bis zum Deich und \u00fcber die Br\u00fccke Star\u00fd most ist es nur ein kurzer Weg zur\u00fcck in die Innenstadt. Eine andere Welt. Petr\u017ealka bleibt jedoch eines der unverwechselbaren Pressburger Markenzeichen. Und das Radfahren ist hier gro\u00dfartig.<\/p>\n<p><em>Wenn Sie auf Ihrem Handy auf \u201eZobrazi\u0165 na Mapy.cz\u201c klicken und die App herunterladen, k\u00f6nnen Sie die Navigation direkt basierend auf Ihrem Standort verwenden. Genie\u00dfen Sie die Route!<\/em><\/p>\n<p><iframe style=\"border: none;\" src=\"https:\/\/sk.frame.mapy.cz\/s\/jedagodaje\" width=\"800\" height=\"400\" frameborder=\"0\"><span data-mce-type=\"bookmark\" style=\"display: inline-block; width: 0px; overflow: hidden; line-height: 0;\" class=\"mce_SELRES_start\">\ufeff<\/span><\/iframe><\/p>\n","protected":false},"excerpt":{"rendered":"<p>Plattenbau und Wildnis. S\u00fcdlich des Zentrums treffen sie auf spannende Kontraste. Fahren sie durch die gr\u00f6sste sozialistische Wohnsiedlung der ehemaligen Tschechoslowakei, von majest\u00e4tischen Donau umsp\u00fclt. Petr\u017ealka &#8211; das sind nicht nur Plattenbauten<\/p>\n","protected":false},"author":32,"featured_media":106352,"parent":125848,"menu_order":0,"comment_status":"closed","ping_status":"closed","template":"","meta":[],"acf":[],"_links":{"self":[{"href":"https:\/\/www.visitbratislava.com\/de\/wp-json\/wp\/v2\/pages\/139716"}],"collection":[{"href":"https:\/\/www.visitbratislava.com\/de\/wp-json\/wp\/v2\/pages"}],"about":[{"href":"https:\/\/www.visitbratislava.com\/de\/wp-json\/wp\/v2\/types\/page"}],"author":[{"embeddable":true,"href":"https:\/\/www.visitbratislava.com\/de\/wp-json\/wp\/v2\/users\/32"}],"replies":[{"embeddable":true,"href":"https:\/\/www.visitbratislava.com\/de\/wp-json\/wp\/v2\/comments?post=139716"}],"version-history":[{"count":2,"href":"https:\/\/www.visitbratislava.com\/de\/wp-json\/wp\/v2\/pages\/139716\/revisions"}],"predecessor-version":[{"id":281022,"href":"https:\/\/www.visitbratislava.com\/de\/wp-json\/wp\/v2\/pages\/139716\/revisions\/281022"}],"up":[{"embeddable":true,"href":"https:\/\/www.visitbratislava.com\/de\/wp-json\/wp\/v2\/pages\/125848"}],"wp:featuredmedia":[{"embeddable":true,"href":"https:\/\/www.visitbratislava.com\/de\/wp-json\/wp\/v2\/media\/106352"}],"wp:attachment":[{"href":"https:\/\/www.visitbratislava.com\/de\/wp-json\/wp\/v2\/media?parent=139716"}],"curies":[{"name":"wp","href":"https:\/\/api.w.org\/{rel}","templated":true}]}}