{"id":139719,"date":"2022-05-30T13:57:41","date_gmt":"2022-05-30T11:57:41","guid":{"rendered":"https:\/\/www.visitbratislava.com\/?page_id=139719"},"modified":"2024-02-15T16:26:12","modified_gmt":"2024-02-15T15:26:12","slug":"eiserner-vorhang-und-bunker","status":"publish","type":"page","link":"https:\/\/www.visitbratislava.com\/de\/fahrradausfluege\/eiserner-vorhang-und-bunker\/","title":{"rendered":"Eiserner Vorhang und Bunker"},"content":{"rendered":"<p>Heute f\u00fchrt er sie entlang der Donau durch Auenw\u00e4lder und Felder am Westrand von Bratislava.<\/p>\n<hr \/>\n<p><strong>Start:<\/strong> Platz \u0160af\u00e1rikovo n\u00e1mestie<br \/>\n<strong>L\u00e4nge:<\/strong> 18,5 km<br \/>\n<strong>Ausflugsdauer (mit Pausen):<\/strong> 2 Stunden<br \/>\n<strong>Relief:<\/strong> flach<br \/>\n<strong>Gel\u00e4nde:<\/strong> 95 % befestigt, 5 % urspr\u00fcnglich<br \/>\n<strong>Im Stra\u00dfenverkehr:<\/strong> 0 %<br \/>\n<strong>Schwierigkeitsgrad:<\/strong> leicht<br \/>\n<strong>Bikesharing:<\/strong> ja<br \/>\n<a href=\"https:\/\/www.visitbratislava.com\/wp-content\/uploads\/2024\/02\/5-Zelezna-opona-a-bunkre.gpx\" target=\"_blank\" rel=\"noopener\">Laden Sie die GPX-Datei hier herunter<\/a><\/p>\n<hr \/>\n<p>Die Route f\u00e4ngt auf dem Platz \u0160af\u00e1rikovo n\u00e1mestie im Stadtzentrum an. Am anderen Ufer, umgeben vom Gr\u00fcn des <strong>Stadtpark Sad J. Kr\u00e1\u013ea (A)<\/strong> und der Tirsch-Uferpromenade, fahren Sie unter der Br\u00fccke Most SNP weiter. Eine betonierte Radautobahn bringt Sie zur Br\u00fccke Most Lanfranconi. Sie biegen in den Dschungel der Auenw\u00e4lder zu den Str\u00e4nden der <strong>Pe\u010d\u0148a Riviera (B)<\/strong> ab.<\/p>\n<p>Den ersten der 15 Milit\u00e4rbunker der Verteidigungslinie gegen Hitlerdeutschland sehen Sie gleich hinter den Str\u00e4nden direkt am Weg. Das wilde Innere des <strong>Bunkers BS-1 \u201e\u0160t\u011brkovi\u0161te\u201c (C)<\/strong> ist jedoch nur etwas f\u00fcr Abenteuerlustige. An die Zeit der Fluchtversuche in den Westen erinnert ein St\u00fcck <strong>Stacheldraht mit einer Informationstafel (D)<\/strong>. Wenn Sie hinter ihm links abbiegen, gelangen Sie zum <strong>Bunker BS-4 \u201eL\u00e1ny\u201c (E)<\/strong>. Enthusiasten machen hier gelegentlich auch F\u00fchrungen. \u00dcberqueren Sie die Stra\u00dfe vor dem <strong>Grenz\u00fcbergang nach \u00d6sterreich (F)<\/strong> und fahren Sie durch die Felder entlang der Grenze weiter.<\/p>\n<p>Am symbolischen Stein, an dem Sie mit jedem Fu\u00df in einem anderen Land stehen k\u00f6nnen, gehen Sie zum zweiten renovierten <strong>Bunker mit dem Museum BS-8 \u201eH\u0159bitov\u201c (G)<\/strong>, der auf den \u00f6rtlichen Soldatenfriedhof aus dem Ersten Weltkrieg verweist. In der Umgebung finden Sie auch ein St\u00fcck der Grenze aus der Zeit des Eisernen Vorhangs, eine Panzersperre und eine Veranschaulichung der Milit\u00e4runterk\u00fcnfte.<\/p>\n<p>Halten Sie vor dem Grenzschild Slowakei \/ Bratislava beim <strong>Hartmut Tautz Denkmal (H)<\/strong>, einen Studenten aus der DDR, der hier 1986 auf der Flucht in den Westen starb. Auf dem Radweg auf der Stra\u00dfe Kop\u010dianska ulica kehren Sie ins Stadtzentrum zur\u00fcck. Das ehemalige Industriegebiet weicht nach und nach modernen Bauten.<\/p>\n<p>Beim Bahnhof Petr\u017ealka befindet sich auch ein bemerkenswertes historisches <strong>Haus, das am Ende des 19. Jahrhunderts im \u201eFachwerk\u201c-Verfahren (I)<\/strong> erbaut wurde und einem Emaillefabrik-Besitzer geh\u00f6rte. Von hier aus geht es auf dem bequemen Radweg <strong>\u201ePetr\u017ealsk\u00e9 korzo\u201c (J)<\/strong> weiter. An der Br\u00fccke Most SNP gelangen Sie auf die Wiener Stra\u00dfe und \u00fcberqueren die Br\u00fccke Star\u00fd most zur\u00fcck zum Platz \u0160af\u00e1rikovo n\u00e1mestie.<\/p>\n<p><em>Wenn Sie auf Ihrem Handy auf \u201eZobrazi\u0165 na Mapy.cz\u201c klicken und die App herunterladen, k\u00f6nnen Sie die Navigation direkt basierend auf Ihrem Standort verwenden. Genie\u00dfen Sie die Route!<\/em><\/p>\n<p><iframe style=\"border: none;\" src=\"https:\/\/sk.frame.mapy.cz\/s\/defuvucuvo\" width=\"800\" height=\"400\" frameborder=\"0\"><\/iframe><\/p>\n","protected":false},"excerpt":{"rendered":"<p>Massive Betonbunker, Zeugen des zweiten Weltkriegs, umgeben immer noch Bratislava. An den Stacheldraht des eisernen Vorhangs erinnern nur noch ein kleines Relikt und ein Asphaltierter Weg f\u00fcr Grenzsoldaten<\/p>\n","protected":false},"author":32,"featured_media":106360,"parent":125848,"menu_order":0,"comment_status":"closed","ping_status":"closed","template":"","meta":[],"acf":[],"_links":{"self":[{"href":"https:\/\/www.visitbratislava.com\/de\/wp-json\/wp\/v2\/pages\/139719"}],"collection":[{"href":"https:\/\/www.visitbratislava.com\/de\/wp-json\/wp\/v2\/pages"}],"about":[{"href":"https:\/\/www.visitbratislava.com\/de\/wp-json\/wp\/v2\/types\/page"}],"author":[{"embeddable":true,"href":"https:\/\/www.visitbratislava.com\/de\/wp-json\/wp\/v2\/users\/32"}],"replies":[{"embeddable":true,"href":"https:\/\/www.visitbratislava.com\/de\/wp-json\/wp\/v2\/comments?post=139719"}],"version-history":[{"count":2,"href":"https:\/\/www.visitbratislava.com\/de\/wp-json\/wp\/v2\/pages\/139719\/revisions"}],"predecessor-version":[{"id":281026,"href":"https:\/\/www.visitbratislava.com\/de\/wp-json\/wp\/v2\/pages\/139719\/revisions\/281026"}],"up":[{"embeddable":true,"href":"https:\/\/www.visitbratislava.com\/de\/wp-json\/wp\/v2\/pages\/125848"}],"wp:featuredmedia":[{"embeddable":true,"href":"https:\/\/www.visitbratislava.com\/de\/wp-json\/wp\/v2\/media\/106360"}],"wp:attachment":[{"href":"https:\/\/www.visitbratislava.com\/de\/wp-json\/wp\/v2\/media?parent=139719"}],"curies":[{"name":"wp","href":"https:\/\/api.w.org\/{rel}","templated":true}]}}