{"id":139721,"date":"2022-05-30T14:39:40","date_gmt":"2022-05-30T12:39:40","guid":{"rendered":"https:\/\/www.visitbratislava.com\/?page_id=139721"},"modified":"2024-02-15T16:35:31","modified_gmt":"2024-02-15T15:35:31","slug":"auf-dem-deich-zur-danubiana","status":"publish","type":"page","link":"https:\/\/www.visitbratislava.com\/de\/fahrradausfluege\/auf-dem-deich-zur-danubiana\/","title":{"rendered":"Auf dem Deich zur Danubiana"},"content":{"rendered":"<p>Entlang der W\u00e4lder, Wiesen und Ufer f\u00fchrt sie der Donau-Deich vom Zentrum zum inspirierenden Donaumuseum f\u00fcr moderne kunst, das vom Wasser des Flusses umsp\u00fclt wird. Sie setzen mit einer F\u00e4hre \u00fcber, und das andere Ufer bringt sie zur\u00fcck in die Stadt.<\/p>\n<hr \/>\n<p><strong>Start:<\/strong> Platz \u0160af\u00e1rikovo n\u00e1mestie<br \/>\n<strong>L\u00e4nge:<\/strong> 40,8 km<br \/>\n<strong>Ausflugsdauer (mit Pausen):<\/strong> 4 Stunden<br \/>\n<strong>Relief:<\/strong> flach<br \/>\n<strong>Gel\u00e4nde:<\/strong> 100 % befestigt<br \/>\n<strong>Im Stra\u00dfenverkehr:<\/strong> 10 %<br \/>\n<strong>Schwierigkeitsgrad:<\/strong> leicht<br \/>\n<strong>Bikesharing:<\/strong> ja<br \/>\n<a href=\"https:\/\/www.visitbratislava.com\/wp-content\/uploads\/2024\/02\/6-Po-hradzi-k-Danubiane-1-cast.gpx\" target=\"_blank\" rel=\"noopener\">Laden Sie die GPX-Datei hier herunter \/ Teil 1<\/a><br \/>\n<a href=\"https:\/\/www.visitbratislava.com\/wp-content\/uploads\/2024\/02\/6-Po-hradzi-k-Danubiana-2-cast.gpx\" target=\"_blank\" rel=\"noopener\">Laden Sie die GPX-Datei hier herunter \/ Teil 2<\/a><\/p>\n<hr \/>\n<p>Vom Zentrum aus \u00fcberqueren Sie die Donau \u00fcber die <strong>Br\u00fccke Star\u00fd most (A)<\/strong> und gelangen zum Petr\u017ealka-Deich. Sie flitzen unter der Br\u00fccke Most Apollo und der Br\u00fccke Pr\u00edstavn\u00fd most durch. Dahinter \u00f6ffnet sich ein Gebiet aus Wiesen und Kiesstr\u00e4nden mit Blick auf die <strong>Industrieschornsteine der Raffinerie (B)<\/strong>. Hinter der Wildnis biegen Sie \u00fcber die Halbinsel Star\u00fd h\u00e1j zum verlassenen Milit\u00e4rbunker BS-15 ab. Sie verlassen die Stadt und linkerhand f\u00fchren Sie die Wege zu den Altgew\u00e4ssern mit <strong>Hausbooten verschiedenster Stilrichtungen (C)<\/strong>.<\/p>\n<p>Hier entdecken Sie auch den riesigen Stausee Ve\u013ek\u00fd Zemn\u00edk, der mehr als 2 Kilometer lang ist. Erfrischen Sie sich hinter der neuesten Br\u00fccke von Bratislava in einer der Imbissbuden. Rechts kommen Sie zum klaren <strong>Rusovce-See (Rusovsk\u00e9 jazero) (D)<\/strong>, einem St\u00fcck Dschungel in der N\u00e4he der Stadt. Genie\u00dfen Sie in \u010cunov den Blick auf die weitl\u00e4ufige Oberfl\u00e4che des <strong>Hru\u0161ov-Stausees (E)<\/strong>. Das <strong>Wasserkraftwerk-System Gab\u010d\u00edkovo (F)<\/strong> hat vor Jahren die hiesige Donaulandschaft ver\u00e4ndert und versorgt die Slowakei mit viel Energie.<\/p>\n<p>Hinter den Wassersportanlagen hei\u00dft Sie bereits das moderne <strong>Museum Danubiana (G)<\/strong> in Form eines Bootes auf einer bezaubernden Halbinsel willkommen. An das andere Ufer nach Hamuliakovo werden Sie mit der Fahrradf\u00e4hre zum <strong>nahegelegenen Hafen (H)<\/strong> gebracht. Die Verkehrszeiten der F\u00e4hre finden Sie unter <a href=\"http:\/\/www.yachter.sk\/cyklokompa\" target=\"_blank\" rel=\"noopener\">dieser Seite<\/a>. Alternativ kommen Sie auf der gleichen Route oder mit dem Bus-Nr. 90 zur\u00fcck.<\/p>\n<p>Von Hamuliakovo zum Zentrum fahren Sie wieder am Wasser entlang, umgeben von Gr\u00fcn. Machen Sie Halt an der <strong>Vogel-Beobachtungsstelle Duna (I)<\/strong> in der N\u00e4he von Kalinkovo oder in einem der Imbisse beim Deich. Die Stadt empf\u00e4ngt Sie im <strong>Hafen mit riesigen Kr\u00e4nen und Schiffen (J)<\/strong>. Hinter der Br\u00fccke Most Apollo befinden Sie sich schon bei dem <strong>Eurovea-Einkaufszentrum (K)<\/strong> mitten im Trubel der Stadt.<\/p>\n<p><em>Wenn Sie auf Ihrem Handy auf \u201eZobrazi\u0165 na Mapy.cz\u201c klicken und die App herunterladen, k\u00f6nnen Sie die Navigation direkt basierend auf Ihrem Standort verwenden. Genie\u00dfen Sie die Route!<\/em><\/p>\n<p><iframe style=\"border: none;\" src=\"https:\/\/sk.frame.mapy.cz\/s\/kekokasote\" width=\"800\" height=\"400\" frameborder=\"0\"><\/iframe><\/p>\n","protected":false},"excerpt":{"rendered":"<p>Entlang der sch\u00f6nen blauen Donau durch auenw\u00e4lder zur Halbinsel der Kunst. Fahren sie auf die Radautobahn Bratislava und entdecken Sie auf ihr ecken und Winkel unber\u00fchrter Natur<\/p>\n","protected":false},"author":32,"featured_media":106368,"parent":125848,"menu_order":0,"comment_status":"closed","ping_status":"closed","template":"","meta":[],"acf":[],"_links":{"self":[{"href":"https:\/\/www.visitbratislava.com\/de\/wp-json\/wp\/v2\/pages\/139721"}],"collection":[{"href":"https:\/\/www.visitbratislava.com\/de\/wp-json\/wp\/v2\/pages"}],"about":[{"href":"https:\/\/www.visitbratislava.com\/de\/wp-json\/wp\/v2\/types\/page"}],"author":[{"embeddable":true,"href":"https:\/\/www.visitbratislava.com\/de\/wp-json\/wp\/v2\/users\/32"}],"replies":[{"embeddable":true,"href":"https:\/\/www.visitbratislava.com\/de\/wp-json\/wp\/v2\/comments?post=139721"}],"version-history":[{"count":4,"href":"https:\/\/www.visitbratislava.com\/de\/wp-json\/wp\/v2\/pages\/139721\/revisions"}],"predecessor-version":[{"id":281033,"href":"https:\/\/www.visitbratislava.com\/de\/wp-json\/wp\/v2\/pages\/139721\/revisions\/281033"}],"up":[{"embeddable":true,"href":"https:\/\/www.visitbratislava.com\/de\/wp-json\/wp\/v2\/pages\/125848"}],"wp:featuredmedia":[{"embeddable":true,"href":"https:\/\/www.visitbratislava.com\/de\/wp-json\/wp\/v2\/media\/106368"}],"wp:attachment":[{"href":"https:\/\/www.visitbratislava.com\/de\/wp-json\/wp\/v2\/media?parent=139721"}],"curies":[{"name":"wp","href":"https:\/\/api.w.org\/{rel}","templated":true}]}}