{"id":139724,"date":"2022-05-30T15:43:25","date_gmt":"2022-05-30T13:43:25","guid":{"rendered":"https:\/\/www.visitbratislava.com\/?page_id=139724"},"modified":"2024-02-15T16:40:16","modified_gmt":"2024-02-15T15:40:16","slug":"auf-die-devin-burg-und-zur-march","status":"publish","type":"page","link":"https:\/\/www.visitbratislava.com\/de\/fahrradausfluege\/auf-die-devin-burg-und-zur-march\/","title":{"rendered":"Auf die Dev\u00edn-Burg und zur March"},"content":{"rendered":"<p>Die Geschichte der pr\u00e4historischen Meere, Fossilien, alter Siedlungen, mittelalterlicher Befestigungsanlagen und Geschichten aus dem Kalten Krieg \u00fcberschneiden sich hier.<\/p>\n<hr \/>\n<p><strong>Start:<\/strong> Platz Rybn\u00e9 n\u00e1mestie<br \/>\n<strong>L\u00e4nge:<\/strong> 46,9 km<br \/>\n<strong>Ausflugsdauer (mit Pausen):<\/strong> 5 Stunden<br \/>\n<strong>Relief:<\/strong> flach<br \/>\n<strong>Gel\u00e4nde:<\/strong> 99 % befestigt, 1 % urspr\u00fcnglich<br \/>\n<strong>Im Stra\u00dfenverkehr:<\/strong> 40 %<br \/>\n<strong>Schwierigkeitsgrad:<\/strong> leicht<br \/>\n<strong>Bikesharing:<\/strong> ja<br \/>\n<a href=\"https:\/\/www.visitbratislava.com\/wp-content\/uploads\/2024\/02\/7-Na-Devin-a-k-Morave.gpx\" target=\"_blank\" rel=\"noopener\">Laden Sie die GPX-Datei hier herunter<\/a><\/p>\n<hr \/>\n<p>Beginnen Sie den Ausflug auf dem Platz Rybn\u00e9 n\u00e1mestie bei der Br\u00fccke Most SNP. Fahren Sie weiter entlang der Donaupromenade nach Westen. Hinter der Br\u00fccke Most Lanfranconi, dem bezaubernden <strong>Karlova-Ves-Arm (A)<\/strong> und dem eleganten <strong>Wasserwerk-Museum (B)<\/strong> gelangen Sie auf den Radwanderweg, der entlang der Dev\u00edn-Stra\u00dfe f\u00fchrt. Er endet jedoch bald, und Sie fahren auf der Stra\u00dfe im Verkehr knappe 5 km nach Dev\u00edn. Die Uferpromenade f\u00fchrt Sie unter die majest\u00e4tische <strong>Burg Dev\u00edn (C)<\/strong> mit Blick auf die flie\u00dfende Donau und Schiffe, welche das Herz Europas kreuzen.<\/p>\n<p>Beachten Sie auch die originellen Plastiken, die an Meilensteine der lokalen Geschichte erinnern. Am Zusammenfluss von Donau und March befinden sich zwei Gedenkst\u00e4tten f\u00fcr die Opfer des Eisernen Vorhangs. Auf dem Parkplatz hinter dem Tor finden Sie den Eingang ins Burgareal und einen Imbiss. Weiter geht es nach Norden auf dem Radweg mit dem Fluss March linkerhand und der Waldsteppe der Dev\u00ednska Kobyla auf der rechten Seite. Der riesige <strong>Steinbruch Wait (D)<\/strong> ist ein \u00dcberbleibsel des Bergbaus, der Sandsteinfelsen <strong>Sandberg (E)<\/strong> eine Klippe des sich zur\u00fcckziehenden Terti\u00e4rmeeres.<\/p>\n<p>Machen Sie an der <strong>Fahrradbr\u00fccke Cyklomost slobody (F)<\/strong> Halt, die von Dev\u00ednska Nov\u00e1 Ves zum Schloss Hof in \u00d6sterreich f\u00fchrt. Nehmen Sie den kleinen Weg nach rechts, um das \u00f6rtliche Informationszentrum zu erreichen. Der Radweg f\u00fchrt weiter durch eine reizvolle Aue. In ihr erhebt sich das mit Ziegelgew\u00f6lben geschm\u00fcckte <strong>Marcheggviadukt (G)<\/strong>, eines der l\u00e4ngsten der ehemaligen Monarchie.<\/p>\n<p>Hinter einigen anderen Bunkern und dem malerischen M\u00e4ander der March kommen Sie zum Dev\u00edn-See. Auf einer Nebenstra\u00dfe radeln Sie zur\u00fcck nach Dev\u00ednsk\u00e1 Nov\u00e1 Ves. Erfrischen k\u00f6nnen Sie sich im <strong>Imbiss U Star\u00e9ho bicykla (H)<\/strong>, wo Western-Atmosph\u00e4re herrscht. Von Dev\u00edn aus k\u00f6nnen Sie mit Fahrrad, Schiff oder Bus in die Stadt zur\u00fcckkehren.<\/p>\n<p><em>Wenn Sie auf Ihrem Handy auf \u201eZobrazi\u0165 na Mapy.cz\u201c klicken und die App herunterladen, k\u00f6nnen Sie die Navigation direkt basierend auf Ihrem Standort verwenden. Genie\u00dfen Sie die Route!<\/em><\/p>\n<p><iframe style=\"border: none;\" src=\"https:\/\/sk.frame.mapy.cz\/s\/fomacujuju\" width=\"800\" height=\"400\" frameborder=\"0\"><\/iframe><\/p>\n","protected":false},"excerpt":{"rendered":"<p>Die Ruine der Burg Dev\u00edn auf einem massiven Felsen wird vom Wasser der beiden Fl\u00fcsse Donau und March umsp\u00fclt. Das Dev\u00ednareal hat eine magische Atmosph\u00e4re und eine bezaubernde Lage. Die Fahrt zum westlichen Teil von Bratislava ist wie eine Reise durch die Zeit<\/p>\n","protected":false},"author":32,"featured_media":106376,"parent":125848,"menu_order":0,"comment_status":"closed","ping_status":"closed","template":"","meta":[],"acf":[],"_links":{"self":[{"href":"https:\/\/www.visitbratislava.com\/de\/wp-json\/wp\/v2\/pages\/139724"}],"collection":[{"href":"https:\/\/www.visitbratislava.com\/de\/wp-json\/wp\/v2\/pages"}],"about":[{"href":"https:\/\/www.visitbratislava.com\/de\/wp-json\/wp\/v2\/types\/page"}],"author":[{"embeddable":true,"href":"https:\/\/www.visitbratislava.com\/de\/wp-json\/wp\/v2\/users\/32"}],"replies":[{"embeddable":true,"href":"https:\/\/www.visitbratislava.com\/de\/wp-json\/wp\/v2\/comments?post=139724"}],"version-history":[{"count":2,"href":"https:\/\/www.visitbratislava.com\/de\/wp-json\/wp\/v2\/pages\/139724\/revisions"}],"predecessor-version":[{"id":281037,"href":"https:\/\/www.visitbratislava.com\/de\/wp-json\/wp\/v2\/pages\/139724\/revisions\/281037"}],"up":[{"embeddable":true,"href":"https:\/\/www.visitbratislava.com\/de\/wp-json\/wp\/v2\/pages\/125848"}],"wp:featuredmedia":[{"embeddable":true,"href":"https:\/\/www.visitbratislava.com\/de\/wp-json\/wp\/v2\/media\/106376"}],"wp:attachment":[{"href":"https:\/\/www.visitbratislava.com\/de\/wp-json\/wp\/v2\/media?parent=139724"}],"curies":[{"name":"wp","href":"https:\/\/api.w.org\/{rel}","templated":true}]}}