{"id":139726,"date":"2022-05-30T16:02:44","date_gmt":"2022-05-30T14:02:44","guid":{"rendered":"https:\/\/www.visitbratislava.com\/?page_id=139726"},"modified":"2024-02-15T16:42:46","modified_gmt":"2024-02-15T15:42:46","slug":"in-die-waelder-und-weinberge","status":"publish","type":"page","link":"https:\/\/www.visitbratislava.com\/de\/fahrradausfluege\/in-die-waelder-und-weinberge\/","title":{"rendered":"In die W\u00e4lder und Weinberge"},"content":{"rendered":"<p>In Bratislava lebt der Weinbau noch, besonders im Stadtviertel Ra\u010da. Kommen sie zur Weinprobe durch die charmanten Weinberge und Karpatenw\u00e4lder mit sch\u00f6nen Aussichten auf die Stadt.<\/p>\n<hr \/>\n<p><strong>Start:<\/strong> Ra\u010dianske m\u00fdto-Park<br \/>\n<strong>L\u00e4nge:<\/strong> 22,2 km<br \/>\n<strong>Ausflugsdauer (mit Pausen):<\/strong> 3 Stunden<br \/>\n<strong>Relief:<\/strong> h\u00fcgelig, H\u00f6henunterschied: 370 m<br \/>\n<strong>Gel\u00e4nde:<\/strong> 95 % befestigt, 5 % urspr\u00fcnglich<br \/>\n<strong>Im Stra\u00dfenverkehr:<\/strong> 50 %<br \/>\n<strong>Schwierigkeitsgrad:<\/strong> schwer<br \/>\n<strong>Bikesharing:<\/strong> ja<br \/>\n<a href=\"https:\/\/www.visitbratislava.com\/wp-content\/uploads\/2024\/02\/8-Do-lesov-a-vinic.gpx\" target=\"_blank\" rel=\"noopener\">Laden Sie die GPX-Datei hier herunter<\/a><\/p>\n<hr \/>\n<p>Die Route beginnt im Park bei <strong>Ra\u010dianske m\u00fdto (A)<\/strong>. Heute ein belebter Verkehrsknotenpunkt, fr\u00fcher Winzerh\u00e4user, Obstg\u00e4rten, G\u00e4rten, H\u00f6fe und ein Friedhof. Beachten Sie die Vielfalt der lokalen Architektur &#8211; mit sozialistischem Realismus, Funktionalismus und Rondokubismus. Hinter dem Park auf der Nordseite sehen Sie die rosafarbenen Fassaden der ersten Plattenbausiedlung in Bratislava &#8222;Febru\u00e1rka\u201c. Von der Stra\u00dfe Pionierska ulica aus und oberhalb der Bahnlinie gelangen Sie in einen neuen Stadtteil, dem die \u00f6rtlichen Weinberge bereits weichen. Vor der Unterf\u00fchrung von Stra\u00dfe Slia\u010dsk\u00e1 ulica biegen Sie links in Richtung G\u00e4rten und Weinberge ab.<\/p>\n<p>Der Radweg f\u00fchrt Sie weiter entlang der Eisenbahn zur Stra\u00dfe Pekn\u00e1 cesta. Wenn Sie den H\u00fcgeln ausweichen m\u00f6chten, fahren Sie geradeaus auf dem Radweg nach Ra\u010da. In die Karpatenw\u00e4lder biegen Sie links ab. Umgeben von einem k\u00fchlen Wald steigen Sie zum <strong>Forsthaus (B)<\/strong> auf. Biegen Sie danach rechts ab und nach 800 Metern halten Sie an der Felsformation <strong>Steingesichter (Kamenn\u00e9 tv\u00e1re) (C)<\/strong>. F\u00fcr die Aussichten \u00fcber den Baumwipfeln geht es links entlang der blauen Markierung zum Aussichtspunkt <strong>Mal\u00e1 Ba\u0148a (D)<\/strong>. Ein paar H\u00fcgel rauf und runter, und schon sind Sie auf der ehemaligen <strong>Skipiste Slalomka (E)<\/strong>.<\/p>\n<p>Nach <strong>Ra\u010da (F)<\/strong> geht es schon bergab durch ein sch\u00f6nes bewaldetes Tal und zwischen Familienh\u00e4usern hindurch. Genie\u00dfen Sie ein wohlverdientes Glas Wein aus der Region in einer der traditionellen Weinstuben. Zur\u00fcck ins Zentrum von Bratislava geht es zwischen den charmanten Weinh\u00e4usern an der Stra\u00dfe Alstrov\u00e1 ulica und durch die Weinberge zur\u00fcck zur Stra\u00dfe Pekn\u00e1 cesta und den gleichen Weg nach Ra\u010dianske m\u00fdto. Wenn Sie nach der Weinprobe nicht mehr fahren wollen, nehmen Sie auf dem R\u00fcckweg ins Stadtzentrum die Stra\u00dfenbahn. Entlang der Strecke ist es immer nur ein kurzer Weg bis zur Bushaltestelle.<\/p>\n<p><em>Wenn Sie auf Ihrem Handy auf \u201eZobrazi\u0165 na Mapy.cz\u201c klicken und die App herunterladen, k\u00f6nnen Sie die Navigation direkt basierend auf Ihrem Standort verwenden. Genie\u00dfen Sie die Route!<\/em><\/p>\n<p><iframe style=\"border: none;\" src=\"https:\/\/sk.frame.mapy.cz\/s\/rekolopuve\" width=\"800\" height=\"400\" frameborder=\"0\"><span data-mce-type=\"bookmark\" style=\"display: inline-block; width: 0px; overflow: hidden; line-height: 0;\" class=\"mce_SELRES_start\">\ufeff<\/span><\/iframe><\/p>\n","protected":false},"excerpt":{"rendered":"<p>In Bratislava ist Wein immer zur Hand. Schon der Blick vom Stadtzentrum auf die bewaldeten H\u00fcgel aus verr\u00e4t, dass es dort Weinberge gibt. Die D\u00f6rfer und St\u00e4dte an den S\u00fcdosth\u00e4ngen der Kleinen Karpaten sind seit Jahrhunderten mit der Geschichte des Weinbaus verbunden<\/p>\n","protected":false},"author":32,"featured_media":106384,"parent":125848,"menu_order":0,"comment_status":"closed","ping_status":"closed","template":"","meta":[],"acf":[],"_links":{"self":[{"href":"https:\/\/www.visitbratislava.com\/de\/wp-json\/wp\/v2\/pages\/139726"}],"collection":[{"href":"https:\/\/www.visitbratislava.com\/de\/wp-json\/wp\/v2\/pages"}],"about":[{"href":"https:\/\/www.visitbratislava.com\/de\/wp-json\/wp\/v2\/types\/page"}],"author":[{"embeddable":true,"href":"https:\/\/www.visitbratislava.com\/de\/wp-json\/wp\/v2\/users\/32"}],"replies":[{"embeddable":true,"href":"https:\/\/www.visitbratislava.com\/de\/wp-json\/wp\/v2\/comments?post=139726"}],"version-history":[{"count":2,"href":"https:\/\/www.visitbratislava.com\/de\/wp-json\/wp\/v2\/pages\/139726\/revisions"}],"predecessor-version":[{"id":281040,"href":"https:\/\/www.visitbratislava.com\/de\/wp-json\/wp\/v2\/pages\/139726\/revisions\/281040"}],"up":[{"embeddable":true,"href":"https:\/\/www.visitbratislava.com\/de\/wp-json\/wp\/v2\/pages\/125848"}],"wp:featuredmedia":[{"embeddable":true,"href":"https:\/\/www.visitbratislava.com\/de\/wp-json\/wp\/v2\/media\/106384"}],"wp:attachment":[{"href":"https:\/\/www.visitbratislava.com\/de\/wp-json\/wp\/v2\/media?parent=139726"}],"curies":[{"name":"wp","href":"https:\/\/api.w.org\/{rel}","templated":true}]}}