{"id":139729,"date":"2022-05-30T16:23:23","date_gmt":"2022-05-30T14:23:23","guid":{"rendered":"https:\/\/www.visitbratislava.com\/?page_id=139729"},"modified":"2024-02-15T16:45:28","modified_gmt":"2024-02-15T15:45:28","slug":"durch-die-huegel-der-karpaten","status":"publish","type":"page","link":"https:\/\/www.visitbratislava.com\/de\/fahrradausfluege\/durch-die-huegel-der-karpaten\/","title":{"rendered":"Durch die H\u00fcgel der Karpaten"},"content":{"rendered":"<p>Begeben sie sich ins Herz der Karpaten und geniessen sie sanfte Anstiege durch T\u00e4ler oder genussvolle Abfahrten. Entdecken sie das wildeste, was Bratislava zu bieten hat.<\/p>\n<hr \/>\n<p><strong>Start:<\/strong> Br\u00fccke \u010cerven\u00fd most<br \/>\n<strong>L\u00e4nge:<\/strong> 29,6 km<br \/>\n<strong>Ausflugsdauer (mit Pausen):<\/strong> 3 Stunden<br \/>\n<strong>Relief:<\/strong> h\u00fcgelig, H\u00f6henunterschied: 500 m<br \/>\n<strong>Gel\u00e4nde:<\/strong> 70 % befestigt, 30 % urspr\u00fcnglich<br \/>\n<strong>Im Stra\u00dfenverkehr:<\/strong> 0 %<br \/>\n<strong>Schwierigkeitsgrad:<\/strong> schwer<br \/>\n<strong>Bikesharing:<\/strong> nein<br \/>\n<a href=\"https:\/\/www.visitbratislava.com\/wp-content\/uploads\/2024\/02\/9-Kopcami-Karpat.gpx\" target=\"_blank\" rel=\"noopener\">Laden Sie die GPX-Datei hier herunter<\/a><\/p>\n<hr \/>\n<p>Die Route beginnt unter der Br\u00fccke \u010cerven\u00fd most am Anfang des Erholungsgebiets \u017delezn\u00e1 studni\u010dka. Vom Zentrum aus k\u00f6nnen Sie diese mit dem Fahrrad entlang der Stra\u00dfen Hlbok\u00e1 cesta oder Mlynsk\u00e1 dolina erreichen. Alternativ dazu nehmen Sie die Trolleybuslinien 47, 42 oder die Bahn vom Hauptbahnhof aus. Der Parkplatz ist vor allem am Wochenende recht voll. <strong>Partiz\u00e1nska l\u00faka (A)<\/strong> ist ein beliebter Ort, hier finden Sie Teiche, eine Imbiss-M\u00f6glichkeit, ein Amphitheater, Spielpl\u00e4tze und sogar einen historischen Panzer. Talaufw\u00e4rts kommen Sie zu <strong>zwei weiteren Teichen (B)<\/strong>.<\/p>\n<p>Seit dem Mittelalter gab es hier Wasserm\u00fchlen, seit dem 19. Jahrhundert ein beliebtes Kurbad mit Restaurants, das Ausflugsort f\u00fcr viele Pressburger ist. <strong>Sne\u017eienka (C)<\/strong> ist eine gro\u00dfe Wiese und die Talstation der Seilbahn, mit der Sie samt Fahrrad den Kamz\u00edk bezwingen k\u00f6nnen. Im Tal geht es auf dem Asphaltweg sanft bergauf, vorbei an Wiesen, Pavillons, Trinkwasserbrunnen, Teichen und verlassenen Steinbr\u00fcchen. Erfrischen k\u00f6nnen Sie sich im <strong>Imbiss U Slivu (D)<\/strong>. Ab hier sind die Anstiege m\u00fchsamer. Wenn Ihnen der Wein oder die Zivilisation fehlen, haben Sie hier mehrere M\u00f6glichkeiten, in Ra\u010da oder Kras\u0148any einzukehren.<\/p>\n<p>Die H\u00fcgel des letzten Abschnitts hinter dem <strong>Gebiet \u010cerven\u00fd kr\u00ed\u017e (E)<\/strong> sind anstrengend, als Belohnung k\u00f6nnen Sie jedoch das <strong>Erholungsgebiet Biely kr\u00ed\u017e (F)<\/strong> genie\u00dfen. Wiesen, zwei Imbisse und ein Forsthaus, mittlerweile eine Kultst\u00e4tte f\u00fcr Pressburger Radfahrer. Der R\u00fcckweg ist abenteuerlicher. Sie fahren vom Biely kr\u00ed\u017e bis Ka\u010d\u00edn auf einem Waldweg im urspr\u00fcnglichen Zustand. Hier k\u00f6nnen Sie die langen Abfahrten durch das <strong>Vydrica-Tal (G)<\/strong>, eine kleine Furt, Br\u00fccken, umgest\u00fcrzte \u00c4ste und eine Erholungszone mit dem Mal\u00fd Slav\u00edn-Denkmal genie\u00dfen. Von <strong>Ka\u010d\u00edn (H)<\/strong> fahren Sie auf der Asphaltstra\u00dfe wieder nach \u017delezn\u00e1 studni\u010dka und zur\u00fcck zum \u010cerven\u00fd most.<\/p>\n<p><em>Wenn Sie auf Ihrem Handy auf \u201eZobrazi\u0165 na Mapy.cz\u201c klicken und die App herunterladen, k\u00f6nnen Sie die Navigation direkt basierend auf Ihrem Standort verwenden. Genie\u00dfen Sie die Route!<\/em><\/p>\n<p><iframe style=\"border: none;\" src=\"https:\/\/sk.frame.mapy.cz\/s\/nucobatudu\" width=\"800\" height=\"400\" frameborder=\"0\"><\/iframe><\/p>\n","protected":false},"excerpt":{"rendered":"<p>Von Bratislava aus ist es nur ein Katzensprung in die Natur. Die H\u00e4user liegen eingebettet in die gr\u00fcnen H\u00fcgel der Kleinen Karpaten. Der Gebirgszug ist ein wesentlicher Bestandteil der Skyline der Stadt. Die lokalen W\u00e4lder durchqueren dutzende von Kilometern grossartiger Radwege<\/p>\n","protected":false},"author":32,"featured_media":106392,"parent":125848,"menu_order":0,"comment_status":"closed","ping_status":"closed","template":"","meta":[],"acf":[],"_links":{"self":[{"href":"https:\/\/www.visitbratislava.com\/de\/wp-json\/wp\/v2\/pages\/139729"}],"collection":[{"href":"https:\/\/www.visitbratislava.com\/de\/wp-json\/wp\/v2\/pages"}],"about":[{"href":"https:\/\/www.visitbratislava.com\/de\/wp-json\/wp\/v2\/types\/page"}],"author":[{"embeddable":true,"href":"https:\/\/www.visitbratislava.com\/de\/wp-json\/wp\/v2\/users\/32"}],"replies":[{"embeddable":true,"href":"https:\/\/www.visitbratislava.com\/de\/wp-json\/wp\/v2\/comments?post=139729"}],"version-history":[{"count":2,"href":"https:\/\/www.visitbratislava.com\/de\/wp-json\/wp\/v2\/pages\/139729\/revisions"}],"predecessor-version":[{"id":281043,"href":"https:\/\/www.visitbratislava.com\/de\/wp-json\/wp\/v2\/pages\/139729\/revisions\/281043"}],"up":[{"embeddable":true,"href":"https:\/\/www.visitbratislava.com\/de\/wp-json\/wp\/v2\/pages\/125848"}],"wp:featuredmedia":[{"embeddable":true,"href":"https:\/\/www.visitbratislava.com\/de\/wp-json\/wp\/v2\/media\/106392"}],"wp:attachment":[{"href":"https:\/\/www.visitbratislava.com\/de\/wp-json\/wp\/v2\/media?parent=139729"}],"curies":[{"name":"wp","href":"https:\/\/api.w.org\/{rel}","templated":true}]}}