{"id":139731,"date":"2022-05-30T16:46:51","date_gmt":"2022-05-30T14:46:51","guid":{"rendered":"https:\/\/www.visitbratislava.com\/?page_id=139731"},"modified":"2024-02-15T16:51:28","modified_gmt":"2024-02-15T15:51:28","slug":"rund-um-devinska-kobyla","status":"publish","type":"page","link":"https:\/\/www.visitbratislava.com\/de\/fahrradausfluege\/rund-um-devinska-kobyla\/","title":{"rendered":"Rund um Dev\u00ednska Kobyla"},"content":{"rendered":"<p>Auf dieser abenteuerlichen Route geniessen sie Waldwege, steile Anstiege und Abfahrten. Sie k\u00f6nnen jedoch auch die majest\u00e4tische Burg Dev\u00edn und ihre bezaubernde Umgebung geniessen.<\/p>\n<hr \/>\n<p><strong>Start:<\/strong> Karlova Ves, Dlh\u00e9 diely, Endstation Buslinien 32, 33<br \/>\n<strong>L\u00e4nge:<\/strong> 19,8 km (ohne Raketenbasis auf Dev\u00ednsk\u00e1 Kobyla)<br \/>\n<strong>Ausflugsdauer (mit Pausen):<\/strong> 3 Stunden<br \/>\n<strong>Relief:<\/strong> h\u00fcgelig<br \/>\n<strong>Gel\u00e4nde:<\/strong> 40 % befestigt, 60 % urspr\u00fcnglich<br \/>\n<strong>Im Stra\u00dfenverkehr:<\/strong> 20 %<br \/>\n<strong>Schwierigkeitsgrad:<\/strong> schwer<br \/>\n<strong>Bikesharing:<\/strong> nein<br \/>\n<a href=\"https:\/\/www.visitbratislava.com\/wp-content\/uploads\/2024\/02\/10-Okolo-Devinskej-Kobyly.gpx\" target=\"_blank\" rel=\"noopener\">Laden Sie die GPX-Datei hier herunter<\/a><\/p>\n<hr \/>\n<p>Die Route beginnt am oberen Ende der Wohnsiedlung Dlh\u00e9 diely in Karlova Ves. Die Asphaltstra\u00dfe endet schnell, und Sie fahren auf der Waldstra\u00dfe mit leichten Steigungen weiter. Vor der <strong>D\u00fabravsk\u00e1 hlavica (A)<\/strong> sto\u00dfen Sie wieder auf eine Asphaltstra\u00dfe, die Sie in einem sanften Anstieg auf den Gipfel von Dev\u00ednska Kobyla (514 m \u00fc. M.) f\u00fchrt. Wenn Sie einen nat\u00fcrlichen Untergrund bevorzugen, f\u00fchrt entlang der Asphaltstra\u00dfe ein Waldweg. Betoneingang zum Geb\u00e4ude des ehemaligen Raketenst\u00fctzpunktes, rechts in den Wald abzubiegen.<\/p>\n<p>Auf der Asphaltstra\u00dfe geht es so hoch wie m\u00f6glich einen steilen H\u00fcgel hinauf. Wenn Sie neugierig sind, schauen Sie sich auch die <strong>verlassenen Betonsilos, Bunker und Kasernen an (B)<\/strong>. Sie wurden w\u00e4hrend des Kalten Krieges von der Tschechoslowakischen Volksarmee errichtet, um die Stadt vor Raketen aus dem Westen zu sch\u00fctzen. Vom <strong>Aussichtsturm (C)<\/strong> in Form einer Gottesanbeterin haben Sie einen herrlichen Blick auf Bratislava, die Kleinen Karpaten, die Donau, die March und \u00d6sterreich. Mit Hilfe der Navigation erwartet Sie ein steiler Abstieg durch den erhaltenen Buchenwald und eine Fahrt auf einem Waldweg durch die westlichen Ausl\u00e4ufer von Dev\u00ednska Kobyla.<\/p>\n<p>Sie fahren nach Dev\u00edn durch die <strong>Weinberge (D)<\/strong> und das neue Wohngebiet. Wenn Sie sich nach Erfrischungen oder Geschichte sehnen, fahren Sie bis zur <strong>Burg Dev\u00edn (E)<\/strong>, wo Sie all dies finden. Hinter den G\u00e4rten der <strong>Siedlung Gron\u00e1re (F)<\/strong> erklimmen Sie wieder die Karpatenw\u00e4lder. Der letzte Abschnitt der Route f\u00fchrt \u00fcber steile Anstiege und T\u00e4ler, aber die Aussicht von der Naturwiese <strong>Kr\u00e1\u013eova hora (G)<\/strong> oberhalb von Dlh\u00e9 diely ist es wert. Von der Wohnsiedlung Dlh\u00e9 diely genie\u00dfen Sie den Abstieg zur Donau, deren Uferpromenade Sie in die Innenstadt f\u00fchrt.<\/p>\n<p><em>Wenn Sie auf Ihrem Handy auf \u201eZobrazi\u0165 na Mapy.cz\u201c klicken und die App herunterladen, k\u00f6nnen Sie die Navigation direkt basierend auf Ihrem Standort verwenden. Genie\u00dfen Sie die Route!<\/em><\/p>\n<p><iframe style=\"border: none;\" src=\"https:\/\/sk.frame.mapy.cz\/s\/matukujona\" width=\"800\" height=\"400\" frameborder=\"0\"><\/iframe><\/p>\n","protected":false},"excerpt":{"rendered":"<p>Wie ist die Aussicht vom h\u00f6chsten pressburger Gipfel? Dev\u00ednska Kobyla ist ein m\u00e4chtiger bewaldeter H\u00fcgel mit einem einzigartigen Aussichtsturm. Sein Gipfel verbirgt mysteri\u00f6se Milit\u00e4robjekte einer verlassenen Raketenbasis<\/p>\n","protected":false},"author":32,"featured_media":106400,"parent":125848,"menu_order":0,"comment_status":"closed","ping_status":"closed","template":"","meta":[],"acf":[],"_links":{"self":[{"href":"https:\/\/www.visitbratislava.com\/de\/wp-json\/wp\/v2\/pages\/139731"}],"collection":[{"href":"https:\/\/www.visitbratislava.com\/de\/wp-json\/wp\/v2\/pages"}],"about":[{"href":"https:\/\/www.visitbratislava.com\/de\/wp-json\/wp\/v2\/types\/page"}],"author":[{"embeddable":true,"href":"https:\/\/www.visitbratislava.com\/de\/wp-json\/wp\/v2\/users\/32"}],"replies":[{"embeddable":true,"href":"https:\/\/www.visitbratislava.com\/de\/wp-json\/wp\/v2\/comments?post=139731"}],"version-history":[{"count":2,"href":"https:\/\/www.visitbratislava.com\/de\/wp-json\/wp\/v2\/pages\/139731\/revisions"}],"predecessor-version":[{"id":281046,"href":"https:\/\/www.visitbratislava.com\/de\/wp-json\/wp\/v2\/pages\/139731\/revisions\/281046"}],"up":[{"embeddable":true,"href":"https:\/\/www.visitbratislava.com\/de\/wp-json\/wp\/v2\/pages\/125848"}],"wp:featuredmedia":[{"embeddable":true,"href":"https:\/\/www.visitbratislava.com\/de\/wp-json\/wp\/v2\/media\/106400"}],"wp:attachment":[{"href":"https:\/\/www.visitbratislava.com\/de\/wp-json\/wp\/v2\/media?parent=139731"}],"curies":[{"name":"wp","href":"https:\/\/api.w.org\/{rel}","templated":true}]}}