{"id":139825,"date":"2022-06-02T15:50:57","date_gmt":"2022-06-02T13:50:57","guid":{"rendered":"https:\/\/www.visitbratislava.com\/?page_id=139825"},"modified":"2022-06-02T15:50:57","modified_gmt":"2022-06-02T13:50:57","slug":"rendezvous-im-garten","status":"publish","type":"page","link":"https:\/\/www.visitbratislava.com\/de\/rendezvous-im-garten\/","title":{"rendered":"Rendezvous im Garten"},"content":{"rendered":"","protected":false},"excerpt":{"rendered":"<p>Kommen Sie, um die bunte Sch\u00f6nheit von Orten zu genie\u00dfen, die normalerweise vor der \u00d6ffentlichkeit verborgen bleiben. Finden Sie Ruhe und Vergn\u00fcgen in den gr\u00fcnen Ecken der Hauptstadt und entdecken Sie die verborgenen Sch\u00e4tze der Parkanlagen und G\u00e4rten von Bratislava. Nur ein Wochenende im Jahr<\/p>\n","protected":false},"author":32,"featured_media":139817,"parent":0,"menu_order":0,"comment_status":"closed","ping_status":"closed","template":"tpl-page-grid.php","meta":[],"acf":[],"_links":{"self":[{"href":"https:\/\/www.visitbratislava.com\/de\/wp-json\/wp\/v2\/pages\/139825"}],"collection":[{"href":"https:\/\/www.visitbratislava.com\/de\/wp-json\/wp\/v2\/pages"}],"about":[{"href":"https:\/\/www.visitbratislava.com\/de\/wp-json\/wp\/v2\/types\/page"}],"author":[{"embeddable":true,"href":"https:\/\/www.visitbratislava.com\/de\/wp-json\/wp\/v2\/users\/32"}],"replies":[{"embeddable":true,"href":"https:\/\/www.visitbratislava.com\/de\/wp-json\/wp\/v2\/comments?post=139825"}],"version-history":[{"count":1,"href":"https:\/\/www.visitbratislava.com\/de\/wp-json\/wp\/v2\/pages\/139825\/revisions"}],"predecessor-version":[{"id":139826,"href":"https:\/\/www.visitbratislava.com\/de\/wp-json\/wp\/v2\/pages\/139825\/revisions\/139826"}],"wp:featuredmedia":[{"embeddable":true,"href":"https:\/\/www.visitbratislava.com\/de\/wp-json\/wp\/v2\/media\/139817"}],"wp:attachment":[{"href":"https:\/\/www.visitbratislava.com\/de\/wp-json\/wp\/v2\/media?parent=139825"}],"curies":[{"name":"wp","href":"https:\/\/api.w.org\/{rel}","templated":true}]}}