{"id":142758,"date":"2022-07-11T12:13:49","date_gmt":"2022-07-11T10:13:49","guid":{"rendered":"https:\/\/www.visitbratislava.com\/?page_id=142758"},"modified":"2025-07-16T09:57:49","modified_gmt":"2025-07-16T07:57:49","slug":"rundgaengen-waehrend-der-bratislavaer-kroenungstage","status":"publish","type":"page","link":"https:\/\/www.visitbratislava.com\/de\/rundgaengen-waehrend-der-bratislavaer-kroenungstage\/","title":{"rendered":"Rundg\u00e4ngen w\u00e4hrend der Bratislavaer Kr\u00f6nungstage"},"content":{"rendered":"<p data-start=\"968\" data-end=\"1359\">\ud83c\udf89 W\u00e4hrend der <strong data-start=\"983\" data-end=\"1015\">Kr\u00f6nungstage Bratislava 2025<\/strong> k\u00f6nnen Sie sich auf die Spuren von K\u00f6nigen, K\u00f6niginnen und barocker Pracht begeben \u2013 mit fachkundigen Erkl\u00e4rungen, spannenden Geschichten und unvergesslichen Stadtf\u00fchrungen.<br data-start=\"1189\" data-end=\"1192\" \/>\ud83c\udf9f\ufe0f Alle F\u00fchrungen sind kostenlos und werden vom <strong data-start=\"1241\" data-end=\"1272\">Tourist-Informationszentrum<\/strong> organisiert.<br data-start=\"1285\" data-end=\"1288\" \/>\ud83d\udccd Treffpunkt und Route werden nach der Anmeldung per E-Mail zugesandt.<\/p>\n<p data-start=\"1361\" data-end=\"1392\">\u2139\ufe0f <strong data-start=\"1364\" data-end=\"1392\">Tipps f\u00fcr Besucher:innen<\/strong><\/p>\n<p data-start=\"1394\" data-end=\"1678\">\ud83d\udc5f Bequeme Schuhe empfohlen \u2013 die F\u00fchrungen finden in der historischen Altstadt statt.<br data-start=\"1480\" data-end=\"1483\" \/>\u2614 Die Touren finden bei jedem Wetter statt \u2013 bitte passende Kleidung mitbringen.<br data-start=\"1563\" data-end=\"1566\" \/>\ud83e\uddd2 Familienfreundliche Touren beinhalten Materialien f\u00fcr Kinder \u2013 bitte mindestens 15 Minuten vorher eintreffen.<\/p>\n<p data-start=\"1680\" data-end=\"1876\"><em data-start=\"1680\" data-end=\"1875\">Bitte melden Sie sich nur zu einer F\u00fchrung an. Falls Sie nicht teilnehmen k\u00f6nnen, stornieren Sie Ihre Reservierung, damit andere G\u00e4ste die M\u00f6glichkeit erhalten. Vielen Dank f\u00fcr Ihr Verst\u00e4ndnis.<\/em><\/p>\n<p data-start=\"174\" data-end=\"200\"><img loading=\"lazy\" width=\"1920\" height=\"1280\" class=\"alignnone size-full wp-image-143332\" src=\"https:\/\/www.visitbratislava.com\/wp-content\/uploads\/2022\/07\/Korunovacie_2020_214_1920x1280.jpg\" alt=\"\" srcset=\"https:\/\/www.visitbratislava.com\/wp-content\/uploads\/2022\/07\/Korunovacie_2020_214_1920x1280.jpg 1920w, https:\/\/www.visitbratislava.com\/wp-content\/uploads\/2022\/07\/Korunovacie_2020_214_1920x1280-400x267.jpg 400w, https:\/\/www.visitbratislava.com\/wp-content\/uploads\/2022\/07\/Korunovacie_2020_214_1920x1280-800x533.jpg 800w, https:\/\/www.visitbratislava.com\/wp-content\/uploads\/2022\/07\/Korunovacie_2020_214_1920x1280-768x512.jpg 768w, https:\/\/www.visitbratislava.com\/wp-content\/uploads\/2022\/07\/Korunovacie_2020_214_1920x1280-1536x1024.jpg 1536w, https:\/\/www.visitbratislava.com\/wp-content\/uploads\/2022\/07\/Korunovacie_2020_214_1920x1280-200x133.jpg 200w\" sizes=\"(max-width: 1920px) 100vw, 1920px\" \/><\/p>\n<h3 data-start=\"174\" data-end=\"200\">Freitag<\/h3>\n<p data-start=\"1146\" data-end=\"1267\">\ud83d\udd39 \ud83c\udde9\ud83c\uddea DEUTSCHE F\u00dcHRUNG<\/p>\n<p data-start=\"1146\" data-end=\"1267\">\ud83d\udd50\u00a0<strong data-start=\"1149\" data-end=\"1166\">17:30 \u2013 19:00<\/strong><br data-start=\"1166\" data-end=\"1169\" \/><strong>\ud83d\udcd6\u00a0<em>Elisabeth Christine und Maria Theresia \u2013 zwei starke Frauen hinter den Karl<\/em><\/strong>\ud83d\udde3\ufe0f nemeck\u00fd\u2003\ud83d\udc64 Dagmar Gubov\u00e1<\/p>\n<p data-start=\"1269\" data-end=\"1406\">Hinter einem starken Mann stehen zwei noch st\u00e4rkere Frauen \u2013 entdecken Sie ihre Geschichten im Kontrast und Wechselspiel, von der frommen Ehefrau bis zur legend\u00e4ren Herrscherin.<\/p>\n<p data-start=\"1269\" data-end=\"1406\">\u27a1\ufe0f<a href=\"https:\/\/tootoot.fm\/sk\/events\/686a6b33ac5c84ec44cd2818\" target=\"_blank\" rel=\"noopener\"> <em data-start=\"1917\" data-end=\"1960\">Registration required\u00a0<\/em><\/a><\/p>\n<hr \/>\n<h3 data-start=\"174\" data-end=\"200\">Samstag<\/h3>\n<p data-start=\"174\" data-end=\"200\">\ud83d\udd39 \ud83c\uddec\ud83c\udde7 ENGLISH TOUR<\/p>\n<p data-start=\"866\" data-end=\"973\">\ud83d\udd50 11:00 \u2013 13:00<br data-start=\"882\" data-end=\"885\" \/><strong>\ud83d\udcd6 <em data-start=\"888\" data-end=\"948\">In the footsteps of Hungarian kings coronated in Pressburg<\/em><\/strong><br data-start=\"948\" data-end=\"951\" \/>\ud83d\udc64 Ingrid Desdevises<\/p>\n<p data-start=\"975\" data-end=\"1433\">During the guided tour we will &#8222;follow the golden crowns&#8220; that will bring us to the oldest church of the historical city, dedicated to the Franciscans&#8216; Order. You will also learn more about the king that paid for the oldest fountain of Bratislava. Then the tour continues directly to the St. Martin&#8217;s Cathedral where 11 kings and 7 queens consorts were crowned between 1563 and 1830. We will finish the tour on the Castle Hill to enjoy the views of the city.<\/p>\n<p data-start=\"1435\" data-end=\"1481\">\u27a1\ufe0f<a href=\"https:\/\/tootoot.fm\/sk\/events\/686a702d014a8f7bbbec07e9\" target=\"_blank\" rel=\"noopener\"> <em data-start=\"1438\" data-end=\"1481\">Registration required\u00a0<\/em><\/a><\/p>\n<hr data-start=\"1483\" data-end=\"1486\" \/>\n<p data-start=\"174\" data-end=\"200\">\ud83d\udd39 \ud83c\udded\ud83c\uddfa MAGYAR NYELV\u0170 S\u00c9TA<\/p>\n<p data-start=\"202\" data-end=\"300\">\ud83d\udd50 10:00 \u2013 12:00<br data-start=\"218\" data-end=\"221\" \/><strong>\ud83d\udcd6 <em data-start=\"224\" data-end=\"274\">Koron\u00e1z\u00e1si s\u00e9ta III. K\u00e1roly koron\u00e1z\u00e1sa alkal\u00e1b\u00f3l<\/em><\/strong><br data-start=\"274\" data-end=\"277\" \/>\ud83d\udc64 Helena Navr\u00e1tilov\u00e1<\/p>\n<p data-start=\"302\" data-end=\"786\">K\u00e1roly f\u0151herceg koron\u00e1z\u00e1s\u00e1ra Pozsonyban ker\u00fclt sor 1712. m\u00e1jus 22-\u00e9n. K\u00e1rolyt m\u00e1r 1711. december 24-\u00e9n Frankfurt am Mainban koron\u00e1zt\u00e1k meg IV. K\u00e1roly n\u00e9met-r\u00f3mai cs\u00e1sz\u00e1rr\u00e1. Pozs\u00e1nyban kapta meg a III. K\u00e1roly magyar kir\u00e1lyi c\u00edmet. Legnagyobb hozz\u00e1j\u00e1rul\u00e1sa a Habsburg-dinasztia magyar tr\u00f3non val\u00f3 meg\u0151rz\u00e9s\u00e9hez az \u00fagynevezett Pragmatikus Szankci\u00f3 \u00e9rv\u00e9nyes\u00edt\u00e9se. Koron\u00e1z\u00e1s\u00e1nak eml\u00e9km\u0171ve a pozsonyi v\u00e1r b\u00e9csi, akkoriban K\u00e1roly-kapuja \u00e9s a Szent Mih\u00e1ly-kapu el\u0151ter\u00e9ben tal\u00e1lhat\u00f3 eml\u00e9kt\u00e1bla.<\/p>\n<p data-start=\"788\" data-end=\"837\">\u27a1\ufe0f <a href=\"https:\/\/tootoot.fm\/sk\/events\/686a6f13ac5c84ec44d088c2\" target=\"_blank\" rel=\"noopener\"><em data-start=\"791\" data-end=\"837\">Regisztr\u00e1ci\u00f3 sz\u00fcks\u00e9ges\u00a0<\/em><\/a><\/p>\n<hr \/>\n<p data-start=\"1488\" data-end=\"1508\">\ud83d\udd39 \ud83c\uddec\ud83c\udde7 ENGLISH TOUR<\/p>\n<p data-start=\"1510\" data-end=\"1619\">\ud83d\udd50 12:30 \u2013 13:30<br data-start=\"1526\" data-end=\"1529\" \/><strong>\ud83d\udcd6 <em data-start=\"1532\" data-end=\"1598\">Commented tour of the Slovak National Museum \u2013 Historical Museum<\/em><\/strong><br data-start=\"1598\" data-end=\"1601\" \/>\ud83d\udc64 Juraj Pol\u00e1\u010dek<\/p>\n<p data-start=\"1621\" data-end=\"1912\">In addition to purchasing a ticket, you have the option to register for a tour of the interior of the Bratislava Castle and its gardens. Stroll among the silver linden trees and statues and take a photo by the central fountain. Explore the museum and discover the rich history of the castle.<\/p>\n<p data-start=\"1914\" data-end=\"1960\">\u27a1\ufe0f <a href=\"https:\/\/www.visitbratislava.com\/de\/geschehen\/fuehrung-durch-die-bratislavaer-burg-auf-englisch\/\" target=\"_blank\" rel=\"noopener\"><em data-start=\"1917\" data-end=\"1960\">Mehr info<\/em><\/a><\/p>\n<hr data-start=\"1962\" data-end=\"1965\" \/>\n<h3 data-start=\"1967\" data-end=\"1991\">Sonntag<\/h3>\n<p data-start=\"1967\" data-end=\"1991\">\ud83d\udd39 \ud83c\udde9\ud83c\uddea DEUTSCHE F\u00dcHRUNG<\/p>\n<p data-start=\"1993\" data-end=\"2155\">\ud83d\udd50 10:00 \u2013 11:30<br data-start=\"2009\" data-end=\"2012\" \/><strong>\ud83d\udcd6 <em data-start=\"2015\" data-end=\"2132\">Der ungarische K\u00f6nig Karl III. (r\u00f6misch-deutscher Kaiser Karl VI.) \u2013 der letzte Habsburger und ein barocker Monarch<\/em><\/strong><br data-start=\"2132\" data-end=\"2135\" \/>\ud83d\udc64 Zuzana God\u00e1rov\u00e1<\/p>\n<p data-start=\"2157\" data-end=\"2807\">Nach dem unerwarteten Tod seines Bruders Joseph I. musste Karl VI. Spanien verlassen, um die Herrschaft \u00fcber die Erblande und das Reich zu \u00fcbernehmen. Als ungarischer K\u00f6nig Karl III. wurde er am 22. Mai 1712 in Pressburg gekr\u00f6nt. Seine Herrschaft ist vor allem durch die Durchsetzung der Pragmatischen Sanktion gekennzeichnet, mit der er die Unteilbarkeit des Reiches f\u00fcr seine \u00e4lteste Tochter sichern wollte. Er war der letzte Habsburger und zugleich der letzte Barockkaiser mit einer Vorliebe f\u00fcr Zeremonien und Prunk. W\u00e4hrend der F\u00fchrung besichtigen wir wichtige Stationen seines Kr\u00f6nungszuges sowie Bauten und Denkm\u00e4ler aus seiner Regierungszeit.<\/p>\n<p data-start=\"2809\" data-end=\"2859\"><em>\u27a1\ufe0f <a href=\"https:\/\/tootoot.fm\/sk\/events\/686a8a05014a8f7bbb0f0a37\" target=\"_blank\" rel=\"noopener\">Registrierung erforderlich<\/a><\/em><\/p>\n<h3 data-start=\"821\" data-end=\"905\">\ud83d\udd04 <strong data-start=\"824\" data-end=\"905\">Sie haben sich nicht rechtzeitig f\u00fcr die F\u00fchrungen registriert? Kein Problem!<\/strong><\/h3>\n<p data-start=\"907\" data-end=\"964\">Erleben Sie das Kr\u00f6nungsbratislava auch ganz individuell:<\/p>\n<p data-start=\"966\" data-end=\"1413\">\ud83d\udcf1 Die <strong data-start=\"973\" data-end=\"1012\">Kr\u00f6nungsroute in der SmartGuide-App<\/strong> f\u00fchrt Sie per GPS-Navigation und Audioguide zu historischen Stationen \u2013 jederzeit, kostenlos und ohne Begleitung.<br data-start=\"1126\" data-end=\"1129\" \/>\ud83d\udd75\ufe0f\u200d\u2642\ufe0f Eine spielerische Alternative f\u00fcr Kinder und Erwachsene ist das <strong data-start=\"1200\" data-end=\"1261\">Online-R\u00e4tselspiel \u201eDie Geschichte der gestohlenen Krone\u201c<\/strong> unter <a class=\"cursor-pointer\" target=\"_new\" rel=\"noopener\" data-start=\"1268\" data-end=\"1314\">bystronovci.sk\/de<\/a>. L\u00f6sen Sie Aufgaben, folgen Sie den Hinweisen und helfen Sie, die k\u00f6niglichen Insignien zu retten!<\/p>\n<p data-start=\"1415\" data-end=\"1573\">\u2728 Mit beiden Erlebnissen tauchen Sie in die Kr\u00f6nungsatmosph\u00e4re Bratislavas ein \u2013 alles was Sie brauchen ist ein Smartphone, Entdeckergeist und bequeme Schuhe.<\/p>\n","protected":false},"excerpt":{"rendered":"<p>Lernen Sie die Kr\u00f6nungsgeschichte von Bratislava mit den Augen derjenigen kennen, die es am besten kennen und kostenlos.<\/p>\n","protected":false},"author":32,"featured_media":341908,"parent":0,"menu_order":0,"comment_status":"closed","ping_status":"closed","template":"","meta":[],"acf":[],"_links":{"self":[{"href":"https:\/\/www.visitbratislava.com\/de\/wp-json\/wp\/v2\/pages\/142758"}],"collection":[{"href":"https:\/\/www.visitbratislava.com\/de\/wp-json\/wp\/v2\/pages"}],"about":[{"href":"https:\/\/www.visitbratislava.com\/de\/wp-json\/wp\/v2\/types\/page"}],"author":[{"embeddable":true,"href":"https:\/\/www.visitbratislava.com\/de\/wp-json\/wp\/v2\/users\/32"}],"replies":[{"embeddable":true,"href":"https:\/\/www.visitbratislava.com\/de\/wp-json\/wp\/v2\/comments?post=142758"}],"version-history":[{"count":41,"href":"https:\/\/www.visitbratislava.com\/de\/wp-json\/wp\/v2\/pages\/142758\/revisions"}],"predecessor-version":[{"id":343218,"href":"https:\/\/www.visitbratislava.com\/de\/wp-json\/wp\/v2\/pages\/142758\/revisions\/343218"}],"wp:featuredmedia":[{"embeddable":true,"href":"https:\/\/www.visitbratislava.com\/de\/wp-json\/wp\/v2\/media\/341908"}],"wp:attachment":[{"href":"https:\/\/www.visitbratislava.com\/de\/wp-json\/wp\/v2\/media?parent=142758"}],"curies":[{"name":"wp","href":"https:\/\/api.w.org\/{rel}","templated":true}]}}