{"id":142764,"date":"2022-07-11T12:15:54","date_gmt":"2022-07-11T10:15:54","guid":{"rendered":"https:\/\/www.visitbratislava.com\/?page_id=142764"},"modified":"2025-07-23T17:35:29","modified_gmt":"2025-07-23T15:35:29","slug":"kroenungsprozession-und-ritterturnier","status":"publish","type":"page","link":"https:\/\/www.visitbratislava.com\/de\/kroenungsprozession-und-ritterturnier\/","title":{"rendered":"Kr\u00f6nungsprozession"},"content":{"rendered":"<h2>Kr\u00f6nungsprozession<\/h2>\n<p>W\u00e4hrend der Kr\u00f6nungen kamen viele G\u00e4ste und K\u00fcnstler in die Stadt, die uns eine ausf\u00fchrliche Beschreibung des erlebten Ereignisses hinterlie\u00dfen. Dank dessen haben wir heute eine ziemlich genaue Vorstellung nicht nur vom Ablauf der Kr\u00f6nung, sondern auch von den begleitenden Feierlichkeiten und der k\u00f6niglichen Kr\u00f6nungsprozession. Und genau darauf k\u00f6nnen Sie sich w\u00e4hrend der Bratislavaer Kr\u00f6nungstage freuen!<\/p>\n<p>Der Kr\u00f6nungszug wandert am Samstag, 26. Juli, um 16.00 Uhr durch die Stadt, nachdem Gruppenfotos (14.00) historischer Gruppen in der Kulisse des Schlosses gemacht wurden und einer kurzen Vorstellung (15.30). Es beginnt seine Reise von der Burg Bratislava zum Hauptplatz, wo es gegen 17.00 Uhr ankommt. Anschlie\u00dfend folgt ein weiteres spannendes Programm in Form eines Kr\u00f6nungsakts sowie Theater- und Fechtvorf\u00fchrungen.<\/p>\n<p><img loading=\"lazy\" width=\"2339\" height=\"1654\" class=\"alignnone size-full wp-image-341975\" src=\"https:\/\/www.visitbratislava.com\/wp-content\/uploads\/2025\/07\/BKD_Mapka-sprievod_2025_3.jpg\" alt=\"\" srcset=\"https:\/\/www.visitbratislava.com\/wp-content\/uploads\/2025\/07\/BKD_Mapka-sprievod_2025_3.jpg 2339w, https:\/\/www.visitbratislava.com\/wp-content\/uploads\/2025\/07\/BKD_Mapka-sprievod_2025_3-400x283.jpg 400w, https:\/\/www.visitbratislava.com\/wp-content\/uploads\/2025\/07\/BKD_Mapka-sprievod_2025_3-800x566.jpg 800w, https:\/\/www.visitbratislava.com\/wp-content\/uploads\/2025\/07\/BKD_Mapka-sprievod_2025_3-768x543.jpg 768w, https:\/\/www.visitbratislava.com\/wp-content\/uploads\/2025\/07\/BKD_Mapka-sprievod_2025_3-1536x1086.jpg 1536w, https:\/\/www.visitbratislava.com\/wp-content\/uploads\/2025\/07\/BKD_Mapka-sprievod_2025_3-2048x1448.jpg 2048w, https:\/\/www.visitbratislava.com\/wp-content\/uploads\/2025\/07\/BKD_Mapka-sprievod_2025_3-200x141.jpg 200w\" sizes=\"(max-width: 2339px) 100vw, 2339px\" \/><\/p>\n<h3>Was erwartet Sie?<\/h3>\n<p>Im Kr\u00f6nungsprozession sind Portr\u00e4ts einzelner K\u00f6nige, die in der Vergangenheit in Bratislava gekr\u00f6nt wurden, sowie deren damaliger Zug zu sehen. K\u00f6nig Karl III. mit seinem Gefolge zu Pferd reitet. Auch der Klerus, angef\u00fchrt vom Erzbischof, wird in der Prozession vor den Kronjuwelen schreiten.<\/p>\n<p>Das Publikum wird so die Entwicklung von Kleidung, R\u00fcstungen und Accessoires im Laufe der Zeit sehen. W\u00e4hrend der gesamten Prozession informiert Sie der Herold auf dem Hauptplatz \u00fcber die historischen Hintergr\u00fcnde der Kr\u00f6nung und stellt nach der Prozession die verschiedenen Teile vor.<\/p>\n<p>Anschlie\u00dfend k\u00f6nnen Sie die <strong>Kr\u00f6nungszeremonie<\/strong> und ein weiteres reichhaltiges Programm sehen.<\/p>\n<h3>Kr\u00f6nungseide<\/h3>\n<p>Zwei Eide waren Teil des ungarischen Kr\u00f6nungsrituals: der \u201eKr\u00f6nungseid\u201c und der \u201eEid auf das Land\u201c. Der Kr\u00f6nungseid bestand darin, dass der K\u00f6nig seinen Hengst auf seine Hinterbeine setzte und das Kr\u00f6nungsschwert zu den vier Himmelsrichtungen schwenkte, um zu zeigen, dass er bereit war, das Land gegen Feinde zu verteidigen, woher auch immer sie kommen m\u00f6gen.<\/p>\n<p>Indem er dem Land einen Eid schw\u00f6rt, verpflichtet sich der K\u00f6nig, die Gesetze des Landes, das Gewohnheitsrecht und alle Privilegien, die zuvor Einzelpersonen oder Gemeinschaften gew\u00e4hrt wurden, zu respektieren und zu respektieren. Unter der Goldenen Bulle von Andreas II. erlaubte die Verletzung dieses Eides den Bewohnern des K\u00f6nigreichs, sich mit Waffen in der Hand gegen den K\u00f6nig zu erheben. Das ist der Grund, warum es in der Geschichte Ungarns so viele Rebellionen gegeben hat.<\/p>\n","protected":false},"excerpt":{"rendered":"<p>Bewundern Sie das k\u00f6nigliche Gefolge, das durch die Stadt reist, und halten Sie den Atem \u00fcber den Mut und die Geschicklichkeit der Ritter.<\/p>\n","protected":false},"author":32,"featured_media":341889,"parent":0,"menu_order":0,"comment_status":"closed","ping_status":"closed","template":"","meta":[],"acf":[],"_links":{"self":[{"href":"https:\/\/www.visitbratislava.com\/de\/wp-json\/wp\/v2\/pages\/142764"}],"collection":[{"href":"https:\/\/www.visitbratislava.com\/de\/wp-json\/wp\/v2\/pages"}],"about":[{"href":"https:\/\/www.visitbratislava.com\/de\/wp-json\/wp\/v2\/types\/page"}],"author":[{"embeddable":true,"href":"https:\/\/www.visitbratislava.com\/de\/wp-json\/wp\/v2\/users\/32"}],"replies":[{"embeddable":true,"href":"https:\/\/www.visitbratislava.com\/de\/wp-json\/wp\/v2\/comments?post=142764"}],"version-history":[{"count":26,"href":"https:\/\/www.visitbratislava.com\/de\/wp-json\/wp\/v2\/pages\/142764\/revisions"}],"predecessor-version":[{"id":344043,"href":"https:\/\/www.visitbratislava.com\/de\/wp-json\/wp\/v2\/pages\/142764\/revisions\/344043"}],"wp:featuredmedia":[{"embeddable":true,"href":"https:\/\/www.visitbratislava.com\/de\/wp-json\/wp\/v2\/media\/341889"}],"wp:attachment":[{"href":"https:\/\/www.visitbratislava.com\/de\/wp-json\/wp\/v2\/media?parent=142764"}],"curies":[{"name":"wp","href":"https:\/\/api.w.org\/{rel}","templated":true}]}}