{"id":142770,"date":"2022-07-11T12:17:51","date_gmt":"2022-07-11T10:17:51","guid":{"rendered":"https:\/\/www.visitbratislava.com\/?page_id=142770"},"modified":"2024-07-29T17:02:02","modified_gmt":"2024-07-29T15:02:02","slug":"ueber-kroenungen","status":"publish","type":"page","link":"https:\/\/www.visitbratislava.com\/de\/ueber-kroenungen\/","title":{"rendered":"\u00dcber Kr\u00f6nungen"},"content":{"rendered":"<h2>Kr\u00f6nungsgeschichte<\/h2>\n<p>Bratislava, das die Slowaken einst Pre\u0161porok, die Deutschen Pre\u00dfburg und die Ungarn Pozsony nannten, wurde nach der t\u00fcrkischen Besetzung Ungarns zur Kr\u00f6nungsstadt, als die T\u00fcrken auch die dortige Kr\u00f6nungsstadt Stuhlwei\u00dfenburg (Sz\u00e9kesfeh\u00e9rv\u00e1r) besetzten. Seinerzeit war Pressburg ein sicherer Ort nahe der kaiserlichen Residenzstadt Wien, den sich der ungarische Adel, weltliche und kirchliche W\u00fcrdentr\u00e4ger als Zuflucht ausgew\u00e4hlt hatten.<\/p>\n<p><img loading=\"lazy\" width=\"1035\" height=\"575\" class=\"alignleft size-full wp-image-32436\" src=\"https:\/\/www.visitbratislava.com\/wp-content\/uploads\/2017\/05\/Maria-Terezia-300-Rakuske-kulturne-forum.png\" alt=\"\" srcset=\"https:\/\/www.visitbratislava.com\/wp-content\/uploads\/2017\/05\/Maria-Terezia-300-Rakuske-kulturne-forum.png 1035w, https:\/\/www.visitbratislava.com\/wp-content\/uploads\/2017\/05\/Maria-Terezia-300-Rakuske-kulturne-forum-400x222.png 400w, https:\/\/www.visitbratislava.com\/wp-content\/uploads\/2017\/05\/Maria-Terezia-300-Rakuske-kulturne-forum-768x427.png 768w, https:\/\/www.visitbratislava.com\/wp-content\/uploads\/2017\/05\/Maria-Terezia-300-Rakuske-kulturne-forum-800x444.png 800w, https:\/\/www.visitbratislava.com\/wp-content\/uploads\/2017\/05\/Maria-Terezia-300-Rakuske-kulturne-forum-200x111.png 200w\" sizes=\"(max-width: 1035px) 100vw, 1035px\" \/><\/p>\n<p>Ab 1536 wurde das damalige Bratislava auch zur Hauptstadt von Ungarn. In der Geschichte der kleinen Stadt an der Donau gab es einen Boom. Sie war das administrative Zentrum des Landes, Sitz des K\u00f6nigs, des Erzbischofs, ungarischen Parlaments und zugleich Kr\u00f6nungsstadt f\u00fcr die ungarischen K\u00f6nige. Im St. Martinsdom wurden in den Jahren 1563-1830 zehn K\u00f6nige, eine herrschende K\u00f6nigin und sieben k\u00f6nigliche Gemahlinnen gekr\u00f6nt.<\/p>\n<p>Erster gekr\u00f6nter Monarch war Maximilian von Habsburg aus dem gleichnamigen Geschlecht. Die ber\u00fchmte Kr\u00f6nungs-\u00c4ra Bratislavas endete mit der Kr\u00f6nung von Ferdinand V. Die einzige in Bratislava gekr\u00f6nte, regierende K\u00f6nigin war Maria Theresia, die ihren Titel und die Krone am 25. Juni 1741 feierlich \u00fcbernahm.<\/p>\n<p><img loading=\"lazy\" width=\"661\" height=\"800\" class=\"alignleft size-full wp-image-143584\" src=\"https:\/\/www.visitbratislava.com\/wp-content\/uploads\/2022\/07\/Maria-Terezia-1741.jpg\" alt=\"\" srcset=\"https:\/\/www.visitbratislava.com\/wp-content\/uploads\/2022\/07\/Maria-Terezia-1741.jpg 661w, https:\/\/www.visitbratislava.com\/wp-content\/uploads\/2022\/07\/Maria-Terezia-1741-331x400.jpg 331w, https:\/\/www.visitbratislava.com\/wp-content\/uploads\/2022\/07\/Maria-Terezia-1741-165x200.jpg 165w\" sizes=\"(max-width: 661px) 100vw, 661px\" \/><\/p>\n<h2><a href=\"https:\/\/www.visitbratislava.com\/de\/kroenung\/kroenungszeugen\/\" target=\"_blank\" rel=\"noopener noreferrer\">Kr\u00f6nungszeugen<\/a><\/h2>\n<p>In den Stra\u00dfen des heutigen Bratislava gibt es Kirchen und Geb\u00e4ude, in denen sich Historisches ereignet hat. Noch immer stehen hier die H\u00e4user, die den Weg der <a href=\"https:\/\/www.visitbratislava.com\/de\/bratislavaer-kroenungstage\/kroenungsprozession-und-ritterturnier\/\" target=\"_blank\" rel=\"noopener\">Kr\u00f6nungsprozession<\/a> s\u00e4umten und Zeugen der Kr\u00f6nungszeremonie waren. Ein Teil der Route der urspr\u00fcnglichen Kr\u00f6nungsprozession ist heute mit Messingkronen im Pflaster markiert.<\/p>\n<h2>Entdecken Sie das Kr\u00f6nungs-Bratislava<\/h2>\n<p>Folgen Sie den Spuren der K\u00f6nige und absolvieren Sie einen Teil der Route der urspr\u00fcnglichen Kr\u00f6nungsprozession im Rahmen gef\u00fchrter <a href=\"https:\/\/www.visitbratislava.com\/de\/bratislavaer-kroenungstage\/rundgaengen-waehrend-der-bratislavaer-kroenungstage\/\" target=\"_blank\" rel=\"noopener\">Kr\u00f6nungs-Touren<\/a>, die vom Bratislava Tourist Board organisiert werden. Entdecken Sie Orte, die Geschichte atmen und Zeugen ber\u00fchmter Kr\u00f6nungen waren.<\/p>\n<p>Die k\u00f6nigliche Vergangenheit lebt w\u00e4hrend der Bratislavaer Kr\u00f6nungstage auf, wenn die Besucher unter Beteiligung von Schauspielern und Enthusiasten in historischen Kost\u00fcmen zu direkten Teilnehmern der Kr\u00f6nungszeremonie werden. Begleitet wird das mehrt\u00e4gige Festival von einer Reihe von Veranstaltungen, Ritterspielen, Theaterauff\u00fchrungen und Konzerten, Vortr\u00e4gen und Ausstellungen, gef\u00fchrten Touren, interaktiven Programmen f\u00fcr Kinder und Spa\u00df f\u00fcr alle.<\/p>\n<p>Entdecken Sie Orte, die Geschichte atmen und Zeuge ber\u00fchmter Kr\u00f6nungen waren. Sie k\u00f6nnen das Spiel auch f\u00fcr die ganze Familie nutzen<a href=\"https:\/\/bystronovci.sk\/de\/gestohlener-kronen-quest\/\" target=\"_blank\" rel=\"noopener\"><strong><em> Die Geschichte der gestohlenen Krone<\/em><\/strong><\/a>.<\/p>\n<p><img loading=\"lazy\" width=\"1920\" height=\"1080\" class=\"alignnone size-full wp-image-303444\" src=\"https:\/\/www.visitbratislava.com\/wp-content\/uploads\/2024\/07\/titulka-1.jpg\" alt=\"\" srcset=\"https:\/\/www.visitbratislava.com\/wp-content\/uploads\/2024\/07\/titulka-1.jpg 1920w, https:\/\/www.visitbratislava.com\/wp-content\/uploads\/2024\/07\/titulka-1-400x225.jpg 400w, https:\/\/www.visitbratislava.com\/wp-content\/uploads\/2024\/07\/titulka-1-800x450.jpg 800w, https:\/\/www.visitbratislava.com\/wp-content\/uploads\/2024\/07\/titulka-1-768x432.jpg 768w, https:\/\/www.visitbratislava.com\/wp-content\/uploads\/2024\/07\/titulka-1-1536x864.jpg 1536w, https:\/\/www.visitbratislava.com\/wp-content\/uploads\/2024\/07\/titulka-1-200x113.jpg 200w\" sizes=\"(max-width: 1920px) 100vw, 1920px\" \/><\/p>\n","protected":false},"excerpt":{"rendered":"<p>Erinnern Sie sich an die alte Atmosph\u00e4re von Pre\u00dfburg in der Hauptrolle mit K\u00f6nigen und K\u00f6niginnen.<\/p>\n","protected":false},"author":32,"featured_media":304796,"parent":0,"menu_order":0,"comment_status":"closed","ping_status":"closed","template":"","meta":[],"acf":[],"_links":{"self":[{"href":"https:\/\/www.visitbratislava.com\/de\/wp-json\/wp\/v2\/pages\/142770"}],"collection":[{"href":"https:\/\/www.visitbratislava.com\/de\/wp-json\/wp\/v2\/pages"}],"about":[{"href":"https:\/\/www.visitbratislava.com\/de\/wp-json\/wp\/v2\/types\/page"}],"author":[{"embeddable":true,"href":"https:\/\/www.visitbratislava.com\/de\/wp-json\/wp\/v2\/users\/32"}],"replies":[{"embeddable":true,"href":"https:\/\/www.visitbratislava.com\/de\/wp-json\/wp\/v2\/comments?post=142770"}],"version-history":[{"count":10,"href":"https:\/\/www.visitbratislava.com\/de\/wp-json\/wp\/v2\/pages\/142770\/revisions"}],"predecessor-version":[{"id":303454,"href":"https:\/\/www.visitbratislava.com\/de\/wp-json\/wp\/v2\/pages\/142770\/revisions\/303454"}],"wp:featuredmedia":[{"embeddable":true,"href":"https:\/\/www.visitbratislava.com\/de\/wp-json\/wp\/v2\/media\/304796"}],"wp:attachment":[{"href":"https:\/\/www.visitbratislava.com\/de\/wp-json\/wp\/v2\/media?parent=142770"}],"curies":[{"name":"wp","href":"https:\/\/api.w.org\/{rel}","templated":true}]}}