{"id":175380,"date":"2022-09-08T13:55:20","date_gmt":"2022-09-08T11:55:20","guid":{"rendered":"https:\/\/www.visitbratislava.com\/?page_id=175380"},"modified":"2022-12-04T00:28:34","modified_gmt":"2022-12-03T23:28:34","slug":"zeit-der-kleinkarpatenweinlesen","status":"publish","type":"page","link":"https:\/\/www.visitbratislava.com\/de\/zeit-der-kleinkarpatenweinlesen\/","title":{"rendered":"Zeit der Kleinkarpatenweinlesen"},"content":{"rendered":"<p>Weinfeiern mit vielf\u00e4ltigem Kulturprogramm und Verkostung regionaler Spezialit\u00e4ten geh\u00f6ren zu den Top-Veranstaltungen in dieser Zeit des Jahres im Kleinkarpatenland.<\/p>\n<p><img loading=\"lazy\" width=\"1920\" height=\"1280\" class=\"alignleft size-full wp-image-175317\" src=\"https:\/\/www.visitbratislava.com\/wp-content\/uploads\/2022\/09\/Kovac_BA_Raca_vinohrady_zapad-slnka_nevyhradna-licencia_1920x1280.jpg\" alt=\"\" srcset=\"https:\/\/www.visitbratislava.com\/wp-content\/uploads\/2022\/09\/Kovac_BA_Raca_vinohrady_zapad-slnka_nevyhradna-licencia_1920x1280.jpg 1920w, https:\/\/www.visitbratislava.com\/wp-content\/uploads\/2022\/09\/Kovac_BA_Raca_vinohrady_zapad-slnka_nevyhradna-licencia_1920x1280-400x267.jpg 400w, https:\/\/www.visitbratislava.com\/wp-content\/uploads\/2022\/09\/Kovac_BA_Raca_vinohrady_zapad-slnka_nevyhradna-licencia_1920x1280-800x533.jpg 800w, https:\/\/www.visitbratislava.com\/wp-content\/uploads\/2022\/09\/Kovac_BA_Raca_vinohrady_zapad-slnka_nevyhradna-licencia_1920x1280-768x512.jpg 768w, https:\/\/www.visitbratislava.com\/wp-content\/uploads\/2022\/09\/Kovac_BA_Raca_vinohrady_zapad-slnka_nevyhradna-licencia_1920x1280-1536x1024.jpg 1536w, https:\/\/www.visitbratislava.com\/wp-content\/uploads\/2022\/09\/Kovac_BA_Raca_vinohrady_zapad-slnka_nevyhradna-licencia_1920x1280-200x133.jpg 200w\" sizes=\"(max-width: 1920px) 100vw, 1920px\" \/><\/p>\n<p>Es ist wieder Zeit f\u00fcr die Weinlese, die traditionell in den St\u00e4dten, St\u00e4dtchen und D\u00f6rfern unter den Kleinen Karpaten stattfindet. Kommen Sie vorbei nach Bratislava und Umgebung, um k\u00f6stliches Essen, legend\u00e4re Federwei\u00dfe und sch\u00f6nen Wein zu probieren, treffen Sie die Einheimischen, Freunde oder Kollegen, genie\u00dfen Sie die au\u00dfergew\u00f6hnliche Atmosph\u00e4re und haben Sie Spa\u00df.<\/p>\n<p>Alte Weingutst\u00e4dte, umgeben von H\u00e4ngen eines kleinkarpatischen Gebirges, sind f\u00fcr ihre lange Tradition des Weinbaus und der Weinherstellung bekannt. In der renommiertesten Weinbauregion der Slowakei gelegen, bieten herrliche Gemeinden die entspannende Atmosph\u00e4re.<\/p>\n<p><img loading=\"lazy\" width=\"1920\" height=\"1280\" class=\"alignleft size-full wp-image-175323\" src=\"https:\/\/www.visitbratislava.com\/wp-content\/uploads\/2022\/09\/Modra-005_1920x1280.jpg\" alt=\"\" srcset=\"https:\/\/www.visitbratislava.com\/wp-content\/uploads\/2022\/09\/Modra-005_1920x1280.jpg 1920w, https:\/\/www.visitbratislava.com\/wp-content\/uploads\/2022\/09\/Modra-005_1920x1280-400x267.jpg 400w, https:\/\/www.visitbratislava.com\/wp-content\/uploads\/2022\/09\/Modra-005_1920x1280-800x533.jpg 800w, https:\/\/www.visitbratislava.com\/wp-content\/uploads\/2022\/09\/Modra-005_1920x1280-768x512.jpg 768w, https:\/\/www.visitbratislava.com\/wp-content\/uploads\/2022\/09\/Modra-005_1920x1280-1536x1024.jpg 1536w, https:\/\/www.visitbratislava.com\/wp-content\/uploads\/2022\/09\/Modra-005_1920x1280-200x133.jpg 200w\" sizes=\"(max-width: 1920px) 100vw, 1920px\" \/><\/p>\n<p>Die Kleinkarpatenweinlesen in Modern, B\u00f6sing und im Bratislavaer Stadtteil Ratzersdorf sind Festivals des ber\u00fchmten Federwei\u00dfe, der Traubenmost verg\u00e4rt. Die traditionellen Weinlese-Feste in den Stra\u00dfen der sch\u00f6nen Weinst\u00e4dte sind eine Feier der Weinbereitung und des Weinbaus.<\/p>\n<p>Sie sind herzlich eingeladen, an der Feier in den Stra\u00dfen der mittelalterlichen St\u00e4dte teilzunehmen, wo lokale Produzenten ihren Wein anbieten. Abgerundet werden die Festivals mit Live-Konzerten, Auff\u00fchrungen und schmackhaften traditionellen Speisen wie &#8222;cig\u00e1nska pe\u010dienka&#8220;, was eigentlich gegrilltes Schweine- oder H\u00fchnchen mit Senf und Zwiebel ist, Gulasch sowie G\u00e4nsebraten, W\u00fcrstchen, Lokschen-Pfannkuchen aus Kartoffelteig oder das ber\u00fchmte Trdeln\u00edk-Geb\u00e4ck aus der Stadt Skalitz in der kulturhistorischen Region Marchauen.<\/p>\n<p><img loading=\"lazy\" width=\"1920\" height=\"1280\" class=\"alignleft size-full wp-image-175329\" src=\"https:\/\/www.visitbratislava.com\/wp-content\/uploads\/2022\/09\/Modranske-vinobranie-017_1920x1280.jpg\" alt=\"\" srcset=\"https:\/\/www.visitbratislava.com\/wp-content\/uploads\/2022\/09\/Modranske-vinobranie-017_1920x1280.jpg 1920w, https:\/\/www.visitbratislava.com\/wp-content\/uploads\/2022\/09\/Modranske-vinobranie-017_1920x1280-400x267.jpg 400w, https:\/\/www.visitbratislava.com\/wp-content\/uploads\/2022\/09\/Modranske-vinobranie-017_1920x1280-800x533.jpg 800w, https:\/\/www.visitbratislava.com\/wp-content\/uploads\/2022\/09\/Modranske-vinobranie-017_1920x1280-768x512.jpg 768w, https:\/\/www.visitbratislava.com\/wp-content\/uploads\/2022\/09\/Modranske-vinobranie-017_1920x1280-1536x1024.jpg 1536w, https:\/\/www.visitbratislava.com\/wp-content\/uploads\/2022\/09\/Modranske-vinobranie-017_1920x1280-200x133.jpg 200w\" sizes=\"(max-width: 1920px) 100vw, 1920px\" \/><\/p>\n<p>Nat\u00fcrlich geht es bei Weinfesten nicht nur um Wein. Es bedeutet Essen, Musik, Tanzen und sogar Traubenpressen. Aus dieser leckeren Frucht werden auch viele andere Getr\u00e4nke hergestellt, wie z.B. der legend\u00e4re Federweisser, der aus s\u00fc\u00dfem, frisch gepresstem und vergorenem Traubensaft stammt.<\/p>\n<p>Die Feierlichkeiten wurden fr\u00fcher nur in gem\u00fctlichen Kellern abgehalten, aber heutzutage sind die Weinfeste an Gr\u00f6\u00dfe und Popularit\u00e4t gewachsen. Die drei gr\u00f6\u00dften Veranstaltungen dieser Art werden in dem St\u00e4dtchen von Modern, in der Stadt von B\u00f6sing und Bratislavaer Stadtteil von Ratzersdorf organisiert. Sie dauern in der Regel drei Tage an drei verschiedenen Wochenenden im September, aber manchmal finden zwei von ihnen zur gleichen Zeit statt.<\/p>\n<p><img loading=\"lazy\" width=\"1920\" height=\"1280\" class=\"alignleft size-full wp-image-175335\" src=\"https:\/\/www.visitbratislava.com\/wp-content\/uploads\/2022\/09\/Modranske-vinobranie-031_1920x1280.jpg\" alt=\"\" srcset=\"https:\/\/www.visitbratislava.com\/wp-content\/uploads\/2022\/09\/Modranske-vinobranie-031_1920x1280.jpg 1920w, https:\/\/www.visitbratislava.com\/wp-content\/uploads\/2022\/09\/Modranske-vinobranie-031_1920x1280-400x267.jpg 400w, https:\/\/www.visitbratislava.com\/wp-content\/uploads\/2022\/09\/Modranske-vinobranie-031_1920x1280-800x533.jpg 800w, https:\/\/www.visitbratislava.com\/wp-content\/uploads\/2022\/09\/Modranske-vinobranie-031_1920x1280-768x512.jpg 768w, https:\/\/www.visitbratislava.com\/wp-content\/uploads\/2022\/09\/Modranske-vinobranie-031_1920x1280-1536x1024.jpg 1536w, https:\/\/www.visitbratislava.com\/wp-content\/uploads\/2022\/09\/Modranske-vinobranie-031_1920x1280-200x133.jpg 200w\" sizes=\"(max-width: 1920px) 100vw, 1920px\" \/><\/p>\n<p>Modern im Herzen des Kleinen Karpatenvorlandes hat etwas mehr als 9.000 Einwohner, aber es gild zu Recht als die slowakische Weinhauptstadt. Im Sommer erinnert der Platz in dem zauberhaften Weinbaust\u00e4dtchen an die Atmosph\u00e4re der Toskana.<\/p>\n<p>Das Beste der Dorfflur von Modern finden Sie auf der Weinlese im Zentrum dieses malerischen St\u00e4dtchens, die bis heute ihre Tradition lebt. Das traditionelle Moderner Weinlese findet dieses Jahr am zweiten Septemberwochenende statt.<\/p>\n<p><img loading=\"lazy\" width=\"1920\" height=\"1280\" class=\"alignleft size-full wp-image-175341\" src=\"https:\/\/www.visitbratislava.com\/wp-content\/uploads\/2022\/09\/Modranske-vinobranie-029_1920x1280.jpg\" alt=\"\" srcset=\"https:\/\/www.visitbratislava.com\/wp-content\/uploads\/2022\/09\/Modranske-vinobranie-029_1920x1280.jpg 1920w, https:\/\/www.visitbratislava.com\/wp-content\/uploads\/2022\/09\/Modranske-vinobranie-029_1920x1280-400x267.jpg 400w, https:\/\/www.visitbratislava.com\/wp-content\/uploads\/2022\/09\/Modranske-vinobranie-029_1920x1280-800x533.jpg 800w, https:\/\/www.visitbratislava.com\/wp-content\/uploads\/2022\/09\/Modranske-vinobranie-029_1920x1280-768x512.jpg 768w, https:\/\/www.visitbratislava.com\/wp-content\/uploads\/2022\/09\/Modranske-vinobranie-029_1920x1280-1536x1024.jpg 1536w, https:\/\/www.visitbratislava.com\/wp-content\/uploads\/2022\/09\/Modranske-vinobranie-029_1920x1280-200x133.jpg 200w\" sizes=\"(max-width: 1920px) 100vw, 1920px\" \/><\/p>\n<p>Die liebliche Stadt Modern bewahrt ihren unverwechselbaren Charakter bei Weinfesten, die seit jeher Teil der Herbstbr\u00e4uche der Region sind. Weinverkostungen und lokale Gourmetspezialit\u00e4ten sowie regionale Musik, ehrenamtliche Auftritte und ein reichhaltiges Rahmenprogramm schaffen eine unvergessliche Atmosph\u00e4re. Kommen Sie und probieren Sie im Herzen der Stadt \u013dudov\u00edt \u0160t\u00far all das Gute, das in Modern und seiner Umgebung produziert wurde.<\/p>\n<p><img loading=\"lazy\" width=\"1920\" height=\"1280\" class=\"alignleft size-full wp-image-175347\" src=\"https:\/\/www.visitbratislava.com\/wp-content\/uploads\/2022\/09\/Modranske-vinobranie-026_1920x1280.jpg\" alt=\"\" srcset=\"https:\/\/www.visitbratislava.com\/wp-content\/uploads\/2022\/09\/Modranske-vinobranie-026_1920x1280.jpg 1920w, https:\/\/www.visitbratislava.com\/wp-content\/uploads\/2022\/09\/Modranske-vinobranie-026_1920x1280-400x267.jpg 400w, https:\/\/www.visitbratislava.com\/wp-content\/uploads\/2022\/09\/Modranske-vinobranie-026_1920x1280-800x533.jpg 800w, https:\/\/www.visitbratislava.com\/wp-content\/uploads\/2022\/09\/Modranske-vinobranie-026_1920x1280-768x512.jpg 768w, https:\/\/www.visitbratislava.com\/wp-content\/uploads\/2022\/09\/Modranske-vinobranie-026_1920x1280-1536x1024.jpg 1536w, https:\/\/www.visitbratislava.com\/wp-content\/uploads\/2022\/09\/Modranske-vinobranie-026_1920x1280-200x133.jpg 200w\" sizes=\"(max-width: 1920px) 100vw, 1920px\" \/><\/p>\n<p>Das Weinfest in B\u00f6sing mit fast 25.000 Einwohnern auch eine j\u00e4hrliche Feier der Weinlese und eine Hommage an den hochwertigen Wein, der von Weinbauern und Winzern an den kleinkarpatischen H\u00e4ngen angebaut und produziert wird. Die traditionelle B\u00f6singer Weinlese findet jedes Jahr am dritten langen Wochenende im September von Freitag bis Sonntag statt. So wird es auch dieses Jahr sein.<\/p>\n<p><img loading=\"lazy\" width=\"1920\" height=\"1280\" class=\"alignleft size-full wp-image-175353\" src=\"https:\/\/www.visitbratislava.com\/wp-content\/uploads\/2022\/09\/Pezinske-vinobranie-022_1920x1280.jpg\" alt=\"\" srcset=\"https:\/\/www.visitbratislava.com\/wp-content\/uploads\/2022\/09\/Pezinske-vinobranie-022_1920x1280.jpg 1920w, https:\/\/www.visitbratislava.com\/wp-content\/uploads\/2022\/09\/Pezinske-vinobranie-022_1920x1280-400x267.jpg 400w, https:\/\/www.visitbratislava.com\/wp-content\/uploads\/2022\/09\/Pezinske-vinobranie-022_1920x1280-800x533.jpg 800w, https:\/\/www.visitbratislava.com\/wp-content\/uploads\/2022\/09\/Pezinske-vinobranie-022_1920x1280-768x512.jpg 768w, https:\/\/www.visitbratislava.com\/wp-content\/uploads\/2022\/09\/Pezinske-vinobranie-022_1920x1280-1536x1024.jpg 1536w, https:\/\/www.visitbratislava.com\/wp-content\/uploads\/2022\/09\/Pezinske-vinobranie-022_1920x1280-200x133.jpg 200w\" sizes=\"(max-width: 1920px) 100vw, 1920px\" \/><\/p>\n<p>Weinliebhaber k\u00f6nnen daher frische Federwei\u00dfe, neue Weine, leckere Trauben probieren und ihren Gaumen mit Gans, Lokschen, Pogatschen und anderen K\u00f6stlichkeiten erfreuen. Nicht nur Brot und Wein halten den Menschen am Leben, auch die Organisatoren der B\u00f6singer Weinlese denken an die geistigen Freuden in Form verschiedener Attraktionen w\u00e4hrend aller drei Tage ihrer Dauer.<\/p>\n<p><img loading=\"lazy\" width=\"1920\" height=\"1280\" class=\"alignleft size-full wp-image-175359\" src=\"https:\/\/www.visitbratislava.com\/wp-content\/uploads\/2022\/09\/Pezinske-vinobranie-024_1920x1280.jpg\" alt=\"\" srcset=\"https:\/\/www.visitbratislava.com\/wp-content\/uploads\/2022\/09\/Pezinske-vinobranie-024_1920x1280.jpg 1920w, https:\/\/www.visitbratislava.com\/wp-content\/uploads\/2022\/09\/Pezinske-vinobranie-024_1920x1280-400x267.jpg 400w, https:\/\/www.visitbratislava.com\/wp-content\/uploads\/2022\/09\/Pezinske-vinobranie-024_1920x1280-800x533.jpg 800w, https:\/\/www.visitbratislava.com\/wp-content\/uploads\/2022\/09\/Pezinske-vinobranie-024_1920x1280-768x512.jpg 768w, https:\/\/www.visitbratislava.com\/wp-content\/uploads\/2022\/09\/Pezinske-vinobranie-024_1920x1280-1536x1024.jpg 1536w, https:\/\/www.visitbratislava.com\/wp-content\/uploads\/2022\/09\/Pezinske-vinobranie-024_1920x1280-200x133.jpg 200w\" sizes=\"(max-width: 1920px) 100vw, 1920px\" \/><\/p>\n<p>Aber auch in der Hauptstadt selbst m\u00fcssen Sie f\u00fcr Weinerlebnisse nicht weit fahren. Bratislava hat einen eigenen Weinbaubezirk des Kleinkarpatischen Weinbaugebiets. Darin befinden sich f\u00fcnf Weinbaugemeinden, die derzeit auch Stadtteile von Bratislava sind, n\u00e4mlich Theben, Karlsdorf, Neustadt, Ratzersdorf und Weinern.<\/p>\n<p><img loading=\"lazy\" width=\"1920\" height=\"1280\" class=\"alignleft size-full wp-image-175365\" src=\"https:\/\/www.visitbratislava.com\/wp-content\/uploads\/2022\/09\/Kovac_BA_Raca_Kostol_vinohrady_Mestska-cast_panorama_nevyhradna-licencia_1920x1280.jpg\" alt=\"\" srcset=\"https:\/\/www.visitbratislava.com\/wp-content\/uploads\/2022\/09\/Kovac_BA_Raca_Kostol_vinohrady_Mestska-cast_panorama_nevyhradna-licencia_1920x1280.jpg 1920w, https:\/\/www.visitbratislava.com\/wp-content\/uploads\/2022\/09\/Kovac_BA_Raca_Kostol_vinohrady_Mestska-cast_panorama_nevyhradna-licencia_1920x1280-400x267.jpg 400w, https:\/\/www.visitbratislava.com\/wp-content\/uploads\/2022\/09\/Kovac_BA_Raca_Kostol_vinohrady_Mestska-cast_panorama_nevyhradna-licencia_1920x1280-800x533.jpg 800w, https:\/\/www.visitbratislava.com\/wp-content\/uploads\/2022\/09\/Kovac_BA_Raca_Kostol_vinohrady_Mestska-cast_panorama_nevyhradna-licencia_1920x1280-768x512.jpg 768w, https:\/\/www.visitbratislava.com\/wp-content\/uploads\/2022\/09\/Kovac_BA_Raca_Kostol_vinohrady_Mestska-cast_panorama_nevyhradna-licencia_1920x1280-1536x1024.jpg 1536w, https:\/\/www.visitbratislava.com\/wp-content\/uploads\/2022\/09\/Kovac_BA_Raca_Kostol_vinohrady_Mestska-cast_panorama_nevyhradna-licencia_1920x1280-200x133.jpg 200w\" sizes=\"(max-width: 1920px) 100vw, 1920px\" \/><\/p>\n<p>Die ber\u00fchmtesten Jahrgangsfeste der Bratislavaer Weinbaugemeinden sind traditionell in Ratzersdorf mit weniger als 26.000 Einwohnern in der fast halben Million Metropole. Mehr als 100.000 Menschen genie\u00dfen diese Weinlese jedes Jahr. Bei den dortigen Degustationen k\u00f6nnen Sie den Blaufr\u00e4nkisch, aber auch eine Reihe anderer Qualit\u00e4tsweine genie\u00dfen. Keine Weinlese in Ratzersdorf ist vollwertig ohne echter Qualit\u00e4tsfederwei\u00dfe und -most, leckere K\u00f6stlichkeiten und traditionelle Handwerks- und Volkskunstprodukte.<\/p>\n<p>Probieren Sie exzellente Weine, verschiedene K\u00f6stlichkeiten und traditionelle Unterhaltung und genie\u00dfen Sie die au\u00dfergew\u00f6hnliche Atmosph\u00e4re der Region unter den Kleinen Karpaten. Denn wo sonst sollte man nach gro\u00dfartigem Wein suchen wie im Kleinkarpatenland.<\/p>\n<p><img loading=\"lazy\" width=\"1920\" height=\"1280\" class=\"alignleft size-full wp-image-175371\" src=\"https:\/\/www.visitbratislava.com\/wp-content\/uploads\/2022\/09\/52-53-zapad_1920x1280.jpg\" alt=\"\" srcset=\"https:\/\/www.visitbratislava.com\/wp-content\/uploads\/2022\/09\/52-53-zapad_1920x1280.jpg 1920w, https:\/\/www.visitbratislava.com\/wp-content\/uploads\/2022\/09\/52-53-zapad_1920x1280-400x267.jpg 400w, https:\/\/www.visitbratislava.com\/wp-content\/uploads\/2022\/09\/52-53-zapad_1920x1280-800x533.jpg 800w, https:\/\/www.visitbratislava.com\/wp-content\/uploads\/2022\/09\/52-53-zapad_1920x1280-768x512.jpg 768w, https:\/\/www.visitbratislava.com\/wp-content\/uploads\/2022\/09\/52-53-zapad_1920x1280-1536x1024.jpg 1536w, https:\/\/www.visitbratislava.com\/wp-content\/uploads\/2022\/09\/52-53-zapad_1920x1280-200x133.jpg 200w\" sizes=\"(max-width: 1920px) 100vw, 1920px\" \/><\/p>\n","protected":false},"excerpt":{"rendered":"<p>September ist die perfekte Zeit, um die Weinregion in und um Bratislava zu besuchen<\/p>\n","protected":false},"author":32,"featured_media":175161,"parent":0,"menu_order":0,"comment_status":"closed","ping_status":"closed","template":"","meta":[],"acf":[],"_links":{"self":[{"href":"https:\/\/www.visitbratislava.com\/de\/wp-json\/wp\/v2\/pages\/175380"}],"collection":[{"href":"https:\/\/www.visitbratislava.com\/de\/wp-json\/wp\/v2\/pages"}],"about":[{"href":"https:\/\/www.visitbratislava.com\/de\/wp-json\/wp\/v2\/types\/page"}],"author":[{"embeddable":true,"href":"https:\/\/www.visitbratislava.com\/de\/wp-json\/wp\/v2\/users\/32"}],"replies":[{"embeddable":true,"href":"https:\/\/www.visitbratislava.com\/de\/wp-json\/wp\/v2\/comments?post=175380"}],"version-history":[{"count":1,"href":"https:\/\/www.visitbratislava.com\/de\/wp-json\/wp\/v2\/pages\/175380\/revisions"}],"predecessor-version":[{"id":175381,"href":"https:\/\/www.visitbratislava.com\/de\/wp-json\/wp\/v2\/pages\/175380\/revisions\/175381"}],"wp:featuredmedia":[{"embeddable":true,"href":"https:\/\/www.visitbratislava.com\/de\/wp-json\/wp\/v2\/media\/175161"}],"wp:attachment":[{"href":"https:\/\/www.visitbratislava.com\/de\/wp-json\/wp\/v2\/media?parent=175380"}],"curies":[{"name":"wp","href":"https:\/\/api.w.org\/{rel}","templated":true}]}}