{"id":176404,"date":"2022-09-13T17:47:49","date_gmt":"2022-09-13T15:47:49","guid":{"rendered":"https:\/\/www.visitbratislava.com\/?page_id=176404"},"modified":"2026-04-09T15:34:43","modified_gmt":"2026-04-09T13:34:43","slug":"top-10-herbsterlebnisse-in-bratislava","status":"publish","type":"page","link":"https:\/\/www.visitbratislava.com\/de\/top-10-herbsterlebnisse-in-bratislava\/","title":{"rendered":"Top 10 Herbsterlebnisse in Bratislava"},"content":{"rendered":"<p><iframe src=\"https:\/\/www.google.com\/maps\/d\/embed?mid=1tpSh54_Lybzb5dANdasT-EmJ4UM\" width=\"1000\" height=\"480\"><span data-mce-type=\"bookmark\" style=\"display: inline-block; width: 0px; overflow: hidden; line-height: 0;\" class=\"mce_SELRES_start\">\ufeff<\/span><span data-mce-type=\"bookmark\" style=\"display: inline-block; width: 0px; overflow: hidden; line-height: 0;\" class=\"mce_SELRES_start\">\ufeff<\/span><\/iframe><\/p>\n<p><img loading=\"lazy\" width=\"1920\" height=\"1280\" class=\"alignleft size-full wp-image-176390\" src=\"https:\/\/www.visitbratislava.com\/wp-content\/uploads\/2022\/09\/Kovac_2022_hrad_ba-hrad_jesen_kamzik_green_nevyhradna-licencia_1920x1280.jpg\" alt=\"\" srcset=\"https:\/\/www.visitbratislava.com\/wp-content\/uploads\/2022\/09\/Kovac_2022_hrad_ba-hrad_jesen_kamzik_green_nevyhradna-licencia_1920x1280.jpg 1920w, https:\/\/www.visitbratislava.com\/wp-content\/uploads\/2022\/09\/Kovac_2022_hrad_ba-hrad_jesen_kamzik_green_nevyhradna-licencia_1920x1280-400x267.jpg 400w, https:\/\/www.visitbratislava.com\/wp-content\/uploads\/2022\/09\/Kovac_2022_hrad_ba-hrad_jesen_kamzik_green_nevyhradna-licencia_1920x1280-800x533.jpg 800w, https:\/\/www.visitbratislava.com\/wp-content\/uploads\/2022\/09\/Kovac_2022_hrad_ba-hrad_jesen_kamzik_green_nevyhradna-licencia_1920x1280-768x512.jpg 768w, https:\/\/www.visitbratislava.com\/wp-content\/uploads\/2022\/09\/Kovac_2022_hrad_ba-hrad_jesen_kamzik_green_nevyhradna-licencia_1920x1280-1536x1024.jpg 1536w, https:\/\/www.visitbratislava.com\/wp-content\/uploads\/2022\/09\/Kovac_2022_hrad_ba-hrad_jesen_kamzik_green_nevyhradna-licencia_1920x1280-200x133.jpg 200w\" sizes=\"(max-width: 1920px) 100vw, 1920px\" \/><\/p>\n<h3>1. G\u00e4nseschmaus<\/h3>\n<p>Der Abend mit Freunden und Familie beim reichen <a href=\"https:\/\/gurmanskygrob.sk\/?lang=de\" target=\"_blank\" rel=\"noopener\"><strong>G\u00e4nsefest<\/strong><\/a>, ist ein wesentlicher Teil des Herbstes in Bratislava. Sie haben die Wahl zwischen vielen G\u00e4nseproduzenten, die viele Jahre ihrem Handwerk widmen, das von Generation zu Generation weitergegeben wird. Traditionelle Backwaren mit leckerem Braten und ber\u00fchmten Grave Curls bedeuten nur eins: Dieses<a href=\"https:\/\/gurmanskygrob.sk\/?lang=de\" target=\"_blank\" rel=\"noopener\"><strong> kulinarische Erlebnis<\/strong><\/a> wird nicht so schnell vergessen. Wenn Sie traditionelle Gerichte an einem nicht-traditionellen Ort genie\u00dfen m\u00f6chten, haben Sie diese M\u00f6glichkeit in den Monaten Oktober, November und Dezember. <a href=\"https:\/\/www.visitbratislava.com\/de\/geschehen\/gaenseschmaus-auf-dem-boot\/\" target=\"_blank\" rel=\"noopener\"><strong>G\u00e4nsemahlzeiten auf dem Boot<\/strong><\/a> verbinden gro\u00dfartige Gastronomie mit einzigartigen Ausblicken auf Bratislava.<\/p>\n<p><img loading=\"lazy\" width=\"800\" height=\"534\" class=\"alignnone size-large wp-image-259692\" src=\"https:\/\/www.visitbratislava.com\/wp-content\/uploads\/2023\/09\/husacie-stehno-800x534.jpg\" alt=\"\" srcset=\"https:\/\/www.visitbratislava.com\/wp-content\/uploads\/2023\/09\/husacie-stehno-800x534.jpg 800w, https:\/\/www.visitbratislava.com\/wp-content\/uploads\/2023\/09\/husacie-stehno-400x267.jpg 400w, https:\/\/www.visitbratislava.com\/wp-content\/uploads\/2023\/09\/husacie-stehno-768x512.jpg 768w, https:\/\/www.visitbratislava.com\/wp-content\/uploads\/2023\/09\/husacie-stehno-200x133.jpg 200w, https:\/\/www.visitbratislava.com\/wp-content\/uploads\/2023\/09\/husacie-stehno.jpg 1000w\" sizes=\"(max-width: 800px) 100vw, 800px\" \/><\/p>\n<h3>2. Kleine Karpaten<\/h3>\n<p>Die angenehme Umgebung des Kleinkarpatenlandes, nur 10 Autominuten vom Zentrum der Stadt entfernt, kombiniert mit Herbstwetter ist ideal f\u00fcr verschiedene Arten von Ausfl\u00fcgen. Egal, ob Sie sich f\u00fcr Ballenstein entscheiden, durch den Bergkamm der Kleinen Karpaten nach B\u00f6sing radeln oder den Abend am <a href=\"https:\/\/www.visitbratislava.com\/de\/green\/\" target=\"_blank\" rel=\"noopener\"><strong>Eisenbr\u00fcnnl<\/strong><\/a>-Barbecue genie\u00dfen, die Umgebung von Bratislava wird Ihnen sicherlich die<a href=\"https:\/\/www.visitbratislava.com\/de\/ausfluege\/\"> <strong>richtigen Herbst-Aktivit\u00e4ten<\/strong><\/a> im Freien bieten.<\/p>\n<p><iframe title=\"YouTube video player\" src=\"https:\/\/www.youtube.com\/embed\/TwrmYf7bGAk?si=gFEKCG-38FqkELQx\" width=\"1120\" height=\"630\" frameborder=\"0\" allowfullscreen=\"allowfullscreen\"><span data-mce-type=\"bookmark\" style=\"display: inline-block; width: 0px; overflow: hidden; line-height: 0;\" class=\"mce_SELRES_start\">\ufeff<\/span><\/iframe><\/p>\n<h3>3. In der wilden Natur<\/h3>\n<p>Bevor die Tiere von kaltem Wetter betroffen sind und einige von ihnen in einen Winterschlaf fallen, ist es ein guter Zeitpunkt, sie im Herbst zu besuchen. Gehen Sie in den <a href=\"https:\/\/www.visitbratislava.com\/de\/setzt\/zoo\/\" target=\"_blank\" rel=\"noopener\"><strong>ZOO<\/strong><\/a>, w\u00e4hlen Sie aus einer Auswahl von beliebten kommentierten F\u00fctterungen und genie\u00dfen Sie einen angenehmen Tag in der Natur in der Gesellschaft von erstaunlichen Tieren. Charmante Stillleben des <a href=\"https:\/\/www.visitbratislava.com\/de\/setzt\/botanischer-garten\/\" target=\"_blank\" rel=\"noopener\"><strong>Botanischen Gartens<\/strong><\/a>, der im Herbst noch bunter ist, bieten auch eine fantastische Naturkulisse. Die perfekte Oase der Ruhe kontrastiert mit dem umgebenden Trubel der Stadt und ist ein gro\u00dfartiger Ort, um K\u00f6rper und Seele zu entspannen.<\/p>\n<p><img loading=\"lazy\" width=\"800\" height=\"533\" class=\"alignnone size-large wp-image-259698\" src=\"https:\/\/www.visitbratislava.com\/wp-content\/uploads\/2023\/09\/Dekan_komparz_leto_Botanicka-zahrada_sklenik_jazierko_Karlova-Ves-800x533.jpg\" alt=\"\" srcset=\"https:\/\/www.visitbratislava.com\/wp-content\/uploads\/2023\/09\/Dekan_komparz_leto_Botanicka-zahrada_sklenik_jazierko_Karlova-Ves-800x533.jpg 800w, https:\/\/www.visitbratislava.com\/wp-content\/uploads\/2023\/09\/Dekan_komparz_leto_Botanicka-zahrada_sklenik_jazierko_Karlova-Ves-400x267.jpg 400w, https:\/\/www.visitbratislava.com\/wp-content\/uploads\/2023\/09\/Dekan_komparz_leto_Botanicka-zahrada_sklenik_jazierko_Karlova-Ves-768x512.jpg 768w, https:\/\/www.visitbratislava.com\/wp-content\/uploads\/2023\/09\/Dekan_komparz_leto_Botanicka-zahrada_sklenik_jazierko_Karlova-Ves-1536x1024.jpg 1536w, https:\/\/www.visitbratislava.com\/wp-content\/uploads\/2023\/09\/Dekan_komparz_leto_Botanicka-zahrada_sklenik_jazierko_Karlova-Ves-2048x1365.jpg 2048w, https:\/\/www.visitbratislava.com\/wp-content\/uploads\/2023\/09\/Dekan_komparz_leto_Botanicka-zahrada_sklenik_jazierko_Karlova-Ves-200x133.jpg 200w\" sizes=\"(max-width: 800px) 100vw, 800px\" \/><\/p>\n<h3><a href=\"https:\/\/www.visitbratislava.com\/de\/besuch\/gastronomie-und-wein\/\" target=\"_blank\" rel=\"noopener\">4. Kulinarische Erlebnisse<\/a><\/h3>\n<p>Wenn Sie sich nach einem herzhaften Herbstessen sehnen, bietet die Hauptstadt mehrere au\u00dfergew\u00f6hnliche Optionen im Zentrum. Egal, ob Sie sich f\u00fcr das <a href=\"https:\/\/www.visitbratislava.com\/de\/setzt\/zylinder\/\" target=\"_blank\" rel=\"noopener\"><strong>Zylinder Caf\u00e9 &amp; Restaurant<\/strong><\/a>, das <a href=\"https:\/\/www.visitbratislava.com\/de\/setzt\/savoy-restaurant\/\" target=\"_blank\" rel=\"noopener\"><strong>Restaurant Savoy<\/strong><\/a> oder den <a href=\"https:\/\/www.visitbratislava.com\/de\/setzt\/restaurant-dunajsky-pivovar\/\" target=\"_blank\" rel=\"noopener\"><strong>Dunajsk\u00fd pivovar<\/strong><\/a> entscheiden, die beste und traditionellste Bratislavaer K\u00fcche in einem modernen und stilvollen Kleid erwartet Sie.<\/p>\n<p><img loading=\"lazy\" width=\"1920\" height=\"1280\" class=\"alignleft size-full wp-image-176346\" src=\"https:\/\/www.visitbratislava.com\/wp-content\/uploads\/2022\/09\/Zdroj_Zylinder-2_1920x1280.jpg\" alt=\"\" srcset=\"https:\/\/www.visitbratislava.com\/wp-content\/uploads\/2022\/09\/Zdroj_Zylinder-2_1920x1280.jpg 1920w, https:\/\/www.visitbratislava.com\/wp-content\/uploads\/2022\/09\/Zdroj_Zylinder-2_1920x1280-400x267.jpg 400w, https:\/\/www.visitbratislava.com\/wp-content\/uploads\/2022\/09\/Zdroj_Zylinder-2_1920x1280-800x533.jpg 800w, https:\/\/www.visitbratislava.com\/wp-content\/uploads\/2022\/09\/Zdroj_Zylinder-2_1920x1280-768x512.jpg 768w, https:\/\/www.visitbratislava.com\/wp-content\/uploads\/2022\/09\/Zdroj_Zylinder-2_1920x1280-1536x1024.jpg 1536w, https:\/\/www.visitbratislava.com\/wp-content\/uploads\/2022\/09\/Zdroj_Zylinder-2_1920x1280-200x133.jpg 200w\" sizes=\"(max-width: 1920px) 100vw, 1920px\" \/><\/p>\n<h3>5. Kulturelle Erlebnisse<\/h3>\n<p>Der Herbst bringt traditionell eine neue musikalische und kulturelle Saison, die eine Reihe von gro\u00dfen Veranstaltungen und angenehmen Abenden bedeutet. In diesem September er\u00f6ffnet die <a href=\"https:\/\/www.visitbratislava.com\/de\/setzt\/slovenska-filharmonia\/\" target=\"_blank\" rel=\"noopener\"><strong>Slowakische Philharmonie<\/strong><\/a>\u00a0ihre 74. Konzertsaison, in der sie Konzerte von den Gro\u00dfen des musikalischen Himmels bringen, die von den talentiertesten Musikern aufgef\u00fchrt werden. Das <a href=\"https:\/\/www.visitbratislava.com\/de\/setzt\/slowakisches-national-theater-neuses-haus\/\" target=\"_blank\" rel=\"noopener\"><strong>Slowakische Nationaltheater<\/strong><\/a> bringt traditionell ein hochwertiges Erlebnis und Werke f\u00fchrender Autoren mit, die in Drama, Ballett und Oper von den besten K\u00fcnstlern aus der Slowakei sowie aus der ganzen Welt aufgef\u00fchrt werden.<\/p>\n<p><img loading=\"lazy\" width=\"1920\" height=\"1280\" class=\"alignleft size-full wp-image-176352\" src=\"https:\/\/www.visitbratislava.com\/wp-content\/uploads\/2022\/09\/Crot-Prod_2022_dron_leto_divadlo_narodne-divadlo_night_fontana_nevyhradna-licencia_1920x1280-1.jpg\" alt=\"\" srcset=\"https:\/\/www.visitbratislava.com\/wp-content\/uploads\/2022\/09\/Crot-Prod_2022_dron_leto_divadlo_narodne-divadlo_night_fontana_nevyhradna-licencia_1920x1280-1.jpg 1920w, https:\/\/www.visitbratislava.com\/wp-content\/uploads\/2022\/09\/Crot-Prod_2022_dron_leto_divadlo_narodne-divadlo_night_fontana_nevyhradna-licencia_1920x1280-1-400x267.jpg 400w, https:\/\/www.visitbratislava.com\/wp-content\/uploads\/2022\/09\/Crot-Prod_2022_dron_leto_divadlo_narodne-divadlo_night_fontana_nevyhradna-licencia_1920x1280-1-800x533.jpg 800w, https:\/\/www.visitbratislava.com\/wp-content\/uploads\/2022\/09\/Crot-Prod_2022_dron_leto_divadlo_narodne-divadlo_night_fontana_nevyhradna-licencia_1920x1280-1-768x512.jpg 768w, https:\/\/www.visitbratislava.com\/wp-content\/uploads\/2022\/09\/Crot-Prod_2022_dron_leto_divadlo_narodne-divadlo_night_fontana_nevyhradna-licencia_1920x1280-1-1536x1024.jpg 1536w, https:\/\/www.visitbratislava.com\/wp-content\/uploads\/2022\/09\/Crot-Prod_2022_dron_leto_divadlo_narodne-divadlo_night_fontana_nevyhradna-licencia_1920x1280-1-200x133.jpg 200w\" sizes=\"(max-width: 1920px) 100vw, 1920px\" \/><\/p>\n<h3>6. Weinlesen und Bierfeste<\/h3>\n<p>Wie jedes Jahr geh\u00f6rt auch im Kleinkarpatenland der September zu den Weinlesen, die nat\u00fcrlich eng mit Bratislava verbunden sind. Die Weinbaugebiete Theben, Karlsdorf, Neustadt, Ratzersdorf, Weinern und viele andere sowie die nahe gelegenen St\u00e4dte Modern und B\u00f6sing mit einer alten Weinbautradition bieten ein reichhaltiges Begleitprogramm neben den besten Wein- und gastronomischen K\u00f6stlichkeiten. Verschiedene Erntefeiern in verschiedenen Variationen sind typisch f\u00fcr Bratislava und seine Umgebung w\u00e4hrend den ganzen Herbst.<\/p>\n<p>Im Oktober kommen auch Bierliebhaber zu sich. Beim <a href=\"https:\/\/www.visitbratislava.com\/de\/geschehen\/herbstliches-craft-bierfest-in-der-alte-markthalle\/\" target=\"_blank\" rel=\"noopener\"><strong>Craft Bierfest<\/strong> <\/a>werden verschiedene Formen und Geschm\u00e4cker des Bieres pr\u00e4sentiert. In der Alten Markthalle und davor k\u00f6nnen Sie Geschmacksrichtungen wie Himbeere, Blaubeere oder Mango probieren. Prost!<\/p>\n<p><img loading=\"lazy\" width=\"1920\" height=\"1280\" class=\"alignleft size-full wp-image-176358\" src=\"https:\/\/www.visitbratislava.com\/wp-content\/uploads\/2022\/09\/Kovac_BA_Raca_Kostol_vinohrady_Mestska-cast_panorama_nevyhradna-licencia_1920x1280-1.jpg\" alt=\"\" srcset=\"https:\/\/www.visitbratislava.com\/wp-content\/uploads\/2022\/09\/Kovac_BA_Raca_Kostol_vinohrady_Mestska-cast_panorama_nevyhradna-licencia_1920x1280-1.jpg 1920w, https:\/\/www.visitbratislava.com\/wp-content\/uploads\/2022\/09\/Kovac_BA_Raca_Kostol_vinohrady_Mestska-cast_panorama_nevyhradna-licencia_1920x1280-1-400x267.jpg 400w, https:\/\/www.visitbratislava.com\/wp-content\/uploads\/2022\/09\/Kovac_BA_Raca_Kostol_vinohrady_Mestska-cast_panorama_nevyhradna-licencia_1920x1280-1-800x533.jpg 800w, https:\/\/www.visitbratislava.com\/wp-content\/uploads\/2022\/09\/Kovac_BA_Raca_Kostol_vinohrady_Mestska-cast_panorama_nevyhradna-licencia_1920x1280-1-768x512.jpg 768w, https:\/\/www.visitbratislava.com\/wp-content\/uploads\/2022\/09\/Kovac_BA_Raca_Kostol_vinohrady_Mestska-cast_panorama_nevyhradna-licencia_1920x1280-1-1536x1024.jpg 1536w, https:\/\/www.visitbratislava.com\/wp-content\/uploads\/2022\/09\/Kovac_BA_Raca_Kostol_vinohrady_Mestska-cast_panorama_nevyhradna-licencia_1920x1280-1-200x133.jpg 200w\" sizes=\"(max-width: 1920px) 100vw, 1920px\" \/><\/p>\n<h3><a href=\"https:\/\/www.visitbratislava.com\/de\/was-lauft\/kultur-und-kunst\/museen-und-galerien\/\" target=\"_blank\" rel=\"noopener\">7. Museen und Galerien<\/a><\/h3>\n<p>Die Zeit nach den Sommerferien und Urlauben bl\u00fcht mit neuen Ausstellungen in vielen Museen und Galerien, die in der ganzen Stadt zu finden sind. Wenn Sie moderne Kunst m\u00f6gen, wird Sie die <a href=\"https:\/\/www.visitbratislava.com\/de\/setzt\/danubiana-meulensteen-art-museum\/\" target=\"_blank\" rel=\"noopener\"><strong>Danubiana<\/strong><\/a>, die <a href=\"https:\/\/www.visitbratislava.com\/de\/setzt\/haus-der-kunstkunsthalle-bratislava\/\" target=\"_blank\" rel=\"noopener\"><strong>Kunstahalle<\/strong><\/a> oder die <a href=\"https:\/\/www.visitbratislava.com\/de\/setzt\/galerie-nedbalka\/\" target=\"_blank\" rel=\"noopener\"><strong>Nedbalka Galerie<\/strong><\/a> definitiv ansprechen. Die Tradition erwartet Sie in der <a href=\"https:\/\/www.visitbratislava.com\/de\/setzt\/galerie-der-stadt-bratislava-mirbach-palais-palffy-palais\/\" target=\"_blank\" rel=\"noopener\"><strong>St\u00e4dtische Galerie Bratislava<\/strong><\/a> und in den Ausstellungen des <a href=\"https:\/\/www.visitbratislava.com\/de\/setzt\/museum-der-stadtgeschichte-bratislavas\/\" target=\"_blank\" rel=\"noopener\"><strong>Museums der Stadt Bratislava<\/strong><\/a>.<\/p>\n<p><img loading=\"lazy\" width=\"1920\" height=\"1280\" class=\"alignleft size-full wp-image-176364\" src=\"https:\/\/www.visitbratislava.com\/wp-content\/uploads\/2022\/09\/m-ARK-Marketing-a-reklama-1_1920x1280.jpg\" alt=\"\" srcset=\"https:\/\/www.visitbratislava.com\/wp-content\/uploads\/2022\/09\/m-ARK-Marketing-a-reklama-1_1920x1280.jpg 1920w, https:\/\/www.visitbratislava.com\/wp-content\/uploads\/2022\/09\/m-ARK-Marketing-a-reklama-1_1920x1280-400x267.jpg 400w, https:\/\/www.visitbratislava.com\/wp-content\/uploads\/2022\/09\/m-ARK-Marketing-a-reklama-1_1920x1280-800x533.jpg 800w, https:\/\/www.visitbratislava.com\/wp-content\/uploads\/2022\/09\/m-ARK-Marketing-a-reklama-1_1920x1280-768x512.jpg 768w, https:\/\/www.visitbratislava.com\/wp-content\/uploads\/2022\/09\/m-ARK-Marketing-a-reklama-1_1920x1280-1536x1024.jpg 1536w, https:\/\/www.visitbratislava.com\/wp-content\/uploads\/2022\/09\/m-ARK-Marketing-a-reklama-1_1920x1280-200x133.jpg 200w\" sizes=\"(max-width: 1920px) 100vw, 1920px\" \/><\/p>\n<h3><\/h3>\n<p><span data-contrast=\"auto\">Bratislava im November besitzt einen unverwechselbaren Charme. Die Bl\u00e4tter auf dem Platz der Freiheit f\u00e4rben sich gelb und die Luft wird k\u00fchler, genau wie in jenen schicksalhaften Tagen des Jahres 1989. Der Herbst ist die ideale Zeit f\u00fcr einen Besuch des neuen Denkmals f\u00fcr den November 1989, das am Ort der ersten Massendemonstration der Samtenen Revolution errichtet wurde.<\/span><span data-ccp-props=\"{}\">\u00a0<\/span><\/p>\n<p><span data-contrast=\"auto\">Dieses Denkmal ist nicht nur kalter Beton. Es ist eine B\u00fchne der Freiheit. Auf seiner Oberseite finden Sie 407 bronzene Fu\u00dfspuren, die konkrete Menschen symbolisieren \u2013 Studenten, K\u00fcnstler oder\u00a0Eltern, die einst hier standen. Betreten Sie das Denkmal, spazieren Sie zwischen ihnen und genie\u00dfen Sie den Blick auf den ikonischen Brunnen und die umgebende Architektur.<\/span><span data-ccp-props=\"{}\">\u00a0<\/span><\/p>\n<p><span data-contrast=\"auto\">Um dieses Erlebnis zu vertiefen, empfehlen wir vor dem Spaziergang den Besuch der Webseite\u00a0<\/span><a href=\"https:\/\/slobodajevasa.sk\/en\/\" target=\"_blank\" rel=\"noopener\"><i><span data-contrast=\"auto\">slobodajevasa.sk<\/span><\/i><\/a><span data-contrast=\"auto\">. Dort finden Sie eine interaktive Zeitachse und Geschichten von Menschen aus den Revolutionstagen, die dank KI-Technologie und der Stiftung\u00a0Slovensk\u00e1\u00a0sporite\u013e\u0148a\u00a0buchst\u00e4blich zum Leben erwachen. Wenn Sie dann auf dem Platz zwischen den bronzenen Spuren wandeln, werden Sie genau wissen, wessen Verm\u00e4chtnis Sie gerade tragen. Es ist einer der st\u00e4rksten herbstlichen Momente, die man in Bratislava erleben kann.<\/span><span data-ccp-props=\"{}\">\u00a0<\/span><\/p>\n<p><img loading=\"lazy\" width=\"2400\" height=\"1600\" class=\"alignnone size-full wp-image-437746\" src=\"https:\/\/www.visitbratislava.com\/wp-content\/uploads\/2026\/04\/SLSPNOVEMBER_P2A5223.jpg\" alt=\"\" srcset=\"https:\/\/www.visitbratislava.com\/wp-content\/uploads\/2026\/04\/SLSPNOVEMBER_P2A5223.jpg 2400w, https:\/\/www.visitbratislava.com\/wp-content\/uploads\/2026\/04\/SLSPNOVEMBER_P2A5223-400x267.jpg 400w, https:\/\/www.visitbratislava.com\/wp-content\/uploads\/2026\/04\/SLSPNOVEMBER_P2A5223-800x533.jpg 800w, https:\/\/www.visitbratislava.com\/wp-content\/uploads\/2026\/04\/SLSPNOVEMBER_P2A5223-768x512.jpg 768w, https:\/\/www.visitbratislava.com\/wp-content\/uploads\/2026\/04\/SLSPNOVEMBER_P2A5223-1536x1024.jpg 1536w, https:\/\/www.visitbratislava.com\/wp-content\/uploads\/2026\/04\/SLSPNOVEMBER_P2A5223-2048x1365.jpg 2048w, https:\/\/www.visitbratislava.com\/wp-content\/uploads\/2026\/04\/SLSPNOVEMBER_P2A5223-200x133.jpg 200w\" sizes=\"(max-width: 2400px) 100vw, 2400px\" \/><\/p>\n<h3>8. Musik des Herbstes<\/h3>\n<p>Jedes Jahr pr\u00e4sentiert das<strong> <a href=\"https:\/\/www.bhsfestival.sk\/en\/\" target=\"_blank\" rel=\"noopener\">Bratislava Music Festival <\/a><\/strong>in dramaturgisch interessanten Programmen das k\u00fcnstlerische Niveau f\u00fchrender ausl\u00e4ndischer Gastorchester, Dirigenten und Solisten sowie heimischer K\u00fcnstler. Dieses Jahr findet bereits im 58. Jahr statt.<\/p>\n<p>Ende Oktober kommen Vertreter des besten Jazz in die Stadt. Bratislava wird f\u00fcr eine Weile zum <strong><a href=\"https:\/\/www.bjd.sk\/en\" target=\"_blank\" rel=\"noopener\">Jazzzentrum des Universums<\/a><\/strong>, zum fantastischen 44. Mal!<\/p>\n<p><img loading=\"lazy\" width=\"1920\" height=\"1280\" class=\"alignleft size-full wp-image-176370\" src=\"https:\/\/www.visitbratislava.com\/wp-content\/uploads\/2022\/09\/99-SF-Pinchas-Steinberg-23-11-2017-jan.f.lukas_1920x1280.jpg\" alt=\"\" srcset=\"https:\/\/www.visitbratislava.com\/wp-content\/uploads\/2022\/09\/99-SF-Pinchas-Steinberg-23-11-2017-jan.f.lukas_1920x1280.jpg 1920w, https:\/\/www.visitbratislava.com\/wp-content\/uploads\/2022\/09\/99-SF-Pinchas-Steinberg-23-11-2017-jan.f.lukas_1920x1280-400x267.jpg 400w, https:\/\/www.visitbratislava.com\/wp-content\/uploads\/2022\/09\/99-SF-Pinchas-Steinberg-23-11-2017-jan.f.lukas_1920x1280-800x533.jpg 800w, https:\/\/www.visitbratislava.com\/wp-content\/uploads\/2022\/09\/99-SF-Pinchas-Steinberg-23-11-2017-jan.f.lukas_1920x1280-768x512.jpg 768w, https:\/\/www.visitbratislava.com\/wp-content\/uploads\/2022\/09\/99-SF-Pinchas-Steinberg-23-11-2017-jan.f.lukas_1920x1280-1536x1024.jpg 1536w, https:\/\/www.visitbratislava.com\/wp-content\/uploads\/2022\/09\/99-SF-Pinchas-Steinberg-23-11-2017-jan.f.lukas_1920x1280-200x133.jpg 200w\" sizes=\"(max-width: 1920px) 100vw, 1920px\" \/><\/p>\n<h3><a href=\"https:\/\/www.facebook.com\/streetfoodpark\/\" target=\"_blank\" rel=\"noopener\">9. Street Food Park<\/a><\/h3>\n<p>Der Platz vor der Alten Markthalle in der Innenstadt verwandelt sich auch im Herbst in einen kleinen Park voller <a href=\"https:\/\/www.visitbratislava.com\/de\/geschehen\/street-food-park\/\" target=\"_blank\" rel=\"noopener\"><strong>k\u00f6stlicher K\u00f6stlichkeiten<\/strong><\/a> in fantasievollen Formen von Streetfood-Anbietern. Nicht nur diejenigen von euch, die eine gute Portion Fleisch m\u00f6gen, sondern auch Vegetarier und Veganer werden es hier genie\u00dfen. Wenn Sie es bis dahin nicht schaffen, besuchen Sie einige der <a href=\"https:\/\/www.visitbratislava.com\/de\/top10streetfood\/\" target=\"_blank\" rel=\"noopener\"><strong>besten Stra\u00dfenlokale<\/strong><\/a> in Bratislava.<\/p>\n<p><img loading=\"lazy\" width=\"1920\" height=\"1280\" class=\"alignleft size-full wp-image-176376\" src=\"https:\/\/www.visitbratislava.com\/wp-content\/uploads\/2022\/09\/Kovac-Stara-trznica_1920x1280.jpg\" alt=\"\" srcset=\"https:\/\/www.visitbratislava.com\/wp-content\/uploads\/2022\/09\/Kovac-Stara-trznica_1920x1280.jpg 1920w, https:\/\/www.visitbratislava.com\/wp-content\/uploads\/2022\/09\/Kovac-Stara-trznica_1920x1280-400x267.jpg 400w, https:\/\/www.visitbratislava.com\/wp-content\/uploads\/2022\/09\/Kovac-Stara-trznica_1920x1280-800x533.jpg 800w, https:\/\/www.visitbratislava.com\/wp-content\/uploads\/2022\/09\/Kovac-Stara-trznica_1920x1280-768x512.jpg 768w, https:\/\/www.visitbratislava.com\/wp-content\/uploads\/2022\/09\/Kovac-Stara-trznica_1920x1280-1536x1024.jpg 1536w, https:\/\/www.visitbratislava.com\/wp-content\/uploads\/2022\/09\/Kovac-Stara-trznica_1920x1280-200x133.jpg 200w\" sizes=\"(max-width: 1920px) 100vw, 1920px\" \/><\/p>\n<h3>10. Bratislava in Bewegung<\/h3>\n<p>Die Stadt wird im Laufe des Oktobers umziehen. Internationales Festival f\u00fcr zeitgen\u00f6ssischen Tanz. <a href=\"https:\/\/www.visitbratislava.com\/de\/geschehen\/bratislava-in-bewegung\/\" target=\"_blank\" rel=\"noopener\"><strong>Bratislava in Bewegung<\/strong><\/a> ist ein regelm\u00e4siges Tanzfestival von internationaler Bedeutung, welcher die Werke von hochkar\u00e4tigen Tanztheater und Solok\u00fcnstlern aus der ganzen Welt vorstellt. Seit 1997, organisiert und entwickelt von der Tanzgemeinschaft, das Festival wuchs in ein respektiertes und dicht besuchtes event.<\/p>\n<p><img loading=\"lazy\" width=\"1470\" height=\"980\" class=\"alignleft size-full wp-image-176382\" src=\"https:\/\/www.visitbratislava.com\/wp-content\/uploads\/2022\/09\/Bratislava-v-pohybe-026.jpg\" alt=\"\" srcset=\"https:\/\/www.visitbratislava.com\/wp-content\/uploads\/2022\/09\/Bratislava-v-pohybe-026.jpg 1470w, https:\/\/www.visitbratislava.com\/wp-content\/uploads\/2022\/09\/Bratislava-v-pohybe-026-400x267.jpg 400w, https:\/\/www.visitbratislava.com\/wp-content\/uploads\/2022\/09\/Bratislava-v-pohybe-026-800x533.jpg 800w, https:\/\/www.visitbratislava.com\/wp-content\/uploads\/2022\/09\/Bratislava-v-pohybe-026-768x512.jpg 768w, https:\/\/www.visitbratislava.com\/wp-content\/uploads\/2022\/09\/Bratislava-v-pohybe-026-200x133.jpg 200w\" sizes=\"(max-width: 1470px) 100vw, 1470px\" \/><\/p>\n","protected":false},"excerpt":{"rendered":"<p>Sch\u00f6ner Sonnenuntergang, angenehme Brise und herrliche Farben der Natur rundum. F\u00fcgen Sie gro\u00dfartiges Essen und fantastische Veranstaltungen hinzu und ein Rezept f\u00fcr einen erstaunlichen Herbst in Bratislava ist fertig<\/p>\n","protected":false},"author":32,"featured_media":176286,"parent":0,"menu_order":0,"comment_status":"closed","ping_status":"closed","template":"","meta":[],"acf":[],"_links":{"self":[{"href":"https:\/\/www.visitbratislava.com\/de\/wp-json\/wp\/v2\/pages\/176404"}],"collection":[{"href":"https:\/\/www.visitbratislava.com\/de\/wp-json\/wp\/v2\/pages"}],"about":[{"href":"https:\/\/www.visitbratislava.com\/de\/wp-json\/wp\/v2\/types\/page"}],"author":[{"embeddable":true,"href":"https:\/\/www.visitbratislava.com\/de\/wp-json\/wp\/v2\/users\/32"}],"replies":[{"embeddable":true,"href":"https:\/\/www.visitbratislava.com\/de\/wp-json\/wp\/v2\/comments?post=176404"}],"version-history":[{"count":18,"href":"https:\/\/www.visitbratislava.com\/de\/wp-json\/wp\/v2\/pages\/176404\/revisions"}],"predecessor-version":[{"id":437784,"href":"https:\/\/www.visitbratislava.com\/de\/wp-json\/wp\/v2\/pages\/176404\/revisions\/437784"}],"wp:featuredmedia":[{"embeddable":true,"href":"https:\/\/www.visitbratislava.com\/de\/wp-json\/wp\/v2\/media\/176286"}],"wp:attachment":[{"href":"https:\/\/www.visitbratislava.com\/de\/wp-json\/wp\/v2\/media?parent=176404"}],"curies":[{"name":"wp","href":"https:\/\/api.w.org\/{rel}","templated":true}]}}