{"id":178830,"date":"2022-09-27T17:26:50","date_gmt":"2022-09-27T15:26:50","guid":{"rendered":"https:\/\/www.visitbratislava.com\/?page_id=178830"},"modified":"2022-09-29T17:27:26","modified_gmt":"2022-09-29T15:27:26","slug":"herbst-in-bratislava","status":"publish","type":"page","link":"https:\/\/www.visitbratislava.com\/de\/herbst-in-bratislava\/","title":{"rendered":"Herbst in Bratislava"},"content":{"rendered":"","protected":false},"excerpt":{"rendered":"<p>Der Bratislavaer Herbst ist mit Qualit\u00e4tswein, einzigartiger hausgemachter Gastronomie und traditioneller Kultur verbunden. K\u00fcrzere Tage, wenn die Bl\u00e4tter unter den F\u00fc\u00dfen rascheln und es drau\u00dfen gut k\u00fchlt, geh\u00f6ren zu den sch\u00f6nsten in Bratislava<\/p>\n","protected":false},"author":32,"featured_media":65292,"parent":0,"menu_order":0,"comment_status":"closed","ping_status":"closed","template":"tpl-page-grid.php","meta":[],"acf":[],"_links":{"self":[{"href":"https:\/\/www.visitbratislava.com\/de\/wp-json\/wp\/v2\/pages\/178830"}],"collection":[{"href":"https:\/\/www.visitbratislava.com\/de\/wp-json\/wp\/v2\/pages"}],"about":[{"href":"https:\/\/www.visitbratislava.com\/de\/wp-json\/wp\/v2\/types\/page"}],"author":[{"embeddable":true,"href":"https:\/\/www.visitbratislava.com\/de\/wp-json\/wp\/v2\/users\/32"}],"replies":[{"embeddable":true,"href":"https:\/\/www.visitbratislava.com\/de\/wp-json\/wp\/v2\/comments?post=178830"}],"version-history":[{"count":1,"href":"https:\/\/www.visitbratislava.com\/de\/wp-json\/wp\/v2\/pages\/178830\/revisions"}],"predecessor-version":[{"id":178831,"href":"https:\/\/www.visitbratislava.com\/de\/wp-json\/wp\/v2\/pages\/178830\/revisions\/178831"}],"wp:featuredmedia":[{"embeddable":true,"href":"https:\/\/www.visitbratislava.com\/de\/wp-json\/wp\/v2\/media\/65292"}],"wp:attachment":[{"href":"https:\/\/www.visitbratislava.com\/de\/wp-json\/wp\/v2\/media?parent=178830"}],"curies":[{"name":"wp","href":"https:\/\/api.w.org\/{rel}","templated":true}]}}