{"id":197408,"date":"2022-11-24T11:30:19","date_gmt":"2022-11-24T10:30:19","guid":{"rendered":"https:\/\/www.visitbratislava.com\/?page_id=197408"},"modified":"2024-12-20T15:51:25","modified_gmt":"2024-12-20T14:51:25","slug":"weihnachten-in-bratislava","status":"publish","type":"page","link":"https:\/\/www.visitbratislava.com\/de\/weihnachten-in-bratislava\/","title":{"rendered":"Weihnachten in Bratislava"},"content":{"rendered":"<p>Nach typisch herbstlichen Tagen voller erstaunlicher Kultur oder k\u00f6stlicher Gastronomie kommt die wundervollste Zeit in der Stadt. K\u00fchles Wetter oder Schnee sind kein Hindernis f\u00fcr die Besucher die Stra\u00dfen oder Pl\u00e4tze zu f\u00fcllen. Diese wandeln sich im November und Dezember in traditionelle Weihnachtsm\u00e4rkte und geschm\u00fcckte Alleen um. Die fesselnde Atmosph\u00e4re der illuminierten Metropole lockt mit festlichen D\u00fcften. Bratislava w\u00fcnscht Ihnen gl\u00fcckliche und frohe Weihnachten!<\/p>\n<p><span style=\"color: #ff0000;\"><em><span style=\"font-size: 10pt;\">*Bitte beachten Sie: Vom 24. Dezember bis zum 26. Dezember sind Gesch\u00e4fte, Restaurants und andere Dienstleister wegen des Nationalfeiertags geschlossen.<\/span><\/em><\/span><\/p>\n<p><a class=\"cta-button\" href=\"https:\/\/www.visitbratislava.com\/wp-content\/uploads\/2024\/12\/A2_otvaracky.pdf\" target=\"_blank\" rel=\"noopener\">\u00d6ffnungszeiten<\/a><\/p>\n","protected":false},"excerpt":{"rendered":"<p>Die glitzernde Dekorationen und der Duft der Nadel vermischt sich mit dem fesselnden Aroma von Gew\u00fcrzen, die Weihnachtszeit in der Hauptstadt der Slowakei ist wirklich wundervoll.<\/p>\n","protected":false},"author":32,"featured_media":197399,"parent":0,"menu_order":0,"comment_status":"closed","ping_status":"closed","template":"tpl-page-grid.php","meta":[],"acf":[],"_links":{"self":[{"href":"https:\/\/www.visitbratislava.com\/de\/wp-json\/wp\/v2\/pages\/197408"}],"collection":[{"href":"https:\/\/www.visitbratislava.com\/de\/wp-json\/wp\/v2\/pages"}],"about":[{"href":"https:\/\/www.visitbratislava.com\/de\/wp-json\/wp\/v2\/types\/page"}],"author":[{"embeddable":true,"href":"https:\/\/www.visitbratislava.com\/de\/wp-json\/wp\/v2\/users\/32"}],"replies":[{"embeddable":true,"href":"https:\/\/www.visitbratislava.com\/de\/wp-json\/wp\/v2\/comments?post=197408"}],"version-history":[{"count":9,"href":"https:\/\/www.visitbratislava.com\/de\/wp-json\/wp\/v2\/pages\/197408\/revisions"}],"predecessor-version":[{"id":318779,"href":"https:\/\/www.visitbratislava.com\/de\/wp-json\/wp\/v2\/pages\/197408\/revisions\/318779"}],"wp:featuredmedia":[{"embeddable":true,"href":"https:\/\/www.visitbratislava.com\/de\/wp-json\/wp\/v2\/media\/197399"}],"wp:attachment":[{"href":"https:\/\/www.visitbratislava.com\/de\/wp-json\/wp\/v2\/media?parent=197408"}],"curies":[{"name":"wp","href":"https:\/\/api.w.org\/{rel}","templated":true}]}}