{"id":197551,"date":"2022-11-24T17:23:26","date_gmt":"2022-11-24T16:23:26","guid":{"rendered":"https:\/\/www.visitbratislava.com\/?page_id=197551"},"modified":"2025-11-28T12:06:52","modified_gmt":"2025-11-28T11:06:52","slug":"adventszeit-in-bratislava","status":"publish","type":"page","link":"https:\/\/www.visitbratislava.com\/de\/weihnachten-in-bratislava\/adventszeit-in-bratislava\/","title":{"rendered":"Adventszeit in Bratislava"},"content":{"rendered":"<p><span style=\"font-size: 10pt; color: #ff0000;\"><em>*Bitte beachten Sie: Vom 24. Dezember bis zum 26. Dezember sind Gesch\u00e4fte, Restaurants und andere Dienstleister wegen des Nationalfeiertags geschlossen.<\/em><\/span><\/p>\n<h2><strong><span dir=\"auto\" style=\"vertical-align: inherit;\"><span dir=\"auto\" style=\"vertical-align: inherit;\"><span dir=\"auto\" style=\"vertical-align: inherit;\">Atmosph\u00e4re und Geschenke an einem Ort<\/span><\/span><\/span><\/strong><\/h2>\n<p><strong><span dir=\"auto\" style=\"vertical-align: inherit;\"><span dir=\"auto\" style=\"vertical-align: inherit;\"><span dir=\"auto\" style=\"vertical-align: inherit;\">Weihnachten in Bratislava<\/span><\/span><\/span><\/strong><span dir=\"auto\" style=\"vertical-align: inherit;\"><span dir=\"auto\" style=\"vertical-align: inherit;\"><span dir=\"auto\" style=\"vertical-align: inherit;\"> ist zur\u00fcck! Auf dem Hlavn\u00e9-, Franti\u0161k\u00e1nsk\u00e9- und Hviezdoslavov-Platz finden Sie die traditionell beliebten <\/span><\/span><\/span><a href=\"https:\/\/www.visitbratislava.com\/de\/geschehen\/weihnachtsmaerkte-bratislava\/\" target=\"_blank\" rel=\"noopener\"><strong><span dir=\"auto\" style=\"vertical-align: inherit;\"><span dir=\"auto\" style=\"vertical-align: inherit;\"><span dir=\"auto\" style=\"vertical-align: inherit;\">Weihnachtsm\u00e4rkte<\/span><\/span><\/span><\/strong><\/a><span dir=\"auto\" style=\"vertical-align: inherit;\"><span dir=\"auto\" style=\"vertical-align: inherit;\"><span dir=\"auto\" style=\"vertical-align: inherit;\"> mit einem vielf\u00e4ltigen Angebot an Leckereien. Das thematische Programm und die feierliche Beleuchtung des Weihnachtsbaums beginnen am 28. November auf dem Hlavn\u00e9- und dem Hviezdoslavov-Platz. An zahlreichen St\u00e4nden mit Erfrischungen und Weihnachtsgeschenken k\u00f6nnen Sie verschiedene Sorten von Punsch probieren und besondere Geschenkideen entdecken. Im Sinne der Nachhaltigkeit bietet der Markt wieder Mehrwegbecher und kompostierbares Geschirr an und achtet konsequent auf M\u00fclltrennung. Das Angebot an Weihnachtsaktivit\u00e4ten ist vielf\u00e4ltig. Auch das Kultur- und Informationszentrum Bratislava pr\u00e4sentiert ein abwechslungsreiches <\/span><\/span><\/span><a href=\"https:\/\/bratislavskevianoce.sk\/program\/\" target=\"_blank\" rel=\"noopener\"><strong><span dir=\"auto\" style=\"vertical-align: inherit;\"><span dir=\"auto\" style=\"vertical-align: inherit;\"><span dir=\"auto\" style=\"vertical-align: inherit;\">Kulturprogramm<\/span><\/span><\/span><\/strong><\/a><span dir=\"auto\" style=\"vertical-align: inherit;\"><span dir=\"auto\" style=\"vertical-align: inherit;\"><span dir=\"auto\" style=\"vertical-align: inherit;\"> .<\/span><\/span><\/span><\/p>\n<p><strong><span dir=\"auto\" style=\"vertical-align: inherit;\"><span dir=\"auto\" style=\"vertical-align: inherit;\"><span dir=\"auto\" style=\"vertical-align: inherit;\">Wann:<\/span><\/span><\/span><\/strong><span dir=\"auto\" style=\"vertical-align: inherit;\"><span dir=\"auto\" style=\"vertical-align: inherit;\"><span dir=\"auto\" style=\"vertical-align: inherit;\"> 28. November &#8211; 23. Dezember 2025 und 26. Dezember 2025 &#8211; 6. Januar 2026, t\u00e4glich 10:00 &#8211; 22:00 Uhr. <\/span><\/span><\/span><strong><span dir=\"auto\" style=\"vertical-align: inherit;\"><span dir=\"auto\" style=\"vertical-align: inherit;\"><span dir=\"auto\" style=\"vertical-align: inherit;\">Eintritt:<\/span><\/span><\/span><\/strong><span dir=\"auto\" style=\"vertical-align: inherit;\"><span dir=\"auto\" style=\"vertical-align: inherit;\"><span dir=\"auto\" style=\"vertical-align: inherit;\"> frei.<\/span><\/span><\/span><\/p>\n<p><img loading=\"lazy\" class=\"alignnone wp-image-318352 size-full\" src=\"https:\/\/www.visitbratislava.com\/wp-content\/uploads\/2024\/11\/M-Kovac_2023_Bratislava_zima_vianoce_vianocne_trhy_nevyhradna_licencia_casovo_neobmedzena_kat_A_tagg-scaled.jpg\" alt=\"\" width=\"2560\" height=\"1707\" srcset=\"https:\/\/www.visitbratislava.com\/wp-content\/uploads\/2024\/11\/M-Kovac_2023_Bratislava_zima_vianoce_vianocne_trhy_nevyhradna_licencia_casovo_neobmedzena_kat_A_tagg-scaled.jpg 2560w, https:\/\/www.visitbratislava.com\/wp-content\/uploads\/2024\/11\/M-Kovac_2023_Bratislava_zima_vianoce_vianocne_trhy_nevyhradna_licencia_casovo_neobmedzena_kat_A_tagg-400x267.jpg 400w, https:\/\/www.visitbratislava.com\/wp-content\/uploads\/2024\/11\/M-Kovac_2023_Bratislava_zima_vianoce_vianocne_trhy_nevyhradna_licencia_casovo_neobmedzena_kat_A_tagg-800x533.jpg 800w, https:\/\/www.visitbratislava.com\/wp-content\/uploads\/2024\/11\/M-Kovac_2023_Bratislava_zima_vianoce_vianocne_trhy_nevyhradna_licencia_casovo_neobmedzena_kat_A_tagg-768x512.jpg 768w, https:\/\/www.visitbratislava.com\/wp-content\/uploads\/2024\/11\/M-Kovac_2023_Bratislava_zima_vianoce_vianocne_trhy_nevyhradna_licencia_casovo_neobmedzena_kat_A_tagg-1536x1024.jpg 1536w, https:\/\/www.visitbratislava.com\/wp-content\/uploads\/2024\/11\/M-Kovac_2023_Bratislava_zima_vianoce_vianocne_trhy_nevyhradna_licencia_casovo_neobmedzena_kat_A_tagg-2048x1365.jpg 2048w, https:\/\/www.visitbratislava.com\/wp-content\/uploads\/2024\/11\/M-Kovac_2023_Bratislava_zima_vianoce_vianocne_trhy_nevyhradna_licencia_casovo_neobmedzena_kat_A_tagg-200x133.jpg 200w\" sizes=\"(max-width: 2560px) 100vw, 2560px\" \/><\/p>\n<p><span dir=\"auto\" style=\"vertical-align: inherit;\"><span dir=\"auto\" style=\"vertical-align: inherit;\"><span dir=\"auto\" style=\"vertical-align: inherit;\">Auch auf den <\/span><\/span><\/span><a href=\"https:\/\/www.visitbratislava.com\/de\/geschehen\/mittelalterliche-weihnachtsmaerkte\/\" target=\"_blank\" rel=\"noopener\"><strong><span dir=\"auto\" style=\"vertical-align: inherit;\"><span dir=\"auto\" style=\"vertical-align: inherit;\"><span dir=\"auto\" style=\"vertical-align: inherit;\">mittelalterlichen Weihnachtsm\u00e4rkten im Schloss Bratislava<\/span><\/span><\/span><\/strong><\/a><span dir=\"auto\" style=\"vertical-align: inherit;\"><span dir=\"auto\" style=\"vertical-align: inherit;\"><span dir=\"auto\" style=\"vertical-align: inherit;\"> herrscht weihnachtliche Stimmung <\/span><\/span><\/span><span dir=\"auto\" style=\"vertical-align: inherit;\"><span dir=\"auto\" style=\"vertical-align: inherit;\"><span dir=\"auto\" style=\"vertical-align: inherit;\">. Besucher erwartet ein vielf\u00e4ltiges Angebot mittelalterlicher Handwerker und Experten, die traditionelle Methoden und Techniken pr\u00e4sentieren. Vertreten sind unter anderem ein Drechsler, ein Imker, ein Lederarbeiter, ein Buchmaler, ein Schneider, ein Zinngie\u00dfer, ein Schmied, ein T\u00f6pfer und ein M\u00fcnzmeister. Falkner, historische K\u00fcche, ein Winzer, ein Oblatenb\u00e4cker, s\u00fc\u00dfe Leckereien und der Verkauf von historischem Schmuck runden das Angebot ab.<\/span><\/span><\/span><\/p>\n<p><strong><span dir=\"auto\" style=\"vertical-align: inherit;\"><span dir=\"auto\" style=\"vertical-align: inherit;\"><span dir=\"auto\" style=\"vertical-align: inherit;\">Wann:<\/span><\/span><\/span><\/strong><span dir=\"auto\" style=\"vertical-align: inherit;\"><span dir=\"auto\" style=\"vertical-align: inherit;\"><span dir=\"auto\" style=\"vertical-align: inherit;\"> 28. November \u2013 30. November 2025, 5. Dezember \u2013 7. Dezember 2025, 12. Dezember \u2013 14. Dezember 2025, 19. Dezember \u2013 21. Dezember 2025, 10:00 bis 18:00 Uhr. <\/span><\/span><\/span><strong><span dir=\"auto\" style=\"vertical-align: inherit;\"><span dir=\"auto\" style=\"vertical-align: inherit;\"><span dir=\"auto\" style=\"vertical-align: inherit;\">Eintritt:<\/span><\/span><\/span><\/strong><span dir=\"auto\" style=\"vertical-align: inherit;\"><span dir=\"auto\" style=\"vertical-align: inherit;\"><span dir=\"auto\" style=\"vertical-align: inherit;\"> Kostenlos.<\/span><\/span><\/span><\/p>\n<p><img loading=\"lazy\" width=\"800\" height=\"450\" class=\"size-large wp-image-381404 aligncenter\" src=\"https:\/\/www.visitbratislava.com\/wp-content\/uploads\/2025\/11\/stredoveke-vianocne-trhy-obrazok-trhov-z-vysky-800x450.jpg\" alt=\"mittelalterliche Weihnachtsm\u00e4rkte\" srcset=\"https:\/\/www.visitbratislava.com\/wp-content\/uploads\/2025\/11\/stredoveke-vianocne-trhy-obrazok-trhov-z-vysky-800x450.jpg 800w, https:\/\/www.visitbratislava.com\/wp-content\/uploads\/2025\/11\/stredoveke-vianocne-trhy-obrazok-trhov-z-vysky-400x225.jpg 400w, https:\/\/www.visitbratislava.com\/wp-content\/uploads\/2025\/11\/stredoveke-vianocne-trhy-obrazok-trhov-z-vysky-768x432.jpg 768w, https:\/\/www.visitbratislava.com\/wp-content\/uploads\/2025\/11\/stredoveke-vianocne-trhy-obrazok-trhov-z-vysky-1536x864.jpg 1536w, https:\/\/www.visitbratislava.com\/wp-content\/uploads\/2025\/11\/stredoveke-vianocne-trhy-obrazok-trhov-z-vysky-200x113.jpg 200w, https:\/\/www.visitbratislava.com\/wp-content\/uploads\/2025\/11\/stredoveke-vianocne-trhy-obrazok-trhov-z-vysky.jpg 2048w\" sizes=\"(max-width: 800px) 100vw, 800px\" \/><\/p>\n<p><strong><a href=\"https:\/\/www.visitbratislava.com\/de\/geschehen\/adventsbasar\/\" target=\"_blank\" rel=\"noopener\"><span dir=\"auto\" style=\"vertical-align: inherit;\"><span dir=\"auto\" style=\"vertical-align: inherit;\"><span dir=\"auto\" style=\"vertical-align: inherit;\">Der Adventsbasar<\/span><\/span><\/span><\/a> <\/strong><span dir=\"auto\" style=\"vertical-align: inherit;\"><span dir=\"auto\" style=\"vertical-align: inherit;\"><span dir=\"auto\" style=\"vertical-align: inherit;\"> pr\u00e4sentiert sich als Verkaufsfl\u00e4che f\u00fcr unabh\u00e4ngige Mode, Design und Kunst \u2013 einzigartige Produkte, Artikel kleiner und gro\u00dfer Verlage, kulinarische K\u00f6stlichkeiten von lokalen Erzeugern und K\u00fcnstlern sowie ein abwechslungsreiches Rahmenprogramm erwarten Sie in der historischen Markthalle. Garantiert originelle Weihnachtsgeschenke aus der Region.<\/span><\/span><\/span><\/p>\n<p><strong><span dir=\"auto\" style=\"vertical-align: inherit;\"><span dir=\"auto\" style=\"vertical-align: inherit;\"><span dir=\"auto\" style=\"vertical-align: inherit;\">Wann:<\/span><\/span><\/span><\/strong><\/p>\n<ul data-start=\"1271\" data-end=\"1375\">\n<li data-start=\"1271\" data-end=\"1304\">\n<p data-start=\"1273\" data-end=\"1304\"><span dir=\"auto\" style=\"vertical-align: inherit;\">Ist Runde: 14. \u2013 16. 12. 2025<\/span><\/p>\n<\/li>\n<li data-start=\"1305\" data-end=\"1339\">\n<p data-start=\"1307\" data-end=\"1339\"><span dir=\"auto\" style=\"vertical-align: inherit;\"><span dir=\"auto\" style=\"vertical-align: inherit;\"><span dir=\"auto\" style=\"vertical-align: inherit;\">2. Runde: 17. \u2013 19. 12. 2025<\/span><\/span><\/span><\/p>\n<\/li>\n<li data-start=\"1340\" data-end=\"1375\">\n<p data-start=\"1342\" data-end=\"1375\"><span dir=\"auto\" style=\"vertical-align: inherit;\"><span dir=\"auto\" style=\"vertical-align: inherit;\"><span dir=\"auto\" style=\"vertical-align: inherit;\">3. Runde: 21. \u2013 23. 12. 2025<\/span><\/span><\/span><\/p>\n<\/li>\n<\/ul>\n<p><span dir=\"auto\" style=\"vertical-align: inherit;\"><span dir=\"auto\" style=\"vertical-align: inherit;\"><span dir=\"auto\" style=\"vertical-align: inherit;\">10:00 &#8211; 20:00 Uhr. <\/span><\/span><\/span><strong><span dir=\"auto\" style=\"vertical-align: inherit;\"><span dir=\"auto\" style=\"vertical-align: inherit;\"><span dir=\"auto\" style=\"vertical-align: inherit;\">Eintritt<\/span><\/span><\/span><\/strong><span dir=\"auto\" style=\"vertical-align: inherit;\"><span dir=\"auto\" style=\"vertical-align: inherit;\"><span dir=\"auto\" style=\"vertical-align: inherit;\"> frei.<\/span><\/span><\/span><\/p>\n<p data-start=\"1082\" data-end=\"1106\"><span dir=\"auto\" style=\"vertical-align: inherit;\"><span dir=\"auto\" style=\"vertical-align: inherit;\"><span dir=\"auto\" style=\"vertical-align: inherit;\">Der Markt wird ge\u00f6ffnet sein:<\/span><\/span><\/span><\/p>\n<ul data-start=\"1107\" data-end=\"1208\">\n<li data-start=\"1107\" data-end=\"1132\">\n<p data-start=\"1109\" data-end=\"1132\"><span dir=\"auto\" style=\"vertical-align: inherit;\"><span dir=\"auto\" style=\"vertical-align: inherit;\"><span dir=\"auto\" style=\"vertical-align: inherit;\">Sonntag: 10:00 \u2013 20:00 Uhr<\/span><\/span><\/span><\/p>\n<\/li>\n<li data-start=\"1133\" data-end=\"1208\">\n<p data-start=\"1135\" data-end=\"1208\"><span dir=\"auto\" style=\"vertical-align: inherit;\"><span dir=\"auto\" style=\"vertical-align: inherit;\"><span dir=\"auto\" style=\"vertical-align: inherit;\">Montag \u2013 Freitag: 12:00 \u2013 20:00 Uhr <\/span><\/span><\/span><br data-start=\"1167\" data-end=\"1170\" \/><em data-start=\"1170\" data-end=\"1206\"><span dir=\"auto\" style=\"vertical-align: inherit;\"><span dir=\"auto\" style=\"vertical-align: inherit;\"><span dir=\"auto\" style=\"vertical-align: inherit;\">(\u00c4nderungen der \u00d6ffnungszeiten vorbehalten)<\/span><\/span><\/span><\/em><\/p>\n<\/li>\n<\/ul>\n<p><img loading=\"lazy\" width=\"800\" height=\"534\" class=\"size-large wp-image-265461 aligncenter\" src=\"https:\/\/www.visitbratislava.com\/wp-content\/uploads\/2023\/10\/Urban-market-winter-edition-800x534.jpg\" alt=\"\" srcset=\"https:\/\/www.visitbratislava.com\/wp-content\/uploads\/2023\/10\/Urban-market-winter-edition-800x534.jpg 800w, https:\/\/www.visitbratislava.com\/wp-content\/uploads\/2023\/10\/Urban-market-winter-edition-400x267.jpg 400w, https:\/\/www.visitbratislava.com\/wp-content\/uploads\/2023\/10\/Urban-market-winter-edition-768x513.jpg 768w, https:\/\/www.visitbratislava.com\/wp-content\/uploads\/2023\/10\/Urban-market-winter-edition-1536x1026.jpg 1536w, https:\/\/www.visitbratislava.com\/wp-content\/uploads\/2023\/10\/Urban-market-winter-edition-200x134.jpg 200w, https:\/\/www.visitbratislava.com\/wp-content\/uploads\/2023\/10\/Urban-market-winter-edition.jpg 1869w\" sizes=\"(max-width: 800px) 100vw, 800px\" \/> <em><span style=\"font-size: 8pt;\"><span dir=\"auto\" style=\"vertical-align: inherit;\"><span dir=\"auto\" style=\"vertical-align: inherit;\"><span dir=\"auto\" style=\"vertical-align: inherit;\">Foto: Weihnachtsmarkt von Welin<\/span><\/span><\/span><\/span><\/em><\/p>\n<h2><strong><span dir=\"auto\" style=\"vertical-align: inherit;\"><span dir=\"auto\" style=\"vertical-align: inherit;\"><span dir=\"auto\" style=\"vertical-align: inherit;\">Weihnachtstraditionen in Bratislava<\/span><\/span><\/span><\/strong><\/h2>\n<p><a href=\"https:\/\/www.visitbratislava.com\/de\/weihnachtstram-bratislava\/\" target=\"_blank\" rel=\"noopener\"><strong><span dir=\"auto\" style=\"vertical-align: inherit;\"><span dir=\"auto\" style=\"vertical-align: inherit;\"><span dir=\"auto\" style=\"vertical-align: inherit;\">Die Weihnachtsstra\u00dfenbahn<\/span><\/span><\/span><\/strong><\/a><span dir=\"auto\" style=\"vertical-align: inherit;\"><span dir=\"auto\" style=\"vertical-align: inherit;\"><span dir=\"auto\" style=\"vertical-align: inherit;\"> ist in Bratislava seit Jahren eine beliebte Weihnachtstradition. Sie wird in den Fahrpl\u00e4nen wieder mit dem Schneeflockensymbol \u2744 gekennzeichnet sein und w\u00e4hrend der gesamten Advents- und Weihnachtszeit \u2013 etwa von Anfang Dezember bis Dreik\u00f6nigstag \u2013 durch die Stra\u00dfen Bratislavas fahren. An Wochentagen verkehrt sie nachmittags und abends, an Wochenenden und Feiertagen ab Mittag.<\/span><\/span><\/span><\/p>\n<p><span dir=\"auto\" style=\"vertical-align: inherit;\"><span dir=\"auto\" style=\"vertical-align: inherit;\"><span dir=\"auto\" style=\"vertical-align: inherit;\">Die Weihnachtsstra\u00dfenbahn soll ungef\u00e4hr vom\u00a0 <\/span><\/span><\/span><strong><span dir=\"auto\" style=\"vertical-align: inherit;\"><span dir=\"auto\" style=\"vertical-align: inherit;\"><span dir=\"auto\" style=\"vertical-align: inherit;\">6. Dezember 2025<\/span><\/span><\/span><\/strong><span dir=\"auto\" style=\"vertical-align: inherit;\"><span dir=\"auto\" style=\"vertical-align: inherit;\"><span dir=\"auto\" style=\"vertical-align: inherit;\"> bis zum\u00a0 <\/span><\/span><\/span><strong><span dir=\"auto\" style=\"vertical-align: inherit;\"><span dir=\"auto\" style=\"vertical-align: inherit;\"><span dir=\"auto\" style=\"vertical-align: inherit;\">6. Januar 2026<\/span><\/span><\/span><\/strong><span dir=\"auto\" style=\"vertical-align: inherit;\"><span dir=\"auto\" style=\"vertical-align: inherit;\"><span dir=\"auto\" style=\"vertical-align: inherit;\"> verkehren , also vom Nikolaustag bis zum Dreik\u00f6nigstag.<\/span><\/span><\/span><\/p>\n<p><img loading=\"lazy\" width=\"800\" height=\"533\" class=\"size-large wp-image-265346 aligncenter\" src=\"https:\/\/www.visitbratislava.com\/wp-content\/uploads\/2023\/10\/Matej-Kovac_2016_tunel_vianoce_elektricka_nevyhradna-licencia-800x533.jpg\" alt=\"\" srcset=\"https:\/\/www.visitbratislava.com\/wp-content\/uploads\/2023\/10\/Matej-Kovac_2016_tunel_vianoce_elektricka_nevyhradna-licencia-800x533.jpg 800w, https:\/\/www.visitbratislava.com\/wp-content\/uploads\/2023\/10\/Matej-Kovac_2016_tunel_vianoce_elektricka_nevyhradna-licencia-400x267.jpg 400w, https:\/\/www.visitbratislava.com\/wp-content\/uploads\/2023\/10\/Matej-Kovac_2016_tunel_vianoce_elektricka_nevyhradna-licencia-768x512.jpg 768w, https:\/\/www.visitbratislava.com\/wp-content\/uploads\/2023\/10\/Matej-Kovac_2016_tunel_vianoce_elektricka_nevyhradna-licencia-1536x1024.jpg 1536w, https:\/\/www.visitbratislava.com\/wp-content\/uploads\/2023\/10\/Matej-Kovac_2016_tunel_vianoce_elektricka_nevyhradna-licencia-2048x1365.jpg 2048w, https:\/\/www.visitbratislava.com\/wp-content\/uploads\/2023\/10\/Matej-Kovac_2016_tunel_vianoce_elektricka_nevyhradna-licencia-200x133.jpg 200w\" sizes=\"(max-width: 800px) 100vw, 800px\" \/><\/p>\n<p data-start=\"163\" data-end=\"449\"><a href=\"https:\/\/www.lod.sk\/en\/cruises-2\/all-you-can-eat\/detail\/Christmas%20Panorama%20Cruise.\/\" target=\"_blank\" rel=\"noopener\"><strong><span dir=\"auto\" style=\"vertical-align: inherit;\"><span dir=\"auto\" style=\"vertical-align: inherit;\"><span dir=\"auto\" style=\"vertical-align: inherit;\">Eine weihnachtliche Donaukreuzfahrt<\/span><\/span><\/span><\/strong><\/a><span dir=\"auto\" style=\"vertical-align: inherit;\"><span dir=\"auto\" style=\"vertical-align: inherit;\"><span dir=\"auto\" style=\"vertical-align: inherit;\"> ist eine angenehme M\u00f6glichkeit, das festliche Bratislava aus einer ungew\u00f6hnlichen Perspektive zu erleben. Die kurze, etwa 45-min\u00fctige Rundfahrt bietet einzigartige Ausblicke auf die historische Uferpromenade, die Burg Bratislava und die beiden markanten Br\u00fccken der Stadt \u2013 die SNP-Br\u00fccke oder die Lanfranconi-Br\u00fccke, an der das Schiff wendet.<\/span><\/span><\/span><\/p>\n<p data-start=\"451\" data-end=\"854\"><span dir=\"auto\" style=\"vertical-align: inherit;\"><span dir=\"auto\" style=\"vertical-align: inherit;\"><span dir=\"auto\" style=\"vertical-align: inherit;\">Vom Deck des beheizten Schiffes aus genie\u00dfen Sie den Blick auf die weihnachtlich beleuchteten Denkm\u00e4ler und die festliche Atmosph\u00e4re der Stadt, deren Lichter sich auf der Donau spiegeln. Versch\u00f6nern Sie Ihre Fahrt mit einer Tasse hei\u00dfem Punsch, Gl\u00fchwein oder s\u00fc\u00dfen Bratislavaer Br\u00f6tchen, die Sie direkt an Bord erhalten.<\/span><\/span><\/span><\/p>\n<p data-start=\"451\" data-end=\"854\"><span dir=\"auto\" style=\"vertical-align: inherit;\"><span dir=\"auto\" style=\"vertical-align: inherit;\"><span dir=\"auto\" style=\"vertical-align: inherit;\">Termine f\u00fcr die Weihnachtskreuzfahrt 2025: <\/span><\/span><\/span><br \/>\n<span dir=\"auto\" style=\"vertical-align: inherit;\"><span dir=\"auto\" style=\"vertical-align: inherit;\"><span dir=\"auto\" style=\"vertical-align: inherit;\">November: 28.11., 29.11., 30.11. <\/span><\/span><\/span><br \/>\n<span dir=\"auto\" style=\"vertical-align: inherit;\"><span dir=\"auto\" style=\"vertical-align: inherit;\"><span dir=\"auto\" style=\"vertical-align: inherit;\">Dezember: 5.12., 6.12., 7.12., 12.12., 13.12., 14.12., 19.12., 20.12., 21.12.<\/span><\/span><\/span><\/p>\n<h2><strong><span dir=\"auto\" style=\"vertical-align: inherit;\"><span dir=\"auto\" style=\"vertical-align: inherit;\">Winterwunderland<\/span><\/span><\/strong><\/h2>\n<p><span dir=\"auto\" style=\"vertical-align: inherit;\"><span dir=\"auto\" style=\"vertical-align: inherit;\"><span dir=\"auto\" style=\"vertical-align: inherit;\">Die Rennstrecke von Petr\u017ealka verwandelt sich in der Wintersaison in einen m\u00e4rchenhaften Lichterpark, das <\/span><\/span><\/span><a href=\"https:\/\/www.visitbratislava.com\/de\/geschehen\/winter-wonderland\/\" target=\"_blank\" rel=\"noopener\"><strong><span dir=\"auto\" style=\"vertical-align: inherit;\"><span dir=\"auto\" style=\"vertical-align: inherit;\"><span dir=\"auto\" style=\"vertical-align: inherit;\">Winterwunderland<\/span><\/span><\/span><\/strong><\/a><span dir=\"auto\" style=\"vertical-align: inherit;\"><span dir=\"auto\" style=\"vertical-align: inherit;\"><span dir=\"auto\" style=\"vertical-align: inherit;\"> . Millionen von Lichtern, ein Unterwasserreich, ein Zaubergarten und m\u00e4rchenhafte Schl\u00f6sser schaffen eine einzigartige Atmosph\u00e4re f\u00fcr Jung und Alt.<\/span><\/span><\/span><\/p>\n<p><span dir=\"auto\" style=\"vertical-align: inherit;\"><span dir=\"auto\" style=\"vertical-align: inherit;\"><span dir=\"auto\" style=\"vertical-align: inherit;\">Im Park k\u00f6nnen Sie beliebten M\u00e4rchenfiguren wie Aschenputtel, der Sch\u00f6nen und dem Biest oder Pinocchio begegnen, durch ein Unterwasserlabyrinth wandern oder auf einem bunten Klavier spielen. Verschiedene Karussells runden die m\u00e4rchenhafte Atmosph\u00e4re ab.<\/span><\/span><\/span><\/p>\n<p><strong><span dir=\"auto\" style=\"vertical-align: inherit;\"><span dir=\"auto\" style=\"vertical-align: inherit;\"><span dir=\"auto\" style=\"vertical-align: inherit;\">Wann<\/span><\/span><\/span><\/strong><span dir=\"auto\" style=\"vertical-align: inherit;\"><span dir=\"auto\" style=\"vertical-align: inherit;\"><span dir=\"auto\" style=\"vertical-align: inherit;\"> : <\/span><\/span><\/span><span class=\"start-date\"><span dir=\"auto\" style=\"vertical-align: inherit;\"><span dir=\"auto\" style=\"vertical-align: inherit;\"><span dir=\"auto\" style=\"vertical-align: inherit;\">Vom 27. September 2025 bis zum <\/span><\/span><\/span><\/span><span class=\"end-date\"><span dir=\"auto\" style=\"vertical-align: inherit;\"><span dir=\"auto\" style=\"vertical-align: inherit;\"><span dir=\"auto\" style=\"vertical-align: inherit;\">11. Januar 2026, 15:00 &#8211; 21:00 Uhr<\/span><\/span><\/span><\/span><\/p>\n<p><img class=\"alignnone\" src=\"https:\/\/www.visitbratislava.com\/wp-content\/uploads\/2024\/10\/2024-10-01-4-800x539.png\" \/><em><span style=\"font-size: 8pt;\"><span dir=\"auto\" style=\"vertical-align: inherit;\"><span dir=\"auto\" style=\"vertical-align: inherit;\"><span dir=\"auto\" style=\"vertical-align: inherit;\">Quelle: Winter Wonderland<\/span><\/span><\/span><\/span><\/em><\/p>\n<p><span dir=\"auto\" style=\"vertical-align: inherit;\"><span dir=\"auto\" style=\"vertical-align: inherit;\"><span dir=\"auto\" style=\"vertical-align: inherit;\">Genie\u00dfen Sie Weihnachten in Bratislava und machen Sie die Adventszeit in der Hauptstadt noch sch\u00f6ner!<\/span><\/span><\/span><\/p>\n","protected":false},"excerpt":{"rendered":"<p>Der Advent ist in der Stadt auf Schritt und Tritt zu sp\u00fcren. W\u00e4rmen Sie sich mit Punsch oder Weihnachtsspezialit\u00e4ten auf und genie\u00dfen Sie die Weihnachtsbeleuchtung in Bratislava.<\/p>\n","protected":false},"author":32,"featured_media":383135,"parent":197408,"menu_order":0,"comment_status":"closed","ping_status":"closed","template":"","meta":[],"acf":[],"_links":{"self":[{"href":"https:\/\/www.visitbratislava.com\/de\/wp-json\/wp\/v2\/pages\/197551"}],"collection":[{"href":"https:\/\/www.visitbratislava.com\/de\/wp-json\/wp\/v2\/pages"}],"about":[{"href":"https:\/\/www.visitbratislava.com\/de\/wp-json\/wp\/v2\/types\/page"}],"author":[{"embeddable":true,"href":"https:\/\/www.visitbratislava.com\/de\/wp-json\/wp\/v2\/users\/32"}],"replies":[{"embeddable":true,"href":"https:\/\/www.visitbratislava.com\/de\/wp-json\/wp\/v2\/comments?post=197551"}],"version-history":[{"count":43,"href":"https:\/\/www.visitbratislava.com\/de\/wp-json\/wp\/v2\/pages\/197551\/revisions"}],"predecessor-version":[{"id":383118,"href":"https:\/\/www.visitbratislava.com\/de\/wp-json\/wp\/v2\/pages\/197551\/revisions\/383118"}],"up":[{"embeddable":true,"href":"https:\/\/www.visitbratislava.com\/de\/wp-json\/wp\/v2\/pages\/197408"}],"wp:featuredmedia":[{"embeddable":true,"href":"https:\/\/www.visitbratislava.com\/de\/wp-json\/wp\/v2\/media\/383135"}],"wp:attachment":[{"href":"https:\/\/www.visitbratislava.com\/de\/wp-json\/wp\/v2\/media?parent=197551"}],"curies":[{"name":"wp","href":"https:\/\/api.w.org\/{rel}","templated":true}]}}