{"id":21081,"date":"2016-07-25T07:51:53","date_gmt":"2016-07-25T05:51:53","guid":{"rendered":"https:\/\/www.visitbratislava.com\/de\/?page_id=21081"},"modified":"2025-09-11T09:21:38","modified_gmt":"2025-09-11T07:21:38","slug":"datenschutz-bestimmungen","status":"publish","type":"page","link":"https:\/\/www.visitbratislava.com\/de\/datenschutz-bestimmungen\/","title":{"rendered":"Datenschutz-Bestimmungen"},"content":{"rendered":"<h3>Informationen, die sich auf den Schutz personenbezogener Daten im Sinne der Datenschutz-Grundverordnung beziehen<\/h3>\n<p>Die Bratislavaer Organisation f\u00fcr Tourismus &#8211; Bratislava Tourist Board (BTB) \/ Bratislavsk\u00e1 organiz\u00e1cia cestovn\u00e9ho ruchu, Sitz: \u0160af\u00e1rikovo n\u00e1m. 3, 811 02 Bratislava, I\u010cO (IdNr.): 42259088, Kontakt: <a href=\"mailto:btb@visitbratislava.com\" target=\"_blank\" rel=\"noopener\">btb@visitbratislava.com<\/a>, verwendet auf dieser Seite Cookies zur Verbesserung ihrer Online-Dienstleistungen.<\/p>\n<p>Cookies sind kleine Textdateien, die die Bezeichnung der besuchten Seite, die G\u00fcltigkeit und einen vordefinierten Wert enthalten. Sie werden im Ordner des Browsers des Besuchers der Seite gespeichert. Bei einem wiederholten Besuch der Webseite, die die Datei erstellt hat, k\u00f6nnen sie erneut vom Browser abgesandt werden. In den Cookies werden Informationen gespeichert, die mit der Verwendung des Browsers des Besuchers der Seite zusammenh\u00e4ngen, es handelt sich keineswegs um Informationen \u00fcber die Identit\u00e4t des Besuchers der Seite. Die von uns verwendeten Cookies sch\u00e4digen den Computer des Besuchers der Seite und auch andere zum Browsen im Internet verwendete Ger\u00e4te nicht.<\/p>\n<p>Die Organisation Bratislava Tourist Board ist der Betreiber der verwalteten personenbezogenen Daten in Zusammenhang mit der Verwendung von Cookies, die im Rahmen der Seiten und Unterseiten <a href=\"https:\/\/www.visitbratislava.com\/de\/\" target=\"_blank\" rel=\"noopener\">www.visitbratislava.com<\/a> (<a href=\"https:\/\/72hourcity.com\/DE\" target=\"_blank\" rel=\"noopener\">72hourcity.com<\/a>, <a href=\"https:\/\/card.visitbratislava.com\/de\/\" target=\"_blank\" rel=\"noopener\">card.visitbratislava.com<\/a>) verwendet werden.<\/p>\n<h3>Cookies, die auf dem Web www.visitbratislava.com und seinen Unterseiten verwendet werden:<\/h3>\n<p>1) <em>technische Cookies \u2013 notwendig<\/em>: Cookie-Typen, ohne die unsere Dienstleistungen nicht genutzt werden k\u00f6nnen \u2013 es wird keine extra Zustimmung des Besuchers der Seite verlangt;<br \/>\n2) <em>Marketing-Cookies \u2013 w\u00e4hlbar<\/em>: Sie analysieren mittels der Benutzer-ID (einzigartiger Identifikator), wie der Besucher die Webseiten nutzt \u2013 die Zustimmung des Besuchers der Seite ist erforderlich. Verarbeitungszweck ist die Gew\u00e4hrung und Verbesserung des Inhaltes, die Personifizierung des Inhaltes, die optimale Darstellung der Webseite und die Sicherstellung ihrer richtigen Funktion. Cookies gew\u00e4hren wir auch Dritten.<\/p>\n<p><u>Rechtsgrundlage<\/u> f\u00fcr die Verwendung von Marketing-Cookies ist die Zustimmung des Besuchers der Seite. <u>Rechtsgrundlage<\/u> f\u00fcr die Verwendung technisch notwendiger Cookies ist die Tatsache, dass die Verarbeitung zur Erf\u00fcllung des Vertrages unumg\u00e4nglich bzw. zur Erm\u00f6glichung des Zugangs zu der vom Besucher ausgew\u00e4hlten Seite erforderlich ist.<\/p>\n<p>Der Besucher der Seite kann seine Zustimmung zur Verarbeitung der personenbezogenen Daten, die durch Marketing-Cookies gewonnen wurden, jederzeit mit Wirksamkeit f\u00fcr die Zukunft widerrufen, und zwar durch \u00c4nderung der Einstellungen seines Webbrowsers. Gleichzeitig ist es m\u00f6glich, die Funktion Helper im Browser zu verwenden. Wenn der Besucher keine Cookies verwenden m\u00f6chte, muss er sie aktiv entfernen oder blockieren. Weitere Informationen \u00fcber Cookies und ihre Entfernung finden Sie auf der Webseite <a href=\"http:\/\/www.allaboutcookies.org\/\">www.allaboutcookies.org<\/a>, und bei Verwendung mobiler Webbrowser sind diese Informationen in der Anleitung des Smartphones zug\u00e4nglich. Die Organisation BTB verwendet keine Cookies zur Sammlung personenbezogener Daten des Besuchers.<\/p>\n<p>Personenbezogene Daten werden bis auf Widerruf der Zustimmung gespeichert.<\/p>\n<p>Die betroffene Person \u2013 der Besucher des Webs, dessen personenbezogene Daten verarbeitet werden, hat im Sinne der Datenschutz-Grundverordnung vor allem <u>die nachfolgenden Rechte:<br \/>\n<\/u>1) das Recht, vom Betreiber Zugang zu seinen personenbezogenen Daten (das Recht, vom Betreiber eine Best\u00e4tigung dar\u00fcber zu erhalten, ob personenbezogene Daten, die sich auf ihn beziehen, verarbeitet werden, das Recht auf Zugang zu diesen personenbezogenen Daten und das Recht auf weitere Informationen im Sinne der Datenschutz-Grundverordnung);<br \/>\n2) das Recht auf Korrektur der personenbezogenen Daten (die Korrektur falscher Daten und die Erg\u00e4nzung unvollst\u00e4ndiger Daten);<br \/>\n3) das Recht auf L\u00f6schung der personenbezogenen Daten und das Recht auf Einschr\u00e4nkung der Verarbeitung der personenbezogenen Daten;<br \/>\n4) das Recht, Einw\u00e4nde gegen die Verarbeitung der personenbezogenen Daten vorzubringen;<br \/>\n5) das Recht auf \u00dcbertragbarkeit der personenbezogenen Daten;<br \/>\n6) das Recht, seine Zustimmung zur Verarbeitung der personenbezogenen Daten jederzeit zu widerrufen;<br \/>\n7) das Recht, einen Antrag auf Einleitung eines Verfahrens zum Schutz der personenbezogenen Daten bei der Datenschutzbeh\u00f6rde der Slowakischen Republik einzureichen.<\/p>\n<p>Die Gew\u00e4hrung personenbezogener Daten ist eine vertragliche Forderung des Betreibers, die zur Zusendung des Newsletters des Betreibers und zur Realisierung des Direktmarketings f\u00fcr die betreffende Person notwendig ist. Werden die personenbezogenen Daten nicht gew\u00e4hrt, f\u00fchrt das dazu, dass das Direktmarketing f\u00fcr die betreffende Person nicht realisiert werden kann.<\/p>\n<p><u>Empf\u00e4nger \/ Kategorien von Empf\u00e4ngern:<\/u> Die Organisation Bratislava Tourist Board verarbeitet personenbezogene Daten, die durch Cookies gewonnen wurden, mittels Verarbeiter \u2013 Dienstleistungsanbieter, vor allem aus dem Bereich soziale Medien und Online-Marketing.<\/p>\n<p><u>\u00dcbermittlung in Drittl\u00e4nder:<\/u>\u00a0Mit Ausnahme der Verarbeitung mithilfe des Instruments Google Analytics, GTM und FB Pixel werden keine Daten \u00fcber die Besucher der Seite an Empf\u00e4nger mit Sitz au\u00dferhalb der Europ\u00e4ischen Union oder des Europ\u00e4ischen Wirtschaftsraumes \u00fcbermittelt. Zum Zweck der Verwendung der oben angef\u00fchrten Dienstleistungen werden die personenbezogenen Daten auf Server in den USA \u00fcbermittelt. Das Schutzniveau der personenbezogenen Daten in den USA ist mit dem Schutzniveau in der EU vergleichbar. Die Europ\u00e4ische Kommission entschied am 12.07.2016 gem\u00e4\u00df Artikel 45 der Datenschutz-Grundverordnung, dass bei Einhaltung der Bedingungen und der Bestimmungen des \u201eEU-U.S. Privacy Shield\u201c in den USA ein angemessenes Schutzniveau personenbezogener Daten besteht.<\/p>\n","protected":false},"excerpt":{"rendered":"<p>Informationen, die sich auf den Schutz personenbezogener Daten im Sinne der Datenschutz-Grundverordnung beziehen Die Bratislavaer Organisation f\u00fcr Tourismus &#8211; Bratislava Tourist Board (BTB) \/ Bratislavsk\u00e1 organiz\u00e1cia cestovn\u00e9ho ruchu, Sitz: \u0160af\u00e1rikovo n\u00e1m. 3, 811 02 Bratislava, I\u010cO (IdNr.): 42259088, Kontakt: btb@visitbratislava.com, verwendet auf dieser Seite Cookies zur Verbesserung ihrer Online-Dienstleistungen. Cookies sind kleine Textdateien, die die [&hellip;]<\/p>\n","protected":false},"author":32,"featured_media":127212,"parent":0,"menu_order":0,"comment_status":"closed","ping_status":"closed","template":"","meta":[],"acf":[],"_links":{"self":[{"href":"https:\/\/www.visitbratislava.com\/de\/wp-json\/wp\/v2\/pages\/21081"}],"collection":[{"href":"https:\/\/www.visitbratislava.com\/de\/wp-json\/wp\/v2\/pages"}],"about":[{"href":"https:\/\/www.visitbratislava.com\/de\/wp-json\/wp\/v2\/types\/page"}],"author":[{"embeddable":true,"href":"https:\/\/www.visitbratislava.com\/de\/wp-json\/wp\/v2\/users\/32"}],"replies":[{"embeddable":true,"href":"https:\/\/www.visitbratislava.com\/de\/wp-json\/wp\/v2\/comments?post=21081"}],"version-history":[{"count":8,"href":"https:\/\/www.visitbratislava.com\/de\/wp-json\/wp\/v2\/pages\/21081\/revisions"}],"predecessor-version":[{"id":352238,"href":"https:\/\/www.visitbratislava.com\/de\/wp-json\/wp\/v2\/pages\/21081\/revisions\/352238"}],"wp:featuredmedia":[{"embeddable":true,"href":"https:\/\/www.visitbratislava.com\/de\/wp-json\/wp\/v2\/media\/127212"}],"wp:attachment":[{"href":"https:\/\/www.visitbratislava.com\/de\/wp-json\/wp\/v2\/media?parent=21081"}],"curies":[{"name":"wp","href":"https:\/\/api.w.org\/{rel}","templated":true}]}}