{"id":214937,"date":"2023-01-09T09:52:07","date_gmt":"2023-01-09T08:52:07","guid":{"rendered":"https:\/\/www.visitbratislava.com\/?page_id=214937"},"modified":"2023-01-09T09:52:07","modified_gmt":"2023-01-09T08:52:07","slug":"die-hauptstadt-mit-den-augen-der-kuenstler-aus-dem-slowakischen-nationaltheater","status":"publish","type":"page","link":"https:\/\/www.visitbratislava.com\/de\/slowakisches-nationaltheater-mag-bratislava\/die-hauptstadt-mit-den-augen-der-kuenstler-aus-dem-slowakischen-nationaltheater\/","title":{"rendered":"Die Hauptstadt mit den Augen der K\u00fcnstler aus dem Slowakischen Nationaltheater"},"content":{"rendered":"<p>Ehemaliges Pre\u00dfburg ist auch im 21. Jahrhundert eine unbestrittene kulturelle Metropole. Hier findet man eine breite Palette der Museen, Galerien, Theater, Klubs, Variet\u00e9s, Bars, Caf\u00e9s und Restaurants, welche das Kolorit der heutigen Bratislava vollenden. Schlie\u00dflich, die Kultur und Sehensw\u00fcrdigkeiten sucht ungef\u00e4hr eine Drittel der Stadtbesucher aus.<\/p>\n<p><img loading=\"lazy\" width=\"1920\" height=\"1280\" class=\"alignleft size-full wp-image-182328\" src=\"https:\/\/www.visitbratislava.com\/wp-content\/uploads\/2022\/10\/Kovac_2022_ba-hrad_ufo_green_obloha_jesen_kamzik_lod_nabrezie_vyhlad_nevyhradna-licencia_1920x1280.jpg\" alt=\"\" srcset=\"https:\/\/www.visitbratislava.com\/wp-content\/uploads\/2022\/10\/Kovac_2022_ba-hrad_ufo_green_obloha_jesen_kamzik_lod_nabrezie_vyhlad_nevyhradna-licencia_1920x1280.jpg 1920w, https:\/\/www.visitbratislava.com\/wp-content\/uploads\/2022\/10\/Kovac_2022_ba-hrad_ufo_green_obloha_jesen_kamzik_lod_nabrezie_vyhlad_nevyhradna-licencia_1920x1280-400x267.jpg 400w, https:\/\/www.visitbratislava.com\/wp-content\/uploads\/2022\/10\/Kovac_2022_ba-hrad_ufo_green_obloha_jesen_kamzik_lod_nabrezie_vyhlad_nevyhradna-licencia_1920x1280-800x533.jpg 800w, https:\/\/www.visitbratislava.com\/wp-content\/uploads\/2022\/10\/Kovac_2022_ba-hrad_ufo_green_obloha_jesen_kamzik_lod_nabrezie_vyhlad_nevyhradna-licencia_1920x1280-768x512.jpg 768w, https:\/\/www.visitbratislava.com\/wp-content\/uploads\/2022\/10\/Kovac_2022_ba-hrad_ufo_green_obloha_jesen_kamzik_lod_nabrezie_vyhlad_nevyhradna-licencia_1920x1280-1536x1024.jpg 1536w, https:\/\/www.visitbratislava.com\/wp-content\/uploads\/2022\/10\/Kovac_2022_ba-hrad_ufo_green_obloha_jesen_kamzik_lod_nabrezie_vyhlad_nevyhradna-licencia_1920x1280-200x133.jpg 200w\" sizes=\"(max-width: 1920px) 100vw, 1920px\" \/><\/p>\n<p>In Bratislava k\u00f6nnen Sie immer ein buntes Programm planen. Zuerst w\u00e4hrend des Tages Sehensw\u00fcrdigkeiten, Museen und Galerien kennenlernen und den Abend dann mit einer Theatervorstellung kr\u00f6nen. Falls Sie l\u00e4nger bleiben, Sie werden dies nicht bereuen. Das Angebot ist echt bunt, so wie es in Bratislava alle Jahreszeiten sind.<\/p>\n<p><img loading=\"lazy\" width=\"1920\" height=\"1280\" class=\"alignleft size-full wp-image-176352\" src=\"https:\/\/www.visitbratislava.com\/wp-content\/uploads\/2022\/09\/Crot-Prod_2022_dron_leto_divadlo_narodne-divadlo_night_fontana_nevyhradna-licencia_1920x1280-1.jpg\" alt=\"\" srcset=\"https:\/\/www.visitbratislava.com\/wp-content\/uploads\/2022\/09\/Crot-Prod_2022_dron_leto_divadlo_narodne-divadlo_night_fontana_nevyhradna-licencia_1920x1280-1.jpg 1920w, https:\/\/www.visitbratislava.com\/wp-content\/uploads\/2022\/09\/Crot-Prod_2022_dron_leto_divadlo_narodne-divadlo_night_fontana_nevyhradna-licencia_1920x1280-1-400x267.jpg 400w, https:\/\/www.visitbratislava.com\/wp-content\/uploads\/2022\/09\/Crot-Prod_2022_dron_leto_divadlo_narodne-divadlo_night_fontana_nevyhradna-licencia_1920x1280-1-800x533.jpg 800w, https:\/\/www.visitbratislava.com\/wp-content\/uploads\/2022\/09\/Crot-Prod_2022_dron_leto_divadlo_narodne-divadlo_night_fontana_nevyhradna-licencia_1920x1280-1-768x512.jpg 768w, https:\/\/www.visitbratislava.com\/wp-content\/uploads\/2022\/09\/Crot-Prod_2022_dron_leto_divadlo_narodne-divadlo_night_fontana_nevyhradna-licencia_1920x1280-1-1536x1024.jpg 1536w, https:\/\/www.visitbratislava.com\/wp-content\/uploads\/2022\/09\/Crot-Prod_2022_dron_leto_divadlo_narodne-divadlo_night_fontana_nevyhradna-licencia_1920x1280-1-200x133.jpg 200w\" sizes=\"(max-width: 1920px) 100vw, 1920px\" \/><\/p>\n<p>Die Hauptstadt zu besuchen bedeutet die europ\u00e4ische Historie zu ber\u00fchren, die mediterrane Atmosph\u00e4re der Stadt am Wasser und Fluss zu erleben, die Authentizit\u00e4t der altert\u00fcmlichen Stadt nachvollzuziehen, moderne Gesichte der Stadt kennenzulernen, auf den Bergfahrradrouten oder in den Donaubuchten Sport zu treiben. Das Tagesprogramm kann dann mit einer einmaligen Schauspiel-, Oper- oder Ballettvorstellung im Slowakischen Nationaltheater gekr\u00f6nt werden.<\/p>\n<p><img loading=\"lazy\" width=\"1753\" height=\"986\" class=\"alignleft size-full wp-image-182334\" src=\"https:\/\/www.visitbratislava.com\/wp-content\/uploads\/2022\/10\/Tomas-Mastalir-002.png\" alt=\"\" srcset=\"https:\/\/www.visitbratislava.com\/wp-content\/uploads\/2022\/10\/Tomas-Mastalir-002.png 1753w, https:\/\/www.visitbratislava.com\/wp-content\/uploads\/2022\/10\/Tomas-Mastalir-002-400x225.png 400w, https:\/\/www.visitbratislava.com\/wp-content\/uploads\/2022\/10\/Tomas-Mastalir-002-800x450.png 800w, https:\/\/www.visitbratislava.com\/wp-content\/uploads\/2022\/10\/Tomas-Mastalir-002-768x432.png 768w, https:\/\/www.visitbratislava.com\/wp-content\/uploads\/2022\/10\/Tomas-Mastalir-002-1536x864.png 1536w, https:\/\/www.visitbratislava.com\/wp-content\/uploads\/2022\/10\/Tomas-Mastalir-002-200x112.png 200w\" sizes=\"(max-width: 1753px) 100vw, 1753px\" \/><\/p>\n<p>Durch den pers\u00f6nlichen Anblick von bekannten Pers\u00f6nlichkeiten erkennen Sie, was alles heutiges Bratislava anbietet und was die Stadt f\u00fcr sie bedeutet. In den Videos, in welchen drei Spitzenschauspieler wirken, finden sie Inspirationen f\u00fcr ein <a href=\"https:\/\/www.visitbratislava.com\/de\/slowakisches-nationaltheater-mag-bratislava\/slowakisches-nationaltheater-laedt-nach-bratislava-ein\/\" target=\"_blank\" rel=\"noopener\"><strong>angenehmes Zeitverbringen<\/strong><\/a> in der Hauptstadt.<\/p>\n<p><img loading=\"lazy\" width=\"1774\" height=\"998\" class=\"alignleft size-full wp-image-182340\" src=\"https:\/\/www.visitbratislava.com\/wp-content\/uploads\/2022\/10\/Gabika-Dzurikova-002.png\" alt=\"\" srcset=\"https:\/\/www.visitbratislava.com\/wp-content\/uploads\/2022\/10\/Gabika-Dzurikova-002.png 1774w, https:\/\/www.visitbratislava.com\/wp-content\/uploads\/2022\/10\/Gabika-Dzurikova-002-400x225.png 400w, https:\/\/www.visitbratislava.com\/wp-content\/uploads\/2022\/10\/Gabika-Dzurikova-002-800x450.png 800w, https:\/\/www.visitbratislava.com\/wp-content\/uploads\/2022\/10\/Gabika-Dzurikova-002-768x432.png 768w, https:\/\/www.visitbratislava.com\/wp-content\/uploads\/2022\/10\/Gabika-Dzurikova-002-1536x864.png 1536w, https:\/\/www.visitbratislava.com\/wp-content\/uploads\/2022\/10\/Gabika-Dzurikova-002-200x113.png 200w\" sizes=\"(max-width: 1774px) 100vw, 1774px\" \/><\/p>\n<p>In Bratislava leben heute Menschen aus der ganzen Slowakei, deswegen wirken in diesen Videos K\u00fcnstler, welche in der Stadt nicht direkt geboren wurden, jedoch deren Namen und Kariere mit der Stadt verbunden sind. Die Hauptprotagonisten in den Image-Videos sind Mitglieder des Schauspiels des Slowakischen Nationaltheaters \u2013 die Schauspielerin Gabika Dzur\u00edkov\u00e1 und die Schauspieler Tom\u00e1\u0161 Ma\u0161tal\u00edr und Milan Ondr\u00edk.<\/p>\n<p><img loading=\"lazy\" width=\"1846\" height=\"1039\" class=\"alignleft size-full wp-image-182346\" src=\"https:\/\/www.visitbratislava.com\/wp-content\/uploads\/2022\/10\/Milan-Ondrik-001.png\" alt=\"\" srcset=\"https:\/\/www.visitbratislava.com\/wp-content\/uploads\/2022\/10\/Milan-Ondrik-001.png 1846w, https:\/\/www.visitbratislava.com\/wp-content\/uploads\/2022\/10\/Milan-Ondrik-001-400x225.png 400w, https:\/\/www.visitbratislava.com\/wp-content\/uploads\/2022\/10\/Milan-Ondrik-001-800x450.png 800w, https:\/\/www.visitbratislava.com\/wp-content\/uploads\/2022\/10\/Milan-Ondrik-001-768x432.png 768w, https:\/\/www.visitbratislava.com\/wp-content\/uploads\/2022\/10\/Milan-Ondrik-001-1536x865.png 1536w, https:\/\/www.visitbratislava.com\/wp-content\/uploads\/2022\/10\/Milan-Ondrik-001-200x113.png 200w\" sizes=\"(max-width: 1846px) 100vw, 1846px\" \/><\/p>\n<p>In den Aufnahmen der einzelnen Spots sehen Sie die Alte Markthalle, die gr\u00fcne Bedachung des Nivy-Komplexes, das Alte Rathaus, Gassen, Pl\u00e4tze und T\u00fcrme der Altstadt, Primatialpalais, Komplex Eurovea mit der Promenade am Donau-Kai, Gebirgspark, \u00e4u\u00dfere Sportpl\u00e4tze oder Stadtstrand Tyr\u0161\u00e1k. Nat\u00fcrlich werden Sie in jedem Video auch die Vorstellungen oder die Hinterb\u00fchne des Slowakischen Nationaltheaters sehen.<\/p>\n<p><iframe src=\"https:\/\/www.youtube.com\/embed\/rq23yIW_LVA\" width=\"1000\" height=\"500\" frameborder=\"0\" allowfullscreen=\"allowfullscreen\"><span data-mce-type=\"bookmark\" style=\"display: inline-block; width: 0px; overflow: hidden; line-height: 0;\" class=\"mce_SELRES_start\">\ufeff<\/span><span data-mce-type=\"bookmark\" style=\"display: inline-block; width: 0px; overflow: hidden; line-height: 0;\" class=\"mce_SELRES_start\">\ufeff<\/span><span data-mce-type=\"bookmark\" style=\"display: inline-block; width: 0px; overflow: hidden; line-height: 0;\" class=\"mce_SELRES_start\">\ufeff<\/span><\/iframe><\/p>\n<p>Mit Tom\u00e1\u0161 werden Sie Roller fahren, mit Gabika Rad fahren und mit Milan Sport treiben. Gabika f\u00fchrt Sie zur Kultur, zu einer Ausstellung oder in einen Buchladen, aber auch in ein Shopping-Center zum Einkaufen und danach auf einen originellen Drink. Tom\u00e1\u0161 und Milan bevorzugen gutes Essen, Kleinkarpaten &#8211; Weine oder Handwerksbier, und nebenbei Spazierg\u00e4nge oder Treffen mit Freunden.<\/p>\n<p><iframe src=\"https:\/\/www.youtube.com\/embed\/TwwdtTNwdzU\" width=\"1000\" height=\"500\" frameborder=\"0\" allowfullscreen=\"allowfullscreen\"><span data-mce-type=\"bookmark\" style=\"display: inline-block; width: 0px; overflow: hidden; line-height: 0;\" class=\"mce_SELRES_start\">\ufeff<\/span><span data-mce-type=\"bookmark\" style=\"display: inline-block; width: 0px; overflow: hidden; line-height: 0;\" class=\"mce_SELRES_start\">\ufeff<\/span><\/iframe><\/p>\n<p>Die K\u00fcnstler besuchen auch weniger frequentierte Orte von Bratislava, wie z.B. Karlsdorfer Donauarm, Weinsalon der Slowakischen Republik oder Galerie Nedbalka. Alle laden gleichzeitig in das Slowakische Nationaltheater ein. Immerhin, seine Atmosph\u00e4re zu erleben ist unvergesslich.<\/p>\n<p><iframe src=\"https:\/\/www.youtube.com\/embed\/fhu33dLCmmU\" width=\"1000\" height=\"500\" frameborder=\"0\" allowfullscreen=\"allowfullscreen\"><span data-mce-type=\"bookmark\" style=\"display: inline-block; width: 0px; overflow: hidden; line-height: 0;\" class=\"mce_SELRES_start\">\ufeff<\/span><\/iframe><\/p>\n<p>Die erste Szene des slowakischen Theaterwesens bildet schon \u00fcber ein Jahrhundert den Bestandteil des kulturellen Lebens in Bratislava. Sein altes Geb\u00e4ude ist die Dominante des Hviezdoslav-Platzes im Altstadtzentrum, das neue Geb\u00e4ude finden Sie im modernen Viertel am Donau-Kai. Das heutige Slowakische Nationaltheater bilden drei st\u00e4ndige professionelle Ensembles \u2013 Schauspiel, Oper und Ballett.<\/p>\n<p><img loading=\"lazy\" width=\"1920\" height=\"1280\" class=\"alignleft size-full wp-image-182352\" src=\"https:\/\/www.visitbratislava.com\/wp-content\/uploads\/2022\/10\/SND-011_1920x1280.jpg\" alt=\"\" srcset=\"https:\/\/www.visitbratislava.com\/wp-content\/uploads\/2022\/10\/SND-011_1920x1280.jpg 1920w, https:\/\/www.visitbratislava.com\/wp-content\/uploads\/2022\/10\/SND-011_1920x1280-400x267.jpg 400w, https:\/\/www.visitbratislava.com\/wp-content\/uploads\/2022\/10\/SND-011_1920x1280-800x533.jpg 800w, https:\/\/www.visitbratislava.com\/wp-content\/uploads\/2022\/10\/SND-011_1920x1280-768x512.jpg 768w, https:\/\/www.visitbratislava.com\/wp-content\/uploads\/2022\/10\/SND-011_1920x1280-1536x1024.jpg 1536w, https:\/\/www.visitbratislava.com\/wp-content\/uploads\/2022\/10\/SND-011_1920x1280-200x133.jpg 200w\" sizes=\"(max-width: 1920px) 100vw, 1920px\" \/><\/p>\n<p>Kommen Sie die Variet\u00e4t der Hauptstadt zu erleben. <a href=\"https:\/\/www.visitbratislava.com\/de\/slowakisches-nationaltheater-mag-bratislava\/\" target=\"_blank\" rel=\"noopener\"><strong>Besuchen Sie Bratislava<\/strong><\/a> und genie\u00dfen Sie die Stadt mit allem, was sie bietet, einschlie\u00dflich der einmaligen kulturellen Erlebnisse im Slowakischen Nationaltheater.<\/p>\n","protected":false},"excerpt":{"rendered":"<p>Tom\u00e1\u0161 Ma\u0161tal\u00edr, Gabika Dzur\u00edkov\u00e1 und Milan Ondr\u00edk zeigen Ihnen, dass Bratislava auch Ihre Stadt ist<\/p>\n","protected":false},"author":32,"featured_media":182359,"parent":177776,"menu_order":0,"comment_status":"closed","ping_status":"closed","template":"","meta":[],"acf":[],"_links":{"self":[{"href":"https:\/\/www.visitbratislava.com\/de\/wp-json\/wp\/v2\/pages\/214937"}],"collection":[{"href":"https:\/\/www.visitbratislava.com\/de\/wp-json\/wp\/v2\/pages"}],"about":[{"href":"https:\/\/www.visitbratislava.com\/de\/wp-json\/wp\/v2\/types\/page"}],"author":[{"embeddable":true,"href":"https:\/\/www.visitbratislava.com\/de\/wp-json\/wp\/v2\/users\/32"}],"replies":[{"embeddable":true,"href":"https:\/\/www.visitbratislava.com\/de\/wp-json\/wp\/v2\/comments?post=214937"}],"version-history":[{"count":2,"href":"https:\/\/www.visitbratislava.com\/de\/wp-json\/wp\/v2\/pages\/214937\/revisions"}],"predecessor-version":[{"id":215052,"href":"https:\/\/www.visitbratislava.com\/de\/wp-json\/wp\/v2\/pages\/214937\/revisions\/215052"}],"up":[{"embeddable":true,"href":"https:\/\/www.visitbratislava.com\/de\/wp-json\/wp\/v2\/pages\/177776"}],"wp:featuredmedia":[{"embeddable":true,"href":"https:\/\/www.visitbratislava.com\/de\/wp-json\/wp\/v2\/media\/182359"}],"wp:attachment":[{"href":"https:\/\/www.visitbratislava.com\/de\/wp-json\/wp\/v2\/media?parent=214937"}],"curies":[{"name":"wp","href":"https:\/\/api.w.org\/{rel}","templated":true}]}}