{"id":216781,"date":"2023-01-17T15:18:06","date_gmt":"2023-01-17T14:18:06","guid":{"rendered":"https:\/\/www.visitbratislava.com\/?page_id=216781"},"modified":"2024-01-18T10:51:01","modified_gmt":"2024-01-18T09:51:01","slug":"bratislava-spielerisch","status":"publish","type":"page","link":"https:\/\/www.visitbratislava.com\/de\/stadtspiele\/bratislava-spielerisch\/","title":{"rendered":"Bratislava spielerisch"},"content":{"rendered":"<p>Wenn Sie die Hauptstadt auf au\u00dfergew\u00f6hnliche Weise erleben m\u00f6chten, ist diese ungew\u00f6hnliche Tour genau das Richtige. Es spielt keine Rolle, ob Sie schon einmal in Bratislava waren, dank dieses Gruppenspiels werden Sie die slowakische Metropole auf eine sehr einzigartige und unterhaltsame Weise erleben.<\/p>\n<p>Im Gegensatz zu gef\u00fchrten Touren geschieht dies selbstst\u00e4ndig und f\u00e4llt daher von der ersten Minute bis zum Ende ins Auge. Mit einer Karte der Stadt und einem Spielplan erkunden Sie das Zentrum von Bratislava. Um zur n\u00e4chsten Station zu gelangen, m\u00fcssen Sie Fragen beantworten. Das Spiel f\u00fchrt Sie zu historischen Orten, um sch\u00f6ne Geb\u00e4ude und die wichtigsten Sehensw\u00fcrdigkeiten. Das meiste geschieht au\u00dferhalb der Hauptverkehrswege an Orten, die normalerweise nicht mit dem Auto oder Bus erreichbar sind.<\/p>\n<p><img loading=\"lazy\" width=\"1920\" height=\"1280\" class=\"alignleft size-full wp-image-216636\" src=\"https:\/\/www.visitbratislava.com\/wp-content\/uploads\/2023\/01\/Klarisky-002_1920x1280.jpg\" alt=\"\" srcset=\"https:\/\/www.visitbratislava.com\/wp-content\/uploads\/2023\/01\/Klarisky-002_1920x1280.jpg 1920w, https:\/\/www.visitbratislava.com\/wp-content\/uploads\/2023\/01\/Klarisky-002_1920x1280-400x267.jpg 400w, https:\/\/www.visitbratislava.com\/wp-content\/uploads\/2023\/01\/Klarisky-002_1920x1280-800x533.jpg 800w, https:\/\/www.visitbratislava.com\/wp-content\/uploads\/2023\/01\/Klarisky-002_1920x1280-768x512.jpg 768w, https:\/\/www.visitbratislava.com\/wp-content\/uploads\/2023\/01\/Klarisky-002_1920x1280-1536x1024.jpg 1536w, https:\/\/www.visitbratislava.com\/wp-content\/uploads\/2023\/01\/Klarisky-002_1920x1280-200x133.jpg 200w\" sizes=\"(max-width: 1920px) 100vw, 1920px\" \/><\/p>\n<p>Tags\u00fcber sehen Sie einige unserer Lieblingsorte und verborgene Sch\u00e4tze, die ein gew\u00f6hnlicher Tourist nicht sehen kann. Unser Spiel dauert ungef\u00e4hr 1,5 Stunden bequemes Gehen. Es h\u00e4ngt davon ab, wie viel Sie erkunden, Fotos machen und die Sch\u00e4tze dieser sch\u00f6nen Stadt bewundern wollen. F\u00fcr ein ungest\u00f6rtes Erlebnis statten Sie sich mit bequemen Schuhen und im Sommer mit einer Flasche Wasser und Kopfschutz vor der Sonne aus. Sie erhalten Karten mit Fragen und Geschichte und eine Karte von Bratislava am Anfang und ein Diplom am Ende des Spiels.<\/p>\n<div class=\"grid-container\"><div class=\"grid-container__item\"><div class=\"block\"><a href=\"https:\/\/www.visitbratislava.com\/wp-content\/uploads\/2023\/01\/primacialne_fish_08-1-800x450.jpg\" data-fancybox=\"gallery\" data-caption=\"\"><div class=\"background\"><img src=\"https:\/\/www.visitbratislava.com\/wp-content\/uploads\/2023\/01\/primacialne_fish_08-1-800x450.jpg\" alt=\"foto\"\/><\/div><div class=\"overlay filter-blue\"><div class=\"content\"><span class=\"zoom-button\"><\/span><\/div><\/div><\/a><\/div><\/div><div class=\"grid-container__item\"><div class=\"block\"><a href=\"https:\/\/www.visitbratislava.com\/wp-content\/uploads\/2023\/01\/salvator_01-800x450.jpg\" data-fancybox=\"gallery\" data-caption=\"\"><div class=\"background\" style=\"background-image: url(https:\/\/www.visitbratislava.com\/wp-content\/uploads\/2023\/01\/salvator_01-800x450.jpg)\"><\/div><div class=\"overlay filter-green\"><div class=\"content\"><span class=\"zoom-button\"><\/span><\/div><\/div><\/a><\/div><\/div><div class=\"grid-container__item more\"><\/div><\/div>\n<p>Ein professionell vorbereitetes Spiel mit wertvollen historischen Inhalten und interessanten Informationen \u00fcber Bratislava ist auch ideal f\u00fcr Besucher, die bereits dort waren, weil sie die Stadt aus einer neuen Perspektive kennenlernen werden.<\/p>\n<table style=\"border-collapse: collapse; width: 100%;\">\n<tbody>\n<tr style=\"height: 24px;\">\n<td style=\"width: 27.3333%; height: 24px; text-align: left;\">Saison:<\/td>\n<td style=\"width: 72.6667%; height: 24px; text-align: left;\">ganzj\u00e4hrig<\/td>\n<\/tr>\n<tr style=\"height: 24px;\">\n<td style=\"width: 27.3333%; height: 24px; text-align: left;\">Dauer:<\/td>\n<td style=\"width: 72.6667%; height: 24px; text-align: left;\">1 &#8211; 1,5 St<\/td>\n<\/tr>\n<tr>\n<td style=\"width: 27.3333%; text-align: left;\">Streckenl\u00e4nge:<\/td>\n<td style=\"width: 72.6667%; text-align: left;\">etwa 1,5 Kilometer<\/td>\n<\/tr>\n<tr style=\"height: 24px;\">\n<td style=\"width: 27.3333%; height: 24px; text-align: left;\">Sprache:<\/td>\n<td style=\"width: 72.6667%; height: 24px; text-align: left;\">Slowakisch, Englisch, Deutsch<\/td>\n<\/tr>\n<tr style=\"height: 24px;\">\n<td style=\"width: 27.3333%; height: 24px; text-align: left;\">Anfang:<\/td>\n<td style=\"width: 72.6667%; height: 24px; text-align: left;\">historisches Geb\u00e4ude des Slowakischen Nationaltheaters<\/td>\n<\/tr>\n<\/tbody>\n<\/table>\n<p><a class=\"cta-button\" href=\"https:\/\/www.floratour.sk\/de\/ponuka\/bratislava-spielerisch\/\" target=\"_blank\" rel=\"noopener noreferrer\">Reservierung<\/a><\/p>\n","protected":false},"excerpt":{"rendered":"<p>Wenn Sie die Hauptstadt auf au\u00dfergew\u00f6hnliche Weise erleben m\u00f6chten, ist diese ungew\u00f6hnliche Tour genau das Richtige. Es spielt keine Rolle, ob Sie schon einmal in Bratislava waren, dank dieses Gruppenspiels werden Sie die slowakische Metropole auf eine sehr einzigartige und unterhaltsame Weise erleben. Im Gegensatz zu gef\u00fchrten Touren geschieht dies selbstst\u00e4ndig und f\u00e4llt daher von [&hellip;]<\/p>\n","protected":false},"author":32,"featured_media":216622,"parent":216764,"menu_order":0,"comment_status":"closed","ping_status":"closed","template":"","meta":[],"acf":[],"_links":{"self":[{"href":"https:\/\/www.visitbratislava.com\/de\/wp-json\/wp\/v2\/pages\/216781"}],"collection":[{"href":"https:\/\/www.visitbratislava.com\/de\/wp-json\/wp\/v2\/pages"}],"about":[{"href":"https:\/\/www.visitbratislava.com\/de\/wp-json\/wp\/v2\/types\/page"}],"author":[{"embeddable":true,"href":"https:\/\/www.visitbratislava.com\/de\/wp-json\/wp\/v2\/users\/32"}],"replies":[{"embeddable":true,"href":"https:\/\/www.visitbratislava.com\/de\/wp-json\/wp\/v2\/comments?post=216781"}],"version-history":[{"count":2,"href":"https:\/\/www.visitbratislava.com\/de\/wp-json\/wp\/v2\/pages\/216781\/revisions"}],"predecessor-version":[{"id":276352,"href":"https:\/\/www.visitbratislava.com\/de\/wp-json\/wp\/v2\/pages\/216781\/revisions\/276352"}],"up":[{"embeddable":true,"href":"https:\/\/www.visitbratislava.com\/de\/wp-json\/wp\/v2\/pages\/216764"}],"wp:featuredmedia":[{"embeddable":true,"href":"https:\/\/www.visitbratislava.com\/de\/wp-json\/wp\/v2\/media\/216622"}],"wp:attachment":[{"href":"https:\/\/www.visitbratislava.com\/de\/wp-json\/wp\/v2\/media?parent=216781"}],"curies":[{"name":"wp","href":"https:\/\/api.w.org\/{rel}","templated":true}]}}