{"id":222721,"date":"2023-02-15T16:48:49","date_gmt":"2023-02-15T15:48:49","guid":{"rendered":"https:\/\/www.visitbratislava.com\/?page_id=222721"},"modified":"2023-02-15T16:48:49","modified_gmt":"2023-02-15T15:48:49","slug":"fasching-in-bratislava-%e2%9d%a4%ef%b8%8f%e2%80%8d%f0%9f%94%a5","status":"publish","type":"page","link":"https:\/\/www.visitbratislava.com\/de\/fasching-in-bratislava-%e2%9d%a4%ef%b8%8f%e2%80%8d%f0%9f%94%a5\/","title":{"rendered":"Fasching in Bratislava \u2764\ufe0f\u200d\ud83d\udd25"},"content":{"rendered":"<p>Herkunft von Fasching sind urspr\u00fcnglich Antikfeste. Datiert werden diese bis zu r\u00f6mischen Zeiten mit der Bezeichnung Saturnalien, Luperkalien, Dionysien, Bacchanalien, Mamuralien bzw. Liberalien. Verschiedene Feste und Zeremonien hingen mit G\u00f6ttern Bacchus, Patron der Weinrebe und Mahlzeit und Saturn, Gott der Landwirtschaft und Ernte zusammen.<\/p>\n<p>Faschingswurzeln reichen auch zu slawischen heidnischen Ahnen. Dieses wurde mit Hinaustreiben des Winters, Todes und Bringen des Fr\u00fchlings verbunden. In den Zeiten des Gro\u00dfm\u00e4hrischen Reiches wurde auf dem Gebiet der Slowakei der Begriff Mjasopust, in Tschechien bis zu dieser Zeit ist die Bezeichnung Masopust, verwendet.<\/p>\n<p>Typisch f\u00fcr diese Zeit sind Volksfeste, Spiele oder Karnevale, deren untrennbarer Bestandteil sind vor allem tierische Masken. Geisterhafte Masken sollen laut Aberglauben vor negativen Kr\u00e4ften sch\u00fctzen und ein fruchtbares Jahr und Fruchtbarkeit der Wirtschaftstiere sicherstellen. Unsere Ahnen glaubten daran, D\u00e4monen und Gespenste damit zu aufzujagen. \u00a0Die h\u00e4ufigste Maske ist Auerochse, beliebt ist jedoch auch Ziege, Pferd oder B\u00e4r. Sp\u00e4ter parodierten die Masken angeblich Mitglieder einzelner gesellschaftlichen Schichten und St\u00e4nde.<\/p>\n<p>Im Mittelalter war die \u00fcbliche Bezeichnung, abgleitet von dem deutschen Fastenschank, Faschang. Mit diesem Begriff wurde das letzte Zapfen der Spirituosen vor dem Fasten bezeichnet, der nach dem Fasching folgte und in der christlichen Tradition 40 Tage dauert. W\u00e4hrend Fasten fanden keine Feste auf Zeichen des Ernstes dieser Zeit statt.<\/p>\n<p>Die Zeit der Unterhaltung endet mit einer symbolischen Beerdigung von Kontrabass. Am Dienstag, am Vorabend des Aschenmittwoches, wurde als Parodie auf die tats\u00e4chliche Beerdigung dieses Musikinstrument beerdigt. Das bedeutete Verbot jeglicher Unterhaltung w\u00e4hrend des nachfolgenden Gro\u00df-Fasttags.<\/p>\n","protected":false},"excerpt":{"rendered":"<p>Obwohl Fasching eher \u00fcber Traditionen auf dem Lande von uns wahrgenommen werden, sind diese in der Stadt durch eine spezifische Gestalt der Maskenb\u00e4lle, Tanzabende und B\u00e4lle gepr\u00e4gt.  Faschingsfeste sowohl auf dem Lande als auch in der Stadt wurden durch Maskenz\u00fcge, Essen von Krapfen, Pfannkuchen oder Schlachtungsspezialit\u00e4ten verbunden. In den St\u00e4dten fanden in fr\u00fcheren Zeiten Umz\u00fcge der Fachzechen, Wettbewerbsspiele und Empfang der Lehrlinge zu Gesellen statt.<\/p>\n","protected":false},"author":41,"featured_media":222009,"parent":0,"menu_order":0,"comment_status":"closed","ping_status":"closed","template":"tpl-page-grid.php","meta":[],"acf":[],"_links":{"self":[{"href":"https:\/\/www.visitbratislava.com\/de\/wp-json\/wp\/v2\/pages\/222721"}],"collection":[{"href":"https:\/\/www.visitbratislava.com\/de\/wp-json\/wp\/v2\/pages"}],"about":[{"href":"https:\/\/www.visitbratislava.com\/de\/wp-json\/wp\/v2\/types\/page"}],"author":[{"embeddable":true,"href":"https:\/\/www.visitbratislava.com\/de\/wp-json\/wp\/v2\/users\/41"}],"replies":[{"embeddable":true,"href":"https:\/\/www.visitbratislava.com\/de\/wp-json\/wp\/v2\/comments?post=222721"}],"version-history":[{"count":1,"href":"https:\/\/www.visitbratislava.com\/de\/wp-json\/wp\/v2\/pages\/222721\/revisions"}],"predecessor-version":[{"id":222722,"href":"https:\/\/www.visitbratislava.com\/de\/wp-json\/wp\/v2\/pages\/222721\/revisions\/222722"}],"wp:featuredmedia":[{"embeddable":true,"href":"https:\/\/www.visitbratislava.com\/de\/wp-json\/wp\/v2\/media\/222009"}],"wp:attachment":[{"href":"https:\/\/www.visitbratislava.com\/de\/wp-json\/wp\/v2\/media?parent=222721"}],"curies":[{"name":"wp","href":"https:\/\/api.w.org\/{rel}","templated":true}]}}