{"id":222723,"date":"2023-02-15T16:56:51","date_gmt":"2023-02-15T15:56:51","guid":{"rendered":"https:\/\/www.visitbratislava.com\/?page_id=222723"},"modified":"2024-12-11T14:53:42","modified_gmt":"2024-12-11T13:53:42","slug":"fasching-in-bratislava-und-umgebung","status":"publish","type":"page","link":"https:\/\/www.visitbratislava.com\/de\/fasching-in-bratislava-und-umgebung\/","title":{"rendered":"Fasching in Bratislava und Umgebung"},"content":{"rendered":"<h3><strong>Gesellen Sie sich dem Maskenzug<\/strong><\/h3>\n<p>Der Hauptteil des Programms erfolgt am Samstag, 10. Februar, und zwar der <a href=\"https:\/\/www.bkis.sk\/bratislavske-fasiangy\/\" target=\"_blank\" rel=\"noopener\">Faschingszug durch die Stra\u00dfen<\/a> von Bratislava. An dem Umzug k\u00f6nnen, am besten in der Maske, beliebige Bewohner oder Besucher der Stadt, entweder als Einzelner oder als Gruppe, teilnehmen. Teilnehmer des Umzugs in Masken k\u00f6nnen an dem Wettbewerb \u201edas sch\u00f6nste Kost\u00fcm\u201c teilnehmen, das von Fachjury gew\u00e4hlt wird.<\/p>\n<p><img loading=\"lazy\" class=\"alignnone wp-image-222645 size-large\" src=\"https:\/\/www.visitbratislava.com\/wp-content\/uploads\/2023\/02\/AGO0364-800x593.jpg\" alt=\"\" width=\"800\" height=\"593\" srcset=\"https:\/\/www.visitbratislava.com\/wp-content\/uploads\/2023\/02\/AGO0364-800x593.jpg 800w, https:\/\/www.visitbratislava.com\/wp-content\/uploads\/2023\/02\/AGO0364-400x296.jpg 400w, https:\/\/www.visitbratislava.com\/wp-content\/uploads\/2023\/02\/AGO0364-768x569.jpg 768w, https:\/\/www.visitbratislava.com\/wp-content\/uploads\/2023\/02\/AGO0364-1536x1138.jpg 1536w, https:\/\/www.visitbratislava.com\/wp-content\/uploads\/2023\/02\/AGO0364-200x148.jpg 200w, https:\/\/www.visitbratislava.com\/wp-content\/uploads\/2023\/02\/AGO0364.jpg 1920w\" sizes=\"(max-width: 800px) 100vw, 800px\" \/><\/p>\n<h3><strong>Faschingsgeb\u00e4ck, Krapfen, Pfannkuchen<\/strong><\/h3>\n<p>Nicht nur w\u00e4hrend Faschingszeit kann man sich Fettpiroggen g\u00f6nnen, die man in einem kleinen unauff\u00e4lligen Fenster in der Stra\u00dfe Obchodn\u00e1 69 findet. Das Fenster und Piroggen geh\u00f6ren zu Bratislava seit vielen Jahren! Die F\u00fclle der Piroggen \u00e4ndert sich jeden Tag, Nussf\u00fclle, Mohnf\u00fclle, Zwetschken-Marmelade-F\u00fclle oder Quarkf\u00fclle.<\/p>\n<p><img loading=\"lazy\" class=\"alignnone wp-image-222025 size-large\" src=\"https:\/\/www.visitbratislava.com\/wp-content\/uploads\/2023\/02\/329113701_1105820244147613_8182676927744897796_n-640x800.jpg\" alt=\"\" width=\"640\" height=\"800\" srcset=\"https:\/\/www.visitbratislava.com\/wp-content\/uploads\/2023\/02\/329113701_1105820244147613_8182676927744897796_n-640x800.jpg 640w, https:\/\/www.visitbratislava.com\/wp-content\/uploads\/2023\/02\/329113701_1105820244147613_8182676927744897796_n-320x400.jpg 320w, https:\/\/www.visitbratislava.com\/wp-content\/uploads\/2023\/02\/329113701_1105820244147613_8182676927744897796_n-768x960.jpg 768w, https:\/\/www.visitbratislava.com\/wp-content\/uploads\/2023\/02\/329113701_1105820244147613_8182676927744897796_n-160x200.jpg 160w, https:\/\/www.visitbratislava.com\/wp-content\/uploads\/2023\/02\/329113701_1105820244147613_8182676927744897796_n.jpg 1080w\" sizes=\"(max-width: 640px) 100vw, 640px\" \/><\/p>\n<h3><strong>Beerdigen Sie Kontrabass<\/strong><\/h3>\n<p><iframe title=\"YouTube video player\" src=\"https:\/\/www.youtube.com\/embed\/ENISDO8jd7M\" width=\"800\" height=\"533\" frameborder=\"0\" allowfullscreen=\"allowfullscreen\"><\/iframe><\/p>\n<h3><strong>Tanzen Sie mit Bratislava<\/strong><\/h3>\n<p>Die Band Drag\u00fani l\u00e4dt Sie ebenso zum Strahlenden Tanzhaus bzw. Faschingstanzparty im Zentrum der Stadt Bratislava. In dem legend\u00e4ren V-Club erscheinen neue und Faschingst\u00e4nze und Tanzmeister ergl\u00e4nzen bei T\u00f6nen der Volksmusik. Traditionelle Masken oder auf UV-Licht reagierende Kleidung werden willkommen! Eintrittskarten vor Ort erh\u00e4ltlich.<\/p>\n<p><img loading=\"lazy\" class=\"alignnone wp-image-222044 size-large\" src=\"https:\/\/www.visitbratislava.com\/wp-content\/uploads\/2023\/02\/fas\u030ciangy-2-800x533.jpeg\" alt=\"\" width=\"800\" height=\"533\" srcset=\"https:\/\/www.visitbratislava.com\/wp-content\/uploads\/2023\/02\/fas\u030ciangy-2-800x533.jpeg 800w, https:\/\/www.visitbratislava.com\/wp-content\/uploads\/2023\/02\/fas\u030ciangy-2-400x267.jpeg 400w, https:\/\/www.visitbratislava.com\/wp-content\/uploads\/2023\/02\/fas\u030ciangy-2-768x512.jpeg 768w, https:\/\/www.visitbratislava.com\/wp-content\/uploads\/2023\/02\/fas\u030ciangy-2-1536x1024.jpeg 1536w, https:\/\/www.visitbratislava.com\/wp-content\/uploads\/2023\/02\/fas\u030ciangy-2-200x133.jpeg 200w, https:\/\/www.visitbratislava.com\/wp-content\/uploads\/2023\/02\/fas\u030ciangy-2.jpeg 1920w\" sizes=\"(max-width: 800px) 100vw, 800px\" \/><\/p>\n<p><em>Fun Fact: Traditionell wurde Fasching drei Tage gefeiert.<\/em><\/p>\n","protected":false},"excerpt":{"rendered":"<p>Vor dem langen Fasttag-Zeitraum kann man in Bratislava fr\u00f6hliche Faschingstraditionen in allen Formen genie\u00dfen. Man kann Masken machen, an dem Faschingszug teilnehmen, bis morgen tanzen, Faschingskrapfen verkosten und mehr \u00fcber diese fr\u00f6hlichen Festtage erfahren.     <\/p>\n","protected":false},"author":41,"featured_media":222057,"parent":0,"menu_order":0,"comment_status":"closed","ping_status":"closed","template":"","meta":[],"acf":[],"_links":{"self":[{"href":"https:\/\/www.visitbratislava.com\/de\/wp-json\/wp\/v2\/pages\/222723"}],"collection":[{"href":"https:\/\/www.visitbratislava.com\/de\/wp-json\/wp\/v2\/pages"}],"about":[{"href":"https:\/\/www.visitbratislava.com\/de\/wp-json\/wp\/v2\/types\/page"}],"author":[{"embeddable":true,"href":"https:\/\/www.visitbratislava.com\/de\/wp-json\/wp\/v2\/users\/41"}],"replies":[{"embeddable":true,"href":"https:\/\/www.visitbratislava.com\/de\/wp-json\/wp\/v2\/comments?post=222723"}],"version-history":[{"count":9,"href":"https:\/\/www.visitbratislava.com\/de\/wp-json\/wp\/v2\/pages\/222723\/revisions"}],"predecessor-version":[{"id":321781,"href":"https:\/\/www.visitbratislava.com\/de\/wp-json\/wp\/v2\/pages\/222723\/revisions\/321781"}],"wp:featuredmedia":[{"embeddable":true,"href":"https:\/\/www.visitbratislava.com\/de\/wp-json\/wp\/v2\/media\/222057"}],"wp:attachment":[{"href":"https:\/\/www.visitbratislava.com\/de\/wp-json\/wp\/v2\/media?parent=222723"}],"curies":[{"name":"wp","href":"https:\/\/api.w.org\/{rel}","templated":true}]}}