{"id":232173,"date":"2023-03-28T10:34:38","date_gmt":"2023-03-28T08:34:38","guid":{"rendered":"https:\/\/www.visitbratislava.com\/?page_id=232173"},"modified":"2026-03-27T17:46:16","modified_gmt":"2026-03-27T16:46:16","slug":"ostern-in-bratislava","status":"publish","type":"page","link":"https:\/\/www.visitbratislava.com\/de\/ostern-in-bratislava\/","title":{"rendered":"Ostern in Bratislava"},"content":{"rendered":"<p>\ud83d\udc07\ud83c\udf37 Im Jahr 2026 fallen die Osterfeiertage auf den <strong data-start=\"439\" data-end=\"458\">2. bis 6. April<\/strong>.<\/p>\n<p><strong><a href=\"https:\/\/www.visitbratislava.com\/wp-content\/uploads\/2026\/03\/Easter_Sights_Attractions-2026.pdf\">\ud83d\udc49 \u00d6ffnungszeiten zu Ostern 2026<\/a><\/strong><\/p>\n<h2><strong>1. <\/strong><strong>Mittelalterlicher Ostermarkt im Innenhof der Burg Bratislava<\/strong><\/h2>\n<p><span style=\"font-weight: 400;\">Wenn Sie nach einer besonderen Art suchen, das Osterwochenende zu verbringen, sollten Sie den <\/span><b>Mittelalterlichen Ostermarkt<\/b><span style=\"font-weight: 400;\"> nicht verpassen. Eine einladende Atmosph\u00e4re, mittelalterliche Kost\u00fcme, Produkte mit Ostermotiven und Vorf\u00fchrungen leidenschaftlicher Handwerker erwecken den Innenhof der Burg Bratislava zum Leben.<\/span><\/p>\n<p><span style=\"font-weight: 400;\">Zahlreiche Handwerker, darunter ein Schmied, ein Imker, ein M\u00fcnzmeister, ein Schneider, ein Kerzenmacher, ein Zinngie\u00dfer, ein T\u00e4schner, ein T\u00f6pfer, ein Drechsler und ein Schreiber, pr\u00e4sentieren ihre Fertigkeiten und handgemachten Waren. Sie k\u00f6nnen zudem den Stand eines Waffenschmieds besuchen, um zu sehen, wie ein Kettenhemd in Handarbeit gefertigt wird.<\/span><\/p>\n<p><span style=\"font-weight: 400;\">Der Markt bietet die Gelegenheit, regionale Br\u00e4uche zu entdecken, wie das Flechten von Weidenruten (\u201eKorb\u00e1\u010de\u201c) oder das Binden von Blumenkr\u00e4nzen. W\u00e4hrend Sie die St\u00e4nde erkunden, k\u00f6nnen Sie Falkner treffen, sich im historischen Bogenschie\u00dfen versuchen oder eine Fahrt auf einem h\u00f6lzernen Karussell genie\u00dfen.<\/span><\/p>\n<p><span style=\"font-weight: 400;\">F\u00fcr den passenden kulinarischen Rahmen sorgt eine mittelalterliche K\u00fcche mit Gerichten nach historischen Rezepten, erg\u00e4nzt durch Getr\u00e4nke vom Winzerstand oder Met vom Imker. (F\u00fcr Ihren modernen Komfort wird auch ein Kaffeestand zur Verf\u00fcgung stehen \u2013 dieser ist zwar nicht historisch belegt, dient aber unserem heutigen Wohlbefinden.)<\/span><\/p>\n<p><span style=\"font-weight: 400;\">Der Mittelalterliche Ostermarkt wird von der historischen Gruppe Schatmansdorf und dem Slowakischen Nationalmuseum \u2013 Historisches Museum organisiert.<\/span><\/p>\n<p><b>Informationen f\u00fcr Ihren Besuch:<\/b><\/p>\n<ul>\n<li style=\"font-weight: 400;\" aria-level=\"1\"><b>Termin<\/b><span style=\"font-weight: 400;\">: Karfreitag, 3. April bis Ostermontag, 6. April 2026.<\/span><\/li>\n<li style=\"font-weight: 400;\" aria-level=\"1\"><b>\u00d6ffnungszeiten<\/b><span style=\"font-weight: 400;\">: T\u00e4glich von 10:00 bis 18:00 Uhr.<\/span><\/li>\n<li style=\"font-weight: 400;\" aria-level=\"1\"><b>Museum<\/b><span style=\"font-weight: 400;\">: Der letzte Einlass in das Museum ist um 17:00 Uhr.<\/span><\/li>\n<li style=\"font-weight: 400;\" aria-level=\"1\"><b>Eintritt<\/b><span style=\"font-weight: 400;\">: Der Eintritt zum Markt ist frei. Eintrittskarten f\u00fcr das Museum k\u00f6nnen vor Ort erworben werden.<\/span><\/li>\n<\/ul>\n<div class=\"grid-container\"><div class=\"grid-container__item\"><div class=\"block\"><a href=\"https:\/\/www.visitbratislava.com\/wp-content\/uploads\/2026\/03\/velkonocne_trhy_2024-day1-20240329-002-800x533.jpg\" data-fancybox=\"gallery\" data-caption=\"\"><div class=\"background\"><img src=\"https:\/\/www.visitbratislava.com\/wp-content\/uploads\/2026\/03\/velkonocne_trhy_2024-day1-20240329-002-800x533.jpg\" alt=\"foto\"\/><\/div><div class=\"overlay filter-blue\"><div class=\"content\"><span class=\"zoom-button\"><\/span><\/div><\/div><\/a><\/div><\/div><div class=\"grid-container__item\"><div class=\"block\"><a href=\"https:\/\/www.visitbratislava.com\/wp-content\/uploads\/2026\/03\/trhy-vn25-031-800x533.jpg\" data-fancybox=\"gallery\" data-caption=\"\"><div class=\"background\" style=\"background-image: url(https:\/\/www.visitbratislava.com\/wp-content\/uploads\/2026\/03\/trhy-vn25-031-800x533.jpg)\"><\/div><div class=\"overlay filter-green\"><div class=\"content\"><span class=\"zoom-button\"><\/span><\/div><\/div><\/a><\/div><\/div><div class=\"grid-container__item\"><div class=\"block\" ><a href=\"https:\/\/www.visitbratislava.com\/wp-content\/uploads\/2026\/03\/trhy-vn25-010-800x533.jpg\" data-fancybox=\"gallery\" data-caption=\"\"><div class=\"background\" style=\"background-image: url(https:\/\/www.visitbratislava.com\/wp-content\/uploads\/2026\/03\/trhy-vn25-010-800x533.jpg)\"><\/div><div class=\"overlay filter-orange\"><div class=\"content\"><span class=\"zoom-button\"><\/span><\/div><\/div><\/a><\/div><\/div><div class=\"grid-container__item\"><div class=\"block\"><a href=\"https:\/\/www.visitbratislava.com\/wp-content\/uploads\/2026\/03\/trhy-vn25-004-800x533.jpg\" data-fancybox=\"gallery\" data-caption=\"\"><div class=\"background\" style=\"background-image: url(https:\/\/www.visitbratislava.com\/wp-content\/uploads\/2026\/03\/trhy-vn25-004-800x533.jpg)\"><\/div><div class=\"overlay filter-purple\"><div class=\"content\"><span class=\"zoom-button\"><\/span><\/div><\/div><\/a><\/div><\/div><div class=\"grid-container__item more\"><div class=\"block\" ><a class=\"more-link\"><div class=\"content show-more-gallery\"><span class=\"icon-camera\"><\/span><div class=\"title empathized\">&plus;3 Fotos<\/div><\/div><\/a><\/div><\/div><div class=\"d-none\"><div class=\"block block-inside image\"><a href=\"https:\/\/www.visitbratislava.com\/wp-content\/uploads\/2026\/03\/trhy-vn25-002-800x533.jpg\" data-fancybox=\"gallery\" data-caption=\"\"><div class=\"background\" data-equalizer-block=\"4\"><img src=\"https:\/\/www.visitbratislava.com\/wp-content\/uploads\/2026\/03\/trhy-vn25-002-384x384.jpg\" class=\"attachment-medium-crop size-medium-crop\" alt=\"\" loading=\"lazy\" data-interchange=\"[https:\/\/www.visitbratislava.com\/wp-content\/uploads\/2026\/03\/trhy-vn25-002-384x384.jpg, (default)], [https:\/\/www.visitbratislava.com\/wp-content\/uploads\/2026\/03\/trhy-vn25-002-384x384.jpg, (small)]\" title=\"trhy-vn25-002\" srcset=\"https:\/\/www.visitbratislava.com\/wp-content\/uploads\/2026\/03\/trhy-vn25-002-384x384.jpg 384w, https:\/\/www.visitbratislava.com\/wp-content\/uploads\/2026\/03\/trhy-vn25-002-150x150.jpg 150w, https:\/\/www.visitbratislava.com\/wp-content\/uploads\/2026\/03\/trhy-vn25-002-184x184.jpg 184w, https:\/\/www.visitbratislava.com\/wp-content\/uploads\/2026\/03\/trhy-vn25-002-784x784.jpg 784w\" sizes=\"(max-width: 384px) 100vw, 384px\" \/><\/div><div class=\"overlay invert filter filter-blue\"><div class=\"content\"><span class=\"zoom-button\"><\/span><\/div><\/div><\/a><\/div><\/div><div class=\"d-none\"><div class=\"block block-inside image\"><a href=\"https:\/\/www.visitbratislava.com\/wp-content\/uploads\/2026\/03\/stredoveke-trhy-na-ba-hrade-20230408-047-800x533.jpg\" data-fancybox=\"gallery\" data-caption=\"\"><div class=\"background\" data-equalizer-block=\"4\"><img src=\"https:\/\/www.visitbratislava.com\/wp-content\/uploads\/2026\/03\/stredoveke-trhy-na-ba-hrade-20230408-047-384x384.jpg\" class=\"attachment-medium-crop size-medium-crop\" alt=\"\" loading=\"lazy\" data-interchange=\"[https:\/\/www.visitbratislava.com\/wp-content\/uploads\/2026\/03\/stredoveke-trhy-na-ba-hrade-20230408-047-384x384.jpg, (default)], [https:\/\/www.visitbratislava.com\/wp-content\/uploads\/2026\/03\/stredoveke-trhy-na-ba-hrade-20230408-047-384x384.jpg, (small)]\" title=\"stredoveke-trhy-na-ba-hrade-20230408-047\" srcset=\"https:\/\/www.visitbratislava.com\/wp-content\/uploads\/2026\/03\/stredoveke-trhy-na-ba-hrade-20230408-047-384x384.jpg 384w, https:\/\/www.visitbratislava.com\/wp-content\/uploads\/2026\/03\/stredoveke-trhy-na-ba-hrade-20230408-047-150x150.jpg 150w, https:\/\/www.visitbratislava.com\/wp-content\/uploads\/2026\/03\/stredoveke-trhy-na-ba-hrade-20230408-047-184x184.jpg 184w, https:\/\/www.visitbratislava.com\/wp-content\/uploads\/2026\/03\/stredoveke-trhy-na-ba-hrade-20230408-047-784x784.jpg 784w\" sizes=\"(max-width: 384px) 100vw, 384px\" \/><\/div><div class=\"overlay invert filter filter-green\"><div class=\"content\"><span class=\"zoom-button\"><\/span><\/div><\/div><\/a><\/div><\/div><div class=\"d-none\"><div class=\"block block-inside image\"><a href=\"https:\/\/www.visitbratislava.com\/wp-content\/uploads\/2026\/03\/stredoveke-trhy-na-ba-hrade-20230408-040-800x533.jpg\" data-fancybox=\"gallery\" data-caption=\"\"><div class=\"background\" data-equalizer-block=\"4\"><img src=\"https:\/\/www.visitbratislava.com\/wp-content\/uploads\/2026\/03\/stredoveke-trhy-na-ba-hrade-20230408-040-384x384.jpg\" class=\"attachment-medium-crop size-medium-crop\" alt=\"\" loading=\"lazy\" data-interchange=\"[https:\/\/www.visitbratislava.com\/wp-content\/uploads\/2026\/03\/stredoveke-trhy-na-ba-hrade-20230408-040-384x384.jpg, (default)], [https:\/\/www.visitbratislava.com\/wp-content\/uploads\/2026\/03\/stredoveke-trhy-na-ba-hrade-20230408-040-384x384.jpg, (small)]\" title=\"stredoveke-trhy-na-ba-hrade-20230408-040\" srcset=\"https:\/\/www.visitbratislava.com\/wp-content\/uploads\/2026\/03\/stredoveke-trhy-na-ba-hrade-20230408-040-384x384.jpg 384w, https:\/\/www.visitbratislava.com\/wp-content\/uploads\/2026\/03\/stredoveke-trhy-na-ba-hrade-20230408-040-150x150.jpg 150w, https:\/\/www.visitbratislava.com\/wp-content\/uploads\/2026\/03\/stredoveke-trhy-na-ba-hrade-20230408-040-184x184.jpg 184w, https:\/\/www.visitbratislava.com\/wp-content\/uploads\/2026\/03\/stredoveke-trhy-na-ba-hrade-20230408-040-784x784.jpg 784w\" sizes=\"(max-width: 384px) 100vw, 384px\" \/><\/div><div class=\"overlay invert filter filter-fiord\"><div class=\"content\"><span class=\"zoom-button\"><\/span><\/div><\/div><\/a><\/div><\/div><\/div>\n<h2><strong>2. Entdecken Sie das Slowakische Nationaltheater<\/strong><\/h2>\n<p>Zu Ostern bietet das <strong data-start=\"761\" data-end=\"792\">Slowakische Nationaltheater<\/strong> in Bratislava ein abwechslungsreiches Programm f\u00fcr Opern- und Theaterliebhaber. Freuen Sie sich auf Opera-Gala-Konzerte, Verdis <em data-start=\"921\" data-end=\"930\">Nabucco<\/em> und Schauspielauff\u00fchrungen im Herzen der Stadt.<\/p>\n<p><strong><a href=\"https:\/\/snd.sk\/de\" target=\"_blank\" rel=\"noopener\">Weitere Infos und Tickets<\/a><\/strong><\/p>\n<p><img loading=\"lazy\" class=\"alignnone wp-image-436783 size-full\" src=\"https:\/\/www.visitbratislava.com\/wp-content\/uploads\/2026\/03\/SND_VELKA-NOC-V-SND_baner_sez106-e1774629876653.jpg\" alt=\"\" width=\"1920\" height=\"816\" srcset=\"https:\/\/www.visitbratislava.com\/wp-content\/uploads\/2026\/03\/SND_VELKA-NOC-V-SND_baner_sez106-e1774629876653.jpg 1920w, https:\/\/www.visitbratislava.com\/wp-content\/uploads\/2026\/03\/SND_VELKA-NOC-V-SND_baner_sez106-e1774629876653-400x170.jpg 400w, https:\/\/www.visitbratislava.com\/wp-content\/uploads\/2026\/03\/SND_VELKA-NOC-V-SND_baner_sez106-e1774629876653-800x340.jpg 800w, https:\/\/www.visitbratislava.com\/wp-content\/uploads\/2026\/03\/SND_VELKA-NOC-V-SND_baner_sez106-e1774629876653-768x326.jpg 768w, https:\/\/www.visitbratislava.com\/wp-content\/uploads\/2026\/03\/SND_VELKA-NOC-V-SND_baner_sez106-e1774629876653-1536x653.jpg 1536w, https:\/\/www.visitbratislava.com\/wp-content\/uploads\/2026\/03\/SND_VELKA-NOC-V-SND_baner_sez106-e1774629876653-200x85.jpg 200w\" sizes=\"(max-width: 1920px) 100vw, 1920px\" \/><\/p>\n<h2><strong>3. Fr\u00fchlingsspazierg\u00e4nge in Stadtparks<\/strong><\/h2>\n<p data-start=\"1302\" data-end=\"1519\">Bratislava bietet zahlreiche Parks und <a href=\"https:\/\/www.visitbratislava.com\/de\/green\/\" target=\"_blank\" rel=\"noopener\">Gr\u00fcnfl\u00e4chen<\/a>, die im Fr\u00fchling beliebte Orte f\u00fcr Spazierg\u00e4nge sind. W\u00e4hrend der Feiertage k\u00f6nnen Besucher ruhige Spazierg\u00e4nge inmitten bl\u00fchender Natur direkt in der Stadt genie\u00dfen.<\/p>\n<p data-start=\"1521\" data-end=\"1674\">Zu den beliebtesten Parks geh\u00f6ren <strong data-start=\"1555\" data-end=\"1609\">Sad Janka Kr\u00e1\u013ea \ud83c\udf37, Horsk\u00fd Park und \u017delezn\u00e1 Studienka<\/strong>, die zum Entspannen und Genie\u00dfen der Fr\u00fchlingsstimmung einladen.<\/p>\n<p><img loading=\"lazy\" class=\"alignnone wp-image-37080 size-large\" src=\"https:\/\/www.visitbratislava.com\/wp-content\/uploads\/2015\/04\/horsky-park-horaren-800x450.jpg\" alt=\"\" width=\"800\" height=\"450\" srcset=\"https:\/\/www.visitbratislava.com\/wp-content\/uploads\/2015\/04\/horsky-park-horaren-800x450.jpg 800w, https:\/\/www.visitbratislava.com\/wp-content\/uploads\/2015\/04\/horsky-park-horaren-400x225.jpg 400w, https:\/\/www.visitbratislava.com\/wp-content\/uploads\/2015\/04\/horsky-park-horaren-768x432.jpg 768w, https:\/\/www.visitbratislava.com\/wp-content\/uploads\/2015\/04\/horsky-park-horaren-200x113.jpg 200w\" sizes=\"(max-width: 800px) 100vw, 800px\" \/><\/p>\n<h2><strong>4. Osterkonzert in der St. Martins-Kathedrale<\/strong><\/h2>\n<p data-start=\"1731\" data-end=\"1776\"><strong data-start=\"1731\" data-end=\"1774\">Osterkonzert \u2013 29. M\u00e4rz 2026, 15:00 Uhr<\/strong><\/p>\n<p data-start=\"1778\" data-end=\"2121\">Das Programm umfasst <strong data-start=\"1799\" data-end=\"1869\">Joseph Haydns \u201eDie sieben letzten Worte unseres Erl\u00f6sers am Kreuz\u201c<\/strong>, das der Komponist auf Wunsch der Kathedrale in C\u00e1diz, Spanien, f\u00fcr den Karfreitagsgottesdienst schrieb. Dieses Meisterwerk der geistlichen Musik bietet ein tiefes und emotionales Musikerlebnis und geh\u00f6rt zu den Highlights der Osterzeit in Bratislava.<\/p>\n<p data-start=\"1778\" data-end=\"2121\"><a href=\"https:\/\/www.filharmonia.sk\/s1-2026\" target=\"_blank\" rel=\"noopener\">TICKETS<\/a><\/p>\n<p><img loading=\"lazy\" class=\"alignnone wp-image-382292 size-large\" src=\"https:\/\/www.visitbratislava.com\/wp-content\/uploads\/2025\/11\/Katedrala-sv.-Martina-vyhlad-800x387.jpg\" alt=\"\" width=\"800\" height=\"387\" srcset=\"https:\/\/www.visitbratislava.com\/wp-content\/uploads\/2025\/11\/Katedrala-sv.-Martina-vyhlad-800x387.jpg 800w, https:\/\/www.visitbratislava.com\/wp-content\/uploads\/2025\/11\/Katedrala-sv.-Martina-vyhlad-400x193.jpg 400w, https:\/\/www.visitbratislava.com\/wp-content\/uploads\/2025\/11\/Katedrala-sv.-Martina-vyhlad-768x371.jpg 768w, https:\/\/www.visitbratislava.com\/wp-content\/uploads\/2025\/11\/Katedrala-sv.-Martina-vyhlad-1536x742.jpg 1536w, https:\/\/www.visitbratislava.com\/wp-content\/uploads\/2025\/11\/Katedrala-sv.-Martina-vyhlad-2048x990.jpg 2048w, https:\/\/www.visitbratislava.com\/wp-content\/uploads\/2025\/11\/Katedrala-sv.-Martina-vyhlad-200x97.jpg 200w\" sizes=\"(max-width: 800px) 100vw, 800px\" \/><\/p>\n<h2><strong>5. Schifffahrt an der Donau<\/strong><\/h2>\n<p data-start=\"2152\" data-end=\"2373\">Der Fr\u00fchling eignet sich auch hervorragend f\u00fcr eine <strong data-start=\"2204\" data-end=\"2224\">Donau-Kreuzfahrt<\/strong>, die einen einzigartigen Blick auf die Skyline von Bratislava bietet. Vom Fluss aus k\u00f6nnen Sie die Altstadt, Br\u00fccken und Stadtwahrzeichen bewundern.<\/p>\n<p data-start=\"2375\" data-end=\"2502\">Einige Kreuzfahrten f\u00fchren auch zur <strong data-start=\"2411\" data-end=\"2425\">Burg Dev\u00edn<\/strong>, einer der bekanntesten historischen St\u00e4tten in der Umgebung von Bratislava.<\/p>\n<p data-start=\"2375\" data-end=\"2502\"><img loading=\"lazy\" class=\"alignnone wp-image-182609 size-large\" src=\"https:\/\/www.visitbratislava.com\/wp-content\/uploads\/2021\/11\/LOD_186-800x533.jpg\" alt=\"\" width=\"800\" height=\"533\" srcset=\"https:\/\/www.visitbratislava.com\/wp-content\/uploads\/2021\/11\/LOD_186-800x533.jpg 800w, https:\/\/www.visitbratislava.com\/wp-content\/uploads\/2021\/11\/LOD_186-400x267.jpg 400w, https:\/\/www.visitbratislava.com\/wp-content\/uploads\/2021\/11\/LOD_186-768x512.jpg 768w, https:\/\/www.visitbratislava.com\/wp-content\/uploads\/2021\/11\/LOD_186-1536x1024.jpg 1536w, https:\/\/www.visitbratislava.com\/wp-content\/uploads\/2021\/11\/LOD_186-2048x1365.jpg 2048w, https:\/\/www.visitbratislava.com\/wp-content\/uploads\/2021\/11\/LOD_186-200x133.jpg 200w\" sizes=\"(max-width: 800px) 100vw, 800px\" \/><\/p>\n<h2><strong>6. <\/strong><strong>Spazierg\u00e4nge durch die historische Altstadt<\/strong><\/h2>\n<p data-start=\"517\" data-end=\"740\">Der Fr\u00fchling ist die perfekte Zeit, um die <strong data-start=\"560\" data-end=\"599\">historische Altstadt von Bratislava<\/strong> zu Fu\u00df zu erkunden. Enge Gassen, historische Pl\u00e4tze und beeindruckende Architektur schaffen w\u00e4hrend der Feiertage eine angenehme Atmosph\u00e4re.<\/p>\n<p data-start=\"742\" data-end=\"923\">Zu den bekanntesten Sehensw\u00fcrdigkeiten z\u00e4hlen <strong data-start=\"788\" data-end=\"875\"><a href=\"https:\/\/www.visitbratislava.com\/de\/setzt\/bratislava-castle\/\" target=\"_blank\" rel=\"noopener\">die Bratislavaer Burg<\/a>, das Michaelertor, der Primaspalast und der Hviezdoslav-Platz<\/strong>, die alle zu den Wahrzeichen der Stadt geh\u00f6ren.<\/p>\n<p data-start=\"742\" data-end=\"923\"><img loading=\"lazy\" width=\"800\" height=\"533\" class=\"alignnone size-large wp-image-435489\" src=\"https:\/\/www.visitbratislava.com\/wp-content\/uploads\/2026\/03\/Lachkovic_BMD_2023_Stare_Mesto_vyhradna_licencia_casovo_neobmedzena-45-800x533.jpg\" alt=\"\" srcset=\"https:\/\/www.visitbratislava.com\/wp-content\/uploads\/2026\/03\/Lachkovic_BMD_2023_Stare_Mesto_vyhradna_licencia_casovo_neobmedzena-45-800x533.jpg 800w, https:\/\/www.visitbratislava.com\/wp-content\/uploads\/2026\/03\/Lachkovic_BMD_2023_Stare_Mesto_vyhradna_licencia_casovo_neobmedzena-45-400x267.jpg 400w, https:\/\/www.visitbratislava.com\/wp-content\/uploads\/2026\/03\/Lachkovic_BMD_2023_Stare_Mesto_vyhradna_licencia_casovo_neobmedzena-45-768x512.jpg 768w, https:\/\/www.visitbratislava.com\/wp-content\/uploads\/2026\/03\/Lachkovic_BMD_2023_Stare_Mesto_vyhradna_licencia_casovo_neobmedzena-45-1536x1024.jpg 1536w, https:\/\/www.visitbratislava.com\/wp-content\/uploads\/2026\/03\/Lachkovic_BMD_2023_Stare_Mesto_vyhradna_licencia_casovo_neobmedzena-45-2048x1365.jpg 2048w, https:\/\/www.visitbratislava.com\/wp-content\/uploads\/2026\/03\/Lachkovic_BMD_2023_Stare_Mesto_vyhradna_licencia_casovo_neobmedzena-45-200x133.jpg 200w\" sizes=\"(max-width: 800px) 100vw, 800px\" \/><\/p>\n<p><em>Weitere Informationen zum aktuellen Programm in Bratislava finden Sie in unserem <a href=\"https:\/\/www.visitbratislava.com\/de\/besuch\/touristinfos\/\" target=\"_blank\" rel=\"noopener\">Touristeninformationszentrum<\/a>.\u00a0<\/em><\/p>\n<p><a href=\"https:\/\/www.visitbratislava.com\/wp-content\/uploads\/2026\/03\/TIC-Easter-Opening-Hours.pdf\">\ud83d\udc49 Die \u00d6ffnungszeiten finden Sie hier.<\/a><\/p>\n","protected":false},"excerpt":{"rendered":"<p>W\u00e4hrend der Osterfeiertage k\u00f6nnen Sie historische Sehensw\u00fcrdigkeiten, kulturelle Veranstaltungen, Fr\u00fchlingsspazierg\u00e4nge in Parks oder Ausfl\u00fcge in die Natur rund um die Stadt genie\u00dfen. Hier sind einige Tipps, wie Sie Ihren Osteraufenthalt in Bratislava gestalten k\u00f6nnen.<\/p>\n","protected":false},"author":41,"featured_media":231676,"parent":0,"menu_order":0,"comment_status":"closed","ping_status":"closed","template":"","meta":[],"acf":[],"_links":{"self":[{"href":"https:\/\/www.visitbratislava.com\/de\/wp-json\/wp\/v2\/pages\/232173"}],"collection":[{"href":"https:\/\/www.visitbratislava.com\/de\/wp-json\/wp\/v2\/pages"}],"about":[{"href":"https:\/\/www.visitbratislava.com\/de\/wp-json\/wp\/v2\/types\/page"}],"author":[{"embeddable":true,"href":"https:\/\/www.visitbratislava.com\/de\/wp-json\/wp\/v2\/users\/41"}],"replies":[{"embeddable":true,"href":"https:\/\/www.visitbratislava.com\/de\/wp-json\/wp\/v2\/comments?post=232173"}],"version-history":[{"count":30,"href":"https:\/\/www.visitbratislava.com\/de\/wp-json\/wp\/v2\/pages\/232173\/revisions"}],"predecessor-version":[{"id":436791,"href":"https:\/\/www.visitbratislava.com\/de\/wp-json\/wp\/v2\/pages\/232173\/revisions\/436791"}],"wp:featuredmedia":[{"embeddable":true,"href":"https:\/\/www.visitbratislava.com\/de\/wp-json\/wp\/v2\/media\/231676"}],"wp:attachment":[{"href":"https:\/\/www.visitbratislava.com\/de\/wp-json\/wp\/v2\/media?parent=232173"}],"curies":[{"name":"wp","href":"https:\/\/api.w.org\/{rel}","templated":true}]}}