{"id":238300,"date":"2023-04-21T16:12:31","date_gmt":"2023-04-21T14:12:31","guid":{"rendered":"https:\/\/www.visitbratislava.com\/?page_id=238300"},"modified":"2023-04-21T16:13:04","modified_gmt":"2023-04-21T14:13:04","slug":"bratislava-merch","status":"publish","type":"page","link":"https:\/\/www.visitbratislava.com\/de\/bratislavaer-stadttage\/bratislava-merch\/","title":{"rendered":"Bratislava Merch!"},"content":{"rendered":"<h3>BRATISLAVA-IKONEN<\/h3>\n<p>Das Design der Tassen wurde von der K\u00fcnstlerin und Bildhauerin Nina \u0160o\u0161kov\u00e1 geschaffen. Die Verpackung enth\u00e4lt eine Kurzgeschichte \u00fcber die Ikone auf Slowakisch und Englisch.<\/p>\n<p><strong>Das Michalsk\u00e1-Tor<\/strong> ist das einzige erhaltene der vier Stadttore. Sie wurde im 14. Jahrhundert erbaut und nach der Kirche St. Michal benannt, die vor ihr stand. In seinem Turm befand sich eine Wache, die drohende Gefahr signalisierte. Im 18. Jahrhundert wurde der Schutzpatron der Stadt, der mit dem Drachen k\u00e4mpfende Erzengel Michal, auf der Spitze des Turms aufgestellt, und im Kopf der Statue wurde eine Zeitkapsel mit historischen Gegenst\u00e4nden aufbewahrt.<\/p>\n<p><img loading=\"lazy\" width=\"437\" height=\"497\" class=\"alignnone size-full wp-image-234233\" src=\"https:\/\/www.visitbratislava.com\/wp-content\/uploads\/2023\/04\/img12.jpg\" alt=\"\" srcset=\"https:\/\/www.visitbratislava.com\/wp-content\/uploads\/2023\/04\/img12.jpg 437w, https:\/\/www.visitbratislava.com\/wp-content\/uploads\/2023\/04\/img12-352x400.jpg 352w, https:\/\/www.visitbratislava.com\/wp-content\/uploads\/2023\/04\/img12-176x200.jpg 176w\" sizes=\"(max-width: 437px) 100vw, 437px\" \/><\/p>\n<p><strong>Die Apotheke in Salvatore<\/strong> wurde Mitte des 17. Jahrhunderts in einem Jesuitenkolleg gegr\u00fcndet. Sp\u00e4ter ging sie in Privatbesitz \u00fcber, hie\u00df Salvator und war eine der besten Apotheken in Bratislava. Es befindet sich seit 1904 in einem pr\u00e4chtigen Neorenaissance-Geb\u00e4ude in der Pansk\u00e1-Stra\u00dfe 35. Seine Fassade ist mit einer Christus-Erl\u00f6ser-Statue des ber\u00fchmten Bratislavaer Bildhauers Alojz Rigele geschm\u00fcckt. Der Stolz der Apotheke waren seltene Barockm\u00f6bel. Es wurde nach seiner Abschaffung Ende des 20. Jahrhunderts aus Bratislava entfernt, kehrte aber 2021 in die Stadt zur\u00fcck.<\/p>\n<p><img loading=\"lazy\" width=\"437\" height=\"489\" class=\"alignnone size-full wp-image-234239\" src=\"https:\/\/www.visitbratislava.com\/wp-content\/uploads\/2023\/04\/img15.jpg\" alt=\"\" srcset=\"https:\/\/www.visitbratislava.com\/wp-content\/uploads\/2023\/04\/img15.jpg 437w, https:\/\/www.visitbratislava.com\/wp-content\/uploads\/2023\/04\/img15-357x400.jpg 357w, https:\/\/www.visitbratislava.com\/wp-content\/uploads\/2023\/04\/img15-179x200.jpg 179w\" sizes=\"(max-width: 437px) 100vw, 437px\" \/><\/p>\n<p><strong>Maria Theresia<\/strong> war in den Jahren 1740-1780 ungarische K\u00f6nigin und wurde am 25. Juni 1741 in St. Martin in Bratislava gekr\u00f6nt. Die au\u00dfergew\u00f6hnliche Monarchin lie\u00df die Burg Bratislava in ihrer heutigen Form wieder aufbauen, wo sich ihre Tochter M\u00e1ria Krist\u00edna und ihr Ehemann niederlie\u00dfen. Dadurch zog zunehmend der Adel in die Stadt und es kam zu einem Bau- und Kulturboom. Durch den Abriss der Stadtmauern trug sie zur Anbindung an die Vororte bei, wodurch die Stadt stark wuchs.<\/p>\n<p><img loading=\"lazy\" width=\"437\" height=\"476\" class=\"alignnone size-full wp-image-234245\" src=\"https:\/\/www.visitbratislava.com\/wp-content\/uploads\/2023\/04\/img18.jpg\" alt=\"\" srcset=\"https:\/\/www.visitbratislava.com\/wp-content\/uploads\/2023\/04\/img18.jpg 437w, https:\/\/www.visitbratislava.com\/wp-content\/uploads\/2023\/04\/img18-367x400.jpg 367w, https:\/\/www.visitbratislava.com\/wp-content\/uploads\/2023\/04\/img18-184x200.jpg 184w\" sizes=\"(max-width: 437px) 100vw, 437px\" \/><\/p>\n<p>Preis 22 EUR<\/p>\n<h3>SWEATSHIRTS MIT BRATISLAVA PAVEMENT-MOTIV<\/h3>\n<p>Zur Auswahl stehen ein schwarzer Rundhalsausschnitt ohne Kapuze und ein grauer Hoodie mit Kapuze. Nach dem Vorbild anderer europ\u00e4ischer St\u00e4dte wird Bratislava seine eigene Pflasterung erhalten. Es wurde so gestaltet, dass es die Stra\u00dfen angenehm erg\u00e4nzt, ohne die Architektur der Stadt als solche zu st\u00f6ren oder mit ihr zu konkurrieren.<\/p>\n<p><img loading=\"lazy\" width=\"580\" height=\"738\" class=\"alignnone size-full wp-image-234251\" src=\"https:\/\/www.visitbratislava.com\/wp-content\/uploads\/2023\/04\/img24.jpg\" alt=\"\" srcset=\"https:\/\/www.visitbratislava.com\/wp-content\/uploads\/2023\/04\/img24.jpg 580w, https:\/\/www.visitbratislava.com\/wp-content\/uploads\/2023\/04\/img24-314x400.jpg 314w, https:\/\/www.visitbratislava.com\/wp-content\/uploads\/2023\/04\/img24-157x200.jpg 157w\" sizes=\"(max-width: 580px) 100vw, 580px\" \/><\/p>\n<p>Bei der Gestaltung des Gehsteigs wurden die ikonischen Illustrationen und die au\u00dfergew\u00f6hnliche grafische Sprache von Miroslav Cip\u00e1r, \u013dudov\u00edt Fulla und Milan Dobe\u0161 verwendet, die auch die Liebe zu geometrischen Formen einte. Das Design bezieht sich sensibel auf ihre au\u00dfergew\u00f6hnliche visuelle Sprache\u201c, erkl\u00e4rt Grafikdesigner Martin Jen\u010da, der Co-Autor des Bratislava-Pflasters ist.<\/p>\n<p><img loading=\"lazy\" width=\"1500\" height=\"1000\" class=\"alignnone size-full wp-image-234629\" src=\"https:\/\/www.visitbratislava.com\/wp-content\/uploads\/2023\/04\/MG_2420_web.jpg\" alt=\"\" srcset=\"https:\/\/www.visitbratislava.com\/wp-content\/uploads\/2023\/04\/MG_2420_web.jpg 1500w, https:\/\/www.visitbratislava.com\/wp-content\/uploads\/2023\/04\/MG_2420_web-400x267.jpg 400w, https:\/\/www.visitbratislava.com\/wp-content\/uploads\/2023\/04\/MG_2420_web-800x533.jpg 800w, https:\/\/www.visitbratislava.com\/wp-content\/uploads\/2023\/04\/MG_2420_web-768x512.jpg 768w, https:\/\/www.visitbratislava.com\/wp-content\/uploads\/2023\/04\/MG_2420_web-200x133.jpg 200w\" sizes=\"(max-width: 1500px) 100vw, 1500px\" \/><\/p>\n<p>Preis 39 und 46 EUR<\/p>\n<p><strong>Wir freuen uns auf Ihren Besuch im Touristeninformationszentrum Klob\u00fa\u010dnicka 2.<\/strong><\/p>\n<p>Merch wurde vom Kultur- und Informationszentrum Bratislava in Zusammenarbeit mit dem Metropolitan Institute of Bratislava entwickelt.<\/p>\n","protected":false},"excerpt":{"rendered":"<p>Klassische Souvenirs sind nichts f\u00fcr Sie? Kommen Sie in unser Touristeninformationszentrum, um Bratislava-Merch zu kaufen, und Sie werden auch Orte finden, die einen Besuch wert sind<\/p>\n","protected":false},"author":41,"featured_media":234289,"parent":134010,"menu_order":0,"comment_status":"closed","ping_status":"closed","template":"","meta":[],"acf":[],"_links":{"self":[{"href":"https:\/\/www.visitbratislava.com\/de\/wp-json\/wp\/v2\/pages\/238300"}],"collection":[{"href":"https:\/\/www.visitbratislava.com\/de\/wp-json\/wp\/v2\/pages"}],"about":[{"href":"https:\/\/www.visitbratislava.com\/de\/wp-json\/wp\/v2\/types\/page"}],"author":[{"embeddable":true,"href":"https:\/\/www.visitbratislava.com\/de\/wp-json\/wp\/v2\/users\/41"}],"replies":[{"embeddable":true,"href":"https:\/\/www.visitbratislava.com\/de\/wp-json\/wp\/v2\/comments?post=238300"}],"version-history":[{"count":2,"href":"https:\/\/www.visitbratislava.com\/de\/wp-json\/wp\/v2\/pages\/238300\/revisions"}],"predecessor-version":[{"id":238302,"href":"https:\/\/www.visitbratislava.com\/de\/wp-json\/wp\/v2\/pages\/238300\/revisions\/238302"}],"up":[{"embeddable":true,"href":"https:\/\/www.visitbratislava.com\/de\/wp-json\/wp\/v2\/pages\/134010"}],"wp:featuredmedia":[{"embeddable":true,"href":"https:\/\/www.visitbratislava.com\/de\/wp-json\/wp\/v2\/media\/234289"}],"wp:attachment":[{"href":"https:\/\/www.visitbratislava.com\/de\/wp-json\/wp\/v2\/media?parent=238300"}],"curies":[{"name":"wp","href":"https:\/\/api.w.org\/{rel}","templated":true}]}}