{"id":25846,"date":"2016-11-22T11:37:12","date_gmt":"2016-11-22T10:37:12","guid":{"rendered":"https:\/\/www.visitbratislava.com\/de\/?page_id=25846"},"modified":"2024-05-23T15:42:20","modified_gmt":"2024-05-23T13:42:20","slug":"weihnachtliches-bratislava","status":"publish","type":"page","link":"https:\/\/www.visitbratislava.com\/de\/weihnachtliches-bratislava\/","title":{"rendered":"Der Weihnachtsmarkt in Bratislava"},"content":{"rendered":"<p>Adventskonzerte, Weihnachtsm\u00e4rkte aus der Fantasiewelt, Kinderprogramme, Weihnachtsstra\u00dfenbahn. All das erwartet Sie im Advent in Bratislava. Machen Sie einen Spaziergang durch die historischen Gassen, w\u00e4rmen Sie sich mit Punsch oder Weihnachtsspezialit\u00e4ten auf und genie\u00dfen Sie das beleuchtete Weihnachts-Bratislava in vollen Z\u00fcgen. Weihnachten in Bratislava ist magisch!<\/p>\n<p><a class=\"cta-button\" href=\"https:\/\/www.visitbratislava.com\/de\/weihnachten-in-bratislava\/\" target=\"_blank\" rel=\"noopener\">Finde mehr heraus<\/a><\/p>\n<p>&nbsp;<\/p>\n","protected":false},"excerpt":{"rendered":"<p>\ud83c\udf84 In der Hauptstadt der Slowakei wird Ende November die weihnachtliche Atmosph\u00e4re in vollem Umfang Einzug halten und in den beleuchteten Stra\u00dfen finden Sie den ganzen Advent bis zum Jahresende ein reichhaltiges Programm.<\/p>\n","protected":false},"author":10,"featured_media":286861,"parent":0,"menu_order":0,"comment_status":"closed","ping_status":"closed","template":"","meta":[],"acf":[],"_links":{"self":[{"href":"https:\/\/www.visitbratislava.com\/de\/wp-json\/wp\/v2\/pages\/25846"}],"collection":[{"href":"https:\/\/www.visitbratislava.com\/de\/wp-json\/wp\/v2\/pages"}],"about":[{"href":"https:\/\/www.visitbratislava.com\/de\/wp-json\/wp\/v2\/types\/page"}],"author":[{"embeddable":true,"href":"https:\/\/www.visitbratislava.com\/de\/wp-json\/wp\/v2\/users\/10"}],"replies":[{"embeddable":true,"href":"https:\/\/www.visitbratislava.com\/de\/wp-json\/wp\/v2\/comments?post=25846"}],"version-history":[{"count":1,"href":"https:\/\/www.visitbratislava.com\/de\/wp-json\/wp\/v2\/pages\/25846\/revisions"}],"predecessor-version":[{"id":296280,"href":"https:\/\/www.visitbratislava.com\/de\/wp-json\/wp\/v2\/pages\/25846\/revisions\/296280"}],"wp:featuredmedia":[{"embeddable":true,"href":"https:\/\/www.visitbratislava.com\/de\/wp-json\/wp\/v2\/media\/286861"}],"wp:attachment":[{"href":"https:\/\/www.visitbratislava.com\/de\/wp-json\/wp\/v2\/media?parent=25846"}],"curies":[{"name":"wp","href":"https:\/\/api.w.org\/{rel}","templated":true}]}}