{"id":289896,"date":"2024-04-12T13:13:19","date_gmt":"2024-04-12T11:13:19","guid":{"rendered":"https:\/\/www.visitbratislava.com\/?page_id=289896"},"modified":"2025-08-06T20:39:26","modified_gmt":"2025-08-06T18:39:26","slug":"zugaenglichkeit-der-denkmalslokalitaeten-in-bratislava-fuer-gesundheitlich-benachteiligte-besucher","status":"publish","type":"page","link":"https:\/\/www.visitbratislava.com\/de\/zugaenglichkeit-der-denkmalslokalitaeten-in-bratislava-fuer-gesundheitlich-benachteiligte-besucher\/","title":{"rendered":"Zug\u00e4nglichkeit der Denkmalslokalit\u00e4ten in Bratislava f\u00fcr gesundheitlich benachteiligte Besucher"},"content":{"rendered":"<p>\ud83d\udfe2 vollst\u00e4ndig barrierefrei \ud83d\udfe1 teilweise barrierefrei\u00a0\ud83d\udd34 nicht barrierefrei<\/p>\n<p><iframe src=\"https:\/\/www.google.com\/maps\/d\/u\/0\/embed?mid=134AHQyScIkKsc41HrOguKZlg0FNG2ec&amp;ehbc=2E312F\" width=\"1280\" height=\"960\"><\/iframe><\/p>\n<p><strong>\ud83d\udfe2 <\/strong><a href=\"https:\/\/www.visitbratislava.com\/de\/setzt\/burg-bratislava\/\" target=\"_blank\" rel=\"noopener\"><strong>Historisches Museum \/ Bratislavaer Burg<\/strong><\/a> \u2013 voll zug\u00e4nglich, beim Eingang in das Museum befindet sich eine Anfahrt, es muss die Hilfe des Sicherheitsdienstes angefordert werden. Im Museum befindet sich der Fahrstuhl und barrierefrei Toilette. An der Kasse ist ein selbst\u00e4ndiger Eingang f\u00fcr die Rollstuhlfahrer, welche auf Anforderung des Personals ge\u00f6ffnet wird. Die Halter des Ausweises der Person mit schwerer Gesundheitsbehinderung haben freien <a href=\"https:\/\/www.visitbratislava.com\/de\/setzt\/archaologisches-museum\/\" target=\"_blank\" rel=\"noopener\">Eintritt.<\/a><\/p>\n<p><strong>\ud83d\udfe2 <\/strong><a href=\"https:\/\/www.visitbratislava.com\/de\/setzt\/primatialpalais\/\" target=\"_blank\" rel=\"noopener\"><strong>Primatialpalais<\/strong><\/a>\u2013 voll zug\u00e4nglich, beim Eingang steht die Anfahrt zur Verf\u00fcgung und die h\u00f6heren Geschosse sind mit dem Fahrstuhl erreichbar, Die Zusatzhilfe des Sicherheitsdienstes kann ben\u00f6tigt werden. Im Geb\u00e4ude sind barrierefreie Toiletten.<\/p>\n<p><strong>\ud83d\udfe2 <\/strong><a href=\"https:\/\/www.visitbratislava.com\/de\/setzt\/altes-rathaus\/\" target=\"_blank\" rel=\"noopener\"><strong>Altes Rathaus<\/strong><\/a> \u2013 voll zug\u00e4nglich, die Besucher k\u00f6nnen es von au\u00dfen besichtigen und den Innenhof betreten. Die Ausstellungssaale im Museum der Stadtgeschichte sind nicht voll zug\u00e4nglich, aber im Museumgeb\u00e4ude befinden sich barrierefreie Toiletten und die Halter des Ausweises der Person mit schwerer Gesundheitsbehinderung haben freien Eintritt.<\/p>\n<p><strong>\ud83d\udfe2 <\/strong><a href=\"https:\/\/www.visitbratislava.com\/de\/setzt\/slowakische-nationalgalerie\/\" target=\"_blank\" rel=\"noopener\"><strong>Slowakische Nationalgalerie<\/strong><\/a>\u2013 voll zug\u00e4nglich, zum Eingang in die Galerie f\u00fchrt eine Anfahrt und zwischen den Geschossen kann man sich bequem mit dem Fahrstuhl bewegen, die Ausstellungssaale sind voll zug\u00e4nglich.<\/p>\n<p><strong>\ud83d\udfe2 <\/strong><a href=\"https:\/\/www.visitbratislava.com\/de\/setzt\/danubiana-meulensteen-art-museum\/\" target=\"_blank\" rel=\"noopener\"><strong>Danubiana Meulensteen Art Museum<\/strong><\/a> \u2013 voll zug\u00e4nglich, die Eintrittshalle und die Ausstellungssaale sind voll zug\u00e4nglich, das Museum bietet den Fahrstuhl und Toiletten f\u00fcr die Rollstuhlfahrer. Die Halter des Ausweises der Person mit schwerer Gesundheitsbehinderung haben freien Eintritt.<\/p>\n<p><strong>\ud83d\udfe2 <\/strong><a href=\"https:\/\/www.visitbratislava.com\/de\/setzt\/galerie-nedbalka\/\" target=\"_blank\" rel=\"noopener\"><strong>Galerie Nedbalka<\/strong><\/a> \u2013 voll zug\u00e4nglich, Eingang und Ausstellungssaale sind voll zug\u00e4nglich. In der Galerie befindet sich der Fahrstuhl f\u00fcr den Zugang zu h\u00f6heren Geschossen, auch die barrierefreie Toiletten stehen zur Verf\u00fcgung. Den Rollstuhlfahrern helfen mit der Orientierung installierte Schilder. Die Halter des Ausweises der Person mit schwerer Gesundheitsbehinderung haben freien Eintritt.<\/p>\n<p><strong>\ud83d\udfe2<\/strong><a href=\"https:\/\/www.visitbratislava.com\/de\/setzt\/galerie-der-stadt-bratislava-mirbach-palais-palffy-palais\/\" target=\"_blank\" rel=\"noopener\"><strong> Galerie der Stadt Bratislava, Mirbachpalais<\/strong><\/a> \u2013 voll zug\u00e4nglich, f\u00fcr Rollstuhlfahrer ist nur das Erdgeschoss zug\u00e4nglich, die Anfahrt ist jedoch relativ steil und der Eingang ist ohne Gel\u00e4nder, deswegen kann die Hilfe anderer Person ben\u00f6tigt werden.<\/p>\n<p><strong>\ud83d\udfe2 <\/strong><a href=\"https:\/\/www.visitbratislava.com\/de\/setzt\/apothekenausstellung\/\" target=\"_blank\" rel=\"noopener\"><strong>Apotheke zum Roten Krebs<\/strong><\/a> &#8211; bei der Gestaltung des Raums wurde besonderer Wert auf Barrierefreiheit gelegt, sodass die Inhalte auch von Personen genutzt werden k\u00f6nnen, die den St. Michaelsturm aufgrund von Barrieren nicht erreichen k\u00f6nnen. Am Eingang befindet sich eine 20 Zentimeter hohe Stufe, die durch eine Rampe ersetzt wird.<\/p>\n<p><strong>\ud83d\udfe1<a href=\"https:\/\/www.visitbratislava.com\/de\/setzt\/die-kathedrale-des-heiligen-martin\/\" target=\"_blank\" rel=\"noopener\">Die Kathedrale des Heiligen Martin<\/a><\/strong> \u2013 teilweise zug\u00e4nglich, der Dom kann von den Fahrstuhlfahrern von au\u00dfen besichtigt werden, jedoch der Eingang in das Geb\u00e4ude ist nut teilweise zug\u00e4nglich \u2013 hinein f\u00fchren einige Treppen und die T\u00fcr ist zu eng, jedoch steht eine mobile Anfahrt zur Verf\u00fcgung und der Rollstuhlfahrer kann mit Hilfe einer anderen Person das Interieur betreten.<\/p>\n<p><strong>\ud83d\udfe1 <\/strong><a href=\"https:\/\/www.visitbratislava.com\/de\/setzt\/transport-museum\/\" target=\"_blank\" rel=\"noopener\"><strong>Verkehrsmuseum<\/strong><\/a>\u2013 teilweise zug\u00e4nglich, Eingang ist zug\u00e4nglich, Anfahrt relativ steil, deswegen wird die Hilfe von anderer Person ben\u00f6tigt Ausstellungssaale und T\u00fcren sind breit und zug\u00e4nglich. Im Museum sind keine barrierefreie<\/p>\n<p><strong>\ud83d\udfe1<a href=\"https:\/\/www.visitbratislava.com\/de\/setzt\/michaelertor\/\" target=\"_blank\" rel=\"noopener\">Michaelertor<\/a><\/strong> \u2013 teilweise zug\u00e4nglich, der Turm kann von au\u00dfen besichtigt werden und \u00fcber die Unterf\u00fchrung passiert werden, die Rollstuhlfahrer gelangen jedoch nicht in das Interieur und auf die Aussichtsplattform.<\/p>\n<p><strong>\ud83d\udfe1 <\/strong><a href=\"https:\/\/www.visitbratislava.com\/de\/setzt\/slowakisches-nationalmuseum-museum-der-juedischen-kultur-bratislava\/\" target=\"_blank\" rel=\"noopener\"><strong>Museum der j\u00fcdischen Kultur<\/strong><\/a> \u2013 teilweise zug\u00e4nglich, der Eingang ist breit und f\u00fcr die Rollstuhlfahrer zug\u00e4nglich, die h\u00f6heren Geschosse k\u00f6nnen mit dem Fahrstuhl erreicht werden. Im Geb\u00e4ude sind keine barrierefreie Toiletten.<\/p>\n<p><strong>\ud83d\udfe1 <\/strong><a href=\"https:\/\/www.visitbratislava.com\/de\/setzt\/slowakisches-nationalmuseum-archaeologisches-museum\/\" target=\"_blank\" rel=\"noopener\"><strong>Arch\u00e4ologisches Museum<\/strong><\/a>&#8211; teilweise zug\u00e4nglich, beim Eingang in das Museum befindet ist die Anfahrt, jedoch im Bezug auf die komplexe Architektur sind\u00a0 alle Ausstellungssaale nicht erreichbar, die Hilfe des Personals wird ben\u00f6tigt.\u00a0 Im Geb\u00e4ude sind barrierefreie Toiletten. Die Halter des Ausweises der Person mit schwerer Gesundheitsbehinderung haben freien Eintritt.<\/p>\n<p><strong>\ud83d\udfe1 <\/strong><a href=\"https:\/\/www.visitbratislava.com\/de\/setzt\/slowakisches-nationalmuseum-museum-der-kultur-der-karpatendeutschen\/\" target=\"_blank\" rel=\"noopener\"><strong>Museum der Kultur der Karpatendeutschen<\/strong><\/a> \u2013 teilweise zug\u00e4nglich, das Erdgeschoss und das zweite Geschoss ist mit dem Fahrstuhl erreichbar, es kann jedoch die Hilfe des Personals erfordert werden. Im Geb\u00e4ude sind barrierefreien Toiletten. Die Halter des Ausweises der Person mit schwerer Gesundheitsbehinderung haben freien Eintritt.<\/p>\n<p><strong>\ud83d\udfe1 <\/strong><a href=\"https:\/\/www.visitbratislava.com\/de\/setzt\/slowakisches-nationalmuseum-museum-der-kultur-der-ungarn-der-slowakei\/\" target=\"_blank\" rel=\"noopener\"><strong>Museum der Kultur der Ungaren in der Slowakei<\/strong><\/a>\u2013 teilweise zug\u00e4nglich, f\u00fcr die Rollstuhlfahrer ist nur das Erdgeschoss zug\u00e4nglich und im Geb\u00e4ude ist kein Fahrstuhl, sowie keine barrierefreie Toiletten. Die Halter des Ausweises der Person mit schwerer Gesundheitsbehinderung haben freien Eintritt.<\/p>\n<p><strong>\ud83d\udfe1 <\/strong><a href=\"https:\/\/www.visitbratislava.com\/de\/setzt\/ufo\/\" target=\"_blank\" rel=\"noopener\"><strong>UFO<\/strong><\/a> \u2013 teilweise zug\u00e4nglich, f\u00fcr die Rollstuhlfahrer steht spezieller Eingang zur Verf\u00fcgung, vom Personal kann weitere Hilfe erfordert werden. Im oberen Teil befindet sich der Fahrstuhl f\u00fcr den Zutritt in das Restaurant, jedoch die Aussichtsterrasse ist f\u00fcr die Rollst\u00fchle nicht zug\u00e4nglich. Es stehen keine barrierefreien Toiletten zur Verf\u00fcgung. Die Halter des Ausweises der Person mit schwerer Gesundheitsbehinderung haben freien Eintritt.<\/p>\n<p><strong>\ud83d\udfe1 <\/strong><a href=\"https:\/\/www.visitbratislava.com\/de\/setzt\/slowakisches-nationalmuseum-naturwissenschaftliches-museum\/\" target=\"_blank\" rel=\"noopener\"><strong>Naturwissenschaftliches Museum<\/strong><\/a> \u2013 teilweise zug\u00e4nglich, f\u00fcr die Rollstuhlfahrer steht selbst\u00e4ndiger Eingang zur Verf\u00fcgung, vor dem Besuch ist notwendig sich mit dem Museum telefonisch in Verbindung zu setzen. Das Museum gew\u00e4hrt den Fahrstuhl f\u00fcr die Bewegung zwischen den Geschossen. Es stehen keine barrierefreie Toiletten zur Verf\u00fcgung.<\/p>\n<p><strong>\ud83d\udfe1 <\/strong><a href=\"https:\/\/www.visitbratislava.com\/de\/setzt\/zoo\/\" target=\"_blank\" rel=\"noopener\"><strong>ZOO Bratislava<\/strong><\/a> \u2013 teilweise zug\u00e4nglich, ZOO ist f\u00fcr die Rollstuhlfahrer zug\u00e4nglich, es stehen jedoch keine barrierefreie Toiletten zur Verf\u00fcgung. Die Halter des Ausweises der Person mit schwerer Gesundheitsbehinderung haben freien Eintritt.<\/p>\n<p><strong>\ud83d\udd34 <\/strong><a href=\"https:\/\/www.visitbratislava.com\/de\/setzt\/palais-palffy\/\" target=\"_blank\" rel=\"noopener\"><strong>Galerie der Stadt Bratislava, P\u00e1lffypalais<\/strong><\/a>\u2013 unzug\u00e4nglich, in der Galerie ist keine Anfahrt, kein Fahrstuhl, sowie keine barrierefreie Toiletten.<\/p>\n<p><strong>\ud83d\udd34 <\/strong><a href=\"https:\/\/www.visitbratislava.com\/de\/setzt\/apponyi-palais\/\" target=\"_blank\" rel=\"noopener\"><strong>Apponyipalais<\/strong><\/a> &#8211; unzug\u00e4nglich, das Museum hat keine Anfahrt f\u00fcr Rollstuhlfahrer und hier befinden sich keine barrierefreie Toiletten.<\/p>\n<p><strong>\ud83d\udd34<\/strong><a href=\"https:\/\/www.visitbratislava.com\/de\/setzt\/uhrenmuseum-haus-zum-guten-hirten\/\" target=\"_blank\" rel=\"noopener\"><strong> Uhrenmuseum <\/strong><\/a>\u2013 unzug\u00e4nglich, beim Eingang in das Museum ist keine Anfahrt, die Ausstellungssaale sind nur mit Treppen zug\u00e4nglich und im Geb\u00e4ude ist kein Fahrstuhl.<\/p>\n<p><em>(zuletzt aktualisiert im April 2025)<\/em><\/p>\n<h2 data-start=\"2216\" data-end=\"2265\"><strong data-start=\"2224\" data-end=\"2265\">Barrierefreie Toiletten in Bratislava<\/strong><\/h2>\n<h3 data-start=\"2267\" data-end=\"2313\">\ud83c\udfdb St\u00e4dtische Einrichtungen und Kulturorte<\/h3>\n<ul data-start=\"2314\" data-end=\"2986\">\n<li data-start=\"2314\" data-end=\"2434\">\n<p data-start=\"2316\" data-end=\"2434\"><strong data-start=\"2316\" data-end=\"2370\">Primatialpalast (Zugang von der Ur\u0161ul\u00ednska-Stra\u00dfe)<\/strong> \u2013 barrierefreie, gekennzeichnete Toilette, ebenerdiger Eingang.<\/p>\n<\/li>\n<li data-start=\"2435\" data-end=\"2522\">\n<p data-start=\"2437\" data-end=\"2522\"><strong data-start=\"2437\" data-end=\"2479\">Altes Rathaus \u2013 Stadtmuseum Bratislava<\/strong> \u2013 barrierefreies WC beim Eingang (rechts).<\/p>\n<\/li>\n<li data-start=\"2523\" data-end=\"2585\">\n<p data-start=\"2525\" data-end=\"2585\"><strong data-start=\"2525\" data-end=\"2543\">Verkehrsmuseum<\/strong> \u2013 barrierefreie Toilette auf dem Gel\u00e4nde.<\/p>\n<\/li>\n<li data-start=\"2586\" data-end=\"2699\">\n<p data-start=\"2588\" data-end=\"2699\"><strong data-start=\"2588\" data-end=\"2643\">Bibiana \u2013 Internationales Haus der Kunst f\u00fcr Kinder<\/strong> \u2013 barrierefreies WC im Untergeschoss, Aufzug vorhanden.<\/p>\n<\/li>\n<li data-start=\"2700\" data-end=\"2771\">\n<p data-start=\"2702\" data-end=\"2771\"><strong data-start=\"2702\" data-end=\"2727\">Kunsthalle Bratislava<\/strong> \u2013 barrierefreies WC, per Aufzug erreichbar.<\/p>\n<\/li>\n<li data-start=\"2772\" data-end=\"2876\">\n<p data-start=\"2774\" data-end=\"2876\"><strong data-start=\"2774\" data-end=\"2822\">Slowakisches Nationaltheater \u2013 Neues Geb\u00e4ude<\/strong> \u2013 mehrere barrierefreie WCs auf verschiedenen Etagen.<\/p>\n<\/li>\n<li data-start=\"2877\" data-end=\"2986\">\n<p data-start=\"2879\" data-end=\"2986\"><strong data-start=\"2879\" data-end=\"2925\">Slowakische Nationalgalerie (neuer Fl\u00fcgel)<\/strong> \u2013 barrierefreie WCs im Erdgeschoss und in den oberen Etagen.<\/p>\n<\/li>\n<\/ul>\n<h3 data-start=\"2988\" data-end=\"3023\">\ud83c\udfde Parks und \u00f6ffentliche Pl\u00e4tze<\/h3>\n<ul data-start=\"3024\" data-end=\"3267\">\n<li data-start=\"3024\" data-end=\"3098\">\n<p data-start=\"3026\" data-end=\"3098\"><strong data-start=\"3026\" data-end=\"3045\">Janko-Kr\u00e1\u013e-Park<\/strong> \u2013 \u00f6ffentliche, barrierefreie Toiletten (bei Aupark).<\/p>\n<\/li>\n<li data-start=\"3099\" data-end=\"3191\">\n<p data-start=\"3101\" data-end=\"3191\"><strong data-start=\"3101\" data-end=\"3127\">Hauptplatz (Infopoint)<\/strong> \u2013 barrierefreie Toilette w\u00e4hrend der \u00d6ffnungszeiten zug\u00e4nglich.<\/p>\n<\/li>\n<li data-start=\"3192\" data-end=\"3267\">\n<p data-start=\"3194\" data-end=\"3267\"><strong data-start=\"3194\" data-end=\"3241\">Hviezdoslav-Platz (unter der B\u00fchne des SND)<\/strong> \u2013 barrierefreie Toilette.<\/p>\n<\/li>\n<\/ul>\n<h3 data-start=\"3269\" data-end=\"3291\">\ud83d\udecd Einkaufszentren<\/h3>\n<ul data-start=\"3292\" data-end=\"3611\">\n<li data-start=\"3292\" data-end=\"3358\">\n<p data-start=\"3294\" data-end=\"3358\"><strong data-start=\"3294\" data-end=\"3304\">Aupark<\/strong> \u2013 barrierefreie WCs auf allen Etagen, breite Aufz\u00fcge.<\/p>\n<\/li>\n<li data-start=\"3359\" data-end=\"3409\">\n<p data-start=\"3361\" data-end=\"3409\"><strong data-start=\"3361\" data-end=\"3372\">Eurovea<\/strong> \u2013 barrierefreie WCs auf jeder Etage.<\/p>\n<\/li>\n<li data-start=\"3410\" data-end=\"3467\">\n<p data-start=\"3412\" data-end=\"3467\"><strong data-start=\"3412\" data-end=\"3423\">Central<\/strong> \u2013 barrierefreies WC \u00fcber Aufzug erreichbar.<\/p>\n<\/li>\n<li data-start=\"3468\" data-end=\"3540\">\n<p data-start=\"3470\" data-end=\"3540\"><strong data-start=\"3470\" data-end=\"3493\">Avion Shopping Park<\/strong> \u2013 barrierefreie Toiletten an mehreren Stellen.<\/p>\n<\/li>\n<li data-start=\"3541\" data-end=\"3611\">\n<p data-start=\"3543\" data-end=\"3611\"><strong data-start=\"3543\" data-end=\"3556\">Bory Mall<\/strong> \u2013 ger\u00e4umige WCs f\u00fcr mobilit\u00e4tseingeschr\u00e4nkte Besucher.<\/p>\n<\/li>\n<\/ul>\n<h3 data-start=\"3613\" data-end=\"3658\">\ud83d\ude89 Verkehrsknotenpunkte und Infrastruktur<\/h3>\n<ul data-start=\"3659\" data-end=\"3928\">\n<li data-start=\"3659\" data-end=\"3755\">\n<p data-start=\"3661\" data-end=\"3755\"><strong data-start=\"3661\" data-end=\"3677\">Hauptbahnhof<\/strong> \u2013 barrierefreies WC von au\u00dfen zug\u00e4nglich, beim Haupteingang (gekennzeichnet).<\/p>\n<\/li>\n<li data-start=\"3756\" data-end=\"3847\">\n<p data-start=\"3758\" data-end=\"3847\"><strong data-start=\"3758\" data-end=\"3777\">Busbahnhof Nivy<\/strong> \u2013 moderne barrierefreie Toiletten an mehreren Orten (inkl. Parkhaus).<\/p>\n<\/li>\n<li data-start=\"3848\" data-end=\"3928\">\n<p data-start=\"3850\" data-end=\"3928\"><strong data-start=\"3850\" data-end=\"3874\">Flughafen Bratislava<\/strong> \u2013 barrierefreie WCs in der Ankunfts- und Abflughalle.<\/p>\n<\/li>\n<\/ul>\n<h3 data-start=\"3930\" data-end=\"3998\">\ud83c\udfe8 Hotels (mit \u00f6ffentlich zug\u00e4nglichen barrierefreien Toiletten)<\/h3>\n<ul data-start=\"3999\" data-end=\"4205\">\n<li data-start=\"3999\" data-end=\"4076\">\n<p data-start=\"4001\" data-end=\"4076\"><strong data-start=\"4001\" data-end=\"4028\">Crowne Plaza Bratislava<\/strong> \u2013 barrierefreies, gekennzeichnetes Besucher-WC.<\/p>\n<\/li>\n<li data-start=\"4077\" data-end=\"4139\">\n<p data-start=\"4079\" data-end=\"4139\"><strong data-start=\"4079\" data-end=\"4093\">Hotel LOFT<\/strong> \u2013 barrierefreier Eingang und WC in der Lobby.<\/p>\n<\/li>\n<li data-start=\"4140\" data-end=\"4205\">\n<p data-start=\"4142\" data-end=\"4205\"><strong data-start=\"4142\" data-end=\"4168\">NH Bratislava Gate One<\/strong> \u2013 barrierefreies WC im Lobbybereich.<\/p>\n<\/li>\n<\/ul>\n<h3 data-start=\"320\" data-end=\"353\"><strong data-start=\"329\" data-end=\"351\">Bitte beachten Sie<\/strong><\/h3>\n<p data-start=\"354\" data-end=\"580\">In manchen Einrichtungen ist f\u00fcr den Zugang zur barrierefreien Toilette eventuell Hilfe durch Personal oder eine Schl\u00fcsselkarte erforderlich. Die Verf\u00fcgbarkeit kann auch von den \u00d6ffnungszeiten des jeweiligen Geb\u00e4udes abh\u00e4ngen.<\/p>\n","protected":false},"excerpt":{"rendered":"<p>Entdecke das barrierefreie Bratislava \u2013 ein praktischer Leitfaden f\u00fcr Menschen mit Behinderungen, Senioren, Rollstuhlfahrer und Familien. Tipps zu barrierefreien Sehensw\u00fcrdigkeiten, Hotels und Services.<\/p>\n","protected":false},"author":41,"featured_media":289530,"parent":0,"menu_order":0,"comment_status":"closed","ping_status":"closed","template":"","meta":[],"acf":[],"_links":{"self":[{"href":"https:\/\/www.visitbratislava.com\/de\/wp-json\/wp\/v2\/pages\/289896"}],"collection":[{"href":"https:\/\/www.visitbratislava.com\/de\/wp-json\/wp\/v2\/pages"}],"about":[{"href":"https:\/\/www.visitbratislava.com\/de\/wp-json\/wp\/v2\/types\/page"}],"author":[{"embeddable":true,"href":"https:\/\/www.visitbratislava.com\/de\/wp-json\/wp\/v2\/users\/41"}],"replies":[{"embeddable":true,"href":"https:\/\/www.visitbratislava.com\/de\/wp-json\/wp\/v2\/comments?post=289896"}],"version-history":[{"count":17,"href":"https:\/\/www.visitbratislava.com\/de\/wp-json\/wp\/v2\/pages\/289896\/revisions"}],"predecessor-version":[{"id":345651,"href":"https:\/\/www.visitbratislava.com\/de\/wp-json\/wp\/v2\/pages\/289896\/revisions\/345651"}],"wp:featuredmedia":[{"embeddable":true,"href":"https:\/\/www.visitbratislava.com\/de\/wp-json\/wp\/v2\/media\/289530"}],"wp:attachment":[{"href":"https:\/\/www.visitbratislava.com\/de\/wp-json\/wp\/v2\/media?parent=289896"}],"curies":[{"name":"wp","href":"https:\/\/api.w.org\/{rel}","templated":true}]}}