{"id":292718,"date":"2024-04-30T13:47:21","date_gmt":"2024-04-30T11:47:21","guid":{"rendered":"https:\/\/www.visitbratislava.com\/?page_id=292718"},"modified":"2025-09-11T09:23:31","modified_gmt":"2025-09-11T07:23:31","slug":"informationen-ueber-die-verarbeitung-von-personenbezogenen-daten","status":"publish","type":"page","link":"https:\/\/www.visitbratislava.com\/de\/informationen-ueber-die-verarbeitung-von-personenbezogenen-daten\/","title":{"rendered":"Informationen \u00fcber die Verarbeitung von personenbezogenen Daten"},"content":{"rendered":"<p>Ihre personenbezogenen Daten werden vom <strong>Tourismusverband Bratislava<\/strong>\/Bratislava Tourist Board\u00a0 (im Folgenden kurz als &#8222;BTB&#8220;) <span data-olk-copy-source=\"MessageBody\">Gr\u00f6sslingov\u00e1 4<\/span>, 811 09 Bratislava, ID-Nr.: 42259088, verarbeitet, Kontakt f\u00fcr Informationen \u00fcber die Verarbeitung personenbezogener Daten und die Aus\u00fcbung der Rechte der betroffenen Personen <strong><u>btb@visitbratislava.com<\/u><\/strong>.<\/p>\n<p>Wir verarbeiten personenbezogene Daten, die f\u00fcr die Erf\u00fcllung des Gegenstandes unserer T\u00e4tigkeit, bestimmt durch die Satzung des BTB und das Gesetz Nr. 91\/2010 Slg. \u00fcber die F\u00f6rderung des Fremdenverkehrs, d.h. insbesondere f\u00fcr die Schaffung und Durchf\u00fchrung von Marketing und F\u00f6rderung des Fremdenverkehrs in der Destination Bratislava, erforderlich sind.<\/p>\n<p>Wir bewahren personenbezogene Daten so lange auf, wie es f\u00fcr die Erf\u00fcllung des Zwecks, f\u00fcr den sie verarbeitet wurden, erforderlich ist, mindestens jedoch bis zur Aufl\u00f6sung von BTB oder unseres letzten Rechtsnachfolgers als juristischer Person im Falle unserer\/seiner Aufl\u00f6sung ohne weiteren Rechtsnachfolger.<\/p>\n<p><strong>A. Pers\u00f6nliche Daten, die beim Besuch der Website verarbeitet werden &#8211; COOKIES<\/strong><\/p>\n<p>Wir verwenden Cookies<\/p>\n<ol style=\"list-style-type: lower-roman;\">\n<li>f\u00fcr das ordnungsgem\u00e4\u00dfe Funktionieren unserer Websites (es handelt sich dabei um technische &#8211; wesentliche Cookies, d.h. Arten von Cookies, ohne die eine Nutzung unserer Dienste nicht m\u00f6glich ist &#8211; es ist keine besondere Zustimmung des Website-Besuchers erforderlich); und<\/li>\n<li>um die Funktionalit\u00e4t unserer Websites speziell f\u00fcr Sie und im Hinblick auf Ihre Pr\u00e4ferenzen und Einstellungen zu verbessern und anzupassen (Marketingbezogene &#8211; optionale: sie erm\u00f6glichen unter Verwendung der Benutzer-ID die Analyse, in welcher Weise die Website-Besucher die Website nutzen &#8211; die Zustimmung des Website-Besuchers ist erforderlich. Wir geben Cookies auch an Dritte weiter).<\/li>\n<\/ol>\n<p>Wir verarbeiten personenbezogene Daten im Zusammenhang mit der Verwendung von Cookies auf der Webseite und den Unterseiten <a href=\"https:\/\/www.visitbratislava.com\/sk\/\">www.visitbratislava.com<\/a> (<a href=\"https:\/\/72hourcity.com\/DE\" target=\"_blank\" rel=\"noopener\">72hourcity.com<\/a>, <a href=\"https:\/\/card.visitbratislava.com\/sk\/\">card.visitbratislava.com<\/a>).<\/p>\n<p>Die Besucher der Webseite k\u00f6nnen ihre Zustimmung zur Verarbeitung personenbezogener Daten, die mittels der Marketing-Cookies erhoben werden, jederzeit mit Wirkung f\u00fcr die Zukunft widerrufen, indem sie die Einstellungen ihres Webbrowsers \u00e4ndern. Gleichzeitig ist es m\u00f6glich, die Hilfefunktion des Browsers zu nutzen. Wenn der Besucher die Verwendung von Cookies nicht w\u00fcnscht, muss er sie aktiv l\u00f6schen oder blockieren. Weitere Informationen \u00fcber Cookies und deren L\u00f6schung finden Sie auf der Webseite www.allaboutcookies.org und bei der Verwendung von mobilen Webbrowsern in der Bedienungsanleitung des Telefons. Wir verwenden keine Cookies, um personenbezogene Daten der Besucher zu sammeln.<\/p>\n<p><strong>B.Personenbezogene Daten, die beim Versand des Newsletters verarbeitet werden<\/strong><\/p>\n<p>Wir bieten einen Dienst zum Abonnement von Nachrichten und aktuellen Informationen \u00fcber das Geschehen in Bratislava in Form eines Newsletters an. Zur Anmeldung zu dieser Dienstleistung und auf der Grundlage Ihrer Zustimmung zur Verarbeitung personenbezogener Daten verarbeiten wir die folgenden Kategorien personenbezogener Daten: <strong>E-Mail-Adresse<\/strong>.<\/p>\n<p>Das Recht, der Verarbeitung personenbezogener Daten zu widersprechen oder die Beendigung der Verarbeitung dieser Daten und gleichzeitig die Beendigung des Bezugs des Newsletters zu verlangen, kann durch Aktivierung des Abmeldelinks\/der Abmeldefunktion ausge\u00fcbt werden<\/p>\n<p><strong>CPersonenbezogene Daten, die beim Versand des Newsletters verarbeitet werden<\/strong><\/p>\n<p>Bei den vom BTB (mit-)organisierten Veranstaltungen (insbesondere bei den Pressburger Stadttagen und den Kr\u00f6nungstagen von Bratislava) werden <strong>Foto- und Videoaufnahmen<\/strong> gemacht, auf denen das Abbild der Teilnehmer festgehalten wird. Diese Fotos werden verwendet, um \u00fcber Veranstaltungen in Bratislava zu informieren und f\u00fcr Bratislava und den BTB zu werben.<\/p>\n<p>Wenn Sie Ihre Rechte in Bezug auf den Schutz Ihrer personenbezogenen Daten wahrnehmen m\u00f6chten, k\u00f6nnen Sie sich \u00fcber btb@visitbratislava.com an uns wenden.<\/p>\n<hr \/>\n<p>In Bezug auf den Schutz personenbezogener Daten haben Sie <strong>folgende Rechte<\/strong>:<\/p>\n<ul>\n<li><strong>das Recht auf Zugang zu Ihren personenbezogenen Daten, <\/strong>Sie haben das Recht, von uns eine Best\u00e4tigung zu verlangen, ob wir Sie betreffende personenbezogene Daten verarbeiten, und wenn wir Ihre Daten verarbeiten, haben Sie das Recht, Zugang zu diesen personenbezogenen Daten und ausf\u00fchrliche Informationen \u00fcber alle Tatsachen im Zusammenhang mit der Verarbeitung dieser personenbezogenen Daten zu erhalten (Ihr Recht auf Zugang zu personenbezogenen Daten ist in Abschnitt 21 des Gesetzes Nr. 18\/2018 Slg. \u00fcber den Schutz personenbezogener Daten und zur \u00c4nderung und Erg\u00e4nzung bestimmter Gesetze und im Artikel 15 der Verordnung (EU) Nr. 2016\/679 des Europ\u00e4ischen Parlaments und des Rates geregelt). Auf Ihr Ersuchen hin sind wir verpflichtet, Ihnen die personenbezogenen Daten, die wir \u00fcber Sie verarbeiten, zur Verf\u00fcgung zu stellen, und wir sind berechtigt, von Ihnen eine angemessene Geb\u00fchr zu verlangen, die den Verwaltungskosten f\u00fcr die wiederholte Bereitstellung dieser Daten entspricht;<\/li>\n<li><strong>das Recht auf Berichtigung personenbezogener Daten, <\/strong>d. h. auf Berichtigung unrichtiger Sie betreffender Daten oder Vervollst\u00e4ndigung unvollst\u00e4ndiger personenbezogener Daten (Ihr Recht auf Berichtigung personenbezogener Daten ist in \u00a7 22 des Gesetzes Nr. 18\/2018 Slg. \u00fcber den Schutz personenbezogener Daten und zur \u00c4nderung und Erg\u00e4nzung bestimmter Gesetze und in\u00a0 Artikel 16 der Verordnung (EU) Nr. 2016\/679 des Europ\u00e4ischen Parlaments und des Rates geregelt);<\/li>\n<li><strong>das Recht auf L\u00f6schung personenbezogener Daten <\/strong>(Ihr Recht auf L\u00f6schung personenbezogener Daten ist in \u00a7 23 des Gesetzes Nr. 18\/2018 Slg. \u00fcber den Schutz personenbezogener Daten und zur \u00c4nderung und Erg\u00e4nzung bestimmter Gesetze und im Artikel 17 der Verordnung (EU) Nr. 2016\/679 des Europ\u00e4ischen Parlaments und des Rates geregelt), wenn:<\/li>\n<\/ul>\n<p style=\"padding-left: 40px;\">(a) die personenbezogenen Daten f\u00fcr den Zweck, f\u00fcr den wir sie erhalten oder anderweitig verarbeitet haben, nicht mehr erforderlich sind,<\/p>\n<p style=\"padding-left: 40px;\">(b) wir die personenbezogenen Daten unrechtm\u00e4\u00dfig verarbeiten,<\/p>\n<p style=\"padding-left: 40px;\">(c) Sie Ihre Einwilligung zur Verarbeitung Ihrer personenbezogenen Daten widerrufen und es keine andere Rechtsgrundlage f\u00fcr die Verarbeitung Ihrer personenbezogenen Daten gibt,<\/p>\n<p style=\"padding-left: 40px;\">(d) Sie Widerspruch gegen die Verarbeitung personenbezogener Daten einlegen und es liegen keine berechtigten Gr\u00fcnde f\u00fcr die Verarbeitung personenbezogener Daten vor oder Sie der Verarbeitung personenbezogener Daten gem\u00e4\u00df \u00a7 27 Absatz 2 des Gesetzes Nr. 18\/2018 Slg. \u00fcber den Schutz personenbezogener Daten und \u00fcber die \u00c4nderung und Erg\u00e4nzung bestimmter Rechtsakte, widersprechen<\/p>\n<p style=\"padding-left: 40px;\">(e) der Grund f\u00fcr die L\u00f6schung und der Erf\u00fcllung einer Verpflichtung gem\u00e4\u00df Gesetz Nr. 18\/2018 Slg. \u00fcber den Schutz personenbezogener Daten und \u00fcber die \u00c4nderung und Erg\u00e4nzung bestimmter Rechtsakte, einer Sondervorschrift oder eines internationalen Vertrags, an den die Slowakische Republik gebunden ist, besteht oder,<\/p>\n<p style=\"padding-left: 40px;\">(f) die personenbezogenen Daten im Zusammenhang mit dem Angebot von Diensten einer\u00a0 Informationsgesellschaft gem\u00e4\u00df \u00a7 15 Absatz 1 des Gesetzes Nr. 18\/2018 Slg. \u00fcber den Schutz personenbezogener Daten und \u00fcber die \u00c4nderung und Erg\u00e4nzung bestimmter Gesetze gewonnen wurden<\/p>\n<p style=\"padding-left: 40px;\">Sie k\u00f6nnen das Recht auf L\u00f6schung Ihrer personenbezogenen Daten nicht aus\u00fcben, wenn:<\/p>\n<p style=\"padding-left: 80px;\">(a) die Verarbeitung personenbezogener Daten f\u00fcr die Geltendmachung eines Rechtsanspruchs erforderlich ist,<\/p>\n<p style=\"padding-left: 80px;\">(b) die Verarbeitung personenbezogener Daten f\u00fcr die Aus\u00fcbung des Rechts auf freie Meinungs\u00e4u\u00dferung oder des Rechts auf Information erforderlich ist,<\/p>\n<p style=\"padding-left: 80px;\">(c) die Verarbeitung personenbezogener Daten f\u00fcr die Erf\u00fcllung einer Verpflichtung nach dem Gesetz Nr. 18\/2018 Slg. 2016\/679 des Europ\u00e4ischen Parlaments und des Rates, einer besonderen Vorschrift oder einem internationalen Vertrag, an die bzw. den die Slowakische Republik gebunden ist, oder f\u00fcr die Wahrnehmung einer Aufgabe, die im \u00f6ffentlichen Interesse liegt oder in Aus\u00fcbung \u00f6ffentlicher Gewalt erfolgt, die der Person, die die personenbezogenen Daten verarbeitet, \u00fcbertragen wurde, erforderlich ist.<\/p>\n<p style=\"padding-left: 80px;\">d) die Verarbeitung der personenbezogenen Daten aus Gr\u00fcnden des \u00f6ffentlichen Interesses im Bereich der \u00f6ffentlichen Gesundheit gem\u00e4\u00df \u00a7 16 Absatz 2 Buchstaben h) bis j) des Gesetzes Nr. 18\/2018 Slg. \u00fcber den Schutz personenbezogener Daten und \u00fcber die \u00c4nderung und Erg\u00e4nzung bestimmter Gesetze, erforderlich ist,<\/p>\n<p style=\"padding-left: 80px;\">(e) die Verarbeitung personenbezogener Daten f\u00fcr Archivzwecke, wissenschaftliche Zwecke, historische Forschungszwecke oder statistische Zwecke gem\u00e4\u00df \u00a7 78 Absatz 8 des Gesetzes Nr. 18\/2018 Slg. \u00fcber den Schutz personenbezogener Daten und \u00fcber die \u00c4nderung und Erg\u00e4nzung bestimmter Rechtsakte erforderlich ist, wenn es wahrscheinlich ist, dass Ihr Recht die Erreichung der Zwecke dieser Verarbeitung unm\u00f6glich machen oder ernsthaft behindern w\u00fcrde;<\/p>\n<ul>\n<li><strong>das Recht, die Verarbeitung personenbezogener Daten einzuschr\u00e4nken<\/strong> (Ihr Recht auf Einschr\u00e4nkung der Verarbeitung personenbezogener Daten ist in \u00a7 24 des Gesetzes Nr. 18\/2018 Slg. \u00fcber den Schutz personenbezogener Daten und zur \u00c4nderung und Erg\u00e4nzung bestimmter Gesetze und Art. 16 der Verordnung (EU) Nr. 2016\/679 des Europ\u00e4ischen Parlaments und des Rates geregelt), wenn<\/li>\n<\/ul>\n<p style=\"padding-left: 40px;\">(a) Sie gegen die Richtigkeit der personenbezogenen Daten w\u00e4hrend eines Zeitraums Widerspruch einlegen, der es uns erm\u00f6glicht, die Richtigkeit der personenbezogenen Daten zu \u00fcberpr\u00fcfen,<\/p>\n<p style=\"padding-left: 40px;\">(b) die Verarbeitung der personenbezogenen Daten unrechtm\u00e4\u00dfig ist und Sie gegen die L\u00f6schung der personenbezogenen Daten Einspruch erheben und stattdessen eine Einschr\u00e4nkung ihrer Verwendung verlangen,<\/p>\n<p style=\"padding-left: 40px;\">(c) wir die personenbezogenen Daten f\u00fcr den Zweck der Verarbeitung der personenbezogenen Daten nicht mehr ben\u00f6tigen, Sie diese aber zur Geltendmachung eines Rechtsanspruchs ben\u00f6tigen; oder,<\/p>\n<p style=\"padding-left: 40px;\">(d) Sie Widerspruch gegen die Verarbeitung personenbezogener Daten gem\u00e4\u00df \u00a7 27 Absatz 1 des Gesetzes Nr. 18\/2018 Slg. \u00fcber den Schutz personenbezogener Daten und zur \u00c4nderung und Erg\u00e4nzung bestimmter Gesetze und Art. 21 Absatz 1 der Verordnung (EU) Nr. 2016\/679 des Europ\u00e4ischen Parlaments und des Rates legen.<\/p>\n<p style=\"padding-left: 40px;\">Wurde die Verarbeitung personenbezogener Daten eingeschr\u00e4nkt, d\u00fcrfen wir \u00fcber die Speicherung personenbezogener Daten hinaus personenbezogene Daten nur mit Ihrer Einwilligung oder zur Geltendmachung eines Rechtsanspruchs, zum Schutz von Personen oder aus Gr\u00fcnden des \u00f6ffentlichen Interesses verarbeiten;<\/p>\n<ul>\n<li><strong>das Recht auf Widerspruch gegen die Verarbeitung personenbezogener Daten <\/strong>(Ihr Recht auf Widerspruch gegen die Verarbeitung personenbezogener Daten ist in \u00a7 27 des Gesetzes Nr. 18\/2018 Slg. \u00fcber den Schutz personenbezogener Daten und zur \u00c4nderung und Erg\u00e4nzung bestimmter Gesetze und Art. 21 der Verordnung (EU) Nr. 2016\/679 des Europ\u00e4ischen Parlaments und des Rates geregelt), wenn die Verarbeitung personenbezogener Daten auf einer Rechtsgrundlage gem\u00e4\u00df \u00a7 13 Absatz 1 Buchstabe e) oder f) des Gesetzes Nr. 18\/2018 Slg. zum Schutz personenbezogener Daten und zur \u00c4nderung und Erg\u00e4nzung bestimmter Gesetze oder auf Artikel 6 Absatz 1 Buchstabe e) oder f) der Verordnung (EU) Nr. 2016\/679 des Europ\u00e4ischen Parlaments und des Rates beruht. In einem solchen Fall d\u00fcrfen wir als f\u00fcr die Verarbeitung Verantwortlicher die personenbezogenen Daten nicht verarbeiten, es sei denn, wir k\u00f6nnen zwingende schutzw\u00fcrdige Interessen f\u00fcr die Verarbeitung der personenbezogenen Daten nachweisen, die Ihre Rechte oder Interessen oder die Gr\u00fcnde f\u00fcr die Geltendmachung eines Rechtsanspruchs \u00fcberwiegen;<\/li>\n<li><strong>das Recht auf \u00dcbertragbarkeit personenbezogener Daten <\/strong>(Ihr Recht auf \u00dcbertragbarkeit personenbezogener Daten ist in \u00a7 26 des Gesetzes Nr. 18\/2018 Slg. \u00fcber den Schutz personenbezogener Daten und zur \u00c4nderung und Erg\u00e4nzung bestimmter Gesetze und Artikel 20 der Verordnung (EU) Nr. 2016\/679 des Europ\u00e4ischen Parlaments und des Rates geregelt), und zwar in einem strukturierten, g\u00e4ngigen und maschinenlesbaren Format, wobei Sie das Recht haben, diese personenbezogenen Daten einem anderen Betreiber zu \u00fcbermitteln, sofern dies technisch machbar ist und die Verarbeitung mithilfe automatisierter Verfahren und auf einer Rechtsgrundlage im Sinne von Artikel 13 Absatz 1 Buchstabe a) oder b) des Gesetzes Nr. 18\/2018 Slg. \u00fcber den Schutz personenbezogener Daten und zur \u00c4nderung und Erg\u00e4nzung bestimmter Gesetze oder Artikel 6 Absatz 1 Buchstabe a) oder b) der Verordnung (EU) Nr. 2016\/679 des Europ\u00e4ischen Parlaments und des Rates durchgef\u00fchrt wird, d. h. wenn wir personenbezogene Daten auf der Grundlage Ihrer Einwilligung oder zur Erf\u00fcllung eines Vertrags oder einer vertraglichen Verpflichtung verarbeiten.<\/li>\n<\/ul>\n<hr \/>\n<p>Wir verarbeiten personenbezogene Daten auch mit Hilfe von Auftragsverarbeitern &#8211; Dienstleistern, insbesondere im Bereich der sozialen Medien und des Online-Marketings.<\/p>\n<p>Personenbezogene Daten, mit Ausnahme der von Google Analytics, GTM und FB Pixel verarbeiteten personenbezogenen Daten von Website-Besuchern, werden nicht an Empf\u00e4nger au\u00dferhalb der Europ\u00e4ischen Union oder des Europ\u00e4ischen Wirtschaftsraums \u00fcbermittelt. Zum Zweck der Nutzung der oben genannten Dienste werden personenbezogene Daten an Server in den USA \u00fcbertragen. Das Schutzniveau f\u00fcr personenbezogene Daten in den USA ist mit dem in der EU vergleichbar. Am 12. Juli 2016 entschied die Europ\u00e4ische Kommission gem\u00e4\u00df Artikel 45 der DSGVO, dass in den USA ein angemessenes Schutzniveau f\u00fcr personenbezogene Daten besteht, vorbehaltlich der Bedingungen und Bestimmungen des sogenannten &#8222;E.U.-U.S. Privacy Shield&#8220;.<\/p>\n<p>&nbsp;<\/p>\n","protected":false},"excerpt":{"rendered":"<p>Ihre personenbezogenen Daten werden vom Tourismusverband Bratislava\/Bratislava Tourist Board\u00a0 (im Folgenden kurz als &#8222;BTB&#8220;) Gr\u00f6sslingov\u00e1 4, 811 09 Bratislava, ID-Nr.: 42259088, verarbeitet, Kontakt f\u00fcr Informationen \u00fcber die Verarbeitung personenbezogener Daten und die Aus\u00fcbung der Rechte der betroffenen Personen btb@visitbratislava.com. Wir verarbeiten personenbezogene Daten, die f\u00fcr die Erf\u00fcllung des Gegenstandes unserer T\u00e4tigkeit, bestimmt durch die Satzung [&hellip;]<\/p>\n","protected":false},"author":32,"featured_media":294776,"parent":0,"menu_order":0,"comment_status":"closed","ping_status":"closed","template":"","meta":[],"acf":[],"_links":{"self":[{"href":"https:\/\/www.visitbratislava.com\/de\/wp-json\/wp\/v2\/pages\/292718"}],"collection":[{"href":"https:\/\/www.visitbratislava.com\/de\/wp-json\/wp\/v2\/pages"}],"about":[{"href":"https:\/\/www.visitbratislava.com\/de\/wp-json\/wp\/v2\/types\/page"}],"author":[{"embeddable":true,"href":"https:\/\/www.visitbratislava.com\/de\/wp-json\/wp\/v2\/users\/32"}],"replies":[{"embeddable":true,"href":"https:\/\/www.visitbratislava.com\/de\/wp-json\/wp\/v2\/comments?post=292718"}],"version-history":[{"count":5,"href":"https:\/\/www.visitbratislava.com\/de\/wp-json\/wp\/v2\/pages\/292718\/revisions"}],"predecessor-version":[{"id":352241,"href":"https:\/\/www.visitbratislava.com\/de\/wp-json\/wp\/v2\/pages\/292718\/revisions\/352241"}],"wp:featuredmedia":[{"embeddable":true,"href":"https:\/\/www.visitbratislava.com\/de\/wp-json\/wp\/v2\/media\/294776"}],"wp:attachment":[{"href":"https:\/\/www.visitbratislava.com\/de\/wp-json\/wp\/v2\/media?parent=292718"}],"curies":[{"name":"wp","href":"https:\/\/api.w.org\/{rel}","templated":true}]}}