{"id":304961,"date":"2024-07-30T16:05:50","date_gmt":"2024-07-30T14:05:50","guid":{"rendered":"https:\/\/www.visitbratislava.com\/?page_id=304961"},"modified":"2025-07-02T10:06:53","modified_gmt":"2025-07-02T08:06:53","slug":"bratislava-card-x-kroenungstage","status":"publish","type":"page","link":"https:\/\/www.visitbratislava.com\/de\/bratislava-card-x-kroenungstage\/","title":{"rendered":"Bratislava CARD x Kr\u00f6nungstage"},"content":{"rendered":"<h3><span style=\"color: #db1800;\">Kostenloser \u00f6ffentlicher Verkehr<\/span><\/h3>\n<p>Die <a href=\"https:\/\/card.visitbratislava.com\/de\/\" target=\"_blank\" rel=\"noopener\">Bratislava CARD<\/a> dient auch als Netzwerkticket, das unbegrenzte Fahrten in allen Zonen des st\u00e4dtischen und vorst\u00e4dtischen Verkehrs erm\u00f6glicht. Sie k\u00f6nnen Stra\u00dfenbahnen, O-Busse, Busse, Nachtlinien, regionale rote Busse von Arriva und sogar Z\u00fcge nutzen.<\/p>\n<h3><span style=\"color: #db1800;\">Stadtf\u00fchrung inklusive<\/span><\/h3>\n<p>Eine<a href=\"https:\/\/card.visitbratislava.com\/de\/discount\/gefuhrter-stadtrundgang-durch-die-altstadt\/\" target=\"_blank\" rel=\"noopener\"> 75-min\u00fctige Stadtf\u00fchrung<\/a> k\u00f6nnen Sie t\u00e4glich um 14:00 Uhr ab dem<a href=\"https:\/\/www.visitbratislava.com\/de\/besuch\/touristinfos\/\" target=\"_blank\" rel=\"noopener\"> Touristeninformationszentrum<\/a> genie\u00dfen. Ein Kind unter 18 Jahren in Begleitung eines Elternteils, der die Karte besitzt, hat ebenfalls Anspruch auf die kostenlose F\u00fchrung. Sie m\u00fcssen sich mindestens 2 Stunden im Voraus f\u00fcr die F\u00fchrung anmelden.<\/p>\n<h3><span style=\"color: #db1800;\">Die ungarische Krone aus der N\u00e4he sehen<\/span><\/h3>\n<p>Mit unserer Karte k\u00f6nnen Sie <a href=\"https:\/\/card.visitbratislava.com\/de\/discount\/museum-der-stadtgeschichte\/\" target=\"_blank\" rel=\"noopener\">das Alte Rathaus<\/a> kostenlos besuchen, wo das Stadtmuseum Bratislava w\u00e4hrend der Kr\u00f6nungstage in Bratislava eine originalgetreue <a href=\"https:\/\/www.visitbratislava.com\/de\/ungarische-koenigskrone\/\" target=\"_blank\" rel=\"noopener\">Nachbildung der Krone<\/a> ausstellt, die jahrhundertelang bei Kr\u00f6nungen auf die K\u00f6pfe der K\u00f6nige gesetzt wurde. Vergessen Sie nicht, den Rathausturm zu besuchen, der einen unverwechselbaren Blick auf das historische Stadtzentrum bietet.<\/p>\n<h3><span style=\"color: #db1800;\">Bratislavaer Burg<\/span><\/h3>\n<p>Neben attraktiven Ausstellungen geh\u00f6rt auch das beeindruckende Innere der Burg zur <a href=\"https:\/\/card.visitbratislava.com\/de\/discount\/snm-historisches-museum-bratislavaer-burg\/\" target=\"_blank\" rel=\"noopener\">Museumsf\u00fchrung<\/a>. Sie werden die pr\u00e4chtige Treppe aus der Zeit von Maria Theresia passieren und k\u00f6nnen bis zum Gipfel des Kronturms weitergehen, von dem aus sich ein wundersch\u00f6ner Blick auf die Stadt und die Umgebung bietet. Kostenlos mit der Karte.<\/p>\n<h3><span style=\"color: #db1800;\">Wenn Sie hungrig werden<\/span><\/h3>\n<p>Der K\u00fcchenchef des<a href=\"https:\/\/card.visitbratislava.com\/de\/discount\/zylinder-cafe-restaurant-3\/\" target=\"_blank\" rel=\"noopener\"> Restaurants Zylinder<\/a>, das authentische Pre\u00dfburger Spezialit\u00e4ten anbietet, hat sorgf\u00e4ltig die gr\u00f6\u00dften Sch\u00e4tze der \u00f6sterreichischen, slowakischen und ungarischen K\u00fcche ausgew\u00e4hlt und mit modernen kulinarischen Trends gew\u00fcrzt. Genie\u00dfen Sie einen 10% Rabatt.<\/p>\n<p>Die traditionelle Pre\u00dfburger K\u00fcche finden Sie seit 1894 auch am rechten Donauufer im Janko-Kral-Park im <a href=\"https:\/\/card.visitbratislava.com\/de\/discount\/restaurant-leberfinger\/\" target=\"_blank\" rel=\"noopener\">Restaurant Leberfinger<\/a>, wo Sie ebenfalls einen 10% Rabatt erhalten.<\/p>\n<h3><span style=\"color: #db1800;\">Der Kr\u00f6nungsort<\/span><\/h3>\n<p>Eine der meistbesuchten Sehensw\u00fcrdigkeiten der Hauptstadt ist ebenfalls kostenlos mit der Karte zug\u00e4nglich. Die im gotischen Stil erbaute <a href=\"https:\/\/card.visitbratislava.com\/de\/discount\/die-kathedrale-des-heiligen-martin\/\" target=\"_blank\" rel=\"noopener\">Kathedrale des Heiligen Martin<\/a> schm\u00fcckt Bratislava seit 1452. Sie verf\u00fcgt auch \u00fcber barocke Architektur, die Kapelle des Heiligen Johannes des Almosengebers und eine Statue des Heiligen Martin im Inneren. Von 1563 bis 1830 wurden hier 11 K\u00f6nige und 7 k\u00f6nigliche Gemahlinnen gekr\u00f6nt.<\/p>\n<p>Wenn Sie vom Rudnay-Platz durch das s\u00fcdliche Portal eintreten und durch das n\u00f6rdliche Portal die malerische mittelalterliche Kapitulska-Stra\u00dfe entlang gehen, wiederholen Sie den Kr\u00f6nungsweg der ungarischen K\u00f6nige.<\/p>\n<h3><span style=\"color: #db1800;\">Ein weiterer Zeitzeuge<\/span><\/h3>\n<p><a href=\"https:\/\/card.visitbratislava.com\/de\/discount\/galerie-der-stadt-bratislava-palais-mirbach\/\" target=\"_blank\" rel=\"noopener\">Der Mirbach-Palast<\/a>, erbaut zwischen 1768 und 1770, geh\u00f6rt zu den Schmuckst\u00fccken der Rokoko-Architektur in Bratislava. Er beherbergt die Galerie der Stadt Bratislava, deren Ausstellungen Sie mit der Karte v\u00f6llig kostenlos besichtigen k\u00f6nnen. Zwei R\u00e4ume mit originalen Holzverkleidungen und wertvollen kolorierten Stichen aus der Zeit sind aus der urspr\u00fcnglichen Einrichtung erhalten geblieben. Wir garantieren, dass Sie so etwas noch nie gesehen haben.<\/p>\n<h3><span style=\"color: #db1800;\">Das einzige erhaltene Tor der Stadtbefestigung<\/span><\/h3>\n<p><a href=\"https:\/\/card.visitbratislava.com\/de\/discount\/3459\/\" target=\"_blank\" rel=\"noopener\">Der Michaelerturm<\/a> bietet einen 360\u00b0-Blick auf das historische Zentrum von Bratislava und die Burg. Er stammt aus dem 14. Jahrhundert, sein heutiges Erscheinungsbild ist jedoch aus dem 18. Jahrhundert. Unter dem Tor befindet sich der Nullkilometerstein mit Himmelsrichtungen, der die Entfernung europ\u00e4ischer und weltweiter Metropolen von Bratislava zeigt.<\/p>\n<h3><span style=\"color: #db1800;\">Nicht nur Blaufr\u00e4nkisch<\/span><\/h3>\n<p>Probieren Sie die Top 100 slowakischen Weine von slowakischen Winzern. <a href=\"https:\/\/card.visitbratislava.com\/de\/discount\/nationaler-weinsaloon\/\" target=\"_blank\" rel=\"noopener\">Der Nationaler Weinsalon der Slowakischen Republik<\/a>, ein weltweit einzigartiges Konzept, bietet Ihnen sicherlich auch Blaufr\u00e4nkisch, den Lieblingswein von Maria Theresia, sowie gef\u00fchrte Verkostungen mit einem professionellen Sommelier oder das beliebteste Programm, 72 Weine in 100 Minuten in einem historischen Keller aus dem 18. Jahrhundert zu verkosten, mit einem 10% Rabatt.<\/p>\n<h3><span style=\"color: #db1800;\">Klosterbrauerei<\/span><\/h3>\n<p>Wenn Sie das goldene Getr\u00e4nk bevorzugen, k\u00f6nnen Sie es mit einem 10% Rabatt in den<a href=\"https:\/\/card.visitbratislava.com\/de\/discount\/klosterbrauerei\/\" target=\"_blank\" rel=\"noopener\"> originalen Klosterkellern<\/a> genie\u00dfen, wo das unpasteurisierte Klosterlager 11\u00b0, ein Pilsner-Bier, traditionell unter der Aufsicht von Braumeistern und aus erstklassigen Zutaten gebraut wird. Probieren Sie es zusammen mit hausgemachten kulinarischen Spezialit\u00e4ten.<\/p>\n<h3><span style=\"color: #db1800;\">Primas-Palais<\/span><\/h3>\n<p><a href=\"https:\/\/card.visitbratislava.com\/de\/discount\/primatialpalais\/\" target=\"_blank\" rel=\"noopener\">Der klassizistische Palast<\/a> aus dem 18. Jahrhundert beherbergt eine Ausstellung von Portr\u00e4ts ungarischer Herrscher, historischen M\u00f6beln und sechs einzigartigen englischen Tapisserien aus dem 17. Jahrhundert, die die antike Legende von der tragischen Liebe zwischen Hero und Leander darstellen. Weitere Schmuckst\u00fccke sind der pr\u00e4chtige Spiegelsaal und die Kapelle des Heiligen Ladislaus, alles mit einem 20% Rabatt.<\/p>\n<h3><span style=\"color: #db1800;\">Sparen Sie Ihre F\u00fc\u00dfe mit dem Pre\u0161por\u00e1\u010dik<\/span><\/h3>\n<p>Entdecken Sie die bedeutendsten Wahrzeichen und Sehensw\u00fcrdigkeiten Bratislavas an Bord des Pre\u0161por\u00e1\u010dik \u2013 ein kleines, offenes Sightseeing-Fahrzeug f\u00fcr eine Tour durch die historische Altstadt von Bratislava. Er f\u00e4hrt Sie nicht nur durch das historische Zentrum, sondern auch durch das weitere Stadtgebiet, um die Sch\u00f6nheiten der Bratislavaer Burg zu entdecken. Genie\u00dfen Sie einen Rabatt von 2 Euro auf die <a href=\"https:\/\/card.visitbratislava.com\/de\/discount\/presporacik-burgfahrt\/\" target=\"_blank\" rel=\"noopener\">Burgstrecke<\/a> oder 10%.<\/p>\n<h3><span style=\"color: #db1800;\">Ein s\u00fc\u00dfer Abschluss<\/span><\/h3>\n<p><a href=\"https:\/\/card.visitbratislava.com\/de\/discount\/bratislavaer-kaffeehaus-franz-xaver-messerschmidt\/\" target=\"_blank\" rel=\"noopener\">Das Franz Xaver Messerschmidt Caf\u00e9<\/a> im Stil des alten Pre\u00dfburgs ist nach dem weltber\u00fchmten Barockbildhauer benannt. Kommen Sie und genie\u00dfen Sie Pre\u00dfburger Kipferl, traditionelle Desserts, hausgemachtes Eis oder ein hervorragendes Fr\u00fchst\u00fcck.<\/p>\n<p>Aber das ist noch nicht alles; schauen Sie sich auch die <a href=\"https:\/\/card.visitbratislava.com\/de\/discount\/\" target=\"_blank\" rel=\"noopener\">anderen Vorteile<\/a> an, die die Karte bietet, und genie\u00dfen Sie Ihren Besuch in Bratislava in vollen Z\u00fcgen.<\/p>\n<p>Der Preis der<a href=\"https:\/\/card.visitbratislava.com\/de\/\" target=\"_blank\" rel=\"noopener\"> Bratislava CARD<\/a> beginnt bei 27 Euro ohne Transport und 30 Euro mit Transport. Die 72-Stunden-Karte mit Transport kostet 37 Euro.<\/p>\n<p><a class=\"cta-button\" href=\"https:\/\/card.visitbratislava.com\/buy\/\" target=\"_blank\" rel=\"noopener\">Karl, gib mir bitte eine Karte<\/a><\/p>\n","protected":false},"excerpt":{"rendered":"<p>Karl III. empfiehlt die offizielle Karte allen Besuchern von Bratislava, insbesondere w\u00e4hrend der Kr\u00f6nungstage in Bratislava. <\/p>\n","protected":false},"author":41,"featured_media":305362,"parent":0,"menu_order":0,"comment_status":"closed","ping_status":"closed","template":"","meta":[],"acf":[],"_links":{"self":[{"href":"https:\/\/www.visitbratislava.com\/de\/wp-json\/wp\/v2\/pages\/304961"}],"collection":[{"href":"https:\/\/www.visitbratislava.com\/de\/wp-json\/wp\/v2\/pages"}],"about":[{"href":"https:\/\/www.visitbratislava.com\/de\/wp-json\/wp\/v2\/types\/page"}],"author":[{"embeddable":true,"href":"https:\/\/www.visitbratislava.com\/de\/wp-json\/wp\/v2\/users\/41"}],"replies":[{"embeddable":true,"href":"https:\/\/www.visitbratislava.com\/de\/wp-json\/wp\/v2\/comments?post=304961"}],"version-history":[{"count":15,"href":"https:\/\/www.visitbratislava.com\/de\/wp-json\/wp\/v2\/pages\/304961\/revisions"}],"predecessor-version":[{"id":341959,"href":"https:\/\/www.visitbratislava.com\/de\/wp-json\/wp\/v2\/pages\/304961\/revisions\/341959"}],"wp:featuredmedia":[{"embeddable":true,"href":"https:\/\/www.visitbratislava.com\/de\/wp-json\/wp\/v2\/media\/305362"}],"wp:attachment":[{"href":"https:\/\/www.visitbratislava.com\/de\/wp-json\/wp\/v2\/media?parent=304961"}],"curies":[{"name":"wp","href":"https:\/\/api.w.org\/{rel}","templated":true}]}}