{"id":305103,"date":"2024-07-31T11:22:50","date_gmt":"2024-07-31T09:22:50","guid":{"rendered":"https:\/\/www.visitbratislava.com\/?page_id=305103"},"modified":"2025-07-04T11:42:14","modified_gmt":"2025-07-04T09:42:14","slug":"smart-guide","status":"publish","type":"page","link":"https:\/\/www.visitbratislava.com\/de\/smart-guide\/","title":{"rendered":"Smart Guide"},"content":{"rendered":"<p>Laden Sie die kostenlose App herunter, stellen Sie sich am Startpunkt der Route und h\u00f6ren Sie einfach zu.<\/p>\n<p><a class=\"cta-button\" href=\"https:\/\/www.smart-guide.org\/destinations\/sk\/bratislava\/?tour=Korunova%C4%8Dn%C3%A1+cesta\" target=\"_blank\" rel=\"noopener\">Kr\u00f6nungsroute<\/a><\/p>\n<p><img loading=\"lazy\" width=\"1008\" height=\"707\" class=\"alignnone size-full wp-image-304472\" src=\"https:\/\/www.visitbratislava.com\/wp-content\/uploads\/2024\/07\/Korunovacna-trasa.png\" alt=\"\" srcset=\"https:\/\/www.visitbratislava.com\/wp-content\/uploads\/2024\/07\/Korunovacna-trasa.png 1008w, https:\/\/www.visitbratislava.com\/wp-content\/uploads\/2024\/07\/Korunovacna-trasa-400x281.png 400w, https:\/\/www.visitbratislava.com\/wp-content\/uploads\/2024\/07\/Korunovacna-trasa-800x561.png 800w, https:\/\/www.visitbratislava.com\/wp-content\/uploads\/2024\/07\/Korunovacna-trasa-768x539.png 768w, https:\/\/www.visitbratislava.com\/wp-content\/uploads\/2024\/07\/Korunovacna-trasa-200x140.png 200w\" sizes=\"(max-width: 1008px) 100vw, 1008px\" \/><\/p>\n<h3 data-start=\"789\" data-end=\"857\"><strong data-start=\"798\" data-end=\"854\">Erlebe das Kr\u00f6nungsbratislava mit der SmartGuide-App<\/strong> \ud83d\udc51<\/h3>\n<p data-start=\"859\" data-end=\"1096\">Tauche ein in vergangene Zeiten und folge den Spuren der ungarischen K\u00f6nige und K\u00f6niginnen, die einst in Bratislava gekr\u00f6nt wurden. Die Kr\u00f6nungsroute f\u00fchrt dich durch das historische Stadtzentrum \u2013 vom Martinsdom bis zur Burg Bratislava.<\/p>\n<p data-start=\"1098\" data-end=\"1335\">\ud83d\udcf1 Lade dir die kostenlose App SmartGuide herunter und verwandle dein Handy in einen pers\u00f6nlichen Reisef\u00fchrer.<br data-start=\"1208\" data-end=\"1211\" \/>\ud83c\udfa7 Lausche spannenden Geschichten, spaziere mit GPS-Navigation in Echtzeit und entdecke die Kr\u00f6nungsvergangenheit der Stadt.<\/p>\n<p data-start=\"1337\" data-end=\"1431\">\u27a1\ufe0f Die Route ist offline verf\u00fcgbar, du brauchst keinen Guide und kannst sie jederzeit starten.<\/p>\n<p data-start=\"1433\" data-end=\"1515\">\ud83d\udd17 <a class=\"\" href=\"https:\/\/smartguide.org\" target=\"_new\" rel=\"noopener\" data-start=\"1436\" data-end=\"1515\">Mehr erfahren und Route in der SmartGuide-App starten<\/a><\/p>\n","protected":false},"excerpt":{"rendered":"<p>Navigieren Sie kostenlos auf der Kr\u00f6nungsroute und h\u00f6ren Sie interessante Informationen von Kr\u00f6nungszeugen auf Ihrem Mobiltelefon.<\/p>\n","protected":false},"author":41,"featured_media":341899,"parent":0,"menu_order":0,"comment_status":"closed","ping_status":"closed","template":"","meta":[],"acf":[],"_links":{"self":[{"href":"https:\/\/www.visitbratislava.com\/de\/wp-json\/wp\/v2\/pages\/305103"}],"collection":[{"href":"https:\/\/www.visitbratislava.com\/de\/wp-json\/wp\/v2\/pages"}],"about":[{"href":"https:\/\/www.visitbratislava.com\/de\/wp-json\/wp\/v2\/types\/page"}],"author":[{"embeddable":true,"href":"https:\/\/www.visitbratislava.com\/de\/wp-json\/wp\/v2\/users\/41"}],"replies":[{"embeddable":true,"href":"https:\/\/www.visitbratislava.com\/de\/wp-json\/wp\/v2\/comments?post=305103"}],"version-history":[{"count":2,"href":"https:\/\/www.visitbratislava.com\/de\/wp-json\/wp\/v2\/pages\/305103\/revisions"}],"predecessor-version":[{"id":342231,"href":"https:\/\/www.visitbratislava.com\/de\/wp-json\/wp\/v2\/pages\/305103\/revisions\/342231"}],"wp:featuredmedia":[{"embeddable":true,"href":"https:\/\/www.visitbratislava.com\/de\/wp-json\/wp\/v2\/media\/341899"}],"wp:attachment":[{"href":"https:\/\/www.visitbratislava.com\/de\/wp-json\/wp\/v2\/media?parent=305103"}],"curies":[{"name":"wp","href":"https:\/\/api.w.org\/{rel}","templated":true}]}}