{"id":305293,"date":"2024-08-01T16:23:49","date_gmt":"2024-08-01T14:23:49","guid":{"rendered":"https:\/\/www.visitbratislava.com\/?page_id=305293"},"modified":"2025-07-23T15:40:16","modified_gmt":"2025-07-23T13:40:16","slug":"ungarische-koenigskrone","status":"publish","type":"page","link":"https:\/\/www.visitbratislava.com\/de\/ungarische-koenigskrone\/","title":{"rendered":"Ungarische K\u00f6nigskrone"},"content":{"rendered":"<p>Alle verwendeten Edelsteine \u200b\u200bwurden im Ausland entsprechend der Form und Proportionen der urspr\u00fcnglichen Edelsteine \u200b\u200bindividuell geschliffen. Die Krone wird aus Silber gefertigt und im letzten Schritt vergoldet, mit einem Gesamtgewicht von \u00fcber 2 Kilogramm. Unter der Schirmherrschaft des Meisterjuweliers August\u00edn H\u00f4rka aus der Schmuckwerkstatt der Familie Miku\u0161 Diamonds arbeiteten die Besten daran.<\/p>\n<p><strong>Zu sehen ist die Krone von Freitag bis Sonntag, 25. bis 27. Juli 2025, jeweils von 10 bis 18 Uhr im <a href=\"https:\/\/www.visitbratislava.com\/de\/setzt\/altes-rathaus\/\" target=\"_blank\" rel=\"noopener\">Alten Rathaus<\/a> zum besonderen Eintrittspreis f\u00fcr Erwachsene 4 Euro, f\u00fcr Kinder, Studenten und Senioren 2 Euro.<\/strong><\/p>\n<p>Im Rahmen des Sondereintrittspreises haben Sie die M\u00f6glichkeit, den Rundgang auf der jeweiligen Etage fortzusetzen und so ganz nat\u00fcrlich an das Thema Kr\u00f6nungen in der Ausstellung Altes Rathaus (Gerichtssaal, Ratssaal, Ladislauskapelle, Turm) anzukn\u00fcpfen Raum, Stadtverwaltung, Kr\u00f6nungen, Adel, Geschichte des Alten Rathauses, Handwerk und Z\u00fcnfte, Handel, Industrie, Vereine, Donau).<\/p>\n<p><img loading=\"lazy\" width=\"2048\" height=\"1365\" class=\"alignnone size-full wp-image-343981\" src=\"https:\/\/www.visitbratislava.com\/wp-content\/uploads\/2025\/07\/Foto_DominikaBolgacova_13-1.jpg\" alt=\"\" srcset=\"https:\/\/www.visitbratislava.com\/wp-content\/uploads\/2025\/07\/Foto_DominikaBolgacova_13-1.jpg 2048w, https:\/\/www.visitbratislava.com\/wp-content\/uploads\/2025\/07\/Foto_DominikaBolgacova_13-1-400x267.jpg 400w, https:\/\/www.visitbratislava.com\/wp-content\/uploads\/2025\/07\/Foto_DominikaBolgacova_13-1-800x533.jpg 800w, https:\/\/www.visitbratislava.com\/wp-content\/uploads\/2025\/07\/Foto_DominikaBolgacova_13-1-768x512.jpg 768w, https:\/\/www.visitbratislava.com\/wp-content\/uploads\/2025\/07\/Foto_DominikaBolgacova_13-1-1536x1024.jpg 1536w, https:\/\/www.visitbratislava.com\/wp-content\/uploads\/2025\/07\/Foto_DominikaBolgacova_13-1-200x133.jpg 200w\" sizes=\"(max-width: 2048px) 100vw, 2048px\" \/><\/p>\n<h3><span style=\"color: #db1800;\">Herstellung einer Replik in einer Familienschmuckwerkstatt<\/span><\/h3>\n<p>Zu den Kronjuwelen der ungarischen K\u00f6nige geh\u00f6ren neben der Krone auch Schwert, Umhang, Zepter und Apfel. Sie geh\u00f6ren zu den \u00e4ltesten erhaltenen Insignien der Welt.<\/p>\n<h3><span style=\"color: #db1800;\">Ausgedr\u00fcckt in der Sprache der Zahlen<\/span><\/h3>\n<p>Die Arbeit an der Replik erforderte mehr als 1.000 Stunden Schmuckherstellung, 362 handgefasste Naturperlen und 98 Edelsteine, von denen bis zu 85 St\u00fccke nat\u00fcrlichen Ursprungs sind \u2013 Almandine, Amethyste, Rosen, Malachit und Chrysopras.<\/p>\n<h3><span style=\"color: #db1800;\">Sacra Corona Regni Hungariae<\/span><\/h3>\n<p>Die urspr\u00fcngliche Krone ist als St.-Stephans-Krone bekannt, da sie der Legende zugeschrieben wird, dass der erste Kopf, auf den sie w\u00e4hrend der Kr\u00f6nung gesetzt wurde, der Kopf des ersten ungarischen K\u00f6nigs St. Stefan. Es handelte sich um die Antrittskrone, das wichtigste k\u00f6nigliche Insignien, das unter der Aufsicht der Kronw\u00e4chter geh\u00fctet wurde und die \u00d6ffentlichkeit grunds\u00e4tzlich nur w\u00e4hrend der Kr\u00f6nung auf dem Haupt des neuen Monarchen Gelegenheit hatte, sie zu sehen.<\/p>\n<h3><span style=\"color: #db1800;\">Das Museum der Stadt Bratislava bringt die Krone zur\u00fcck<\/span><\/h3>\n<p>W\u00e4hrend der Bratislavaer Kr\u00f6nungstage haben Sie die einmalige Gelegenheit, im historischen Gerichtssaal des Alten Rathauses eine Nachbildung der ungarischen Krone zu besichtigen. Der Eintrittspreis erm\u00e4\u00dfigt sich auf 4 Euro, f\u00fcr Kinder, Studenten und Senioren 2 Euro, Familienkarten 9 und 5 Euro, Schulgruppen 1 Euro pro Person. Der Eintritt ist frei f\u00fcr SEN, Kinder unter 6 Jahren, p\u00e4dagogische Betreuung f\u00fcr 10 Sch\u00fcler.<\/p>\n<p><iframe title=\"YouTube video player\" src=\"https:\/\/www.youtube.com\/embed\/jwmF3ongZ3I?si=LRYxe99qWZzjYpch\" width=\"1120\" height=\"630\" frameborder=\"0\" allowfullscreen=\"allowfullscreen\"><\/iframe><\/p>\n<h3><span style=\"color: #db1800;\">Medaillons auf der Heiligen Krone<\/span><\/h3>\n<p>Schauen Sie sich die aufwendigen Renderings genauer an:<\/p>\n<p><span style=\"color: #db1800;\"><strong>Pantokrator<\/strong><\/span><\/p>\n<p>Auf dem oberen Teil der Kreuzb\u00f6gen befinden sich die sogenannten der lateinischen Krone ist Pantokrator (=Allm\u00e4chtiger, Allm\u00e4chtiger), Herr und Sch\u00f6pfer des Himmels und der Erde, der das Licht von der Dunkelheit trennte. Zu seiner Rechten befindet sich die Sonne mit acht Strahlen und zu seiner Linken der Mond mit neun Punkten, die wahrscheinlich Sterne oder Planeten symbolisieren. An den Seiten des Throns stehen stilisierte B\u00e4ume (Zypressen oder Zedern) \u2013 B\u00e4ume des Lebens.<\/p>\n<p><span style=\"color: #db1800;\"><strong>Apostel<\/strong><\/span><\/p>\n<p>Auf dem oberen Teil der Krone, entlang der Bogenarme, befinden sich acht Apostel mit der lateinischen Inschrift SCS, was Sanctus = heilig bedeutet.<\/p>\n<p><span style=\"color: #db1800;\"><strong>Jesus Christus<\/strong><\/span><\/p>\n<p>In der Mitte des Vorderreifens ist Jesus Christus mit den griechischen Monogrammen IC (Jesus) \u2013 XC (Christos) dargestellt.<\/p>\n<p><span style=\"color: #db1800;\"><strong>Erzengel<\/strong><\/span><\/p>\n<p>Auf dem Reifen sind zwei der Christusfigur zugewandte Erzengel zu sehen: der heilige Michael, der Anf\u00fchrer der himmlischen Vertreter, der Bezwinger Luzifers, ein K\u00e4mpfer und Besch\u00fctzer gegen die M\u00e4chte des B\u00f6sen, und auf der anderen Seite der heilige Gabriel Engel der Verk\u00fcndigung und Gnade.<\/p>\n<p><span style=\"color: #db1800;\"><strong>Heilige<\/strong><\/span><\/p>\n<p>Auf dem Reifen befindet sich neben Erzengel Michael ein weiterer Krieger \u2013 der heilige Georg, ein r\u00f6mischer Soldat, der zur Zeit Kaiser Diokletians als M\u00e4rtyrer starb und vor allem aus der Legende vom Kampf mit dem Drachen bekannt ist. Auf der anderen Seite steht neben Erzengel Gabriel die Heilige Demeter.<\/p>\n<p><span style=\"color: #db1800;\"><strong>Monarchen<\/strong><\/span><\/p>\n<p>Sie bilden die hinteren drei Charaktere. Michal steht in der Mitte und h\u00e4lt in seiner linken Hand ein Schwert, in seiner rechten ein Labarum und auf seinem Kopf eine Krone mit Juwelen und Anh\u00e4ngern. Der zweite ist wahrscheinlich Konstantin VII. Porphyrogenetus, die Krone war der byzantinische Kaiser in den Jahren 912\u2013959. Auf der R\u00fcckseite des Reifens befindet sich schlie\u00dflich wahrscheinlich K\u00f6nig Geiza I.<\/p>\n<p><em>Marta Rajkov\u00e1 \u2013 Theorien \u00fcber den Ursprung der Krone des ungarischen K\u00f6nigshauses und Miku\u0161-Diamanten<\/em><\/p>\n","protected":false},"excerpt":{"rendered":"<p>Schauen Sie sich die Krone genau an, die auf dem Kopf der ungarischen K\u00f6nige ruhte. Schauen Sie sich die Krone genau an, die einst auf dem Kopf der ungarischen K\u00f6nige ruhte. Eines der \u00e4ltesten Kronjuwelen der Welt.<\/p>\n","protected":false},"author":41,"featured_media":305246,"parent":0,"menu_order":0,"comment_status":"closed","ping_status":"closed","template":"","meta":[],"acf":[],"_links":{"self":[{"href":"https:\/\/www.visitbratislava.com\/de\/wp-json\/wp\/v2\/pages\/305293"}],"collection":[{"href":"https:\/\/www.visitbratislava.com\/de\/wp-json\/wp\/v2\/pages"}],"about":[{"href":"https:\/\/www.visitbratislava.com\/de\/wp-json\/wp\/v2\/types\/page"}],"author":[{"embeddable":true,"href":"https:\/\/www.visitbratislava.com\/de\/wp-json\/wp\/v2\/users\/41"}],"replies":[{"embeddable":true,"href":"https:\/\/www.visitbratislava.com\/de\/wp-json\/wp\/v2\/comments?post=305293"}],"version-history":[{"count":9,"href":"https:\/\/www.visitbratislava.com\/de\/wp-json\/wp\/v2\/pages\/305293\/revisions"}],"predecessor-version":[{"id":344032,"href":"https:\/\/www.visitbratislava.com\/de\/wp-json\/wp\/v2\/pages\/305293\/revisions\/344032"}],"wp:featuredmedia":[{"embeddable":true,"href":"https:\/\/www.visitbratislava.com\/de\/wp-json\/wp\/v2\/media\/305246"}],"wp:attachment":[{"href":"https:\/\/www.visitbratislava.com\/de\/wp-json\/wp\/v2\/media?parent=305293"}],"curies":[{"name":"wp","href":"https:\/\/api.w.org\/{rel}","templated":true}]}}