{"id":305379,"date":"2024-08-02T15:09:39","date_gmt":"2024-08-02T13:09:39","guid":{"rendered":"https:\/\/www.visitbratislava.com\/?page_id=305379"},"modified":"2024-08-14T16:27:37","modified_gmt":"2024-08-14T14:27:37","slug":"wo-man-wie-ein-koenig-essen-kann","status":"publish","type":"page","link":"https:\/\/www.visitbratislava.com\/de\/wo-man-wie-ein-koenig-essen-kann\/","title":{"rendered":"Wo man wie ein K\u00f6nig essen kann"},"content":{"rendered":"<h3><span style=\"color: #db1800;\">Zylinder Caf\u00e9 &amp; Restaurant<\/span><\/h3>\n<p>Genie\u00dfen Sie die authentische K\u00fcche! Der K\u00fcchenchef hat sorgf\u00e4ltig au\u00dfergew\u00f6hnliche Sch\u00e4tze der \u00f6sterreichischen, slowakischen und ungarischen K\u00fcche ausgew\u00e4hlt, die er mit zeitgen\u00f6ssischen kulinarischen Trends \u201eaufgepeppt\u201c hat.<\/p>\n<p>Genie\u00dfen Sie die Spezialit\u00e4ten, die sogar Kaiser Franz Josef mochte. Soll es ein einzigartiger Tafelspitz, Rindergulasch aus Szeged, P\u00f6rk\u00f6lt, Pre\u0161porsk\u00fd-Schnitzel oder k\u00f6stlicher Kaiserscharrn sein?<\/p>\n<p>Kaiserlicher Tafelspitz ist eine Delikatesse aus Rinderh\u00fcfte in einer k\u00f6stlichen Suppe mit Gem\u00fcse, die selbst am kaiserlichen Hof w\u00e4hrend der Habsburgerzeit nicht fehlen durfte. Und Kaiser Franz Joseph I. war ein gro\u00dfer Fan. Tafelspitz wird aus der sogenannten Blumenspitze zubereitet und in einem Kupfertopf mit Wurzelgem\u00fcse, Apfelmeerrettich, Spinat und Kartoffeln serviert.<\/p>\n<p><img loading=\"lazy\" width=\"2560\" height=\"1888\" class=\"alignnone size-full wp-image-305369\" src=\"https:\/\/www.visitbratislava.com\/wp-content\/uploads\/2024\/08\/Kristek_2024_BA_Gastro_vyhradna_licencia_casovo_neobmedzena_vyvar_spikova_kost_polievka-3-scaled.jpg\" alt=\"\" srcset=\"https:\/\/www.visitbratislava.com\/wp-content\/uploads\/2024\/08\/Kristek_2024_BA_Gastro_vyhradna_licencia_casovo_neobmedzena_vyvar_spikova_kost_polievka-3-scaled.jpg 2560w, https:\/\/www.visitbratislava.com\/wp-content\/uploads\/2024\/08\/Kristek_2024_BA_Gastro_vyhradna_licencia_casovo_neobmedzena_vyvar_spikova_kost_polievka-3-400x295.jpg 400w, https:\/\/www.visitbratislava.com\/wp-content\/uploads\/2024\/08\/Kristek_2024_BA_Gastro_vyhradna_licencia_casovo_neobmedzena_vyvar_spikova_kost_polievka-3-800x590.jpg 800w, https:\/\/www.visitbratislava.com\/wp-content\/uploads\/2024\/08\/Kristek_2024_BA_Gastro_vyhradna_licencia_casovo_neobmedzena_vyvar_spikova_kost_polievka-3-768x566.jpg 768w, https:\/\/www.visitbratislava.com\/wp-content\/uploads\/2024\/08\/Kristek_2024_BA_Gastro_vyhradna_licencia_casovo_neobmedzena_vyvar_spikova_kost_polievka-3-1536x1133.jpg 1536w, https:\/\/www.visitbratislava.com\/wp-content\/uploads\/2024\/08\/Kristek_2024_BA_Gastro_vyhradna_licencia_casovo_neobmedzena_vyvar_spikova_kost_polievka-3-2048x1511.jpg 2048w, https:\/\/www.visitbratislava.com\/wp-content\/uploads\/2024\/08\/Kristek_2024_BA_Gastro_vyhradna_licencia_casovo_neobmedzena_vyvar_spikova_kost_polievka-3-200x148.jpg 200w\" sizes=\"(max-width: 2560px) 100vw, 2560px\" \/><\/p>\n<h3><span style=\"color: #db1800;\">Leberfinger<\/span><\/h3>\n<p>Gute alte K\u00fcche aus Pressburg (historischer Name von Bratislava) gibt es seit 1894 am rechten Donauufer im Janko-Kral-Park. Das Interieur erinnert an Pressburg in den 1920er Jahren, ein Glas Tankbier oder ein erlesener Wein aus der eigenen Weinbar sind ein Muss.<\/p>\n<p>Die Geschichte dieses Ortes begann in der zweiten H\u00e4lfte des 18. Jahrhunderts, w\u00e4hrend der Herrschaft von Maria Theresia. Genie\u00dfen Sie die Einzigartigkeit der Spezialit\u00e4ten aus Pre\u0161porok (ein anderer historischer Name f\u00fcr Bratislava \ud83d\ude0a): Entenbraten, Leberfingers riesiges Kalbs-\/Schweineschnitzel mit slowakischem Kartoffelsalat, Kalbsperkelt mit \u00c4pfeln und Buttergnocchi, Belvedere-Steak aus \u201eSvie\u010dkovica\u201c, Hirschfilet in Hagebuttensauce, Tafelspitz \u201eFranz Josef\u201c mit gekochtem Gem\u00fcse oder Wiener Roastbeef mit R\u00f6stzwiebeln, Kartoffelp\u00fcree.<\/p>\n<p><img loading=\"lazy\" width=\"1635\" height=\"1226\" class=\"alignnone size-full wp-image-305356\" src=\"https:\/\/www.visitbratislava.com\/wp-content\/uploads\/2024\/08\/Kristek_2024_BA_Gastro_vyhradna_licencia_casovo_neobmedzena_svieckova_na_smotane-10.jpg\" alt=\"\" srcset=\"https:\/\/www.visitbratislava.com\/wp-content\/uploads\/2024\/08\/Kristek_2024_BA_Gastro_vyhradna_licencia_casovo_neobmedzena_svieckova_na_smotane-10.jpg 1635w, https:\/\/www.visitbratislava.com\/wp-content\/uploads\/2024\/08\/Kristek_2024_BA_Gastro_vyhradna_licencia_casovo_neobmedzena_svieckova_na_smotane-10-400x300.jpg 400w, https:\/\/www.visitbratislava.com\/wp-content\/uploads\/2024\/08\/Kristek_2024_BA_Gastro_vyhradna_licencia_casovo_neobmedzena_svieckova_na_smotane-10-800x600.jpg 800w, https:\/\/www.visitbratislava.com\/wp-content\/uploads\/2024\/08\/Kristek_2024_BA_Gastro_vyhradna_licencia_casovo_neobmedzena_svieckova_na_smotane-10-768x576.jpg 768w, https:\/\/www.visitbratislava.com\/wp-content\/uploads\/2024\/08\/Kristek_2024_BA_Gastro_vyhradna_licencia_casovo_neobmedzena_svieckova_na_smotane-10-1536x1152.jpg 1536w, https:\/\/www.visitbratislava.com\/wp-content\/uploads\/2024\/08\/Kristek_2024_BA_Gastro_vyhradna_licencia_casovo_neobmedzena_svieckova_na_smotane-10-200x150.jpg 200w, https:\/\/www.visitbratislava.com\/wp-content\/uploads\/2024\/08\/Kristek_2024_BA_Gastro_vyhradna_licencia_casovo_neobmedzena_svieckova_na_smotane-10-600x450.jpg 600w\" sizes=\"(max-width: 1635px) 100vw, 1635px\" \/><\/p>\n<h3><span style=\"color: #db1800;\">Restaurant Hradn\u00e1<\/span><\/h3>\n<p>Das beliebte Burgrestaurant bietet slowakische K\u00fcche bei herrlicher Aussicht. Probieren Sie zum Beispiel <strong><span style=\"color: #db1800;\">Hahnenconsomm\u00e9<\/span> <\/strong>oder nehmen Sie am <a href=\"https:\/\/hradna.com\/en\/news\/new-the-popular-brunch-combined-with-barbecue-is-back\/\" target=\"_blank\" rel=\"noopener\">Sonntagsbrunch<\/a> teil. Neben dem Sommermen\u00fc k\u00f6nnen Sie sich auch auf das beliebte gebratene Schnitzel mit slowakischem Kartoffelsalat oder ein zartes Filetst\u00fcck wie bei unserer Gro\u00dfmutter freuen.<\/p>\n<div class=\"grid-container\"><div class=\"grid-container__item\"><div class=\"block\"><a href=\"https:\/\/www.visitbratislava.com\/wp-content\/uploads\/2024\/08\/Hradna-restauracia-TEPLY-SALAT-PARADAJKY-A-PARENICA-1-1-600x800.jpg\" data-fancybox=\"gallery\" data-caption=\"\"><div class=\"background\"><img src=\"https:\/\/www.visitbratislava.com\/wp-content\/uploads\/2024\/08\/Hradna-restauracia-TEPLY-SALAT-PARADAJKY-A-PARENICA-1-1-600x800.jpg\" alt=\"foto\"\/><\/div><div class=\"overlay filter-blue\"><div class=\"content\"><span class=\"zoom-button\"><\/span><\/div><\/div><\/a><\/div><\/div><div class=\"grid-container__item\"><div class=\"block\"><a href=\"https:\/\/www.visitbratislava.com\/wp-content\/uploads\/2024\/08\/Hradna-restauracia-SALAT-S-MARHULAMI-1-1-600x800.jpg\" data-fancybox=\"gallery\" data-caption=\"\"><div class=\"background\" style=\"background-image: url(https:\/\/www.visitbratislava.com\/wp-content\/uploads\/2024\/08\/Hradna-restauracia-SALAT-S-MARHULAMI-1-1-600x800.jpg)\"><\/div><div class=\"overlay filter-green\"><div class=\"content\"><span class=\"zoom-button\"><\/span><\/div><\/div><\/a><\/div><\/div><div class=\"grid-container__item more\"><\/div><\/div>\n<h3><span style=\"color: #db1800;\">Die Burgess-Brauerei<\/span><\/h3>\n<p>Wo gutes Bier gebraut wird, muss auch die K\u00fcche gut sein, die sie \u201ebrauen\u201c. Zu den Bieren dieser<a href=\"https:\/\/www.visitbratislava.com\/de\/setzt\/stadtbrauerei-in-bratislava\/\" target=\"_blank\" rel=\"noopener\"> lokalen Brauerei<\/a> gibt es eine Auswahl an Gerichten, die nach traditionellen Rezepten aus Presburg (Bratislava) zubereitet werden. Schweinefilet in Sahne, Dillsauce mit Kn\u00f6del, gebratene Keule, Gans und viele andere K\u00f6stlichkeiten, begleitet von einem angenehmen Hopfenaroma.<\/p>\n<p><img loading=\"lazy\" width=\"2560\" height=\"1920\" class=\"alignnone size-full wp-image-305362\" src=\"https:\/\/www.visitbratislava.com\/wp-content\/uploads\/2024\/08\/Kristek_2024_BA_Gastro_vyhradna_licencia_casovo_neobmedzena_bravcove_koleno-6-scaled.jpg\" alt=\"\" srcset=\"https:\/\/www.visitbratislava.com\/wp-content\/uploads\/2024\/08\/Kristek_2024_BA_Gastro_vyhradna_licencia_casovo_neobmedzena_bravcove_koleno-6-scaled.jpg 2560w, https:\/\/www.visitbratislava.com\/wp-content\/uploads\/2024\/08\/Kristek_2024_BA_Gastro_vyhradna_licencia_casovo_neobmedzena_bravcove_koleno-6-400x300.jpg 400w, https:\/\/www.visitbratislava.com\/wp-content\/uploads\/2024\/08\/Kristek_2024_BA_Gastro_vyhradna_licencia_casovo_neobmedzena_bravcove_koleno-6-800x600.jpg 800w, https:\/\/www.visitbratislava.com\/wp-content\/uploads\/2024\/08\/Kristek_2024_BA_Gastro_vyhradna_licencia_casovo_neobmedzena_bravcove_koleno-6-768x576.jpg 768w, https:\/\/www.visitbratislava.com\/wp-content\/uploads\/2024\/08\/Kristek_2024_BA_Gastro_vyhradna_licencia_casovo_neobmedzena_bravcove_koleno-6-1536x1152.jpg 1536w, https:\/\/www.visitbratislava.com\/wp-content\/uploads\/2024\/08\/Kristek_2024_BA_Gastro_vyhradna_licencia_casovo_neobmedzena_bravcove_koleno-6-2048x1536.jpg 2048w, https:\/\/www.visitbratislava.com\/wp-content\/uploads\/2024\/08\/Kristek_2024_BA_Gastro_vyhradna_licencia_casovo_neobmedzena_bravcove_koleno-6-200x150.jpg 200w, https:\/\/www.visitbratislava.com\/wp-content\/uploads\/2024\/08\/Kristek_2024_BA_Gastro_vyhradna_licencia_casovo_neobmedzena_bravcove_koleno-6-600x450.jpg 600w\" sizes=\"(max-width: 2560px) 100vw, 2560px\" \/><\/p>\n<h3><span style=\"color: #db1800;\">CLOUD Restaurant<\/span><\/h3>\n<p><a href=\"https:\/\/www.visitbratislava.com\/wp-content\/uploads\/2024\/08\/korunovacne-menu-Hilton.pdf\" target=\"_blank\" rel=\"noopener\">Das Maria-Theresia-Themenmen\u00fc<\/a> erwartet Sie au\u00dferhalb des Stadtzentrums, ist aber einen Besuch wert. Alle G\u00e4nge sind von den Lieblingsgerichten Maria Theresias inspiriert. Da sie angeblich eine Naschkatze war, k\u00f6nnen Sie sich auf ein besonderes Dessert freuen.<\/p>\n<div class=\"grid-container\"><div class=\"grid-container__item\"><div class=\"block\"><a href=\"https:\/\/www.visitbratislava.com\/wp-content\/uploads\/2024\/08\/Chicken-ala-hare-800x800.jpg\" data-fancybox=\"gallery\" data-caption=\"\"><div class=\"background\"><img src=\"https:\/\/www.visitbratislava.com\/wp-content\/uploads\/2024\/08\/Chicken-ala-hare-800x800.jpg\" alt=\"foto\"\/><\/div><div class=\"overlay filter-blue\"><div class=\"content\"><span class=\"zoom-button\"><\/span><\/div><\/div><\/a><\/div><\/div><div class=\"grid-container__item\"><div class=\"block\"><a href=\"https:\/\/www.visitbratislava.com\/wp-content\/uploads\/2024\/08\/Pea-soup-800x800.jpg\" data-fancybox=\"gallery\" data-caption=\"\"><div class=\"background\" style=\"background-image: url(https:\/\/www.visitbratislava.com\/wp-content\/uploads\/2024\/08\/Pea-soup-800x800.jpg)\"><\/div><div class=\"overlay filter-green\"><div class=\"content\"><span class=\"zoom-button\"><\/span><\/div><\/div><\/a><\/div><\/div><div class=\"grid-container__item more\"><\/div><\/div>\n<h3><span style=\"color: #db1800;\">Spezielles Kr\u00f6nungsdessert<\/span><\/h3>\n<p>Dieses Jahr k\u00f6nnen Sie auch ein spezielles Dessert probieren, das als Siegerkuchen eines Wettbewerbs entstand. Es wird w\u00e4hrend der gesamten Kr\u00f6nungsfeierlichkeiten im Urban Bistro in Michalsk\u00e1 5 \u2013 im Stadtzentrum \u2013 serviert. Oder besuchen Sie die Konditorei Asheri und verwenden Sie den Gutscheincode \u201ekorunov\u00e1cie\u201c (Kr\u00f6nungen), um 20 % Rabatt zu erhalten. Sie finden sie in Z\u00e1hradn\u00edcka 72 \u2013 au\u00dferhalb des Stadtzentrums.<\/p>\n<p><img loading=\"lazy\" width=\"2560\" height=\"1440\" class=\"alignnone size-full wp-image-306182\" src=\"https:\/\/www.visitbratislava.com\/wp-content\/uploads\/2024\/08\/1O0A0825-Enhanced-NRa-scaled.jpg\" alt=\"\" srcset=\"https:\/\/www.visitbratislava.com\/wp-content\/uploads\/2024\/08\/1O0A0825-Enhanced-NRa-scaled.jpg 2560w, https:\/\/www.visitbratislava.com\/wp-content\/uploads\/2024\/08\/1O0A0825-Enhanced-NRa-400x225.jpg 400w, https:\/\/www.visitbratislava.com\/wp-content\/uploads\/2024\/08\/1O0A0825-Enhanced-NRa-800x450.jpg 800w, https:\/\/www.visitbratislava.com\/wp-content\/uploads\/2024\/08\/1O0A0825-Enhanced-NRa-768x432.jpg 768w, https:\/\/www.visitbratislava.com\/wp-content\/uploads\/2024\/08\/1O0A0825-Enhanced-NRa-1536x864.jpg 1536w, https:\/\/www.visitbratislava.com\/wp-content\/uploads\/2024\/08\/1O0A0825-Enhanced-NRa-2048x1152.jpg 2048w, https:\/\/www.visitbratislava.com\/wp-content\/uploads\/2024\/08\/1O0A0825-Enhanced-NRa-200x113.jpg 200w\" sizes=\"(max-width: 2560px) 100vw, 2560px\" \/><\/p>\n","protected":false},"excerpt":{"rendered":"<p>Wir haben eine Auswahl an Orten und K\u00f6stlichkeiten vorbereitet, die Sie w\u00e4hrend der Kr\u00f6nungszeremonien probieren k\u00f6nnen.<\/p>\n","protected":false},"author":41,"featured_media":304202,"parent":0,"menu_order":0,"comment_status":"closed","ping_status":"closed","template":"","meta":[],"acf":[],"_links":{"self":[{"href":"https:\/\/www.visitbratislava.com\/de\/wp-json\/wp\/v2\/pages\/305379"}],"collection":[{"href":"https:\/\/www.visitbratislava.com\/de\/wp-json\/wp\/v2\/pages"}],"about":[{"href":"https:\/\/www.visitbratislava.com\/de\/wp-json\/wp\/v2\/types\/page"}],"author":[{"embeddable":true,"href":"https:\/\/www.visitbratislava.com\/de\/wp-json\/wp\/v2\/users\/41"}],"replies":[{"embeddable":true,"href":"https:\/\/www.visitbratislava.com\/de\/wp-json\/wp\/v2\/comments?post=305379"}],"version-history":[{"count":8,"href":"https:\/\/www.visitbratislava.com\/de\/wp-json\/wp\/v2\/pages\/305379\/revisions"}],"predecessor-version":[{"id":306566,"href":"https:\/\/www.visitbratislava.com\/de\/wp-json\/wp\/v2\/pages\/305379\/revisions\/306566"}],"wp:featuredmedia":[{"embeddable":true,"href":"https:\/\/www.visitbratislava.com\/de\/wp-json\/wp\/v2\/media\/304202"}],"wp:attachment":[{"href":"https:\/\/www.visitbratislava.com\/de\/wp-json\/wp\/v2\/media?parent=305379"}],"curies":[{"name":"wp","href":"https:\/\/api.w.org\/{rel}","templated":true}]}}