{"id":32063,"date":"2017-05-02T10:31:53","date_gmt":"2017-05-02T08:31:53","guid":{"rendered":"https:\/\/www.visitbratislava.com\/?page_id=32063\/"},"modified":"2017-10-09T12:48:27","modified_gmt":"2017-10-09T10:48:27","slug":"kaufen-karte","status":"publish","type":"page","link":"https:\/\/www.visitbratislava.com\/de\/bratislava-card\/kaufen-karte\/","title":{"rendered":"Kaufen Sie Ihre Bratislava CARD"},"content":{"rendered":"<p><strong>EINL\u00d6SEN DES VOUCHERS GEGEN BRATISLAVA CARD<\/strong><\/p>\n<p>Die Karte k\u00f6nnen Sie an nachstehend angef\u00fchrten Orten abholen. Dazu ben\u00f6tigen Sie den ausgedruckten Voucher, der Ihnen an Ihre E-Mail-Adresse zugesandt wurde.\u00a0<strong>Die Karte wird erst bei pers\u00f6nlicher \u00dcbernahme aktiviert.<\/strong><\/p>\n<ul>\n<li><strong>Touristeninformationszentrum BTB \u2013 Klobu\u010dn\u00edcka 2, 811 01 Bratislava<br \/>\n<\/strong>\u00d6ffnungszeiten: IV \u2013 X Mo \u2013 So 9.00 \u2013 19.00 \/ XI \u2013 III Mo \u2013 So 9.00 \u2013 18.00<\/li>\n<li><strong>Touristeninformationszentrum BTB \u2013 Letisko M. R. \u0160tef\u00e1nika, Ivansk\u00e1 cesta, 820 01 Bratislava<\/strong> &#8211;\u00a0Die aktuellen \u00d6ffnungszeiten finden Sie\u00a0<a href=\"https:\/\/www.visitbratislava.com\/de\/besuch\/touristinfos\/\">hier<\/a>.<\/li>\n<li><strong>Slovak Lines-Kassen <\/strong><strong>\u2013<\/strong><strong> Busbahnhof, Bottova 7, 811 09 Bratislava<\/strong>\u00a0&#8211;\u00a0\u00d6ffnungszeiten: Mo \u2013 Fr 7.30 \u2013 18.00, Sa \u2013 So 7.30 \u2013 17.00<\/li>\n<li><strong>ZSSK Kundenzentrum <\/strong><strong>\u2013<\/strong><strong> Hlavn\u00e1 stanica (Hauptbahnhof), N\u00e1mestie Franza Liszta 1, 811 04 Bratislava<\/strong> &#8211;\u00a0\u00d6ffnungszeiten: Mo \u2013 So 6.45 \u2013 19.30<\/li>\n<\/ul>\n<p>Mehr Informationen zu Allgemeinen Gesch\u00e4ftsbedingungen finden Sie <a href=\"https:\/\/www.visitbratislava.com\/wp-content\/uploads\/2017\/04\/Bratislava-CARD-AGB.pdf\" target=\"_blank\" rel=\"noopener noreferrer\">hier<\/a>.<\/p>\n<p><iframe style=\"height: 600px; width: 900px;\" src=\"https:\/\/bcc.cardberg.com\/checkout\/type?lang=de\" width=\"900\" height=\"500\"><\/iframe><\/p>\n","protected":false},"excerpt":{"rendered":"<p>EINL\u00d6SEN DES VOUCHERS GEGEN BRATISLAVA CARD Die Karte k\u00f6nnen Sie an nachstehend angef\u00fchrten Orten abholen. Dazu ben\u00f6tigen Sie den ausgedruckten Voucher, der Ihnen an Ihre E-Mail-Adresse zugesandt wurde.\u00a0Die Karte wird erst bei pers\u00f6nlicher \u00dcbernahme aktiviert. Touristeninformationszentrum BTB \u2013 Klobu\u010dn\u00edcka 2, 811 01 Bratislava \u00d6ffnungszeiten: IV \u2013 X Mo \u2013 So 9.00 \u2013 19.00 \/ XI [&hellip;]<\/p>\n","protected":false},"author":10,"featured_media":29649,"parent":32051,"menu_order":0,"comment_status":"closed","ping_status":"closed","template":"","meta":[],"acf":[],"_links":{"self":[{"href":"https:\/\/www.visitbratislava.com\/de\/wp-json\/wp\/v2\/pages\/32063"}],"collection":[{"href":"https:\/\/www.visitbratislava.com\/de\/wp-json\/wp\/v2\/pages"}],"about":[{"href":"https:\/\/www.visitbratislava.com\/de\/wp-json\/wp\/v2\/types\/page"}],"author":[{"embeddable":true,"href":"https:\/\/www.visitbratislava.com\/de\/wp-json\/wp\/v2\/users\/10"}],"replies":[{"embeddable":true,"href":"https:\/\/www.visitbratislava.com\/de\/wp-json\/wp\/v2\/comments?post=32063"}],"version-history":[{"count":0,"href":"https:\/\/www.visitbratislava.com\/de\/wp-json\/wp\/v2\/pages\/32063\/revisions"}],"up":[{"embeddable":true,"href":"https:\/\/www.visitbratislava.com\/de\/wp-json\/wp\/v2\/pages\/32051"}],"wp:featuredmedia":[{"embeddable":true,"href":"https:\/\/www.visitbratislava.com\/de\/wp-json\/wp\/v2\/media\/29649"}],"wp:attachment":[{"href":"https:\/\/www.visitbratislava.com\/de\/wp-json\/wp\/v2\/media?parent=32063"}],"curies":[{"name":"wp","href":"https:\/\/api.w.org\/{rel}","templated":true}]}}