{"id":32462,"date":"2017-05-12T15:51:06","date_gmt":"2017-05-12T13:51:06","guid":{"rendered":"https:\/\/www.visitbratislava.com\/?page_id=32462\/"},"modified":"2024-02-26T14:18:57","modified_gmt":"2024-02-26T13:18:57","slug":"top-10-aussichten-bratislava","status":"publish","type":"page","link":"https:\/\/www.visitbratislava.com\/de\/top-10-aussichten-bratislava\/","title":{"rendered":"Top 10 Aussichten in Bratislava"},"content":{"rendered":"<p><iframe src=\"https:\/\/www.google.com\/maps\/d\/embed?mid=1ootV-MxFEPt5_g36nKtydynMaz0\" width=\"1000\" height=\"480\"><\/iframe><\/p>\n<h3>1. Aussicht vom Alten Rathaus<\/h3>\n<p>Das Geb\u00e4ude des Alten Rathauses befindet sich auf dem Hauptstadtplatz unweit von der Maximilian-Font\u00e4ne entfernt. Seit dem Jahre 1868 hat hier das Museum der Stadtgeschichte seinen Sitz. Von dem Rathausturm bietet sich den Besuchern ein wundersch\u00f6ner Blick auf das historische Stadtzentrum. Der Eintritt auf den Rathausturm kostet 8<strong>\u00a0<\/strong>\u20ac<strong>.<\/strong><\/p>\n<p>*Erm\u00e4\u00dfigung mit der Bratislava Card 100 % (Gilt f\u00fcr den einmaligen Eintritt).<\/p>\n<p><strong>\u00d6ffnungszeiten: <\/strong>t\u00e4glich au\u00dfer Montag, Dienstag \u2013 Freitag: 10.00 \u2013 18.00 Uhr. Letzter Eintritt: 17:30 Uhr.<\/p>\n<p><strong><img loading=\"lazy\" class=\"alignnone wp-image-249854 size-full\" src=\"https:\/\/www.visitbratislava.com\/wp-content\/uploads\/2023\/07\/Matej-Kovac_2016_hlavne-namestie_hrad_stare-mesto_nevyhradna-licencia-scaled.jpg\" alt=\"\" width=\"2560\" height=\"1121\" srcset=\"https:\/\/www.visitbratislava.com\/wp-content\/uploads\/2023\/07\/Matej-Kovac_2016_hlavne-namestie_hrad_stare-mesto_nevyhradna-licencia-scaled.jpg 2560w, https:\/\/www.visitbratislava.com\/wp-content\/uploads\/2023\/07\/Matej-Kovac_2016_hlavne-namestie_hrad_stare-mesto_nevyhradna-licencia-400x175.jpg 400w, https:\/\/www.visitbratislava.com\/wp-content\/uploads\/2023\/07\/Matej-Kovac_2016_hlavne-namestie_hrad_stare-mesto_nevyhradna-licencia-800x350.jpg 800w, https:\/\/www.visitbratislava.com\/wp-content\/uploads\/2023\/07\/Matej-Kovac_2016_hlavne-namestie_hrad_stare-mesto_nevyhradna-licencia-768x336.jpg 768w, https:\/\/www.visitbratislava.com\/wp-content\/uploads\/2023\/07\/Matej-Kovac_2016_hlavne-namestie_hrad_stare-mesto_nevyhradna-licencia-1536x673.jpg 1536w, https:\/\/www.visitbratislava.com\/wp-content\/uploads\/2023\/07\/Matej-Kovac_2016_hlavne-namestie_hrad_stare-mesto_nevyhradna-licencia-2048x897.jpg 2048w, https:\/\/www.visitbratislava.com\/wp-content\/uploads\/2023\/07\/Matej-Kovac_2016_hlavne-namestie_hrad_stare-mesto_nevyhradna-licencia-200x88.jpg 200w\" sizes=\"(max-width: 2560px) 100vw, 2560px\" \/><\/strong><\/p>\n<h3>2. Aussicht vom\u00a0UFO<\/h3>\n<p>Der auf der Donau ragende Aussichtsturm ist eines der Symbole der Hauptstadt Bratislava. In den Aufsichtsturm wird Sie ein Aufzug hochfahren, dem der Weg nach oben ca. 45 Sekunden lang dauert. Das UFO ist 95 m hoch und den Mutigen, die keine H\u00f6henangst haben, bietet es eine Aussicht auf die Umgebungslandschaft im Umkreis von 100 km. Der Eintrittspreis ist 7,40 \u20ac, aber in dem Fall, wenn Sie planen, im Restaurant UFO taste.watch.groove zu essen, bekommen Sie eine 100% Erm\u00e4\u00dfigung vom Eintrittspreis f\u00fcr die Aussicht.<\/p>\n<p>Erm\u00e4\u00dfigung mit der Bratislava Card 20 % \/ 10 % (die Erm\u00e4\u00dfigung von 20 % gilt nur f\u00fcr den Eintritt auf die Aussicht. G\u00e4ste, die Speisen von der Speisekarte im Restaurant konsumieren, haben eine 10% Erm\u00e4\u00dfigung von der Rechnung und kostenlosen Eintritt).<\/p>\n<p>Die <a href=\"https:\/\/www.u-f-o.sk\/de\/ufo-vstup-na-vyhliadku.html\" target=\"_blank\" rel=\"noopener\">\u00d6ffnungszeiten<\/a> variieren je nach Saison.<\/p>\n<p><img loading=\"lazy\" width=\"2880\" height=\"1621\" class=\"aligncenter size-full wp-image-2885\" src=\"https:\/\/www.visitbratislava.com\/wp-content\/uploads\/2014\/10\/hrad-dunaj-ufo.jpg\" alt=\"\" srcset=\"https:\/\/www.visitbratislava.com\/wp-content\/uploads\/2014\/10\/hrad-dunaj-ufo.jpg 2880w, https:\/\/www.visitbratislava.com\/wp-content\/uploads\/2014\/10\/hrad-dunaj-ufo-400x225.jpg 400w, https:\/\/www.visitbratislava.com\/wp-content\/uploads\/2014\/10\/hrad-dunaj-ufo-800x450.jpg 800w, https:\/\/www.visitbratislava.com\/wp-content\/uploads\/2014\/10\/hrad-dunaj-ufo-200x113.jpg 200w\" sizes=\"(max-width: 2880px) 100vw, 2880px\" \/><\/p>\n<h3>3. Aussicht von der Burg Bratislava<\/h3>\n<p>Die Burg Bratislava befindet sich unweit vom Zentrum entfernt und ist eines der bekanntesten und meistbesuchten Denkm\u00e4ler der Stadt Bratislava. Der Zutritt zur Burg ist einfach, der Weg zu Fu\u00df dauert vom Stadtzentrum aus maximal 30 Minuten. Vom Burghof aus gibt es eine Aussicht auf die \u00e4lteste Siedlung \u2013 Petr\u017ealka, das UFO, die Br\u00fccke des slowakischen Nationalaufstands sowie die Apollo-Br\u00fccke. Der Eintritt zum Burghof ist \u00fcber das ganze Jahr auch in den Abendstunden m\u00f6glich. Es ist ein idealer Ort f\u00fcr Abendspazierg\u00e4nge beim Sonnenuntergang.<\/p>\n<p><img loading=\"lazy\" width=\"2698\" height=\"1798\" class=\"aligncenter size-full wp-image-3514\" src=\"https:\/\/www.visitbratislava.com\/wp-content\/uploads\/2014\/12\/Bratislavsky_hrad.jpg\" alt=\"Bratislava Castle\" srcset=\"https:\/\/www.visitbratislava.com\/wp-content\/uploads\/2014\/12\/Bratislavsky_hrad.jpg 2698w, https:\/\/www.visitbratislava.com\/wp-content\/uploads\/2014\/12\/Bratislavsky_hrad-400x267.jpg 400w, https:\/\/www.visitbratislava.com\/wp-content\/uploads\/2014\/12\/Bratislavsky_hrad-800x533.jpg 800w, https:\/\/www.visitbratislava.com\/wp-content\/uploads\/2014\/12\/Bratislavsky_hrad-200x133.jpg 200w\" sizes=\"(max-width: 2698px) 100vw, 2698px\" \/><\/p>\n<h3>4. Aussicht von Slav\u00edn<\/h3>\n<p>Das gr\u00f6\u00dfte Kriegs-Ehrenmal in Mitteleuropa, das dank seiner Lage und der H\u00f6he von 52 Metern zwischen die Stadtdominanten geh\u00f6rt. Es liegen hier 6845 Soldaten der Sowjetischen Armee begraben, die bei der Befreiung von Bratislava w\u00e4hrend des Zweiten Weltkriegs gefallen sind. Der Zutritt zu Slav\u00edn ist ohne Einschr\u00e4nkungen m\u00f6glich, die sch\u00f6nste Aussicht auf die Stadt ist jedoch in den Abendstunden. Jede Stunde f\u00e4hrt zu Slav\u00edn der \u00f6ffentliche Personennahverkehr Nr. 147 vom\u00a0Hod\u017ea-Stadtplatz (Hod\u017eovo\u00a0 n\u00e1mestie).<\/p>\n<p><img loading=\"lazy\" class=\"alignnone wp-image-249862 size-full\" src=\"https:\/\/www.visitbratislava.com\/wp-content\/uploads\/2023\/07\/Skymove_2022_dron_slavin_vyhlad_kamzik_green_panorama_stare-mesto_nevyhradna-licencia-scaled.jpg\" alt=\"\" width=\"2560\" height=\"1707\" srcset=\"https:\/\/www.visitbratislava.com\/wp-content\/uploads\/2023\/07\/Skymove_2022_dron_slavin_vyhlad_kamzik_green_panorama_stare-mesto_nevyhradna-licencia-scaled.jpg 2560w, https:\/\/www.visitbratislava.com\/wp-content\/uploads\/2023\/07\/Skymove_2022_dron_slavin_vyhlad_kamzik_green_panorama_stare-mesto_nevyhradna-licencia-400x267.jpg 400w, https:\/\/www.visitbratislava.com\/wp-content\/uploads\/2023\/07\/Skymove_2022_dron_slavin_vyhlad_kamzik_green_panorama_stare-mesto_nevyhradna-licencia-800x533.jpg 800w, https:\/\/www.visitbratislava.com\/wp-content\/uploads\/2023\/07\/Skymove_2022_dron_slavin_vyhlad_kamzik_green_panorama_stare-mesto_nevyhradna-licencia-768x512.jpg 768w, https:\/\/www.visitbratislava.com\/wp-content\/uploads\/2023\/07\/Skymove_2022_dron_slavin_vyhlad_kamzik_green_panorama_stare-mesto_nevyhradna-licencia-1536x1024.jpg 1536w, https:\/\/www.visitbratislava.com\/wp-content\/uploads\/2023\/07\/Skymove_2022_dron_slavin_vyhlad_kamzik_green_panorama_stare-mesto_nevyhradna-licencia-2048x1365.jpg 2048w, https:\/\/www.visitbratislava.com\/wp-content\/uploads\/2023\/07\/Skymove_2022_dron_slavin_vyhlad_kamzik_green_panorama_stare-mesto_nevyhradna-licencia-200x133.jpg 200w\" sizes=\"(max-width: 2560px) 100vw, 2560px\" \/><\/p>\n<h3>5. Aussicht von Dev\u00edn<\/h3>\n<p>Dev\u00edn ist zweifelsohne eine eindrucksvolle Landschaftsdominante, die \u00fcber dem Zusammenfluss der Fl\u00fcsse Donau und March ragt. Seit dem Jahre 1961 ist es ein nationales Kulturdenkmal. In den R\u00e4umen der H\u00f6hle der oberen Burg befindet sich eine Ausstellung mit der Bezeichnung <em>Bauliche Entwicklung der Burg Dev\u00edn<\/em>. Der Aussicht auf den Zusammenfluss der Donau mit der March dominiert der bekannte, mit Legenden umsponnene Jungfern-Turm, der auch auf \u00e4lteren slowakischen M\u00fcnzen festgehalten ist. Zu Dev\u00edn kann man von unterhalb der Br\u00fccke des slowakischen Nationalaufstands (Most SNP) mit dem Bus gelangen. Der Zutritt zu Dev\u00edn ist auch zu Wasser m\u00f6glich. Der Hafen an der Donau bedient in der Saison <a href=\"https:\/\/www.lod.sk\/en\/cruises-2\/regular-cruises\/detail\/bratislava-devin-bratislava-2\/\" target=\"_blank\" rel=\"noopener\">Schifflinien<\/a> vom Zentrum Bratislavas.<\/p>\n<p>Der Eintritt f\u00fcr Erwachsene w\u00e4hrend der Saison betr\u00e4gt 8,00 \u20ac, w\u00e4hrend der allgemeine Eintritt zwischen November und M\u00e4rz nur 4 \u20ac kostet. Bitte beachten Sie, dass im Winter nur das Schlossgel\u00e4nde ge\u00f6ffnet ist. Die Ausstellungsbereiche sind geschlossen.<\/p>\n<p><strong>\u00d6ffnungszeiten:<\/strong> Dienstag &#8211; Sonntag:<\/p>\n<p>M\u00e4rz und Oktober: 10:00 \u2013 17:00 (letzter Einlass 16:15)<br \/>\nApril, Mai, September: 10:00 \u2013 18:00 (letzter Einlass 17:15)<br \/>\nJuni \u2013 August: 10:00 \u2013 19:00 (letzter Einlass 18:15)<br \/>\nNovember \u2013 Februar: 10:00 \u2013 16:00 (letzter Einlass 15:15)<\/p>\n<p>*Freier Eintritt mit der Bratislava Card (gut f\u00fcr einmaligen Eintritt)<\/p>\n<p><img loading=\"lazy\" width=\"798\" height=\"531\" class=\"aligncenter size-full wp-image-16636\" src=\"https:\/\/www.visitbratislava.com\/wp-content\/uploads\/2016\/05\/devin_Tour4U_1.jpg\" alt=\"\" srcset=\"https:\/\/www.visitbratislava.com\/wp-content\/uploads\/2016\/05\/devin_Tour4U_1.jpg 798w, https:\/\/www.visitbratislava.com\/wp-content\/uploads\/2016\/05\/devin_Tour4U_1-400x266.jpg 400w, https:\/\/www.visitbratislava.com\/wp-content\/uploads\/2016\/05\/devin_Tour4U_1-768x511.jpg 768w, https:\/\/www.visitbratislava.com\/wp-content\/uploads\/2016\/05\/devin_Tour4U_1-200x133.jpg 200w\" sizes=\"(max-width: 798px) 100vw, 798px\" \/><\/p>\n<h3>6. Aussicht vom Michael-Turm<\/h3>\n<p>Das Michael-Tor wurde im 14. Jahrhundert gebaut und ist das einzige erhaltene Tor der Stadtbefestigung. Es befindet sich im historischen Teil der Stadt und reiht sich zu den von Touristen vielgesuchten Denkm\u00e4lern. Im Inneren befindet sich das Waffen-Museum, aber auch die Statue des St. Michael, nach dem das Tor benannt ist. Vom Balkon aus bietet sich eine Panorama-Aussicht auf den Burgh\u00fcgel, die D\u00e4cher und T\u00fcrme der Stadt sowie auf die Kleinen Karpaten.<\/p>\n<p>Eintrittspreise und \u00d6ffnungszeiten <a href=\"https:\/\/muzeumbratislava.sk\/en\/event\/michaels-tower-reconstructed\" target=\"_blank\" rel=\"noopener\">HIER<\/a>.<\/p>\n<p><img loading=\"lazy\" width=\"2560\" height=\"1707\" class=\"alignnone size-full wp-image-249847\" src=\"https:\/\/www.visitbratislava.com\/wp-content\/uploads\/2023\/07\/0N2A0088-Enhanced-NRa-scaled.jpg\" alt=\"\" srcset=\"https:\/\/www.visitbratislava.com\/wp-content\/uploads\/2023\/07\/0N2A0088-Enhanced-NRa-scaled.jpg 2560w, https:\/\/www.visitbratislava.com\/wp-content\/uploads\/2023\/07\/0N2A0088-Enhanced-NRa-400x267.jpg 400w, https:\/\/www.visitbratislava.com\/wp-content\/uploads\/2023\/07\/0N2A0088-Enhanced-NRa-800x533.jpg 800w, https:\/\/www.visitbratislava.com\/wp-content\/uploads\/2023\/07\/0N2A0088-Enhanced-NRa-768x512.jpg 768w, https:\/\/www.visitbratislava.com\/wp-content\/uploads\/2023\/07\/0N2A0088-Enhanced-NRa-1536x1024.jpg 1536w, https:\/\/www.visitbratislava.com\/wp-content\/uploads\/2023\/07\/0N2A0088-Enhanced-NRa-2048x1365.jpg 2048w, https:\/\/www.visitbratislava.com\/wp-content\/uploads\/2023\/07\/0N2A0088-Enhanced-NRa-200x133.jpg 200w\" sizes=\"(max-width: 2560px) 100vw, 2560px\" \/><\/p>\n<h3>7. Aussicht von Kamz\u00edk \u2013 Aussichtsturm<\/h3>\n<p>Der Fernsehsender Kamz\u00edk bildet seit dem Jahre 1975 die Silhouette unserer Hauptstadt. Im Geb\u00e4ude des Senders befindet sich das Restaurant Brasseria Altitude, wo Sie das Gourmet-Erlebnis aus der Vogelperspektive mit einer wundersch\u00f6nen Aussicht genie\u00dfen werden. Wenn Sie in den Spuren des roten Touristenzeichens gehen, kommen Sie zu einem h\u00f6lzernen Aussichtsturm, der ein beliebter und vielgesuchter Ort von Touristen, aber auch einheimischen Besuchern ist. Er befindet sich auf der Amerikanischen Wiese in N\u00e4he des Fernsehturms Kamz\u00edk.<\/p>\n<p>Attraktiv ist er durch seine Lage und er ist deshalb der ideale Ort f\u00fcr Familienausfl\u00fcge oder f\u00fcr eine kleinere Fahrradtour. Von seinem Oberteil aus k\u00f6nnen Sie das herrliche Stadtpanorama sehen, das sich zu den sch\u00f6nsten Aussichten in Bratislava reihen kann. Der Weg zum Aussichtsturm f\u00fchrt \u00fcber den Wald und dauert ungef\u00e4hr 15 Minuten. Die ideale Verbindung zu Kamz\u00edk ist der Trolleybus Nr. 44 von dem Hod\u017ea-Stadtplatz (Hod\u017eovo \u00a0n\u00e1mestie), aussteigen m\u00fcssen Sie an der Haltestelle Koliba, wo man dann auf einem der markierten oder nichtmarkierten Wege weitergehen kann.<\/p>\n<p><strong>\u00d6ffnungszeiten:<\/strong> Donnerstag bis Sonntag 11.00 \u2013 20.00 Uhr<\/p>\n<p><strong>Eintrittspreis:<\/strong> 5 \u20ac<\/p>\n<p><img loading=\"lazy\" width=\"2560\" height=\"1705\" class=\"alignnone size-full wp-image-249868\" src=\"https:\/\/www.visitbratislava.com\/wp-content\/uploads\/2023\/07\/Crot-Prod_2022_dron_leto_kamzik_green_vyhlad_obloha_nevyhradna-licencia-scaled.jpg\" alt=\"\" srcset=\"https:\/\/www.visitbratislava.com\/wp-content\/uploads\/2023\/07\/Crot-Prod_2022_dron_leto_kamzik_green_vyhlad_obloha_nevyhradna-licencia-scaled.jpg 2560w, https:\/\/www.visitbratislava.com\/wp-content\/uploads\/2023\/07\/Crot-Prod_2022_dron_leto_kamzik_green_vyhlad_obloha_nevyhradna-licencia-400x266.jpg 400w, https:\/\/www.visitbratislava.com\/wp-content\/uploads\/2023\/07\/Crot-Prod_2022_dron_leto_kamzik_green_vyhlad_obloha_nevyhradna-licencia-800x533.jpg 800w, https:\/\/www.visitbratislava.com\/wp-content\/uploads\/2023\/07\/Crot-Prod_2022_dron_leto_kamzik_green_vyhlad_obloha_nevyhradna-licencia-768x512.jpg 768w, https:\/\/www.visitbratislava.com\/wp-content\/uploads\/2023\/07\/Crot-Prod_2022_dron_leto_kamzik_green_vyhlad_obloha_nevyhradna-licencia-1536x1023.jpg 1536w, https:\/\/www.visitbratislava.com\/wp-content\/uploads\/2023\/07\/Crot-Prod_2022_dron_leto_kamzik_green_vyhlad_obloha_nevyhradna-licencia-2048x1364.jpg 2048w, https:\/\/www.visitbratislava.com\/wp-content\/uploads\/2023\/07\/Crot-Prod_2022_dron_leto_kamzik_green_vyhlad_obloha_nevyhradna-licencia-200x133.jpg 200w\" sizes=\"(max-width: 2560px) 100vw, 2560px\" \/><\/p>\n<h3>8. Aussicht von der Alten Br\u00fccke<\/h3>\n<p>Die Alte Br\u00fccke ist paradox die j\u00fcngste Br\u00fccke in Bratislava. Im Jahre 2016 erfolgte ihre feierliche Er\u00f6ffnung. \u00dcber die Br\u00fccke fahren Stra\u00dfenbahnen, die den alten Teil der Stadt mit\u00a0Petr\u017ealka verbinden. Die Br\u00fcckenkonstruktion ist vor allem f\u00fcr Fu\u00dfg\u00e4nger angepasst und deshalb finden Sie hier Sitzb\u00e4nke auf beiden Seiten, die Aussichten auf die Umgebung der Donau und auf das Stadtzentrum anbieten. Die Aussichten, die die Alte Br\u00fccke bietet, sind vonseiten der Touristen vielgesucht und man kann sich dem nicht wundern.<\/p>\n<p><img loading=\"lazy\" width=\"2560\" height=\"1920\" class=\"alignnone size-full wp-image-249875\" src=\"https:\/\/www.visitbratislava.com\/wp-content\/uploads\/2023\/07\/M-Kovac_2022_dunaj_stary-most_most-snp_ba-hrad_nevyhradna-licencia-casovo-neobmedzena-scaled.jpg\" alt=\"\" srcset=\"https:\/\/www.visitbratislava.com\/wp-content\/uploads\/2023\/07\/M-Kovac_2022_dunaj_stary-most_most-snp_ba-hrad_nevyhradna-licencia-casovo-neobmedzena-scaled.jpg 2560w, https:\/\/www.visitbratislava.com\/wp-content\/uploads\/2023\/07\/M-Kovac_2022_dunaj_stary-most_most-snp_ba-hrad_nevyhradna-licencia-casovo-neobmedzena-400x300.jpg 400w, https:\/\/www.visitbratislava.com\/wp-content\/uploads\/2023\/07\/M-Kovac_2022_dunaj_stary-most_most-snp_ba-hrad_nevyhradna-licencia-casovo-neobmedzena-800x600.jpg 800w, https:\/\/www.visitbratislava.com\/wp-content\/uploads\/2023\/07\/M-Kovac_2022_dunaj_stary-most_most-snp_ba-hrad_nevyhradna-licencia-casovo-neobmedzena-768x576.jpg 768w, https:\/\/www.visitbratislava.com\/wp-content\/uploads\/2023\/07\/M-Kovac_2022_dunaj_stary-most_most-snp_ba-hrad_nevyhradna-licencia-casovo-neobmedzena-1536x1152.jpg 1536w, https:\/\/www.visitbratislava.com\/wp-content\/uploads\/2023\/07\/M-Kovac_2022_dunaj_stary-most_most-snp_ba-hrad_nevyhradna-licencia-casovo-neobmedzena-2048x1536.jpg 2048w, https:\/\/www.visitbratislava.com\/wp-content\/uploads\/2023\/07\/M-Kovac_2022_dunaj_stary-most_most-snp_ba-hrad_nevyhradna-licencia-casovo-neobmedzena-200x150.jpg 200w, https:\/\/www.visitbratislava.com\/wp-content\/uploads\/2023\/07\/M-Kovac_2022_dunaj_stary-most_most-snp_ba-hrad_nevyhradna-licencia-casovo-neobmedzena-600x450.jpg 600w\" sizes=\"(max-width: 2560px) 100vw, 2560px\" \/><\/p>\n<h3>9. Aussicht vom Sandberg<\/h3>\n<p>Der Sandberg ist ein Relikt des Meeresriffs des Meeres, das sich hier vor 14 bis 16 Millionen Jahren befand und das fast an der Grenze mit \u00d6sterreich liegt. Der Sandberg ist der westlichste Ausl\u00e4ufer der Dev\u00edn-Karpaten. Im Fr\u00fchling erscheinen in der Umgebung vom Sandberg Teppiche von buntfarbigen Bl\u00fcten, die nicht wenigen Augen behagen, zudem noch in der Kombination mit der wundersch\u00f6nen Aussicht auf die Aue des Flusses March, die Burg Dev\u00edn und auf \u00d6sterreich. Im Fall des g\u00fcnstigen Wetters sind auch die Alpen zu sehen. Wenn Sie planen, auch die Burg Dev\u00edn zu besuchen, ist es ideal, diese zwei Lokalit\u00e4ten in einen Ausflug zu verbinden und von der Burg aus \u00fcber die blauen Zeichen weiterzugehen, die Sie bis zum Sandberg f\u00fchren werden. Vom Stadtzentrum f\u00e4hrt die Buslinie Nr. 29 von der Haltestelle Br\u00fccke des slowakischen Nationalaufstands (Most SNP) zum Sandberg.<\/p>\n<p><img loading=\"lazy\" class=\"alignnone wp-image-40098 size-large\" src=\"https:\/\/www.visitbratislava.com\/wp-content\/uploads\/2017\/05\/sandberg-800x594.jpg\" alt=\"\" width=\"800\" height=\"594\" srcset=\"https:\/\/www.visitbratislava.com\/wp-content\/uploads\/2017\/05\/sandberg-800x594.jpg 800w, https:\/\/www.visitbratislava.com\/wp-content\/uploads\/2017\/05\/sandberg-400x297.jpg 400w, https:\/\/www.visitbratislava.com\/wp-content\/uploads\/2017\/05\/sandberg-768x570.jpg 768w, https:\/\/www.visitbratislava.com\/wp-content\/uploads\/2017\/05\/sandberg-200x148.jpg 200w\" sizes=\"(max-width: 800px) 100vw, 800px\" \/><\/p>\n<h3>10. Aussicht von der Outlook Bar &amp; Lounge<\/h3>\n<p>Im Hotel Lindner befindet sich im 13. Stockwerk das Restaurant Outlook Bar &amp; Lounge. In den Abendstunden ist es ein idealer Ort f\u00fcr ein romantisches Abendessen, das Ihnen die Panorama-Aussicht vervollkommnen wird, die zu den eindrucksvollsten in Bratislava geh\u00f6rt. Das Abendessen wird nach 17 Uhr serviert und Sie k\u00f6nnen es bis Mitternacht genie\u00dfen. Zum Hotel kommen Sie aus dem Stadtzentrum von der Haltestelle Br\u00fccke des slowakischen Nationalaufstands (Most SNP) mit der Stra\u00dfenbahn Nr. 4 oder von der Haltestelle Neues slowakisches Nationaltheater (Nov\u00e9 SND) mit dem Bus Nr. 78 und Sie steigen auf der Haltestelle Trnava-Maut (Trnavsk\u00e9 m\u00fdto) aus.<\/p>\n<p><strong>\u00d6ffnungszeiten:<\/strong> t\u00e4glich von 17:00 \u2013 00:00 Uhr.<\/p>\n<p><img loading=\"lazy\" width=\"1280\" height=\"384\" class=\"aligncenter size-full wp-image-32482\" src=\"https:\/\/www.visitbratislava.com\/wp-content\/uploads\/2017\/05\/lindner-hotel-gallery-central-outlook-bar-and-lounge.jpg\" alt=\"\" srcset=\"https:\/\/www.visitbratislava.com\/wp-content\/uploads\/2017\/05\/lindner-hotel-gallery-central-outlook-bar-and-lounge.jpg 1280w, https:\/\/www.visitbratislava.com\/wp-content\/uploads\/2017\/05\/lindner-hotel-gallery-central-outlook-bar-and-lounge-400x120.jpg 400w, https:\/\/www.visitbratislava.com\/wp-content\/uploads\/2017\/05\/lindner-hotel-gallery-central-outlook-bar-and-lounge-768x230.jpg 768w, https:\/\/www.visitbratislava.com\/wp-content\/uploads\/2017\/05\/lindner-hotel-gallery-central-outlook-bar-and-lounge-800x240.jpg 800w, https:\/\/www.visitbratislava.com\/wp-content\/uploads\/2017\/05\/lindner-hotel-gallery-central-outlook-bar-and-lounge-200x60.jpg 200w\" sizes=\"(max-width: 1280px) 100vw, 1280px\" \/><\/p>\n","protected":false},"excerpt":{"rendered":"<p>1. Aussicht vom Alten Rathaus Das Geb\u00e4ude des Alten Rathauses befindet sich auf dem Hauptstadtplatz unweit von der Maximilian-Font\u00e4ne entfernt. Seit dem Jahre 1868 hat hier das Museum der Stadtgeschichte seinen Sitz. Von dem Rathausturm bietet sich den Besuchern ein wundersch\u00f6ner Blick auf das historische Stadtzentrum. Der Eintritt auf den Rathausturm kostet 8\u00a0\u20ac. *Erm\u00e4\u00dfigung mit [&hellip;]<\/p>\n","protected":false},"author":10,"featured_media":11727,"parent":0,"menu_order":0,"comment_status":"closed","ping_status":"closed","template":"","meta":[],"acf":[],"_links":{"self":[{"href":"https:\/\/www.visitbratislava.com\/de\/wp-json\/wp\/v2\/pages\/32462"}],"collection":[{"href":"https:\/\/www.visitbratislava.com\/de\/wp-json\/wp\/v2\/pages"}],"about":[{"href":"https:\/\/www.visitbratislava.com\/de\/wp-json\/wp\/v2\/types\/page"}],"author":[{"embeddable":true,"href":"https:\/\/www.visitbratislava.com\/de\/wp-json\/wp\/v2\/users\/10"}],"replies":[{"embeddable":true,"href":"https:\/\/www.visitbratislava.com\/de\/wp-json\/wp\/v2\/comments?post=32462"}],"version-history":[{"count":10,"href":"https:\/\/www.visitbratislava.com\/de\/wp-json\/wp\/v2\/pages\/32462\/revisions"}],"predecessor-version":[{"id":282823,"href":"https:\/\/www.visitbratislava.com\/de\/wp-json\/wp\/v2\/pages\/32462\/revisions\/282823"}],"wp:featuredmedia":[{"embeddable":true,"href":"https:\/\/www.visitbratislava.com\/de\/wp-json\/wp\/v2\/media\/11727"}],"wp:attachment":[{"href":"https:\/\/www.visitbratislava.com\/de\/wp-json\/wp\/v2\/media?parent=32462"}],"curies":[{"name":"wp","href":"https:\/\/api.w.org\/{rel}","templated":true}]}}